{"id":17654,"date":"2025-09-12T12:53:43","date_gmt":"2025-09-12T05:53:43","guid":{"rendered":"https:\/\/taylormade-golf.vn\/?post_type=product&#038;p=17654"},"modified":"2025-09-12T13:07:40","modified_gmt":"2025-09-12T06:07:40","slug":"gay-wedge-mg5-lb-grind","status":"publish","type":"product","link":"https:\/\/taylormade-golf.vn\/en\/product\/gay-wedge-mg5-lb-grind\/","title":{"rendered":"G\u1eady Wedge MG5 LB Grind"},"content":{"rendered":"<p data-start=\"123\" data-end=\"190\"><strong data-start=\"123\" data-end=\"188\">TaylorMade MG5 Wedge \u2013 R\u00e8n t\u1eeb th\u00e9p m\u1ec1m, l\u00e0m ch\u1ee7 \u201c\u0111\u1ed9 xo\u00e1y g\u1eaft\u201d<\/strong><\/p>\n<p data-start=\"192\" data-end=\"515\">D\u1ef1a tr\u00ean ph\u1ea3n h\u1ed3i th\u1ef1c t\u1ebf t\u1eeb c\u00e1c golfer chuy\u00ean nghi\u1ec7p, TaylorMade \u0111\u00e3 ph\u00e1t tri\u1ec3n d\u00f2ng wedge ho\u00e0n to\u00e0n m\u1edbi MG5. Thi\u1ebft k\u1ebf r\u00e8n t\u1eeb th\u00e9p m\u1ec1m mang \u0111\u1ebfn c\u1ea3m gi\u00e1c ch\u1ea1m b\u00f3ng \u00eam \u00e1i, truy\u1ec1n t\u1ea3i ph\u1ea3n h\u1ed3i r\u00f5 r\u00e0ng trong t\u1eebng c\u00fa \u0111\u00e1nh ng\u1eafn, gi\u00fap ng\u01b0\u1eddi ch\u01a1i ki\u1ec3m so\u00e1t b\u00f3ng t\u1ed1t h\u01a1n v\u00e0 duy tr\u00ec s\u1ef1 \u1ed5n \u0111\u1ecbnh, t\u1ef1 tin \u1edf nh\u1eefng pha x\u1eed l\u00fd quy\u1ebft \u0111\u1ecbnh.<\/p>\n<p data-start=\"517\" data-end=\"928\">M\u1ed9t trong nh\u1eefng \u0111i\u1ec3m nh\u1ea5n c\u1ee7a MG5 ch\u00ednh l\u00e0 <strong data-start=\"560\" data-end=\"584\">c\u00f4ng ngh\u1ec7 Spin Tread<\/strong> v\u1edbi h\u1ec7 th\u1ed1ng r\u00e3nh laser kh\u1eafc li\u1ec1n m\u1ea1ch tr\u00ean b\u1ec1 m\u1eb7t g\u1eady. Thi\u1ebft k\u1ebf n\u00e0y t\u1ed1i \u01b0u kh\u1ea3 n\u0103ng tho\u00e1t n\u01b0\u1edbc v\u00e0 c\u1ecf khi ti\u1ebfp x\u00fac b\u00f3ng, \u0111\u1ea3m b\u1ea3o c\u00fa \u0111\u00e1nh v\u1eabn duy tr\u00ec \u0111\u01b0\u1ee3c \u0111\u1ed9 xo\u00e1y \u1ed5n \u0111\u1ecbnh ngay c\u1ea3 trong \u0111i\u1ec1u ki\u1ec7n s\u00e2n \u1ea9m \u01b0\u1edbt. K\u1ebft h\u1ee3p c\u00f9ng <strong data-start=\"804\" data-end=\"816\">RAW Face<\/strong> \u2013 m\u1eb7t g\u1eady kh\u00f4ng ph\u1ee7 m\u1ea1 \u2013 MG5 mang \u0111\u1ebfn hi\u1ec7u su\u1ea5t \u1ed5n \u0111\u1ecbnh v\u00e0 \u0111\u1ed3ng nh\u1ea5t trong nhi\u1ec1u \u0111i\u1ec1u ki\u1ec7n thi \u0111\u1ea5u kh\u00e1c nhau.<\/p>\n<p data-start=\"930\" data-end=\"1352\">Kh\u00f4ng ch\u1ec9 d\u1eebng l\u1ea1i \u1edf \u0111\u00f3, MG5 c\u00f2n \u00e1p d\u1ee5ng dao c\u1eaft r\u00e3nh th\u1ebf h\u1ec7 m\u1edbi, cho ph\u00e9p c\u00e1c r\u00e3nh CNC \u0111\u01b0\u1ee3c gia c\u00f4ng s\u1eafc n\u00e9t h\u01a1n so v\u1edbi nh\u1eefng m\u1eabu tr\u01b0\u1edbc \u0111\u00e2y. Nh\u1edd v\u1eady, g\u1eady c\u00f3 th\u1ec3 t\u1ea1o n\u00ean <strong data-start=\"1100\" data-end=\"1117\">\u201c\u0111\u1ed9 xo\u00e1y g\u1eaft\u201d<\/strong> \u1ea5n t\u01b0\u1ee3ng, n\u00e2ng t\u1ea7m kh\u1ea3 n\u0103ng ki\u1ec3m so\u00e1t b\u00f3ng t\u1eeb nh\u1eefng c\u00fa chip quanh green cho t\u1edbi c\u00e1c c\u00fa approach ti\u1ebfp c\u1eadn c\u1edd. \u0110\u00e2y ch\u00ednh l\u00e0 s\u1ef1 k\u1ebft h\u1ee3p ho\u00e0n h\u1ea3o gi\u1eefa c\u1ea3m gi\u00e1c m\u1ec1m m\u1ea1i, c\u00f4ng ngh\u1ec7 ti\u00ean ti\u1ebfn v\u00e0 hi\u1ec7u su\u1ea5t t\u1ed1i \u0111a m\u00e0 m\u1ecdi golfer \u0111\u1ec1u mong \u0111\u1ee3i.<\/p>","protected":false},"excerpt":{"rendered":"<p>TaylorMade MG5 Wedge \u2013 R\u00e8n t\u1eeb th\u00e9p m\u1ec1m, l\u00e0m ch\u1ee7 \u201c\u0111\u1ed9 xo\u00e1y g\u1eaft\u201d D\u1ef1a tr\u00ean ph\u1ea3n h\u1ed3i th\u1ef1c t\u1ebf t\u1eeb c\u00e1c golfer chuy\u00ean nghi\u1ec7p, TaylorMade \u0111\u00e3 ph\u00e1t tri\u1ec3n d\u00f2ng wedge ho\u00e0n to\u00e0n m\u1edbi MG5. Thi\u1ebft k\u1ebf r\u00e8n t\u1eeb th\u00e9p m\u1ec1m mang \u0111\u1ebfn c\u1ea3m gi\u00e1c ch\u1ea1m b\u00f3ng \u00eam \u00e1i, truy\u1ec1n t\u1ea3i ph\u1ea3n h\u1ed3i r\u00f5 r\u00e0ng trong [&hellip;]<\/p>","protected":false},"featured_media":17622,"comment_status":"open","ping_status":"closed","template":"","meta":{"_acf_changed":false,"site-sidebar-layout":"default","site-content-layout":"","ast-site-content-layout":"default","site-content-style":"default","site-sidebar-style":"default","ast-global-header-display":"","ast-banner-title-visibility":"","ast-main-header-display":"","ast-hfb-above-header-display":"","ast-hfb-below-header-display":"","ast-hfb-mobile-header-display":"","site-post-title":"","ast-breadcrumbs-content":"","ast-featured-img":"","footer-sml-layout":"","theme-transparent-header-meta":"default","adv-header-id-meta":"","stick-header-meta":"default","header-above-stick-meta":"","header-main-stick-meta":"","header-below-stick-meta":"","astra-migrate-meta-layouts":"set","ast-page-background-enabled":"default","ast-page-background-meta":{"desktop":{"background-color":"","background-image":"","background-repeat":"repeat","background-position":"center center","background-size":"auto","background-attachment":"scroll","background-type":"","background-media":"","overlay-type":"","overlay-color":"","overlay-opacity":"","overlay-gradient":""},"tablet":{"background-color":"","background-image":"","background-repeat":"repeat","background-position":"center center","background-size":"auto","background-attachment":"scroll","background-type":"","background-media":"","overlay-type":"","overlay-color":"","overlay-opacity":"","overlay-gradient":""},"mobile":{"background-color":"","background-image":"","background-repeat":"repeat","background-position":"center center","background-size":"auto","background-attachment":"scroll","background-type":"","background-media":"","overlay-type":"","overlay-color":"","overlay-opacity":"","overlay-gradient":""}},"ast-content-background-meta":{"desktop":{"background-color":"var(--ast-global-color-5)","background-image":"","background-repeat":"repeat","background-position":"center center","background-size":"auto","background-attachment":"scroll","background-type":"","background-media":"","overlay-type":"","overlay-color":"","overlay-opacity":"","overlay-gradient":""},"tablet":{"background-color":"var(--ast-global-color-5)","background-image":"","background-repeat":"repeat","background-position":"center center","background-size":"auto","background-attachment":"scroll","background-type":"","background-media":"","overlay-type":"","overlay-color":"","overlay-opacity":"","overlay-gradient":""},"mobile":{"background-color":"var(--ast-global-color-5)","background-image":"","background-repeat":"repeat","background-position":"center center","background-size":"auto","background-attachment":"scroll","background-type":"","background-media":"","overlay-type":"","overlay-color":"","overlay-opacity":"","overlay-gradient":""}}},"product_brand":[],"product_cat":[71,76],"product_tag":[],"class_list":{"0":"post-17654","1":"product","2":"type-product","3":"status-publish","4":"has-post-thumbnail","6":"product_cat-gay-gon","7":"product_cat-wedge","8":"desktop-align-center","9":"tablet-align-center","10":"mobile-align-center","11":"ast-product-gallery-layout-first-image-large","12":"ast-product-single-variable","13":"ast-product-tabs-layout-distributed","15":"first","16":"instock","17":"shipping-taxable","18":"purchasable","19":"product-type-variable"},"acf":[],"_links":{"self":[{"href":"https:\/\/taylormade-golf.vn\/en\/wp-json\/wp\/v2\/product\/17654","targetHints":{"allow":["GET"]}}],"collection":[{"href":"https:\/\/taylormade-golf.vn\/en\/wp-json\/wp\/v2\/product"}],"about":[{"href":"https:\/\/taylormade-golf.vn\/en\/wp-json\/wp\/v2\/types\/product"}],"replies":[{"embeddable":true,"href":"https:\/\/taylormade-golf.vn\/en\/wp-json\/wp\/v2\/comments?post=17654"}],"wp:featuredmedia":[{"embeddable":true,"href":"https:\/\/taylormade-golf.vn\/en\/wp-json\/wp\/v2\/media\/17622"}],"wp:attachment":[{"href":"https:\/\/taylormade-golf.vn\/en\/wp-json\/wp\/v2\/media?parent=17654"}],"wp:term":[{"taxonomy":"product_brand","embeddable":true,"href":"https:\/\/taylormade-golf.vn\/en\/wp-json\/wp\/v2\/product_brand?post=17654"},{"taxonomy":"product_cat","embeddable":true,"href":"https:\/\/taylormade-golf.vn\/en\/wp-json\/wp\/v2\/product_cat?post=17654"},{"taxonomy":"product_tag","embeddable":true,"href":"https:\/\/taylormade-golf.vn\/en\/wp-json\/wp\/v2\/product_tag?post=17654"}],"curies":[{"name":"wp","href":"https:\/\/api.w.org\/{rel}","templated":true}]}}