{"id":17584,"date":"2025-09-12T09:50:49","date_gmt":"2025-09-12T02:50:49","guid":{"rendered":"https:\/\/taylormade-golf.vn\/?post_type=product&#038;p=17584"},"modified":"2025-09-12T10:09:18","modified_gmt":"2025-09-12T03:09:18","slug":"bo-gay-sat-iron-p8cb","status":"publish","type":"product","link":"https:\/\/taylormade-golf.vn\/en\/product\/bo-gay-sat-iron-p8cb\/","title":{"rendered":"B\u1ed9 g\u1eady s\u1eaft Iron P8CB"},"content":{"rendered":"<p>&nbsp;<\/p>\n<p data-start=\"132\" data-end=\"366\"><strong data-start=\"132\" data-end=\"212\">Gi\u1edbi thi\u1ec7u g\u1eady s\u1eaft TaylorMade P8CB \u2013 D\u00f2ng P Series m\u1edbi d\u00e0nh ri\u00eang cho ch\u00e2u \u00c1<\/strong><br data-start=\"212\" data-end=\"215\" \/>P8CB k\u1ebf th\u1eeba c\u1ea3m gi\u00e1c m\u1ec1m m\u1ea1i v\u00e0 thi\u1ebft k\u1ebf tinh g\u1ecdn c\u1ee7a P7CB, \u0111\u1ed3ng th\u1eddi c\u1ea3i ti\u1ebfn \u0111\u1ec3 d\u1ec5 setup h\u01a1n, t\u0103ng kh\u1ea3 n\u0103ng dung sai v\u00e0 h\u1ea1n ch\u1ebf l\u1ed7i \u0111\u00e1nh l\u1ec7ch t\u00e2m.<\/p>\n<p data-start=\"370\" data-end=\"682\"><strong data-start=\"370\" data-end=\"402\">C\u1ea3m gi\u00e1c m\u1ec1m m\u1ea1i t\u1eeb th\u00e9p r\u00e8n<\/strong>: C\u00f4ng ngh\u1ec7 <strong data-start=\"414\" data-end=\"439\">Compact Grain Forging<\/strong> \u0111\u1ed9c quy\u1ec1n, s\u1eed d\u1ee5ng th\u00e9p S25C nguy\u00ean ch\u1ea5t, r\u00e8n 5 l\u1ea7n b\u1eb1ng l\u1ef1c \u00e9p 2.000 t\u1ea5n (g\u1ea5p \u0111\u00f4i th\u00f4ng th\u01b0\u1eddng), mang l\u1ea1i c\u1ea5u tr\u00fac \u0111\u1eb7c, ch\u00ednh x\u00e1c v\u00e0 c\u1ea3m gi\u00e1c \u0111\u00e1nh c\u1ef1c k\u1ef3 m\u01b0\u1ee3t m\u00e0. Kh\u1ed1i l\u01b0\u1ee3ng t\u0103ng th\u00eam \u1edf l\u01b0ng \u0111\u1ea7u g\u1eady gi\u00fap t\u1ea1o \u0111\u1ed9 ch\u1eafc ch\u1eafn khi ti\u1ebfp x\u00fac b\u00f3ng.<\/p>\n<p data-start=\"686\" data-end=\"951\"><strong data-start=\"686\" data-end=\"733\">Thi\u1ebft k\u1ebf \u0111\u1ea7u g\u1eady tinh x\u1ea3o, an t\u00e2m khi setup<\/strong>: P8CB s\u1edf h\u1eefu chi\u1ec1u d\u00e0i m\u1eb7t g\u1eady l\u1edbn nh\u1ea5t d\u00f2ng P (80mm) nh\u01b0ng v\u1eabn gi\u1eef form Tour. L\u00f5i g\u1ed1m b\u00ean trong gi\u1ea3m tr\u1ecdng l\u01b0\u1ee3ng, ph\u1ea7n d\u01b0 ph\u00e2n b\u1ed5 h\u1ee3p l\u00fd ra quanh \u0111\u1ea7u g\u1eady, gi\u00fap t\u0103ng \u0111\u1ed9 \u1ed5n \u0111\u1ecbnh v\u00e0 h\u1ea1n ch\u1ebf rung l\u1eafc khi \u0111\u00e1nh l\u1ec7ch t\u00e2m.<\/p>\n<p data-start=\"955\" data-end=\"1212\"><strong data-start=\"955\" data-end=\"1009\">Kh\u1ea3 n\u0103ng gi\u1ea3i ph\u00f3ng b\u00f3ng linh ho\u1ea1t t\u1eeb m\u1ecdi \u0111\u1ecba h\u00ecnh<\/strong>: Thi\u1ebft k\u1ebf <strong data-start=\"1020\" data-end=\"1034\">Speed Sole<\/strong> v\u1edbi \u0111\u1ebf g\u1eady v\u00e1t, m\u00e9p tr\u01b0\u1edbc bo tr\u00f2n, m\u00e9p sau gi\u1ea3m ti\u1ebfp x\u00fac, gi\u00fap tho\u00e1t b\u00f3ng d\u1ec5 d\u00e0ng \u1edf m\u1ecdi lie. K\u1ebft h\u1ee3p m\u1eb7t g\u1eady CNC ch\u00ednh x\u00e1c, g\u1eady v\u1eabn duy tr\u00ec \u0111\u1ed9 xo\u00e1y chu\u1ea9n, cho qu\u1ef9 \u0111\u1ea1o \u1ed5n \u0111\u1ecbnh<\/p>","protected":false},"excerpt":{"rendered":"<p>&nbsp; Gi\u1edbi thi\u1ec7u g\u1eady s\u1eaft TaylorMade P8CB \u2013 D\u00f2ng P Series m\u1edbi d\u00e0nh ri\u00eang cho ch\u00e2u \u00c1P8CB k\u1ebf th\u1eeba c\u1ea3m gi\u00e1c m\u1ec1m m\u1ea1i v\u00e0 thi\u1ebft k\u1ebf tinh g\u1ecdn c\u1ee7a P7CB, \u0111\u1ed3ng th\u1eddi c\u1ea3i ti\u1ebfn \u0111\u1ec3 d\u1ec5 setup h\u01a1n, t\u0103ng kh\u1ea3 n\u0103ng dung sai v\u00e0 h\u1ea1n ch\u1ebf l\u1ed7i \u0111\u00e1nh l\u1ec7ch t\u00e2m. C\u1ea3m gi\u00e1c m\u1ec1m m\u1ea1i t\u1eeb [&hellip;]<\/p>","protected":false},"featured_media":17585,"comment_status":"open","ping_status":"closed","template":"","meta":{"_acf_changed":false,"site-sidebar-layout":"default","site-content-layout":"","ast-site-content-layout":"default","site-content-style":"default","site-sidebar-style":"default","ast-global-header-display":"","ast-banner-title-visibility":"","ast-main-header-display":"","ast-hfb-above-header-display":"","ast-hfb-below-header-display":"","ast-hfb-mobile-header-display":"","site-post-title":"","ast-breadcrumbs-content":"","ast-featured-img":"","footer-sml-layout":"","theme-transparent-header-meta":"default","adv-header-id-meta":"","stick-header-meta":"default","header-above-stick-meta":"","header-main-stick-meta":"","header-below-stick-meta":"","astra-migrate-meta-layouts":"set","ast-page-background-enabled":"default","ast-page-background-meta":{"desktop":{"background-color":"","background-image":"","background-repeat":"repeat","background-position":"center center","background-size":"auto","background-attachment":"scroll","background-type":"","background-media":"","overlay-type":"","overlay-color":"","overlay-opacity":"","overlay-gradient":""},"tablet":{"background-color":"","background-image":"","background-repeat":"repeat","background-position":"center center","background-size":"auto","background-attachment":"scroll","background-type":"","background-media":"","overlay-type":"","overlay-color":"","overlay-opacity":"","overlay-gradient":""},"mobile":{"background-color":"","background-image":"","background-repeat":"repeat","background-position":"center center","background-size":"auto","background-attachment":"scroll","background-type":"","background-media":"","overlay-type":"","overlay-color":"","overlay-opacity":"","overlay-gradient":""}},"ast-content-background-meta":{"desktop":{"background-color":"var(--ast-global-color-5)","background-image":"","background-repeat":"repeat","background-position":"center center","background-size":"auto","background-attachment":"scroll","background-type":"","background-media":"","overlay-type":"","overlay-color":"","overlay-opacity":"","overlay-gradient":""},"tablet":{"background-color":"var(--ast-global-color-5)","background-image":"","background-repeat":"repeat","background-position":"center center","background-size":"auto","background-attachment":"scroll","background-type":"","background-media":"","overlay-type":"","overlay-color":"","overlay-opacity":"","overlay-gradient":""},"mobile":{"background-color":"var(--ast-global-color-5)","background-image":"","background-repeat":"repeat","background-position":"center center","background-size":"auto","background-attachment":"scroll","background-type":"","background-media":"","overlay-type":"","overlay-color":"","overlay-opacity":"","overlay-gradient":""}}},"product_brand":[],"product_cat":[71,75],"product_tag":[],"class_list":{"0":"post-17584","1":"product","2":"type-product","3":"status-publish","4":"has-post-thumbnail","6":"product_cat-gay-gon","7":"product_cat-iron","8":"desktop-align-center","9":"tablet-align-center","10":"mobile-align-center","11":"ast-product-gallery-layout-first-image-large","12":"ast-product-single-variable","13":"ast-product-tabs-layout-distributed","15":"first","16":"instock","17":"shipping-taxable","18":"purchasable","19":"product-type-variable"},"acf":[],"_links":{"self":[{"href":"https:\/\/taylormade-golf.vn\/en\/wp-json\/wp\/v2\/product\/17584","targetHints":{"allow":["GET"]}}],"collection":[{"href":"https:\/\/taylormade-golf.vn\/en\/wp-json\/wp\/v2\/product"}],"about":[{"href":"https:\/\/taylormade-golf.vn\/en\/wp-json\/wp\/v2\/types\/product"}],"replies":[{"embeddable":true,"href":"https:\/\/taylormade-golf.vn\/en\/wp-json\/wp\/v2\/comments?post=17584"}],"wp:featuredmedia":[{"embeddable":true,"href":"https:\/\/taylormade-golf.vn\/en\/wp-json\/wp\/v2\/media\/17585"}],"wp:attachment":[{"href":"https:\/\/taylormade-golf.vn\/en\/wp-json\/wp\/v2\/media?parent=17584"}],"wp:term":[{"taxonomy":"product_brand","embeddable":true,"href":"https:\/\/taylormade-golf.vn\/en\/wp-json\/wp\/v2\/product_brand?post=17584"},{"taxonomy":"product_cat","embeddable":true,"href":"https:\/\/taylormade-golf.vn\/en\/wp-json\/wp\/v2\/product_cat?post=17584"},{"taxonomy":"product_tag","embeddable":true,"href":"https:\/\/taylormade-golf.vn\/en\/wp-json\/wp\/v2\/product_tag?post=17584"}],"curies":[{"name":"wp","href":"https:\/\/api.w.org\/{rel}","templated":true}]}}