{"id":17310,"date":"2025-05-28T14:16:33","date_gmt":"2025-05-28T07:16:33","guid":{"rendered":"https:\/\/taylormade-golf.vn\/?post_type=product&#038;p=17310"},"modified":"2025-05-28T14:16:35","modified_gmt":"2025-05-28T07:16:35","slug":"bo-gay-sat-iron-qi-max-lite-taylormade","status":"publish","type":"product","link":"https:\/\/taylormade-golf.vn\/en\/product\/bo-gay-sat-iron-qi-max-lite-taylormade\/","title":{"rendered":"B\u1ed9 G\u1eady S\u1eaft Iron Qi Max Lite TaylorMade"},"content":{"rendered":"<h2>T\u1ed0I \u01afU CHO \u0110\u01af\u1edcNG B\u00d3NG TH\u1eb2NG<\/h2>\n<p data-start=\"73\" data-end=\"349\">Golfer th\u01b0\u1eddng c\u00f3 xu h\u01b0\u1edbng m\u1eafc l\u1ed7i \u0111\u00e1nh b\u00f3ng l\u1ec7ch ph\u1ea3i. B\u1ea1n c\u00f3 bi\u1ebft r\u1eb1ng nhi\u1ec1u c\u00fa \u0111\u00e1nh quan tr\u1ecdng trong tr\u1eadn \u0111\u1ea5u b\u1eb1ng g\u1eady iron c\u0169ng d\u1ec5 b\u1ecb l\u1ec7ch ph\u1ea3i?<\/p>\n<p data-start=\"73\" data-end=\"349\">B\u1ed9 g\u1eady s\u1eaft m\u1edbi t\u1eeb TaylorMade \u0111\u01b0\u1ee3c thi\u1ebft k\u1ebf \u0111\u1ec3 gi\u1ea3m thi\u1ec3u l\u1ed7i l\u1ec7ch ph\u1ea3i v\u00e0 t\u1ed1i \u01b0u h\u00f3a \u0111\u1ed9 ch\u00ednh x\u00e1c. V\u1edbi\u00a0<strong data-start=\"304\" data-end=\"335\">tr\u1ecdng l\u01b0\u1ee3ng \u0111\u1ea7u g\u1eady nh\u1eb9 h\u01a1n<\/strong>\u00a0v\u00e0\u00a0<strong data-start=\"339\" data-end=\"354\">strong loft<\/strong>\u00a0(#7 \u2013 26.5\u00b0), b\u1ed9 g\u1eady s\u1eaft\u00a0<strong data-start=\"369\" data-end=\"384\">Qi MAX LITE<\/strong>\u00a0gi\u00fap golfer d\u1ec5 d\u00e0ng th\u1ef1c hi\u1ec7n\u00a0<strong data-start=\"415\" data-end=\"435\">c\u00fa swing m\u01b0\u1ee3t m\u00e0<\/strong>\u00a0v\u00e0 t\u1ea1o ra kho\u1ea3ng c\u00e1ch t\u1ed1i \u0111a.<\/p>\n<h2>H\u1ec6 TH\u1ed0NG THI\u1ebeT K\u1ebe T\u00cdCH H\u1ee2P M\u1edaI<\/h2>\n<article class=\"w-full text-token-text-primary focus-visible:outline-2 focus-visible:outline-offset-[-4px]\" dir=\"auto\" data-testid=\"conversation-turn-221\" data-scroll-anchor=\"false\">\n<div class=\"m-auto text-base py-[18px] px-6\">\n<div class=\"mx-auto flex flex-1 text-base gap-4 md:gap-5 lg:gap-6 md:max-w-3xl lg:max-w-[40rem] xl:max-w-[48rem]\">\n<div class=\"group\/conversation-turn relative flex w-full min-w-0 flex-col agent-turn @xs\/thread:px-0 @sm\/thread:px-1.5 @md\/thread:px-4\">\n<div class=\"flex-col gap-1 md:gap-3\">\n<div class=\"flex max-w-full flex-col flex-grow\">\n<div class=\"min-h-8 text-message flex w-full flex-col items-end gap-2 whitespace-normal break-words text-start [.text-message+&amp;]:mt-5\" dir=\"auto\" data-message-author-role=\"assistant\" data-message-id=\"4e7c2195-a61a-4e96-a5a7-4465025501ea\" data-message-model-slug=\"gpt-4o\">\n<div class=\"flex w-full flex-col gap-1 empty:hidden first:pt-[3px]\">\n<div class=\"markdown prose w-full break-words dark:prose-invert light\">\n<article class=\"w-full text-token-text-primary focus-visible:outline-2 focus-visible:outline-offset-[-4px]\" dir=\"auto\" data-testid=\"conversation-turn-231\" data-scroll-anchor=\"true\">\n<div class=\"m-auto text-base py-[18px] px-6\">\n<div class=\"mx-auto flex flex-1 text-base gap-4 md:gap-5 lg:gap-6 md:max-w-3xl lg:max-w-[40rem] xl:max-w-[48rem]\">\n<div class=\"group\/conversation-turn relative flex w-full min-w-0 flex-col agent-turn @xs\/thread:px-0 @sm\/thread:px-1.5 @md\/thread:px-4\">\n<div class=\"flex-col gap-1 md:gap-3\">\n<div class=\"flex max-w-full flex-col flex-grow\">\n<div class=\"min-h-8 text-message flex w-full flex-col items-end gap-2 whitespace-normal break-words text-start [.text-message+&amp;]:mt-5\" dir=\"auto\" data-message-author-role=\"assistant\" data-message-id=\"1fb796ea-3e5b-4cd9-b5f5-7d281b8595a2\" data-message-model-slug=\"gpt-4o\">\n<div class=\"flex w-full flex-col gap-1 empty:hidden first:pt-[3px]\">\n<div class=\"markdown prose w-full break-words dark:prose-invert light\">\n<p data-start=\"59\" data-end=\"192\">B\u1ed9 g\u1eady s\u1eaft Qi MAX LITE \u0111\u01b0\u1ee3c ph\u00e1t tri\u1ec3n v\u1edbi h\u1ec7 th\u1ed1ng thi\u1ebft k\u1ebf t\u00edch h\u1ee3p m\u1edbi, t\u1ed1i \u01b0u h\u00f3a t\u00ednh \u1ed5n \u0111\u1ecbnh, qu\u1ef9 \u0111\u1ea1o cao v\u00e0 \u0111\u1ed9 ch\u00ednh x\u00e1c cho t\u1eebng s\u1ed1 g\u1eady. B\u1eb1ng c\u00e1ch \u00e1p d\u1ee5ng m\u1eb7t g\u1eady \u0111\u01b0\u1ee3c tinh ch\u1ec9nh ri\u00eang cho t\u1eebng s\u1ed1 g\u1eady, k\u1ebft h\u1ee3p v\u1edbi Cap Back\u2122 Design v\u00e0 Thru-Slot Speed Pocket\u2122, TaylorMade mang \u0111\u1ebfn s\u1ef1 c\u1ea3i thi\u1ec7n to\u00e0n di\u1ec7n v\u1ec1 hi\u1ec7u su\u1ea5t.<\/p>\n<p data-start=\"59\" data-end=\"192\">Thi\u1ebft k\u1ebf \u0111\u1ea7u g\u1eady t\u1ed1i \u01b0u gi\u00fap duy tr\u00ec t\u1ed1c \u0111\u1ed9 b\u00f3ng \u1ed5n \u0111\u1ecbnh, t\u1ed1i \u0111a h\u00f3a kho\u1ea3ng c\u00e1ch v\u00e0 \u0111\u1ea3m b\u1ea3o gapping h\u1ee3p l\u00fd gi\u1eefa c\u00e1c g\u1eady trong b\u1ed9, gi\u00fap ng\u01b0\u1eddi ch\u01a1i ki\u1ec3m so\u00e1t \u0111\u01b0\u1eddng b\u00f3ng m\u1ed9t c\u00e1ch ch\u00ednh x\u00e1c v\u00e0 nh\u1ea5t qu\u00e1n h\u01a1n.<\/p>\n<p>B\u1ed9 g\u1eady s\u1eed d\u1ee5ng c\u00f4ng ngh\u1ec7 FLTD CG Design, m\u1ed9t thi\u1ebft k\u1ebf tr\u1ecdng t\u00e2m theo t\u1eebng s\u1ed1 g\u1eady nh\u1eb1m t\u1ed1i \u01b0u h\u00f3a hi\u1ec7u su\u1ea5t to\u00e0n di\u1ec7n. B\u1eb1ng c\u00e1ch \u0111i\u1ec1u ch\u1ec9nh v\u1ecb tr\u00ed tr\u1ecdng t\u00e2m (CG) theo t\u1eebng lo\u1ea1i g\u1eady, m\u1ed7i c\u00e2y g\u1eady trong b\u1ed9 s\u1ebd ph\u00e1t huy t\u1ed1i \u0111a ch\u1ee9c n\u0103ng c\u1ee7a n\u00f3:<\/p>\n<ul>\n<li>G\u1eady s\u1eaft d\u00e0i: T\u0103ng t\u00ednh \u1ed5n \u0111\u1ecbnh v\u00e0 ki\u1ec3m so\u00e1t qu\u1ef9 \u0111\u1ea1o, gi\u00fap b\u00f3ng bay th\u1eb3ng v\u00e0 \u1ed5n \u0111\u1ecbnh h\u01a1n.<\/li>\n<li>G\u1eady s\u1eaft trung: Thi\u1ebft k\u1ebf sweet spot l\u1edbn h\u01a1n, h\u1ed7 tr\u1ee3 gia t\u0103ng t\u1ed1c \u0111\u1ed9 ban \u0111\u1ea7u c\u1ee7a b\u00f3ng (ball speed).<\/li>\n<li>G\u1eady s\u1eaft ng\u1eafn: T\u0103ng \u0111\u1ed9 xo\u00e1y (spin) v\u00e0 t\u00ednh nh\u1ea5t qu\u00e1n, gi\u00fap ng\u01b0\u1eddi ch\u01a1i ki\u1ec3m so\u00e1t c\u00fa \u0111\u00e1nh ch\u00ednh x\u00e1c h\u01a1n.<\/li>\n<\/ul>\n<p>Nh\u1edd s\u1ef1 ph\u00e2n b\u1ed5 tr\u1ecdng t\u00e2m h\u1ee3p l\u00fd, b\u1ed9 g\u1eady mang \u0111\u1ebfn hi\u1ec7u su\u1ea5t t\u1ed1i \u0111a v\u00e0 qu\u1ef9 \u0111\u1ea1o \u1ed5n \u0111\u1ecbnh tr\u00ean to\u00e0n b\u1ed9 set, gi\u00fap golfer t\u1ef1 tin h\u01a1n trong m\u1ecdi t\u00ecnh hu\u1ed1ng tr\u00ean s\u00e2n.<\/p>\n<p>M1779303<\/p>\n<\/div>\n<\/div>\n<\/div>\n<\/div>\n<\/div>\n<\/div>\n<\/div>\n<\/div>\n<\/article>\n<\/div>\n<\/div>\n<\/div>\n<\/div>\n<\/div>\n<\/div>\n<\/div>\n<\/div>\n<\/article>","protected":false},"excerpt":{"rendered":"<p>T\u1ed0I \u01afU CHO \u0110\u01af\u1edcNG B\u00d3NG TH\u1eb2NG Golfer th\u01b0\u1eddng c\u00f3 xu h\u01b0\u1edbng m\u1eafc l\u1ed7i \u0111\u00e1nh b\u00f3ng l\u1ec7ch ph\u1ea3i. B\u1ea1n c\u00f3 bi\u1ebft r\u1eb1ng nhi\u1ec1u c\u00fa \u0111\u00e1nh quan tr\u1ecdng trong tr\u1eadn \u0111\u1ea5u b\u1eb1ng g\u1eady iron c\u0169ng d\u1ec5 b\u1ecb l\u1ec7ch ph\u1ea3i? B\u1ed9 g\u1eady s\u1eaft m\u1edbi t\u1eeb TaylorMade \u0111\u01b0\u1ee3c thi\u1ebft k\u1ebf \u0111\u1ec3 gi\u1ea3m thi\u1ec3u l\u1ed7i l\u1ec7ch ph\u1ea3i v\u00e0 t\u1ed1i \u01b0u [&hellip;]<\/p>","protected":false},"featured_media":17312,"comment_status":"open","ping_status":"closed","template":"","meta":{"_acf_changed":false,"site-sidebar-layout":"default","site-content-layout":"","ast-site-content-layout":"default","site-content-style":"default","site-sidebar-style":"default","ast-global-header-display":"","ast-banner-title-visibility":"","ast-main-header-display":"","ast-hfb-above-header-display":"","ast-hfb-below-header-display":"","ast-hfb-mobile-header-display":"","site-post-title":"","ast-breadcrumbs-content":"","ast-featured-img":"","footer-sml-layout":"","theme-transparent-header-meta":"default","adv-header-id-meta":"","stick-header-meta":"default","header-above-stick-meta":"","header-main-stick-meta":"","header-below-stick-meta":"","astra-migrate-meta-layouts":"set","ast-page-background-enabled":"default","ast-page-background-meta":{"desktop":{"background-color":"","background-image":"","background-repeat":"repeat","background-position":"center center","background-size":"auto","background-attachment":"scroll","background-type":"","background-media":"","overlay-type":"","overlay-color":"","overlay-opacity":"","overlay-gradient":""},"tablet":{"background-color":"","background-image":"","background-repeat":"repeat","background-position":"center center","background-size":"auto","background-attachment":"scroll","background-type":"","background-media":"","overlay-type":"","overlay-color":"","overlay-opacity":"","overlay-gradient":""},"mobile":{"background-color":"","background-image":"","background-repeat":"repeat","background-position":"center center","background-size":"auto","background-attachment":"scroll","background-type":"","background-media":"","overlay-type":"","overlay-color":"","overlay-opacity":"","overlay-gradient":""}},"ast-content-background-meta":{"desktop":{"background-color":"var(--ast-global-color-5)","background-image":"","background-repeat":"repeat","background-position":"center center","background-size":"auto","background-attachment":"scroll","background-type":"","background-media":"","overlay-type":"","overlay-color":"","overlay-opacity":"","overlay-gradient":""},"tablet":{"background-color":"var(--ast-global-color-5)","background-image":"","background-repeat":"repeat","background-position":"center center","background-size":"auto","background-attachment":"scroll","background-type":"","background-media":"","overlay-type":"","overlay-color":"","overlay-opacity":"","overlay-gradient":""},"mobile":{"background-color":"var(--ast-global-color-5)","background-image":"","background-repeat":"repeat","background-position":"center center","background-size":"auto","background-attachment":"scroll","background-type":"","background-media":"","overlay-type":"","overlay-color":"","overlay-opacity":"","overlay-gradient":""}}},"product_brand":[],"product_cat":[71,75],"product_tag":[],"class_list":{"0":"post-17310","1":"product","2":"type-product","3":"status-publish","4":"has-post-thumbnail","6":"product_cat-gay-gon","7":"product_cat-iron","8":"desktop-align-center","9":"tablet-align-center","10":"mobile-align-center","11":"ast-product-gallery-layout-first-image-large","12":"ast-product-single-variable","13":"ast-product-tabs-layout-distributed","15":"first","16":"instock","17":"shipping-taxable","18":"purchasable","19":"product-type-variable"},"acf":[],"_links":{"self":[{"href":"https:\/\/taylormade-golf.vn\/en\/wp-json\/wp\/v2\/product\/17310","targetHints":{"allow":["GET"]}}],"collection":[{"href":"https:\/\/taylormade-golf.vn\/en\/wp-json\/wp\/v2\/product"}],"about":[{"href":"https:\/\/taylormade-golf.vn\/en\/wp-json\/wp\/v2\/types\/product"}],"replies":[{"embeddable":true,"href":"https:\/\/taylormade-golf.vn\/en\/wp-json\/wp\/v2\/comments?post=17310"}],"wp:featuredmedia":[{"embeddable":true,"href":"https:\/\/taylormade-golf.vn\/en\/wp-json\/wp\/v2\/media\/17312"}],"wp:attachment":[{"href":"https:\/\/taylormade-golf.vn\/en\/wp-json\/wp\/v2\/media?parent=17310"}],"wp:term":[{"taxonomy":"product_brand","embeddable":true,"href":"https:\/\/taylormade-golf.vn\/en\/wp-json\/wp\/v2\/product_brand?post=17310"},{"taxonomy":"product_cat","embeddable":true,"href":"https:\/\/taylormade-golf.vn\/en\/wp-json\/wp\/v2\/product_cat?post=17310"},{"taxonomy":"product_tag","embeddable":true,"href":"https:\/\/taylormade-golf.vn\/en\/wp-json\/wp\/v2\/product_tag?post=17310"}],"curies":[{"name":"wp","href":"https:\/\/api.w.org\/{rel}","templated":true}]}}