{"id":17292,"date":"2025-05-28T09:58:28","date_gmt":"2025-05-28T02:58:28","guid":{"rendered":"https:\/\/taylormade-golf.vn\/?post_type=product&#038;p=17292"},"modified":"2025-05-28T09:58:28","modified_gmt":"2025-05-28T02:58:28","slug":"bo-gay-golf-iron-p790-new25-2025-taylormade","status":"publish","type":"product","link":"https:\/\/taylormade-golf.vn\/en\/product\/bo-gay-golf-iron-p790-new25-2025-taylormade\/","title":{"rendered":"B\u1ed9 G\u1eady Golf Iron P790 NEW25 (2025) TaylorMade"},"content":{"rendered":"<h3 class=\"lead\">D\u1ec4 \u0110\u00c1NH B\u00d3NG H\u01a0N<\/h3>\n<p data-start=\"37\" data-end=\"225\">D\u00f2ng g\u1eady s\u1eaft m\u1edbi\u00a0<strong data-start=\"54\" data-end=\"62\">P790<\/strong>\u00a0\u0111\u00e3 ra m\u1eaft v\u1edbi\u00a0<strong data-start=\"77\" data-end=\"116\">v\u00f9ng sweet spot m\u1edf r\u1ed9ng l\u00ean \u0111\u1ebfn 24%<\/strong>(*) m\u00e0 v\u1eabn gi\u1eef \u0111\u01b0\u1ee3c c\u1ea3m gi\u00e1c \u0111\u00e1nh \u00eam \u00e1i, \u0111\u1ed3ng th\u1eddi t\u1ed1i \u01b0u h\u00f3a kho\u1ea3ng c\u00e1ch v\u00e0 \u0111\u1ed9 ch\u00ednh x\u00e1c cho t\u1eebng c\u00e2y g\u1eady.<\/p>\n<p data-start=\"227\" data-end=\"319\" data-is-last-node=\"\" data-is-only-node=\"\">*So v\u1edbi g\u1eady s\u1eaft P790 7-iron phi\u00ean b\u1ea3n 2023. T\u1ef7 l\u1ec7 m\u1edf r\u1ed9ng c\u00f3 th\u1ec3 kh\u00e1c nhau t\u00f9y v\u00e0o t\u1eebng g\u1eady.<\/p>\n<h3 class=\"lead\">D\u1ec4 \u0110\u00c1NH B\u00d3NG H\u01a0N<\/h3>\n<p data-start=\"37\" data-end=\"225\">D\u00f2ng g\u1eady s\u1eaft m\u1edbi\u00a0<strong data-start=\"54\" data-end=\"62\">P790<\/strong>\u00a0\u0111\u00e3 ra m\u1eaft v\u1edbi\u00a0<strong data-start=\"77\" data-end=\"116\">v\u00f9ng sweet spot m\u1edf r\u1ed9ng l\u00ean \u0111\u1ebfn 24%<\/strong>(*) m\u00e0 v\u1eabn gi\u1eef \u0111\u01b0\u1ee3c c\u1ea3m gi\u00e1c \u0111\u00e1nh \u00eam \u00e1i, \u0111\u1ed3ng th\u1eddi t\u1ed1i \u01b0u h\u00f3a kho\u1ea3ng c\u00e1ch v\u00e0 \u0111\u1ed9 ch\u00ednh x\u00e1c cho t\u1eebng c\u00e2y g\u1eady.<\/p>\n<p data-start=\"227\" data-end=\"319\" data-is-last-node=\"\" data-is-only-node=\"\">*So v\u1edbi g\u1eady s\u1eaft P790 7-iron phi\u00ean b\u1ea3n 2023. T\u1ef7 l\u1ec7 m\u1edf r\u1ed9ng c\u00f3 th\u1ec3 kh\u00e1c nhau t\u00f9y v\u00e0o t\u1eebng g\u1eady.<\/p>\n<h3 data-start=\"0\" data-end=\"44\"><strong>V\u00d9NG SWEET SPOT M\u1ede R\u1ed8NG L\u00caN \u0110\u1ebeN 24%(*)<\/strong><\/h3>\n<p data-start=\"46\" data-end=\"362\">M\u1eabu g\u1eady s\u1eaft\u00a0<strong data-start=\"58\" data-end=\"71\">P790 2025<\/strong>\u00a0s\u1eed d\u1ee5ng ch\u1ea5t li\u1ec7u m\u1edbi cho m\u1eb7t g\u1eady, c\u00f3 \u0111\u1ed9 b\u1ec1n cao h\u01a1n\u00a0<strong data-start=\"125\" data-end=\"155\">20% so v\u1edbi phi\u00ean b\u1ea3n tr\u01b0\u1edbc<\/strong>, tr\u1ecdng l\u01b0\u1ee3ng nh\u1eb9 v\u00e0 \u0111\u1ed9 \u0111\u00e0n h\u1ed3i cao. \u0110\u1ed9 b\u1ec1n c\u1ea3i thi\u1ec7n kh\u00f4ng ch\u1ec9 gi\u00fap m\u1eb7t g\u1eady m\u1ecfng h\u01a1n, gia t\u0103ng t\u1ed1c \u0111\u1ed9 ban \u0111\u1ea7u c\u1ee7a b\u00f3ng, m\u00e0 c\u00f2n m\u1edf r\u1ed9ng v\u00f9ng\u00a0<strong data-start=\"296\" data-end=\"310\">sweet spot<\/strong>\u00a0l\u00ean \u0111\u1ebfn\u00a0<strong data-start=\"319\" data-end=\"326\">24%<\/strong>, gi\u00fap t\u1ed1i \u01b0u hi\u1ec7u su\u1ea5t \u0111\u00e1nh b\u00f3ng.<\/p>\n<p data-start=\"364\" data-end=\"456\" data-is-last-node=\"\" data-is-only-node=\"\">*So v\u1edbi g\u1eady s\u1eaft P790 7-iron phi\u00ean b\u1ea3n 2023. T\u1ef7 l\u1ec7 m\u1edf r\u1ed9ng c\u00f3 th\u1ec3 kh\u00e1c nhau t\u00f9y v\u00e0o t\u1eebng g\u1eady.<\/p>\n<h3>C\u1ea2M GI\u00c1C \u0110\u00c1NH V\u01af\u1ee2T TR\u1ed8I<\/h3>\n<article class=\"w-full text-token-text-primary focus-visible:outline-2 focus-visible:outline-offset-[-4px]\" dir=\"auto\" data-testid=\"conversation-turn-311\" data-scroll-anchor=\"true\">\n<div class=\"m-auto text-base py-[18px] px-6\">\n<div class=\"mx-auto flex flex-1 text-base gap-4 md:gap-5 lg:gap-6 md:max-w-3xl lg:max-w-[40rem] xl:max-w-[48rem]\">\n<div class=\"group\/conversation-turn relative flex w-full min-w-0 flex-col agent-turn @xs\/thread:px-0 @sm\/thread:px-1.5 @md\/thread:px-4\">\n<div class=\"flex-col gap-1 md:gap-3\">\n<div class=\"flex max-w-full flex-col flex-grow\">\n<div class=\"min-h-8 text-message relative flex w-full flex-col items-end gap-2 whitespace-normal break-words text-start [.text-message+&amp;]:mt-5\" dir=\"auto\" data-message-author-role=\"assistant\" data-message-id=\"e60f098d-799f-4e35-bff2-ef30a521b8b6\" data-message-model-slug=\"gpt-4o\">\n<div class=\"flex w-full flex-col gap-1 empty:hidden first:pt-[3px]\">\n<div class=\"markdown prose w-full break-words dark:prose-invert light\">\n<p data-start=\"66\" data-end=\"355\" data-is-last-node=\"\" data-is-only-node=\"\">G\u1eady s\u1eaft\u00a0<strong data-start=\"74\" data-end=\"82\">P790<\/strong>\u00a0th\u1ebf h\u1ec7 m\u1edbi \u0111\u01b0\u1ee3c ph\u00e1t tri\u1ec3n nh\u1eb1m mang l\u1ea1i\u00a0<strong data-start=\"124\" data-end=\"164\">c\u1ea3m gi\u00e1c \u0111\u00e1nh \u00eam \u00e1i v\u00e0 tho\u1ea3i m\u00e1i h\u01a1n<\/strong>. C\u00f4ng ngh\u1ec7 ti\u00ean ti\u1ebfn c\u1ee7a TaylorMade, bao g\u1ed3m\u00a0<strong data-start=\"210\" data-end=\"255\">thi\u1ebft k\u1ebf \u0111\u1ea7u g\u1eady t\u1ed1i \u01b0u theo t\u1eebng c\u00e2y g\u1eady<\/strong>\u00a0v\u00e0\u00a0<strong data-start=\"259\" data-end=\"277\">SPEEDFOAM\u2122 AIR<\/strong>, gi\u00fap t\u1ed1i \u01b0u hi\u1ec7u su\u1ea5t v\u00e0 mang \u0111\u1ebfn tr\u1ea3i nghi\u1ec7m \u0111\u00e1nh b\u00f3ng m\u00e0 golfer mong mu\u1ed1n.<\/p>\n<h3 data-start=\"0\" data-end=\"72\"><strong>C\u1ea2I THI\u1ec6N KHO\u1ea2NG C\u00c1CH V\u00c0 \u0110\u1ed8 CH\u00cdNH X\u00c1C<\/strong><\/h3>\n<p data-start=\"74\" data-end=\"288\">Thi\u1ebft k\u1ebf \u0111\u1ea7u g\u1eady\u00a0<strong data-start=\"91\" data-end=\"109\">FLTD CG Design<\/strong>\u00a0\u0111\u01b0\u1ee3c \u00e1p d\u1ee5ng ri\u00eang cho t\u1eebng c\u00e2y g\u1eady. B\u1eb1ng c\u00e1ch b\u1ed1 tr\u00ed c\u00e1c tr\u1ecdng l\u01b0\u1ee3ng tungsten v\u1edbi k\u00edch th\u01b0\u1edbc v\u00e0 tr\u1ecdng l\u01b0\u1ee3ng kh\u00e1c nhau, b\u1ed9 g\u1eady mang l\u1ea1i hi\u1ec7u su\u1ea5t t\u1ed1i \u01b0u theo t\u1eebng lo\u1ea1i g\u1eady.<\/p>\n<p data-start=\"290\" data-end=\"627\" data-is-last-node=\"\" data-is-only-node=\"\">V\u1edbi g\u1eady s\u1eaft d\u00e0i, golfer s\u1ebd c\u1ea3m nh\u1eadn \u0111\u01b0\u1ee3c s\u1ef1 d\u1ec5 d\u00e0ng khi \u0111\u00e1nh b\u00f3ng xa. G\u1eady s\u1eaft trung mang l\u1ea1i \u0111\u1ed9 ch\u00ednh x\u00e1c cao h\u01a1n khi nh\u1eafm m\u1ee5c ti\u00eau, c\u00f2n g\u1eady s\u1eaft ng\u1eafn gi\u00fap ki\u1ec3m so\u00e1t qu\u1ef9 \u0111\u1ea1o v\u00e0 d\u1eebng b\u00f3ng t\u1ed1t h\u01a1n. \u0110\u1ed3ng th\u1eddi, to\u00e0n b\u1ed9 b\u1ed9 g\u1eady \u0111\u01b0\u1ee3c c\u1ea3i thi\u1ec7n v\u1ec1 \u0111\u1ed9 \u1ed5n \u0111\u1ecbnh v\u00e0 kh\u1ea3 n\u0103ng tr\u1ee3 l\u1ef1c, gi\u00fap golfer t\u1ef1 tin h\u01a1n trong t\u1eebng c\u00fa \u0111\u00e1nh.<\/p>\n<h3 data-start=\"0\" data-end=\"43\"><strong>H\u00ccNH D\u00c1NG \u0110\u1ea6U G\u1eacY L\u00dd T\u01af\u1edeNG CHO GOLFER<\/strong><\/h3>\n<p data-start=\"45\" data-end=\"338\" data-is-last-node=\"\" data-is-only-node=\"\">Thi\u1ebft k\u1ebf \u0111\u1ea7u g\u1eady mang l\u1ea1i c\u1ea3m gi\u00e1c g\u1ecdn g\u00e0ng v\u00e0 tinh t\u1ebf, v\u1edbi top line gi\u00fap golfer d\u1ec5 d\u00e0ng c\u0103n ch\u1ec9nh khi v\u00e0o b\u00f3ng. Ph\u1ea7n sole v\u00e0 leading edge \u0111\u00e3 \u0111\u01b0\u1ee3c c\u1ea3i ti\u1ebfn ri\u00eang cho t\u1eebng c\u00e2y g\u1eady, gi\u00fap g\u1eady l\u01b0\u1edbt qua m\u1eb7t c\u1ecf m\u01b0\u1ee3t m\u00e0 h\u01a1n, \u0111\u1ed3ng th\u1eddi mang l\u1ea1i \u0111\u1ed9 \u1ed5n \u0111\u1ecbnh cao h\u01a1n cho t\u1eebng c\u00fa \u0111\u00e1nh.<\/p>\n<p data-start=\"45\" data-end=\"338\" data-is-last-node=\"\" data-is-only-node=\"\">M1765709<br \/>\nM1766707<br \/>\nM1766709<br \/>\nM1767707<br \/>\nM1767709<br \/>\nM1774409<br \/>\nM1774507<br \/>\nN2907707<br \/>\nN2907709<\/p>\n<\/div>\n<\/div>\n<\/div>\n<\/div>\n<\/div>\n<\/div>\n<\/div>\n<\/div>\n<\/article>","protected":false},"excerpt":{"rendered":"<p>D\u1ec4 \u0110\u00c1NH B\u00d3NG H\u01a0N D\u00f2ng g\u1eady s\u1eaft m\u1edbi\u00a0P790\u00a0\u0111\u00e3 ra m\u1eaft v\u1edbi\u00a0v\u00f9ng sweet spot m\u1edf r\u1ed9ng l\u00ean \u0111\u1ebfn 24%(*) m\u00e0 v\u1eabn gi\u1eef \u0111\u01b0\u1ee3c c\u1ea3m gi\u00e1c \u0111\u00e1nh \u00eam \u00e1i, \u0111\u1ed3ng th\u1eddi t\u1ed1i \u01b0u h\u00f3a kho\u1ea3ng c\u00e1ch v\u00e0 \u0111\u1ed9 ch\u00ednh x\u00e1c cho t\u1eebng c\u00e2y g\u1eady. *So v\u1edbi g\u1eady s\u1eaft P790 7-iron phi\u00ean b\u1ea3n 2023. T\u1ef7 l\u1ec7 m\u1edf r\u1ed9ng [&hellip;]<\/p>","protected":false},"featured_media":17307,"comment_status":"open","ping_status":"closed","template":"","meta":{"_acf_changed":false,"site-sidebar-layout":"default","site-content-layout":"","ast-site-content-layout":"default","site-content-style":"default","site-sidebar-style":"default","ast-global-header-display":"","ast-banner-title-visibility":"","ast-main-header-display":"","ast-hfb-above-header-display":"","ast-hfb-below-header-display":"","ast-hfb-mobile-header-display":"","site-post-title":"","ast-breadcrumbs-content":"","ast-featured-img":"","footer-sml-layout":"","theme-transparent-header-meta":"default","adv-header-id-meta":"","stick-header-meta":"default","header-above-stick-meta":"","header-main-stick-meta":"","header-below-stick-meta":"","astra-migrate-meta-layouts":"set","ast-page-background-enabled":"default","ast-page-background-meta":{"desktop":{"background-color":"","background-image":"","background-repeat":"repeat","background-position":"center center","background-size":"auto","background-attachment":"scroll","background-type":"","background-media":"","overlay-type":"","overlay-color":"","overlay-opacity":"","overlay-gradient":""},"tablet":{"background-color":"","background-image":"","background-repeat":"repeat","background-position":"center center","background-size":"auto","background-attachment":"scroll","background-type":"","background-media":"","overlay-type":"","overlay-color":"","overlay-opacity":"","overlay-gradient":""},"mobile":{"background-color":"","background-image":"","background-repeat":"repeat","background-position":"center center","background-size":"auto","background-attachment":"scroll","background-type":"","background-media":"","overlay-type":"","overlay-color":"","overlay-opacity":"","overlay-gradient":""}},"ast-content-background-meta":{"desktop":{"background-color":"var(--ast-global-color-5)","background-image":"","background-repeat":"repeat","background-position":"center center","background-size":"auto","background-attachment":"scroll","background-type":"","background-media":"","overlay-type":"","overlay-color":"","overlay-opacity":"","overlay-gradient":""},"tablet":{"background-color":"var(--ast-global-color-5)","background-image":"","background-repeat":"repeat","background-position":"center center","background-size":"auto","background-attachment":"scroll","background-type":"","background-media":"","overlay-type":"","overlay-color":"","overlay-opacity":"","overlay-gradient":""},"mobile":{"background-color":"var(--ast-global-color-5)","background-image":"","background-repeat":"repeat","background-position":"center center","background-size":"auto","background-attachment":"scroll","background-type":"","background-media":"","overlay-type":"","overlay-color":"","overlay-opacity":"","overlay-gradient":""}}},"product_brand":[],"product_cat":[71,75],"product_tag":[],"class_list":{"0":"post-17292","1":"product","2":"type-product","3":"status-publish","4":"has-post-thumbnail","6":"product_cat-gay-gon","7":"product_cat-iron","8":"desktop-align-center","9":"tablet-align-center","10":"mobile-align-center","11":"ast-product-gallery-layout-first-image-large","12":"ast-product-single-variable","13":"ast-product-tabs-layout-distributed","15":"first","16":"instock","17":"shipping-taxable","18":"purchasable","19":"product-type-variable"},"acf":[],"_links":{"self":[{"href":"https:\/\/taylormade-golf.vn\/en\/wp-json\/wp\/v2\/product\/17292","targetHints":{"allow":["GET"]}}],"collection":[{"href":"https:\/\/taylormade-golf.vn\/en\/wp-json\/wp\/v2\/product"}],"about":[{"href":"https:\/\/taylormade-golf.vn\/en\/wp-json\/wp\/v2\/types\/product"}],"replies":[{"embeddable":true,"href":"https:\/\/taylormade-golf.vn\/en\/wp-json\/wp\/v2\/comments?post=17292"}],"wp:featuredmedia":[{"embeddable":true,"href":"https:\/\/taylormade-golf.vn\/en\/wp-json\/wp\/v2\/media\/17307"}],"wp:attachment":[{"href":"https:\/\/taylormade-golf.vn\/en\/wp-json\/wp\/v2\/media?parent=17292"}],"wp:term":[{"taxonomy":"product_brand","embeddable":true,"href":"https:\/\/taylormade-golf.vn\/en\/wp-json\/wp\/v2\/product_brand?post=17292"},{"taxonomy":"product_cat","embeddable":true,"href":"https:\/\/taylormade-golf.vn\/en\/wp-json\/wp\/v2\/product_cat?post=17292"},{"taxonomy":"product_tag","embeddable":true,"href":"https:\/\/taylormade-golf.vn\/en\/wp-json\/wp\/v2\/product_tag?post=17292"}],"curies":[{"name":"wp","href":"https:\/\/api.w.org\/{rel}","templated":true}]}}