{"id":17273,"date":"2025-05-28T09:32:04","date_gmt":"2025-05-28T02:32:04","guid":{"rendered":"https:\/\/taylormade-golf.vn\/?post_type=product&#038;p=17273"},"modified":"2025-05-28T09:32:06","modified_gmt":"2025-05-28T02:32:06","slug":"nu-ao-polo-soc-tuong-phan-s-s","status":"publish","type":"product","link":"https:\/\/taylormade-golf.vn\/en\/product\/nu-ao-polo-soc-tuong-phan-s-s\/","title":{"rendered":"[N\u1eef] \u00c1o polo s\u1ecdc t\u01b0\u01a1ng ph\u1ea3n S\/S"},"content":{"rendered":"<h3 data-start=\"131\" data-end=\"170\"><strong data-start=\"135\" data-end=\"170\">\u00c1o Polo Tay Ng\u1eafn G\u00e2n D\u00e0y C\u1ed5 Tay<\/strong><\/h3>\n<h4 data-start=\"172\" data-end=\"196\"><strong data-start=\"177\" data-end=\"196\">M\u00f4 t\u1ea3 s\u1ea3n ph\u1ea9m:<\/strong><\/h4>\n<p data-start=\"197\" data-end=\"444\">Chi\u1ebfc \u00e1o polo n\u0103ng \u0111\u1ed9ng n\u00e0y n\u1ed5i b\u1eadt v\u1edbi thi\u1ebft k\u1ebf tay ng\u1eafn v\u00e0 ph\u1ea7n <strong data-start=\"263\" data-end=\"286\">g\u00e2n d\u00e0y \u1edf c\u1ed5 tay \u00e1o<\/strong>, t\u1ea1o \u0111i\u1ec3m nh\u1ea5n m\u1ea1nh m\u1ebd v\u00e0 c\u00e1 t\u00ednh. \u0110\u1eb7c bi\u1ec7t, <strong data-start=\"332\" data-end=\"406\">m\u00e0u tr\u1eafng v\u00e0 xanh n\u01b0\u1edbc bi\u1ec3n c\u00f3 ph\u1ea7n g\u00e2n tay \u00e1o m\u00e0u kh\u00e1c nhau \u1edf m\u1ed7i b\u00ean<\/strong>, t\u0103ng th\u00eam s\u1ef1 ph\u00e1 c\u00e1ch cho ng\u01b0\u1eddi m\u1eb7c.<\/p>\n<h4 data-start=\"446\" data-end=\"485\"><strong data-start=\"451\" data-end=\"485\">Ch\u1ea5t li\u1ec7u &amp; t\u00ednh n\u0103ng n\u1ed5i b\u1eadt:<\/strong><\/h4>\n<ul data-start=\"486\" data-end=\"787\">\n<li data-start=\"486\" data-end=\"547\">\n<p data-start=\"488\" data-end=\"547\"><strong data-start=\"488\" data-end=\"501\">Material<\/strong>: 100% Polyester \u2013 m\u1ec1m m\u1ea1i, nh\u1eb9 v\u00e0 tho\u00e1ng kh\u00ed.<\/p>\n<\/li>\n<li data-start=\"548\" data-end=\"787\">\n<p data-start=\"550\" data-end=\"574\"><strong data-start=\"550\" data-end=\"573\">T\u00ednh n\u0103ng v\u01b0\u1ee3t tr\u1ed9i<\/strong>:<\/p>\n<ul data-start=\"577\" data-end=\"787\">\n<li data-start=\"577\" data-end=\"667\">\n<p data-start=\"579\" data-end=\"667\"><strong data-start=\"579\" data-end=\"598\">Th\u1ea5m h\u00fat m\u1ed3 h\u00f4i<\/strong> v\u00e0 <strong data-start=\"602\" data-end=\"615\">kh\u00f4 nhanh<\/strong>, gi\u1eef c\u01a1 th\u1ec3 lu\u00f4n kh\u00f4 r\u00e1o v\u00e0 tho\u1ea3i m\u00e1i khi v\u1eadn \u0111\u1ed9ng.<\/p>\n<\/li>\n<li data-start=\"670\" data-end=\"732\">\n<p data-start=\"672\" data-end=\"732\"><strong data-start=\"672\" data-end=\"688\">Ch\u1ed1ng tia UV<\/strong>, gi\u00fap b\u1ea3o v\u1ec7 l\u00e0n da d\u01b0\u1edbi \u00e1nh n\u1eafng m\u1eb7t tr\u1eddi.<\/p>\n<\/li>\n<li data-start=\"735\" data-end=\"787\">\n<p data-start=\"737\" data-end=\"787\"><strong data-start=\"737\" data-end=\"752\">Co gi\u00e3n t\u1ed1t<\/strong>, linh ho\u1ea1t trong t\u1eebng chuy\u1ec3n \u0111\u1ed9ng.<\/p>\n<\/li>\n<\/ul>\n<\/li>\n<\/ul>\n<h4 data-start=\"789\" data-end=\"822\"><strong data-start=\"794\" data-end=\"822\">H\u01b0\u1edbng d\u1eabn v\u1ec1 k\u00edch th\u01b0\u1edbc:<\/strong><\/h4>\n<ul data-start=\"823\" data-end=\"1103\">\n<li data-start=\"823\" data-end=\"913\">\n<p data-start=\"825\" data-end=\"913\">S\u1ea3n ph\u1ea9m \u0111\u01b0\u1ee3c \u0111o theo d\u1ea1ng k\u00edch th\u01b0\u1edbc ho\u00e0n thi\u1ec7n, t\u1ea1i c\u00e1c \u0111i\u1ec3m c\u1ed1 \u0111\u1ecbnh (kh\u00f4ng k\u00e9o gi\u00e3n).<\/p>\n<\/li>\n<li data-start=\"914\" data-end=\"979\">\n<p data-start=\"916\" data-end=\"979\">\u0110\u1ed9 v\u1eeba v\u1eb7n c\u00f3 th\u1ec3 thay \u0111\u1ed5i t\u00f9y theo thi\u1ebft k\u1ebf v\u00e0 \u0111\u1ed9 co gi\u00e3n v\u1ea3i.<\/p>\n<\/li>\n<li data-start=\"980\" data-end=\"1017\">\n<p data-start=\"982\" data-end=\"1017\">C\u00f3 th\u1ec3 c\u00f3 sai s\u1ed1 nh\u1ecf t\u1eeb <strong data-start=\"1006\" data-end=\"1016\">1\u20132 cm<\/strong>.<\/p>\n<\/li>\n<li data-start=\"1018\" data-end=\"1103\">\n<p data-start=\"1020\" data-end=\"1103\">K\u00edch th\u01b0\u1edbc ghi tr\u00ean nh\u00e3n l\u00e0 <strong data-start=\"1048\" data-end=\"1102\">k\u00edch th\u01b0\u1edbc c\u01a1 th\u1ec3 ng\u01b0\u1eddi m\u1eb7c (k\u00edch th\u01b0\u1edbc kh\u1ecfa th\u00e2n)<\/strong>.<\/p>\n<\/li>\n<\/ul>\n<h4 data-start=\"1105\" data-end=\"1129\"><strong data-start=\"1110\" data-end=\"1129\">Th\u00f4ng tin th\u00eam:<\/strong><\/h4>\n<ul data-start=\"1130\" data-end=\"1269\">\n<li data-start=\"1130\" data-end=\"1165\">\n<p data-start=\"1132\" data-end=\"1165\"><strong data-start=\"1132\" data-end=\"1143\">Xu\u1ea5t x\u1ee9<\/strong>: Nh\u1eadt B\u1ea3n \/ Vi\u1ec7t Nam.<\/p>\n<\/li>\n<li data-start=\"1166\" data-end=\"1269\">\n<p data-start=\"1168\" data-end=\"1269\"><em data-start=\"1168\" data-end=\"1269\">H\u00ecnh \u1ea3nh ch\u1ec9 mang t\u00ednh minh h\u1ecda. M\u00e0u s\u1eafc th\u1ef1c t\u1ebf c\u00f3 th\u1ec3 kh\u00e1c t\u00f9y v\u00e0o thi\u1ebft b\u1ecb hi\u1ec3n th\u1ecb v\u00e0 \u00e1nh s\u00e1ng.<\/em><\/p>\n<\/li>\n<li data-start=\"1166\" data-end=\"1269\">M1338077<br \/>\nM1338079<br \/>\nM1338177<br \/>\nM1338179<br \/>\nM1338277<br \/>\nM1338279<br \/>\nM1338377<br \/>\nM1338379<\/li>\n<\/ul>","protected":false},"excerpt":{"rendered":"<p>\u00c1o Polo Tay Ng\u1eafn G\u00e2n D\u00e0y C\u1ed5 Tay M\u00f4 t\u1ea3 s\u1ea3n ph\u1ea9m: Chi\u1ebfc \u00e1o polo n\u0103ng \u0111\u1ed9ng n\u00e0y n\u1ed5i b\u1eadt v\u1edbi thi\u1ebft k\u1ebf tay ng\u1eafn v\u00e0 ph\u1ea7n g\u00e2n d\u00e0y \u1edf c\u1ed5 tay \u00e1o, t\u1ea1o \u0111i\u1ec3m nh\u1ea5n m\u1ea1nh m\u1ebd v\u00e0 c\u00e1 t\u00ednh. \u0110\u1eb7c bi\u1ec7t, m\u00e0u tr\u1eafng v\u00e0 xanh n\u01b0\u1edbc bi\u1ec3n c\u00f3 ph\u1ea7n g\u00e2n tay \u00e1o m\u00e0u [&hellip;]<\/p>","protected":false},"featured_media":17282,"comment_status":"open","ping_status":"closed","template":"","meta":{"_acf_changed":false,"site-sidebar-layout":"default","site-content-layout":"","ast-site-content-layout":"default","site-content-style":"default","site-sidebar-style":"default","ast-global-header-display":"","ast-banner-title-visibility":"","ast-main-header-display":"","ast-hfb-above-header-display":"","ast-hfb-below-header-display":"","ast-hfb-mobile-header-display":"","site-post-title":"","ast-breadcrumbs-content":"","ast-featured-img":"","footer-sml-layout":"","theme-transparent-header-meta":"default","adv-header-id-meta":"","stick-header-meta":"default","header-above-stick-meta":"","header-main-stick-meta":"","header-below-stick-meta":"","astra-migrate-meta-layouts":"set","ast-page-background-enabled":"default","ast-page-background-meta":{"desktop":{"background-color":"","background-image":"","background-repeat":"repeat","background-position":"center center","background-size":"auto","background-attachment":"scroll","background-type":"","background-media":"","overlay-type":"","overlay-color":"","overlay-opacity":"","overlay-gradient":""},"tablet":{"background-color":"","background-image":"","background-repeat":"repeat","background-position":"center center","background-size":"auto","background-attachment":"scroll","background-type":"","background-media":"","overlay-type":"","overlay-color":"","overlay-opacity":"","overlay-gradient":""},"mobile":{"background-color":"","background-image":"","background-repeat":"repeat","background-position":"center center","background-size":"auto","background-attachment":"scroll","background-type":"","background-media":"","overlay-type":"","overlay-color":"","overlay-opacity":"","overlay-gradient":""}},"ast-content-background-meta":{"desktop":{"background-color":"var(--ast-global-color-5)","background-image":"","background-repeat":"repeat","background-position":"center center","background-size":"auto","background-attachment":"scroll","background-type":"","background-media":"","overlay-type":"","overlay-color":"","overlay-opacity":"","overlay-gradient":""},"tablet":{"background-color":"var(--ast-global-color-5)","background-image":"","background-repeat":"repeat","background-position":"center center","background-size":"auto","background-attachment":"scroll","background-type":"","background-media":"","overlay-type":"","overlay-color":"","overlay-opacity":"","overlay-gradient":""},"mobile":{"background-color":"var(--ast-global-color-5)","background-image":"","background-repeat":"repeat","background-position":"center center","background-size":"auto","background-attachment":"scroll","background-type":"","background-media":"","overlay-type":"","overlay-color":"","overlay-opacity":"","overlay-gradient":""}}},"product_brand":[],"product_cat":[263,102,101],"product_tag":[],"class_list":{"0":"post-17273","1":"product","2":"type-product","3":"status-publish","4":"has-post-thumbnail","6":"product_cat-nu","7":"product_cat-ao-coc-tay","8":"product_cat-quan-ao","9":"desktop-align-center","10":"tablet-align-center","11":"mobile-align-center","12":"ast-product-gallery-layout-first-image-large","13":"ast-product-single-variable","14":"ast-product-tabs-layout-distributed","16":"first","17":"instock","18":"shipping-taxable","19":"purchasable","20":"product-type-variable"},"acf":[],"_links":{"self":[{"href":"https:\/\/taylormade-golf.vn\/en\/wp-json\/wp\/v2\/product\/17273","targetHints":{"allow":["GET"]}}],"collection":[{"href":"https:\/\/taylormade-golf.vn\/en\/wp-json\/wp\/v2\/product"}],"about":[{"href":"https:\/\/taylormade-golf.vn\/en\/wp-json\/wp\/v2\/types\/product"}],"replies":[{"embeddable":true,"href":"https:\/\/taylormade-golf.vn\/en\/wp-json\/wp\/v2\/comments?post=17273"}],"wp:featuredmedia":[{"embeddable":true,"href":"https:\/\/taylormade-golf.vn\/en\/wp-json\/wp\/v2\/media\/17282"}],"wp:attachment":[{"href":"https:\/\/taylormade-golf.vn\/en\/wp-json\/wp\/v2\/media?parent=17273"}],"wp:term":[{"taxonomy":"product_brand","embeddable":true,"href":"https:\/\/taylormade-golf.vn\/en\/wp-json\/wp\/v2\/product_brand?post=17273"},{"taxonomy":"product_cat","embeddable":true,"href":"https:\/\/taylormade-golf.vn\/en\/wp-json\/wp\/v2\/product_cat?post=17273"},{"taxonomy":"product_tag","embeddable":true,"href":"https:\/\/taylormade-golf.vn\/en\/wp-json\/wp\/v2\/product_tag?post=17273"}],"curies":[{"name":"wp","href":"https:\/\/api.w.org\/{rel}","templated":true}]}}