{"id":17247,"date":"2025-05-28T09:32:54","date_gmt":"2025-05-28T02:32:54","guid":{"rendered":"https:\/\/taylormade-golf.vn\/?post_type=product&#038;p=17247"},"modified":"2025-05-28T09:32:54","modified_gmt":"2025-05-28T02:32:54","slug":"ao-polo-s-s-logo-lon-tm-2","status":"publish","type":"product","link":"https:\/\/taylormade-golf.vn\/en\/product\/ao-polo-s-s-logo-lon-tm-2\/","title":{"rendered":"\u00c1o polo S\/S logo l\u1edbn TM"},"content":{"rendered":"<p data-start=\"179\" data-end=\"239\"><strong data-start=\"179\" data-end=\"239\">\u00c1o Polo TaylorMade \u2013 Tho\u00e1ng m\u00e1t, hi\u1ec7n \u0111\u1ea1i, \u0111\u1eadm ch\u1ea5t golf<\/strong><\/p>\n<p data-start=\"241\" data-end=\"575\">Chi\u1ebfc \u00e1o polo tay ng\u1eafn n\u00e0y \u0111\u1ebfn t\u1eeb th\u01b0\u01a1ng hi\u1ec7u TaylorMade Golf danh ti\u1ebfng, \u0111\u01b0\u1ee3c thi\u1ebft k\u1ebf d\u00e0nh ri\u00eang cho nh\u1eefng golfer y\u00eau th\u00edch s\u1ef1 n\u0103ng \u0111\u1ed9ng v\u00e0 phong c\u00e1ch. Ch\u1ea5t li\u1ec7u <strong data-start=\"405\" data-end=\"431\">100% polyester cao c\u1ea5p<\/strong>, v\u1edbi c\u00f4ng ngh\u1ec7 <em data-start=\"447\" data-end=\"470\">th\u1ea5m h\u00fat m\u1ed3 h\u00f4i nhanh<\/em>, <em data-start=\"472\" data-end=\"491\">kh\u00f4 tho\u00e1ng t\u1ed1i \u01b0u<\/em> v\u00e0 <em data-start=\"495\" data-end=\"509\">ch\u1ed1ng tia UV<\/em>, gi\u00fap b\u1ea1n lu\u00f4n t\u1ef1 tin tr\u00ean s\u00e2n golf d\u01b0\u1edbi m\u1ecdi \u0111i\u1ec1u ki\u1ec7n th\u1eddi ti\u1ebft.<\/p>\n<p data-start=\"577\" data-end=\"754\">\u0110i\u1ec3m nh\u1ea5n n\u1ed5i b\u1eadt n\u1eb1m \u1edf <strong data-start=\"601\" data-end=\"630\">thi\u1ebft k\u1ebf \u0111\u1ed3 h\u1ecda m\u1eb7t tr\u01b0\u1edbc<\/strong> \u2013 k\u1ebft h\u1ee3p logo TaylorMade c\u00f9ng th\u00f4ng \u0111i\u1ec7p \u0111\u1ed9c \u0111\u00e1o, mang l\u1ea1i v\u1ebb ngo\u00e0i tr\u1ebb trung, c\u00e1 t\u00ednh nh\u01b0ng kh\u00f4ng k\u00e9m ph\u1ea7n chuy\u00ean nghi\u1ec7p.<\/p>\n<ul data-start=\"756\" data-end=\"969\">\n<li data-start=\"756\" data-end=\"785\">\n<p data-start=\"758\" data-end=\"785\">Material: Polyester 100%<\/p>\n<\/li>\n<li data-start=\"786\" data-end=\"836\">\n<p data-start=\"788\" data-end=\"836\">T\u00ednh n\u0103ng: Th\u1ea5m h\u00fat \u2013 Nhanh kh\u00f4 \u2013 Ch\u1ed1ng tia UV<\/p>\n<\/li>\n<li data-start=\"837\" data-end=\"858\">\n<p data-start=\"839\" data-end=\"858\">Xu\u1ea5t x\u1ee9: Vi\u1ec7t Nam<\/p>\n<\/li>\n<li data-start=\"859\" data-end=\"969\">\n<p data-start=\"861\" data-end=\"969\">L\u01b0u \u00fd: K\u00edch th\u01b0\u1edbc c\u00f3 th\u1ec3 sai s\u1ed1 1\u20132 cm do \u0111\u1eb7c th\u00f9 s\u1ea3n xu\u1ea5t; m\u00e0u s\u1eafc c\u00f3 th\u1ec3 ch\u00eanh l\u1ec7ch t\u00f9y m\u00e0n h\u00ecnh hi\u1ec3n th\u1ecb.<\/p>\n<\/li>\n<li data-start=\"859\" data-end=\"969\">M1314870<br \/>\nM1314871<br \/>\nM1314970<br \/>\nM1314971<\/li>\n<\/ul>","protected":false},"excerpt":{"rendered":"<p>\u00c1o Polo TaylorMade \u2013 Tho\u00e1ng m\u00e1t, hi\u1ec7n \u0111\u1ea1i, \u0111\u1eadm ch\u1ea5t golf Chi\u1ebfc \u00e1o polo tay ng\u1eafn n\u00e0y \u0111\u1ebfn t\u1eeb th\u01b0\u01a1ng hi\u1ec7u TaylorMade Golf danh ti\u1ebfng, \u0111\u01b0\u1ee3c thi\u1ebft k\u1ebf d\u00e0nh ri\u00eang cho nh\u1eefng golfer y\u00eau th\u00edch s\u1ef1 n\u0103ng \u0111\u1ed9ng v\u00e0 phong c\u00e1ch. Ch\u1ea5t li\u1ec7u 100% polyester cao c\u1ea5p, v\u1edbi c\u00f4ng ngh\u1ec7 th\u1ea5m h\u00fat m\u1ed3 h\u00f4i nhanh, [&hellip;]<\/p>","protected":false},"featured_media":17252,"comment_status":"open","ping_status":"closed","template":"","meta":{"_acf_changed":false,"site-sidebar-layout":"default","site-content-layout":"","ast-site-content-layout":"default","site-content-style":"default","site-sidebar-style":"default","ast-global-header-display":"","ast-banner-title-visibility":"","ast-main-header-display":"","ast-hfb-above-header-display":"","ast-hfb-below-header-display":"","ast-hfb-mobile-header-display":"","site-post-title":"","ast-breadcrumbs-content":"","ast-featured-img":"","footer-sml-layout":"","theme-transparent-header-meta":"default","adv-header-id-meta":"","stick-header-meta":"default","header-above-stick-meta":"","header-main-stick-meta":"","header-below-stick-meta":"","astra-migrate-meta-layouts":"set","ast-page-background-enabled":"default","ast-page-background-meta":{"desktop":{"background-color":"","background-image":"","background-repeat":"repeat","background-position":"center center","background-size":"auto","background-attachment":"scroll","background-type":"","background-media":"","overlay-type":"","overlay-color":"","overlay-opacity":"","overlay-gradient":""},"tablet":{"background-color":"","background-image":"","background-repeat":"repeat","background-position":"center center","background-size":"auto","background-attachment":"scroll","background-type":"","background-media":"","overlay-type":"","overlay-color":"","overlay-opacity":"","overlay-gradient":""},"mobile":{"background-color":"","background-image":"","background-repeat":"repeat","background-position":"center center","background-size":"auto","background-attachment":"scroll","background-type":"","background-media":"","overlay-type":"","overlay-color":"","overlay-opacity":"","overlay-gradient":""}},"ast-content-background-meta":{"desktop":{"background-color":"var(--ast-global-color-5)","background-image":"","background-repeat":"repeat","background-position":"center center","background-size":"auto","background-attachment":"scroll","background-type":"","background-media":"","overlay-type":"","overlay-color":"","overlay-opacity":"","overlay-gradient":""},"tablet":{"background-color":"var(--ast-global-color-5)","background-image":"","background-repeat":"repeat","background-position":"center center","background-size":"auto","background-attachment":"scroll","background-type":"","background-media":"","overlay-type":"","overlay-color":"","overlay-opacity":"","overlay-gradient":""},"mobile":{"background-color":"var(--ast-global-color-5)","background-image":"","background-repeat":"repeat","background-position":"center center","background-size":"auto","background-attachment":"scroll","background-type":"","background-media":"","overlay-type":"","overlay-color":"","overlay-opacity":"","overlay-gradient":""}}},"product_brand":[],"product_cat":[101,102],"product_tag":[],"class_list":{"0":"post-17247","1":"product","2":"type-product","3":"status-publish","4":"has-post-thumbnail","6":"product_cat-quan-ao","7":"product_cat-ao-coc-tay","8":"desktop-align-center","9":"tablet-align-center","10":"mobile-align-center","11":"ast-product-gallery-layout-first-image-large","12":"ast-product-single-variable","13":"ast-product-tabs-layout-distributed","15":"first","16":"instock","17":"shipping-taxable","18":"purchasable","19":"product-type-variable"},"acf":[],"_links":{"self":[{"href":"https:\/\/taylormade-golf.vn\/en\/wp-json\/wp\/v2\/product\/17247","targetHints":{"allow":["GET"]}}],"collection":[{"href":"https:\/\/taylormade-golf.vn\/en\/wp-json\/wp\/v2\/product"}],"about":[{"href":"https:\/\/taylormade-golf.vn\/en\/wp-json\/wp\/v2\/types\/product"}],"replies":[{"embeddable":true,"href":"https:\/\/taylormade-golf.vn\/en\/wp-json\/wp\/v2\/comments?post=17247"}],"wp:featuredmedia":[{"embeddable":true,"href":"https:\/\/taylormade-golf.vn\/en\/wp-json\/wp\/v2\/media\/17252"}],"wp:attachment":[{"href":"https:\/\/taylormade-golf.vn\/en\/wp-json\/wp\/v2\/media?parent=17247"}],"wp:term":[{"taxonomy":"product_brand","embeddable":true,"href":"https:\/\/taylormade-golf.vn\/en\/wp-json\/wp\/v2\/product_brand?post=17247"},{"taxonomy":"product_cat","embeddable":true,"href":"https:\/\/taylormade-golf.vn\/en\/wp-json\/wp\/v2\/product_cat?post=17247"},{"taxonomy":"product_tag","embeddable":true,"href":"https:\/\/taylormade-golf.vn\/en\/wp-json\/wp\/v2\/product_tag?post=17247"}],"curies":[{"name":"wp","href":"https:\/\/api.w.org\/{rel}","templated":true}]}}