{"id":17163,"date":"2025-05-21T09:10:44","date_gmt":"2025-05-21T02:10:44","guid":{"rendered":"https:\/\/taylormade-golf.vn\/?post_type=product&#038;p=17163"},"modified":"2025-05-26T08:48:49","modified_gmt":"2025-05-26T01:48:49","slug":"gay-wedge-mg4-tw-grind-raw","status":"publish","type":"product","link":"https:\/\/taylormade-golf.vn\/en\/product\/gay-wedge-mg4-tw-grind-raw\/","title":{"rendered":"G\u1eady Wedge MG4 TW Grind RAW"},"content":{"rendered":"<h3 class=\"\" data-start=\"113\" data-end=\"180\"><strong data-start=\"117\" data-end=\"180\">Tiger Grind \u2013 Thi\u1ebft k\u1ebf m\u00e0i \u0111\u1ebf g\u1eady \u0111\u1ed9c quy\u1ec1n b\u1edfi Tiger Woods<\/strong><\/h3>\n<p class=\"\" data-start=\"182\" data-end=\"269\">M\u1ed7i ph\u1ea7n \u0111\u1ebf g\u1eady \u0111\u01b0\u1ee3c m\u00e0i theo th\u00f4ng s\u1ed1 ri\u00eang do ch\u00ednh Tiger Woods tr\u1ef1c ti\u1ebfp thi\u1ebft k\u1ebf.<\/p>\n<ul data-start=\"271\" data-end=\"698\">\n<li class=\"\" data-start=\"271\" data-end=\"417\">\n<p class=\"\" data-start=\"273\" data-end=\"417\"><strong data-start=\"273\" data-end=\"286\">Wedge 56\u00b0<\/strong>\u00a0s\u1eed d\u1ee5ng c\u1ea5u tr\u00fac\u00a0<strong data-start=\"304\" data-end=\"317\">dual sole<\/strong>\u00a0v\u1edbi ph\u1ea7n g\u00f3t g\u1eady (heel) \u0111\u01b0\u1ee3c m\u00e0i s\u00e2u, gi\u00fap linh ho\u1ea1t h\u01a1n trong nhi\u1ec1u t\u00ecnh hu\u1ed1ng \u0111\u00e1nh quanh green.<\/p>\n<\/li>\n<li class=\"\" data-start=\"418\" data-end=\"698\">\n<p class=\"\" data-start=\"420\" data-end=\"698\"><strong data-start=\"420\" data-end=\"433\">Wedge 60\u00b0<\/strong>\u00a0c\u00f3\u00a0<strong data-start=\"437\" data-end=\"481\">\u0111\u1ed9 bounce cao \u1edf m\u00e9p tr\u01b0\u1edbc (leading edge)<\/strong>\u00a0nh\u01b0ng ph\u1ea7n g\u00f3t \u0111\u01b0\u1ee3c m\u00e0i ph\u1eb3ng (shaved heel), cho ph\u00e9p ng\u01b0\u1eddi ch\u01a1i\u00a0<strong data-start=\"547\" data-end=\"561\">m\u1edf m\u1eb7t g\u1eady<\/strong>\u00a0d\u1ec5 d\u00e0ng \u0111\u1ec3 th\u1ef1c hi\u1ec7n c\u00e1c c\u00fa\u00a0<strong data-start=\"590\" data-end=\"603\">flop shot<\/strong>, \u0111\u1ed3ng th\u1eddi v\u1eabn duy tr\u00ec kh\u1ea3 n\u0103ng x\u1eed l\u00fd t\u1ed1t trong nh\u1eefng c\u00fa \u0111\u00e1nh \u1edf \u0111\u1ecba h\u00ecnh c\u1ecf th\u1ea5p (tight lies).<\/p>\n<\/li>\n<\/ul>\n<p class=\"\" data-start=\"700\" data-end=\"862\">\u0110\u00e2y l\u00e0 thi\u1ebft k\u1ebf \u0111\u01b0\u1ee3c t\u1ea1o ra \u0111\u1ec3 \u0111\u1ea1t\u00a0<strong data-start=\"735\" data-end=\"762\">m\u1ee9c \u0111\u1ed9 linh ho\u1ea1t t\u1ed1i \u0111a<\/strong>, cho ph\u00e9p Tiger th\u1ef1c hi\u1ec7n b\u1ea5t k\u1ef3 c\u00fa \u0111\u00e1nh n\u00e0o, tr\u00ean b\u1ea5t k\u1ef3 s\u00e2n golf n\u00e0o, \u1edf b\u1ea5t k\u1ef3 \u0111\u00e2u tr\u00ean th\u1ebf gi\u1edbi<\/p>\n<h3 class=\"\" data-start=\"86\" data-end=\"126\"><strong data-start=\"90\" data-end=\"126\">T\u0103ng \u0111\u1ed9 xo\u00e1y trong \u0111i\u1ec1u ki\u1ec7n \u01b0\u1edbt<\/strong><\/h3>\n<p class=\"\" data-start=\"128\" data-end=\"310\">C\u00f4ng ngh\u1ec7 Spin Tread s\u1eed d\u1ee5ng k\u1ef9 thu\u1eadt kh\u1eafc laser \u0111\u1ec3 t\u1ea1o c\u00e1c r\u00e3nh si\u00eau nh\u1ecf tr\u00ean m\u1eb7t g\u1eady, gi\u00fap tho\u00e1t \u1ea9m t\u1ea1i \u0111i\u1ec3m ti\u1ebfp x\u00fac, t\u1eeb \u0111\u00f3 duy tr\u00ec \u0111\u1ed9 xo\u00e1y trong \u0111i\u1ec1u ki\u1ec7n \u1ea9m \u01b0\u1edbt.<\/p>\n<p class=\"\" data-start=\"312\" data-end=\"559\">T\u01b0\u01a1ng t\u1ef1 nh\u01b0 c\u00e1ch m\u00e0 r\u00e3nh l\u1ed1p xe gi\u00fap xe b\u00e1m \u0111\u01b0\u1eddng, Spin Tread c\u00f3 ch\u1ee9c n\u0103ng \u0111\u1ea9y n\u01b0\u1edbc ra kh\u1ecfi m\u1eb7t g\u1eady khi ti\u1ebfp x\u00fac b\u00f3ng, t\u1ea1o ra nhi\u1ec1u ma s\u00e1t h\u01a1n gi\u1eefa m\u1eb7t g\u1eady v\u00e0 b\u00f3ng golf, nh\u1edd \u0111\u00f3 t\u1ea1o ra nhi\u1ec1u \u0111\u1ed9 xo\u00e1y h\u01a1n so v\u1edbi c\u00e1c th\u1ebf h\u1ec7 g\u1eady tr\u01b0\u1edbc.<\/p>\n<h3 class=\"\" data-start=\"85\" data-end=\"126\"><strong data-start=\"89\" data-end=\"126\">Thi\u1ebft k\u1ebf h\u00ecnh h\u1ecdc \u0111\u01b0\u1ee3c tinh ch\u1ec9nh<\/strong><\/h3>\n<p class=\"\" data-start=\"128\" data-end=\"242\">MG4 \u0111\u01b0\u1ee3c c\u1ea3i ti\u1ebfn v\u1ec1 h\u00ecnh d\u00e1ng v\u00e0 t\u00ednh th\u1ea9m m\u1ef9, t\u1eadp trung v\u00e0o nh\u1eefng g\u00ec ng\u01b0\u1eddi ch\u01a1i c\u1ea3m nh\u1eadn khi v\u00e0o b\u00f3ng.<\/p>\n<p class=\"\" data-start=\"244\" data-end=\"475\">C\u00e1c chi ti\u1ebft nh\u01b0 g\u00f3c n\u1ed1i gi\u1eefa hosel v\u00e0 \u0111\u1ea7u g\u1eady, \u0111\u1ed9 offset, v\u00e0 \u0111\u1ed9 th\u1eb3ng c\u1ee7a c\u1ea1nh tr\u01b0\u1edbc (leading edge) \u0111\u1ec1u \u0111\u01b0\u1ee3c thi\u1ebft k\u1ebf d\u1ef1a tr\u00ean \u00fd ki\u1ebfn v\u00e0 s\u1edf th\u00edch c\u1ee7a c\u00e1c golfer chuy\u00ean nghi\u1ec7p c\u0169ng nh\u01b0 c\u00e1c nh\u00e0 thi\u1ebft k\u1ebf gi\u00e0u kinh nghi\u1ec7m.<\/p>\n<p class=\"\" data-start=\"477\" data-end=\"639\">So v\u1edbi th\u1ebf h\u1ec7 tr\u01b0\u1edbc MG3, phi\u00ean b\u1ea3n MG4 c\u00f3 k\u00edch th\u01b0\u1edbc m\u1eb7t g\u1eady h\u01a1i l\u1edbn h\u01a1n, mang l\u1ea1i c\u1ea3m gi\u00e1c bo tr\u00f2n, m\u01b0\u1ee3t m\u00e0 v\u00e0 d\u1ec5 s\u1eed d\u1ee5ng h\u01a1n cho ng\u01b0\u1eddi ch\u01a1i.<\/p>\n<h3 class=\"\" data-start=\"85\" data-end=\"121\"><strong data-start=\"89\" data-end=\"121\">M\u1eb7t g\u1eady Raw &amp; Ho\u00e0n thi\u1ec7n m\u1edbi<\/strong><\/h3>\n<p class=\"\" data-start=\"123\" data-end=\"352\">C\u00f3 l\u00fd do v\u00ec sao c\u00e1c golfer h\u00e0ng \u0111\u1ea7u th\u1ebf gi\u1edbi l\u1ea1i \u01b0a chu\u1ed9ng\u00a0<strong data-start=\"182\" data-end=\"222\">wedge m\u1eb7t g\u1eady raw (kh\u00f4ng ph\u1ee7 l\u1edbp m\u1ea1)<\/strong>. Ch\u1ea5t li\u1ec7u kh\u00f4ng m\u1ea1 s\u1ebd\u00a0<strong data-start=\"246\" data-end=\"272\">oxy h\u00f3a theo th\u1eddi gian<\/strong>, gi\u00fap\u00a0<strong data-start=\"279\" data-end=\"306\">duy tr\u00ec \u0111\u1ed9 xo\u00e1y \u1ed5n \u0111\u1ecbnh<\/strong>\u00a0v\u00e0\u00a0<strong data-start=\"310\" data-end=\"351\">t\u0103ng hi\u1ec7u su\u1ea5t trong \u0111i\u1ec1u ki\u1ec7n \u1ea9m \u01b0\u1edbt<\/strong>.<\/p>\n<p class=\"\" data-start=\"354\" data-end=\"571\">Phi\u00ean b\u1ea3n MG4 c\u00f2n s\u1edf h\u1eefu\u00a0<strong data-start=\"379\" data-end=\"412\">l\u1edbp ho\u00e0n thi\u1ec7n m\u1edbi tinh ch\u1ec9nh<\/strong>\u00a0v\u1edbi\u00a0<strong data-start=\"417\" data-end=\"437\">t\u00f4ng m\u00e0u t\u1ed1i nh\u1eb9<\/strong>, gi\u00fap\u00a0<strong data-start=\"444\" data-end=\"462\">gi\u1ea3m ch\u00f3i s\u00e1ng<\/strong>\u00a0v\u00e0\u00a0<strong data-start=\"466\" data-end=\"522\">t\u1ea1o s\u1ef1 li\u1ec1n m\u1ea1ch v\u1ec1 m\u1eb7t th\u1ea9m m\u1ef9 v\u1edbi ph\u1ea7n m\u1eb7t g\u1eady raw<\/strong>, mang l\u1ea1i m\u1ed9t t\u1ed5ng th\u1ec3 \u0111\u1ed3ng nh\u1ea5t v\u00e0 cao c\u1ea5p h\u01a1n.<\/p>\n<p data-start=\"354\" data-end=\"571\">V9833209<br \/>\nV9833309<\/p>","protected":false},"excerpt":{"rendered":"<p>Tiger Grind \u2013 Thi\u1ebft k\u1ebf m\u00e0i \u0111\u1ebf g\u1eady \u0111\u1ed9c quy\u1ec1n b\u1edfi Tiger Woods M\u1ed7i ph\u1ea7n \u0111\u1ebf g\u1eady \u0111\u01b0\u1ee3c m\u00e0i theo th\u00f4ng s\u1ed1 ri\u00eang do ch\u00ednh Tiger Woods tr\u1ef1c ti\u1ebfp thi\u1ebft k\u1ebf. Wedge 56\u00b0\u00a0s\u1eed d\u1ee5ng c\u1ea5u tr\u00fac\u00a0dual sole\u00a0v\u1edbi ph\u1ea7n g\u00f3t g\u1eady (heel) \u0111\u01b0\u1ee3c m\u00e0i s\u00e2u, gi\u00fap linh ho\u1ea1t h\u01a1n trong nhi\u1ec1u t\u00ecnh hu\u1ed1ng \u0111\u00e1nh quanh green. [&hellip;]<\/p>","protected":false},"featured_media":17184,"comment_status":"open","ping_status":"closed","template":"","meta":{"_acf_changed":false,"site-sidebar-layout":"default","site-content-layout":"","ast-site-content-layout":"default","site-content-style":"default","site-sidebar-style":"default","ast-global-header-display":"","ast-banner-title-visibility":"","ast-main-header-display":"","ast-hfb-above-header-display":"","ast-hfb-below-header-display":"","ast-hfb-mobile-header-display":"","site-post-title":"","ast-breadcrumbs-content":"","ast-featured-img":"","footer-sml-layout":"","theme-transparent-header-meta":"default","adv-header-id-meta":"","stick-header-meta":"default","header-above-stick-meta":"","header-main-stick-meta":"","header-below-stick-meta":"","astra-migrate-meta-layouts":"set","ast-page-background-enabled":"default","ast-page-background-meta":{"desktop":{"background-color":"","background-image":"","background-repeat":"repeat","background-position":"center center","background-size":"auto","background-attachment":"scroll","background-type":"","background-media":"","overlay-type":"","overlay-color":"","overlay-opacity":"","overlay-gradient":""},"tablet":{"background-color":"","background-image":"","background-repeat":"repeat","background-position":"center center","background-size":"auto","background-attachment":"scroll","background-type":"","background-media":"","overlay-type":"","overlay-color":"","overlay-opacity":"","overlay-gradient":""},"mobile":{"background-color":"","background-image":"","background-repeat":"repeat","background-position":"center center","background-size":"auto","background-attachment":"scroll","background-type":"","background-media":"","overlay-type":"","overlay-color":"","overlay-opacity":"","overlay-gradient":""}},"ast-content-background-meta":{"desktop":{"background-color":"var(--ast-global-color-5)","background-image":"","background-repeat":"repeat","background-position":"center center","background-size":"auto","background-attachment":"scroll","background-type":"","background-media":"","overlay-type":"","overlay-color":"","overlay-opacity":"","overlay-gradient":""},"tablet":{"background-color":"var(--ast-global-color-5)","background-image":"","background-repeat":"repeat","background-position":"center center","background-size":"auto","background-attachment":"scroll","background-type":"","background-media":"","overlay-type":"","overlay-color":"","overlay-opacity":"","overlay-gradient":""},"mobile":{"background-color":"var(--ast-global-color-5)","background-image":"","background-repeat":"repeat","background-position":"center center","background-size":"auto","background-attachment":"scroll","background-type":"","background-media":"","overlay-type":"","overlay-color":"","overlay-opacity":"","overlay-gradient":""}}},"product_brand":[],"product_cat":[76,71],"product_tag":[],"class_list":{"0":"post-17163","1":"product","2":"type-product","3":"status-publish","4":"has-post-thumbnail","6":"product_cat-wedge","7":"product_cat-gay-gon","8":"desktop-align-center","9":"tablet-align-center","10":"mobile-align-center","11":"ast-product-gallery-layout-first-image-large","12":"ast-product-single-variable","13":"ast-product-tabs-layout-distributed","15":"first","16":"instock","17":"shipping-taxable","18":"purchasable","19":"product-type-variable"},"acf":[],"_links":{"self":[{"href":"https:\/\/taylormade-golf.vn\/en\/wp-json\/wp\/v2\/product\/17163","targetHints":{"allow":["GET"]}}],"collection":[{"href":"https:\/\/taylormade-golf.vn\/en\/wp-json\/wp\/v2\/product"}],"about":[{"href":"https:\/\/taylormade-golf.vn\/en\/wp-json\/wp\/v2\/types\/product"}],"replies":[{"embeddable":true,"href":"https:\/\/taylormade-golf.vn\/en\/wp-json\/wp\/v2\/comments?post=17163"}],"wp:featuredmedia":[{"embeddable":true,"href":"https:\/\/taylormade-golf.vn\/en\/wp-json\/wp\/v2\/media\/17184"}],"wp:attachment":[{"href":"https:\/\/taylormade-golf.vn\/en\/wp-json\/wp\/v2\/media?parent=17163"}],"wp:term":[{"taxonomy":"product_brand","embeddable":true,"href":"https:\/\/taylormade-golf.vn\/en\/wp-json\/wp\/v2\/product_brand?post=17163"},{"taxonomy":"product_cat","embeddable":true,"href":"https:\/\/taylormade-golf.vn\/en\/wp-json\/wp\/v2\/product_cat?post=17163"},{"taxonomy":"product_tag","embeddable":true,"href":"https:\/\/taylormade-golf.vn\/en\/wp-json\/wp\/v2\/product_tag?post=17163"}],"curies":[{"name":"wp","href":"https:\/\/api.w.org\/{rel}","templated":true}]}}