{"id":17141,"date":"2025-05-20T16:31:45","date_gmt":"2025-05-20T09:31:45","guid":{"rendered":"https:\/\/taylormade-golf.vn\/?post_type=product&#038;p=17141"},"modified":"2025-05-20T16:31:46","modified_gmt":"2025-05-20T09:31:46","slug":"tui-gay-dung-flextech-carry-premium","status":"publish","type":"product","link":"https:\/\/taylormade-golf.vn\/en\/product\/tui-gay-dung-flextech-carry-premium\/","title":{"rendered":"T\u00fai g\u1eady \u0111\u1ee9ng FlexTech Carry Premium"},"content":{"rendered":"<p>Mang theo tho\u1ea3i m\u00e1i v\u00e0 phong c\u00e1ch. \u0110\u01b0\u1ee3c thi\u1ebft k\u1ebf \u0111\u1ec3 tr\u1edf th\u00e0nh s\u1ef1 k\u1ebft h\u1ee3p ho\u00e0n h\u1ea3o gi\u1eefa h\u00ecnh th\u1ee9c v\u00e0 ch\u1ee9c n\u0103ng, FlexTech Carry Premium \u0111\u01b0\u1ee3c l\u00e0m b\u1eb1ng da PU cao c\u1ea5p ch\u1ed1ng ch\u1ecbu th\u1eddi ti\u1ebft. Thi\u1ebft k\u1ebf g\u1ecdn nh\u1eb9, s\u1ea1ch s\u1ebd n\u00e0y c\u00f3 c\u00e1c chi ti\u1ebft n\u00e2ng cao d\u00e0nh cho ng\u01b0\u1eddi ch\u01a1i golf tinh t\u1ebf.<\/p>\n<h3 class=\"tw-mb-6 tw-block tw-leading-none tw-text-center tw-font-bold\"><strong><span>Mang theo phong c\u00e1ch<\/span><\/strong><\/h3>\n<div class=\"tw-mb-6 tw-text-center\">\n<p>\u0110eo chi\u1ebfc t\u00fai n\u00e0y l\u00ean vai \u0111\u1ec3 c\u00f3 ngay s\u1ef1 tinh t\u1ebf v\u00e0 phong c\u00e1ch. \u0110\u01b0\u1ee3c thi\u1ebft k\u1ebf \u0111\u1ec3 nh\u1ea5n m\u1ea1nh phong c\u00e1ch v\u00e0 ch\u1ee9c n\u0103ng, FlexTech Carry Premium c\u00f3 c\u00e1c chi ti\u1ebft n\u00e2ng cao d\u00e0nh cho ng\u01b0\u1eddi ch\u01a1i golf tinh t\u1ebf. M\u1ecdi chi ti\u1ebft \u0111\u1ec1u \u0111\u01b0\u1ee3c thi\u1ebft k\u1ebf \u0111\u1ec3 c\u1ea3i thi\u1ec7n tr\u1ea3i nghi\u1ec7m \u0111i b\u1ed9.<\/p>\n<h3 class=\"tw-mb-6 tw-block tw-leading-none tw-text-center tw-font-bold\"><strong>Thi\u1ebft k\u1ebf n\u00e2ng cao<\/strong><\/h3>\n<div class=\"tw-mb-6 tw-text-center\">\n<p>\u0110\u01b0\u1ee3c ch\u1ebf t\u00e1c d\u00e0nh cho ng\u01b0\u1eddi ch\u01a1i golf s\u00e0nh \u0111i\u1ec7u, FlexTech Carry Premium \u0111\u01b0\u1ee3c l\u00e0m t\u1eeb da PU cao c\u1ea5p ch\u1ed1ng ch\u1ecbu th\u1eddi ti\u1ebft, tr\u00f4ng b\u00f3ng b\u1ea9y v\u00e0 c\u0169ng ch\u1ecbu \u0111\u01b0\u1ee3c c\u00e1c y\u1ebfu t\u1ed1. N\u00f3 c\u00f3 c\u00e1c \u0111\u01b0\u1eddng n\u00e9t g\u1ecdn g\u00e0ng v\u00e0 c\u00e1c chi ti\u1ebft n\u00e2ng cao to\u00e1t l\u00ean c\u1ea3m gi\u00e1c tinh t\u1ebf v\u00e0 \u0111\u1ed9c quy\u1ec1n.<\/p>\n<h3 class=\"tw-mb-6 tw-block tw-leading-none tw-text-center tw-font-bold\"><strong><span>C\u00f4ng ngh\u1ec7 kh\u00f3a ch\u00e2n<\/span><\/strong><\/h3>\n<div class=\"tw-mb-6 tw-text-center\">\n<p><span>C\u00f4ng ngh\u1ec7 Leg Lock s\u1eed d\u1ee5ng nam ch\u00e2m \u0111\u01b0\u1ee3c b\u1ed1 tr\u00ed chi\u1ebfn l\u01b0\u1ee3c \u0111\u1ec3 \u0111\u1ea3m b\u1ea3o ch\u00e2n t\u00fai c\u1ee7a b\u1ea1n \u0111\u01b0\u1ee3c kh\u00f3a ch\u1eb7t trong khi \u0111i b\u1ed9. Ch\u00fang \u0111\u01b0\u1ee3c \u0111i\u1ec1u ch\u1ec9nh ho\u00e0n h\u1ea3o \u0111\u1ec3 duy tr\u00ec t\u00ednh to\u00e0n v\u1eb9n c\u1ee7a c\u1ea5u tr\u00fac khi \u0111\u01b0\u1ee3c l\u1eafp v\u00e0o, \u0111\u1ed3ng th\u1eddi nh\u1ea3 ra nhanh ch\u00f3ng v\u00e0 d\u1ec5 d\u00e0ng khi b\u1ea1n \u0111\u1eb7t t\u00fai xu\u1ed1ng.<\/span><\/p>\n<p>L\u1edbp v\u1ea3i nhung 3 chi\u1ec1u tr\u00ean t\u00fai FlexTech Premium Carry t\u0103ng th\u00eam \u0111\u1ed9 nh\u1eb9 cho t\u1ed5ng th\u1ec3 c\u1ee7a t\u00fai, \u0111\u1ed3ng th\u1eddi gi\u00fap b\u1ea1n s\u1eafp x\u1ebfp g\u1eady hi\u1ec7u qu\u1ea3. V\u1ea3i nhung m\u1ec1m gi\u00fap b\u1ea3o v\u1ec7 g\u1eady c\u1ee7a b\u1ea1n kh\u1ecfi b\u1ecb h\u01b0 h\u1ea1i.<\/p>\n<\/div>\n<\/div>\n<\/div>","protected":false},"excerpt":{"rendered":"<p>Mang theo tho\u1ea3i m\u00e1i v\u00e0 phong c\u00e1ch. \u0110\u01b0\u1ee3c thi\u1ebft k\u1ebf \u0111\u1ec3 tr\u1edf th\u00e0nh s\u1ef1 k\u1ebft h\u1ee3p ho\u00e0n h\u1ea3o gi\u1eefa h\u00ecnh th\u1ee9c v\u00e0 ch\u1ee9c n\u0103ng, FlexTech Carry Premium \u0111\u01b0\u1ee3c l\u00e0m b\u1eb1ng da PU cao c\u1ea5p ch\u1ed1ng ch\u1ecbu th\u1eddi ti\u1ebft. Thi\u1ebft k\u1ebf g\u1ecdn nh\u1eb9, s\u1ea1ch s\u1ebd n\u00e0y c\u00f3 c\u00e1c chi ti\u1ebft n\u00e2ng cao d\u00e0nh cho ng\u01b0\u1eddi ch\u01a1i [&hellip;]<\/p>","protected":false},"featured_media":17151,"comment_status":"open","ping_status":"closed","template":"","meta":{"_acf_changed":false,"site-sidebar-layout":"default","site-content-layout":"","ast-site-content-layout":"default","site-content-style":"default","site-sidebar-style":"default","ast-global-header-display":"","ast-banner-title-visibility":"","ast-main-header-display":"","ast-hfb-above-header-display":"","ast-hfb-below-header-display":"","ast-hfb-mobile-header-display":"","site-post-title":"","ast-breadcrumbs-content":"","ast-featured-img":"","footer-sml-layout":"","theme-transparent-header-meta":"default","adv-header-id-meta":"","stick-header-meta":"default","header-above-stick-meta":"","header-main-stick-meta":"","header-below-stick-meta":"","astra-migrate-meta-layouts":"set","ast-page-background-enabled":"default","ast-page-background-meta":{"desktop":{"background-color":"","background-image":"","background-repeat":"repeat","background-position":"center center","background-size":"auto","background-attachment":"scroll","background-type":"","background-media":"","overlay-type":"","overlay-color":"","overlay-opacity":"","overlay-gradient":""},"tablet":{"background-color":"","background-image":"","background-repeat":"repeat","background-position":"center center","background-size":"auto","background-attachment":"scroll","background-type":"","background-media":"","overlay-type":"","overlay-color":"","overlay-opacity":"","overlay-gradient":""},"mobile":{"background-color":"","background-image":"","background-repeat":"repeat","background-position":"center center","background-size":"auto","background-attachment":"scroll","background-type":"","background-media":"","overlay-type":"","overlay-color":"","overlay-opacity":"","overlay-gradient":""}},"ast-content-background-meta":{"desktop":{"background-color":"var(--ast-global-color-5)","background-image":"","background-repeat":"repeat","background-position":"center center","background-size":"auto","background-attachment":"scroll","background-type":"","background-media":"","overlay-type":"","overlay-color":"","overlay-opacity":"","overlay-gradient":""},"tablet":{"background-color":"var(--ast-global-color-5)","background-image":"","background-repeat":"repeat","background-position":"center center","background-size":"auto","background-attachment":"scroll","background-type":"","background-media":"","overlay-type":"","overlay-color":"","overlay-opacity":"","overlay-gradient":""},"mobile":{"background-color":"var(--ast-global-color-5)","background-image":"","background-repeat":"repeat","background-position":"center center","background-size":"auto","background-attachment":"scroll","background-type":"","background-media":"","overlay-type":"","overlay-color":"","overlay-opacity":"","overlay-gradient":""}}},"product_brand":[],"product_cat":[253,92],"product_tag":[],"class_list":{"0":"post-17141","1":"product","2":"type-product","3":"status-publish","4":"has-post-thumbnail","6":"product_cat-tui-taylormade","7":"product_cat-tui-gay","8":"desktop-align-center","9":"tablet-align-center","10":"mobile-align-center","11":"ast-product-gallery-layout-first-image-large","12":"ast-product-single-variable","13":"ast-product-tabs-layout-distributed","15":"first","16":"instock","17":"shipping-taxable","18":"purchasable","19":"product-type-variable"},"acf":[],"_links":{"self":[{"href":"https:\/\/taylormade-golf.vn\/en\/wp-json\/wp\/v2\/product\/17141","targetHints":{"allow":["GET"]}}],"collection":[{"href":"https:\/\/taylormade-golf.vn\/en\/wp-json\/wp\/v2\/product"}],"about":[{"href":"https:\/\/taylormade-golf.vn\/en\/wp-json\/wp\/v2\/types\/product"}],"replies":[{"embeddable":true,"href":"https:\/\/taylormade-golf.vn\/en\/wp-json\/wp\/v2\/comments?post=17141"}],"wp:featuredmedia":[{"embeddable":true,"href":"https:\/\/taylormade-golf.vn\/en\/wp-json\/wp\/v2\/media\/17151"}],"wp:attachment":[{"href":"https:\/\/taylormade-golf.vn\/en\/wp-json\/wp\/v2\/media?parent=17141"}],"wp:term":[{"taxonomy":"product_brand","embeddable":true,"href":"https:\/\/taylormade-golf.vn\/en\/wp-json\/wp\/v2\/product_brand?post=17141"},{"taxonomy":"product_cat","embeddable":true,"href":"https:\/\/taylormade-golf.vn\/en\/wp-json\/wp\/v2\/product_cat?post=17141"},{"taxonomy":"product_tag","embeddable":true,"href":"https:\/\/taylormade-golf.vn\/en\/wp-json\/wp\/v2\/product_tag?post=17141"}],"curies":[{"name":"wp","href":"https:\/\/api.w.org\/{rel}","templated":true}]}}