{"id":17127,"date":"2025-05-20T15:31:04","date_gmt":"2025-05-20T08:31:04","guid":{"rendered":"https:\/\/taylormade-golf.vn\/?post_type=product&#038;p=17127"},"modified":"2025-05-20T15:31:05","modified_gmt":"2025-05-20T08:31:05","slug":"boc-dau-gay-fairway-tm25-pro-championship","status":"publish","type":"product","link":"https:\/\/taylormade-golf.vn\/en\/product\/boc-dau-gay-fairway-tm25-pro-championship\/","title":{"rendered":"B\u1ecdc \u0111\u1ea7u g\u1eady Fairway TM25 Pro Championship"},"content":{"rendered":"<h3 class=\"tw-mb-6 tw-block tw-leading-none tw-font-bold\"><strong><span>Phi\u00ean b\u1ea3n gi\u1edbi h\u1ea1n &#8220;Gi\u1ea3i v\u00f4 \u0111\u1ecbch chuy\u00ean nghi\u1ec7p&#8221;<\/span><\/strong><\/h3>\n<div class=\"tw-mb-6\">\n<p><span>B\u1ecdc \u0111\u1ea7u g\u1eady\u00a0 &#8220;Gi\u1ea3i v\u00f4 \u0111\u1ecbch chuy\u00ean nghi\u1ec7p&#8221; k\u1ebf th\u1eeba ch\u1ee7 \u0111\u1ec1 c\u1ee7a t\u00fai \u0111\u1ef1ng g\u1eady phi\u00ean b\u1ea3n gi\u1edbi h\u1ea1n. V\u1edbi v\u01b0\u01a1ng mi\u1ec7n v\u00e0ng, \u0111\u00f4i c\u00e1nh b\u1eb1ng v\u1ea3i b\u00f4ng tr\u1eafng v\u00e0 logo TaylorMade, chi\u1ebfc m\u0169 tr\u00f9m \u0111\u1ea7u n\u00e0y ch\u1eafc ch\u1eafn s\u1ebd thu h\u00fat s\u1ef1 ch\u00fa \u00fd c\u1ee7a m\u1ecdi ng\u01b0\u1eddi!<\/span><\/p>\n<p>N3843201<\/p>\n<\/div>","protected":false},"excerpt":{"rendered":"<p>Phi\u00ean b\u1ea3n gi\u1edbi h\u1ea1n &#8220;Gi\u1ea3i v\u00f4 \u0111\u1ecbch chuy\u00ean nghi\u1ec7p&#8221; B\u1ecdc \u0111\u1ea7u g\u1eady\u00a0 &#8220;Gi\u1ea3i v\u00f4 \u0111\u1ecbch chuy\u00ean nghi\u1ec7p&#8221; k\u1ebf th\u1eeba ch\u1ee7 \u0111\u1ec1 c\u1ee7a t\u00fai \u0111\u1ef1ng g\u1eady phi\u00ean b\u1ea3n gi\u1edbi h\u1ea1n. V\u1edbi v\u01b0\u01a1ng mi\u1ec7n v\u00e0ng, \u0111\u00f4i c\u00e1nh b\u1eb1ng v\u1ea3i b\u00f4ng tr\u1eafng v\u00e0 logo TaylorMade, chi\u1ebfc m\u0169 tr\u00f9m \u0111\u1ea7u n\u00e0y ch\u1eafc ch\u1eafn s\u1ebd thu h\u00fat s\u1ef1 ch\u00fa \u00fd [&hellip;]<\/p>","protected":false},"featured_media":17128,"comment_status":"open","ping_status":"closed","template":"","meta":{"_acf_changed":false,"site-sidebar-layout":"default","site-content-layout":"","ast-site-content-layout":"default","site-content-style":"default","site-sidebar-style":"default","ast-global-header-display":"","ast-banner-title-visibility":"","ast-main-header-display":"","ast-hfb-above-header-display":"","ast-hfb-below-header-display":"","ast-hfb-mobile-header-display":"","site-post-title":"","ast-breadcrumbs-content":"","ast-featured-img":"","footer-sml-layout":"","theme-transparent-header-meta":"default","adv-header-id-meta":"","stick-header-meta":"default","header-above-stick-meta":"","header-main-stick-meta":"","header-below-stick-meta":"","astra-migrate-meta-layouts":"set","ast-page-background-enabled":"default","ast-page-background-meta":{"desktop":{"background-color":"","background-image":"","background-repeat":"repeat","background-position":"center center","background-size":"auto","background-attachment":"scroll","background-type":"","background-media":"","overlay-type":"","overlay-color":"","overlay-opacity":"","overlay-gradient":""},"tablet":{"background-color":"","background-image":"","background-repeat":"repeat","background-position":"center center","background-size":"auto","background-attachment":"scroll","background-type":"","background-media":"","overlay-type":"","overlay-color":"","overlay-opacity":"","overlay-gradient":""},"mobile":{"background-color":"","background-image":"","background-repeat":"repeat","background-position":"center center","background-size":"auto","background-attachment":"scroll","background-type":"","background-media":"","overlay-type":"","overlay-color":"","overlay-opacity":"","overlay-gradient":""}},"ast-content-background-meta":{"desktop":{"background-color":"var(--ast-global-color-5)","background-image":"","background-repeat":"repeat","background-position":"center center","background-size":"auto","background-attachment":"scroll","background-type":"","background-media":"","overlay-type":"","overlay-color":"","overlay-opacity":"","overlay-gradient":""},"tablet":{"background-color":"var(--ast-global-color-5)","background-image":"","background-repeat":"repeat","background-position":"center center","background-size":"auto","background-attachment":"scroll","background-type":"","background-media":"","overlay-type":"","overlay-color":"","overlay-opacity":"","overlay-gradient":""},"mobile":{"background-color":"var(--ast-global-color-5)","background-image":"","background-repeat":"repeat","background-position":"center center","background-size":"auto","background-attachment":"scroll","background-type":"","background-media":"","overlay-type":"","overlay-color":"","overlay-opacity":"","overlay-gradient":""}}},"product_brand":[],"product_cat":[91,97],"product_tag":[],"class_list":{"0":"post-17127","1":"product","2":"type-product","3":"status-publish","4":"has-post-thumbnail","6":"product_cat-phu-kien","7":"product_cat-dau-boc-gay-gon","8":"desktop-align-center","9":"tablet-align-center","10":"mobile-align-center","11":"ast-product-gallery-layout-first-image-large","12":"ast-product-tabs-layout-distributed","14":"first","15":"instock","16":"shipping-taxable","17":"purchasable","18":"product-type-simple"},"acf":[],"_links":{"self":[{"href":"https:\/\/taylormade-golf.vn\/en\/wp-json\/wp\/v2\/product\/17127","targetHints":{"allow":["GET"]}}],"collection":[{"href":"https:\/\/taylormade-golf.vn\/en\/wp-json\/wp\/v2\/product"}],"about":[{"href":"https:\/\/taylormade-golf.vn\/en\/wp-json\/wp\/v2\/types\/product"}],"replies":[{"embeddable":true,"href":"https:\/\/taylormade-golf.vn\/en\/wp-json\/wp\/v2\/comments?post=17127"}],"wp:featuredmedia":[{"embeddable":true,"href":"https:\/\/taylormade-golf.vn\/en\/wp-json\/wp\/v2\/media\/17128"}],"wp:attachment":[{"href":"https:\/\/taylormade-golf.vn\/en\/wp-json\/wp\/v2\/media?parent=17127"}],"wp:term":[{"taxonomy":"product_brand","embeddable":true,"href":"https:\/\/taylormade-golf.vn\/en\/wp-json\/wp\/v2\/product_brand?post=17127"},{"taxonomy":"product_cat","embeddable":true,"href":"https:\/\/taylormade-golf.vn\/en\/wp-json\/wp\/v2\/product_cat?post=17127"},{"taxonomy":"product_tag","embeddable":true,"href":"https:\/\/taylormade-golf.vn\/en\/wp-json\/wp\/v2\/product_tag?post=17127"}],"curies":[{"name":"wp","href":"https:\/\/api.w.org\/{rel}","templated":true}]}}