{"id":17120,"date":"2025-05-20T15:17:14","date_gmt":"2025-05-20T08:17:14","guid":{"rendered":"https:\/\/taylormade-golf.vn\/?post_type=product&#038;p=17120"},"modified":"2025-05-20T15:17:15","modified_gmt":"2025-05-20T08:17:15","slug":"tui-cam-tay-performance-organizer","status":"publish","type":"product","link":"https:\/\/taylormade-golf.vn\/en\/product\/tui-cam-tay-performance-organizer\/","title":{"rendered":"T\u00fai c\u1ea7m tay Performance Organizer"},"content":{"rendered":"<h3 class=\"tw-mb-6 tw-block tw-leading-none md:tw-text-left tw-text-center tw-pl-4 tw-font-bold\"><span>\u0110\u1eb7c tr\u01b0ng<\/span><\/h3>\n<div class=\"tw-mb-6 tw-text-left\">\n<div class=\"col-12 value content\">\n<p><span>TaylorMade Performance Organizer l\u00e0 m\u1ed9t chi\u1ebfc t\u00fai \u0111a n\u0103ng v\u00e0 ti\u1ec7n l\u1ee3i \u0111\u01b0\u1ee3c s\u1eed d\u1ee5ng cho nhi\u1ec1u m\u1ee5c \u0111\u00edch kh\u00e1c nhau. Cho d\u00f9 b\u1ea1n mu\u1ed1n c\u1ea5t gi\u1eef \u0111\u1ed3 d\u00f9ng c\u00e1 nh\u00e2n khi \u0111i du l\u1ecbch hay c\u1ea7n m\u1ed9t gi\u1ea3i ph\u00e1p l\u01b0u tr\u1eef nh\u1ecf g\u1ecdn cho nh\u1eefng v\u1eadt d\u1ee5ng c\u1ea7n thi\u1ebft cho s\u00e2n golf, th\u00ec chi\u1ebfc t\u00fai nh\u1ecf g\u1ecdn n\u00e0y ch\u00ednh l\u00e0 s\u1ef1 l\u1ef1a ch\u1ecdn ho\u00e0n h\u1ea3o.<\/span><\/p>\n<p><span>\u0110\u01b0\u1ee3c ch\u1ebf t\u00e1c t\u1eeb v\u1eadt li\u1ec7u b\u1ec1n, s\u1ea3n ph\u1ea9m c\u00f3 ng\u0103n ch\u00ednh r\u1ed9ng r\u00e3i c\u00f3 th\u1ec3 \u0111\u1ef1ng nhi\u1ec1u lo\u1ea1i v\u1eadt d\u1ee5ng, bao g\u1ed3m b\u00f3ng golf, tee, g\u0103ng tay, v.v. T\u00fai \u0111\u01b0\u1ee3c thi\u1ebft k\u1ebf v\u1edbi quai x\u00e1ch b\u1ec1n, gi\u00fap b\u1ea1n d\u1ec5 d\u00e0ng mang theo m\u1ecdi l\u00fac m\u1ecdi n\u01a1i. Thi\u1ebft k\u1ebf m\u00e0u \u0111en b\u00f3ng b\u1ea9y v\u1edbi logo TaylorMade t\u1ea1o th\u00eam n\u00e9t phong c\u00e1ch. Cho d\u00f9 b\u1ea1n \u0111ang t\u00ecm ki\u1ebfm gi\u1ea3i ph\u00e1p l\u01b0u tr\u1eef ti\u1ec7n l\u1ee3i cho c\u00e1c v\u1eadt d\u1ee5ng c\u1ea7n thi\u1ebft ch\u01a1i golf hay c\u1ea7n m\u1ed9t chi\u1ebfc t\u00fai nh\u1ecf g\u1ecdn \u0111\u1ec3 \u0111\u1ef1ng c\u00e1c v\u1eadt d\u1ee5ng c\u00e1 nh\u00e2n khi \u0111i du l\u1ecbch, TaylorMade Performance Organizer ch\u00ednh l\u00e0 s\u1ef1 l\u1ef1a ch\u1ecdn ho\u00e0n h\u1ea3o.<\/span><\/p>\n<ul>\n<li><span>Kh\u00f3a k\u00e9o<\/span><\/li>\n<li><span>Tay c\u1ea7m mang theo<\/span><\/li>\n<li><span>Ch\u1ea5t li\u1ec7u pha tr\u1ed9n Cotton<\/span><\/li>\n<li><span>D\u00e0i 9\u201d x R\u1ed9ng 6\u201d x S\u00e2u 3,5\u201d<\/span><\/li>\n<li>N8949401<\/li>\n<\/ul>\n<\/div>\n<\/div>","protected":false},"excerpt":{"rendered":"<p>\u0110\u1eb7c tr\u01b0ng TaylorMade Performance Organizer l\u00e0 m\u1ed9t chi\u1ebfc t\u00fai \u0111a n\u0103ng v\u00e0 ti\u1ec7n l\u1ee3i \u0111\u01b0\u1ee3c s\u1eed d\u1ee5ng cho nhi\u1ec1u m\u1ee5c \u0111\u00edch kh\u00e1c nhau. Cho d\u00f9 b\u1ea1n mu\u1ed1n c\u1ea5t gi\u1eef \u0111\u1ed3 d\u00f9ng c\u00e1 nh\u00e2n khi \u0111i du l\u1ecbch hay c\u1ea7n m\u1ed9t gi\u1ea3i ph\u00e1p l\u01b0u tr\u1eef nh\u1ecf g\u1ecdn cho nh\u1eefng v\u1eadt d\u1ee5ng c\u1ea7n thi\u1ebft cho s\u00e2n golf, [&hellip;]<\/p>","protected":false},"featured_media":17121,"comment_status":"open","ping_status":"closed","template":"","meta":{"_acf_changed":false,"site-sidebar-layout":"default","site-content-layout":"","ast-site-content-layout":"default","site-content-style":"default","site-sidebar-style":"default","ast-global-header-display":"","ast-banner-title-visibility":"","ast-main-header-display":"","ast-hfb-above-header-display":"","ast-hfb-below-header-display":"","ast-hfb-mobile-header-display":"","site-post-title":"","ast-breadcrumbs-content":"","ast-featured-img":"","footer-sml-layout":"","theme-transparent-header-meta":"default","adv-header-id-meta":"","stick-header-meta":"default","header-above-stick-meta":"","header-main-stick-meta":"","header-below-stick-meta":"","astra-migrate-meta-layouts":"set","ast-page-background-enabled":"default","ast-page-background-meta":{"desktop":{"background-color":"","background-image":"","background-repeat":"repeat","background-position":"center center","background-size":"auto","background-attachment":"scroll","background-type":"","background-media":"","overlay-type":"","overlay-color":"","overlay-opacity":"","overlay-gradient":""},"tablet":{"background-color":"","background-image":"","background-repeat":"repeat","background-position":"center center","background-size":"auto","background-attachment":"scroll","background-type":"","background-media":"","overlay-type":"","overlay-color":"","overlay-opacity":"","overlay-gradient":""},"mobile":{"background-color":"","background-image":"","background-repeat":"repeat","background-position":"center center","background-size":"auto","background-attachment":"scroll","background-type":"","background-media":"","overlay-type":"","overlay-color":"","overlay-opacity":"","overlay-gradient":""}},"ast-content-background-meta":{"desktop":{"background-color":"var(--ast-global-color-5)","background-image":"","background-repeat":"repeat","background-position":"center center","background-size":"auto","background-attachment":"scroll","background-type":"","background-media":"","overlay-type":"","overlay-color":"","overlay-opacity":"","overlay-gradient":""},"tablet":{"background-color":"var(--ast-global-color-5)","background-image":"","background-repeat":"repeat","background-position":"center center","background-size":"auto","background-attachment":"scroll","background-type":"","background-media":"","overlay-type":"","overlay-color":"","overlay-opacity":"","overlay-gradient":""},"mobile":{"background-color":"var(--ast-global-color-5)","background-image":"","background-repeat":"repeat","background-position":"center center","background-size":"auto","background-attachment":"scroll","background-type":"","background-media":"","overlay-type":"","overlay-color":"","overlay-opacity":"","overlay-gradient":""}}},"product_brand":[],"product_cat":[253,266],"product_tag":[],"class_list":{"0":"post-17120","1":"product","2":"type-product","3":"status-publish","4":"has-post-thumbnail","6":"product_cat-tui-taylormade","7":"product_cat-tui-cam-tay","8":"desktop-align-center","9":"tablet-align-center","10":"mobile-align-center","11":"ast-product-gallery-layout-first-image-large","12":"ast-product-tabs-layout-distributed","14":"first","15":"instock","16":"shipping-taxable","17":"purchasable","18":"product-type-simple"},"acf":[],"_links":{"self":[{"href":"https:\/\/taylormade-golf.vn\/en\/wp-json\/wp\/v2\/product\/17120","targetHints":{"allow":["GET"]}}],"collection":[{"href":"https:\/\/taylormade-golf.vn\/en\/wp-json\/wp\/v2\/product"}],"about":[{"href":"https:\/\/taylormade-golf.vn\/en\/wp-json\/wp\/v2\/types\/product"}],"replies":[{"embeddable":true,"href":"https:\/\/taylormade-golf.vn\/en\/wp-json\/wp\/v2\/comments?post=17120"}],"wp:featuredmedia":[{"embeddable":true,"href":"https:\/\/taylormade-golf.vn\/en\/wp-json\/wp\/v2\/media\/17121"}],"wp:attachment":[{"href":"https:\/\/taylormade-golf.vn\/en\/wp-json\/wp\/v2\/media?parent=17120"}],"wp:term":[{"taxonomy":"product_brand","embeddable":true,"href":"https:\/\/taylormade-golf.vn\/en\/wp-json\/wp\/v2\/product_brand?post=17120"},{"taxonomy":"product_cat","embeddable":true,"href":"https:\/\/taylormade-golf.vn\/en\/wp-json\/wp\/v2\/product_cat?post=17120"},{"taxonomy":"product_tag","embeddable":true,"href":"https:\/\/taylormade-golf.vn\/en\/wp-json\/wp\/v2\/product_tag?post=17120"}],"curies":[{"name":"wp","href":"https:\/\/api.w.org\/{rel}","templated":true}]}}