{"id":17111,"date":"2025-05-20T14:58:16","date_gmt":"2025-05-20T07:58:16","guid":{"rendered":"https:\/\/taylormade-golf.vn\/?post_type=product&#038;p=17111"},"modified":"2025-05-20T15:01:38","modified_gmt":"2025-05-20T08:01:38","slug":"tui-dung-gay-tm25-pro-championship","status":"publish","type":"product","link":"https:\/\/taylormade-golf.vn\/en\/product\/tui-dung-gay-tm25-pro-championship\/","title":{"rendered":"T\u00fai \u0111\u1ef1ng g\u1eady TM25 Pro Championship"},"content":{"rendered":"<h3 class=\"tw-mb-6 tw-block tw-leading-none tw-font-bold\"><strong>T\u00fai \u0111\u1ef1ng g\u1eady &#8220;The Professional Championship&#8221; phi\u00ean b\u1ea3n gi\u1edbi h\u1ea1n<\/strong><\/h3>\n<div class=\"tw-mb-6\">\n<p>Th\u00e0nh ph\u1ed1 Queen n\u1ed5i ti\u1ebfng v\u1edbi n\u1ec1n v\u0103n h\u00f3a s\u00f4i \u0111\u1ed9ng b\u1eaft ngu\u1ed3n t\u1eeb th\u1ec3 thao v\u00e0 truy\u1ec1n th\u1ed1ng. T\u00fai \u0111\u1ef1ng g\u1eady c\u1ee7a m\u00f9a gi\u1ea3i n\u0103m nay \u0111\u01b0\u1ee3c l\u00e0m b\u1eb1ng v\u1eadt li\u1ec7u, thi\u1ebft k\u1ebf v\u00e0 tay ngh\u1ec1 th\u1ee7 c\u00f4ng cao c\u1ea5p ph\u00f9 h\u1ee3p v\u1edbi th\u00e0nh ph\u1ed1 ch\u1ee7 nh\u00e0 Charlotte.<\/p>\n<h3 class=\"tw-mb-6 tw-block tw-leading-none tw-font-bold\"><strong>L\u1ecbch s\u1eed th\u1ec3 thao v\u00e0 truy\u1ec1n th\u1ed1ng mi\u1ec1n Nam<\/strong><\/h3>\n<div class=\"tw-mb-6\">\n<p>T\u1eeb \u0111ua xe \u00f4 t\u00f4 \u0111\u1ebfn b\u00f3ng r\u1ed5 chuy\u00ean nghi\u1ec7p cho \u0111\u1ebfn truy\u1ec1n th\u1ed1ng mi\u1ec1n Nam, t\u00fai \u0111\u1ef1ng \u0111\u1ed3 d\u00e0nh cho nh\u00e2n vi\u00ean phi\u00ean b\u1ea3n gi\u1edbi h\u1ea1n \u0111\u01b0\u1ee3c l\u1ea5y c\u1ea3m h\u1ee9ng t\u1eeb n\u1ec1n v\u0103n h\u00f3a phong ph\u00fa v\u00e0 mang t\u00ednh bi\u1ec3u t\u01b0\u1ee3ng c\u1ee7a th\u00e0nh ph\u1ed1 ch\u1ee7 nh\u00e0 Charlotte, B\u1eafc Carolina. B\u00ean ngo\u00e0i \u0111\u01b0\u1ee3c trang tr\u00ed b\u1eb1ng l\u00f4ng chim c\u00fat, v\u01b0\u01a1ng mi\u1ec7n v\u00e0 logo TaylorMade, trong khi l\u1edbp l\u00f3t b\u00ean trong c\u00f3 h\u1ecda ti\u1ebft g\u1ee3i nh\u1edb \u0111\u1ebfn l\u00e1 c\u1edd ca r\u00f4 tung bay \u1edf v\u1ea1ch \u0111\u00edch c\u1ee7a m\u1ed9t cu\u1ed9c \u0111ua.<\/p>\n<h3 class=\"tw-mb-6 tw-block tw-leading-none tw-font-bold\"><strong>C\u1ea3m h\u1ee9ng<\/strong><\/h3>\n<div class=\"tw-mb-6\">\n<p>Charlotte c\u00f3 l\u1ecbch s\u1eed l\u00e2u d\u00e0i v\u1ec1 th\u1ec3 thao. M\u00e0u s\u1eafc ch\u1ee7 \u0111\u1ea1o c\u1ee7a t\u00fai \u0111\u1ef1ng l\u00e0 xanh n\u01b0\u1edbc bi\u1ec3n, v\u00e0ng v\u00e0 tr\u1eafng, nh\u1eb1m t\u00f4n vinh \u0111\u01a1n v\u1ecb t\u1ed5 ch\u1ee9c. Thi\u1ebft k\u1ebf bao g\u1ed3m nhi\u1ec1u chi ti\u1ebft li\u00ean quan \u0111\u1ebfn \u0111\u1ecba \u0111i\u1ec3m t\u1ed5 ch\u1ee9c, ch\u1eb3ng h\u1ea1n nh\u01b0 l\u00f4ng chim c\u00fat v\u00e0 ong b\u1eafp c\u00e0y.<\/p>\n<p>N\u01b0\u1edbc s\u1ea3n xu\u1ea5t: TRUNG QU\u1ed0C<br \/>\nK\u00edch th\u01b0\u1edbc: Lo\u1ea1i 10,5 5,0kg t\u01b0\u01a1ng th\u00edch 47 inch<br \/>\nMaterial: Synthetic leather<br \/>\nT\u00fai \u0111\u1ef1ng gi\u00e0y T\u00fai \u0111\u1ef1ng \u0111\u1ed3 c\u00f3 gi\u00e1 tr\u1ecb D\u00e2y \u0111eo vai ba \u0111i\u1ec3m<br \/>\n*\u1ea2nh ch\u1ec9 mang t\u00ednh ch\u1ea5t minh h\u1ecda. M\u00e0u s\u1eafc c\u1ee7a s\u1ea3n ph\u1ea9m th\u1ef1c t\u1ebf c\u00f3 th\u1ec3 kh\u00e1c nhau t\u00f9y thu\u1ed9c v\u00e0o c\u00e0i \u0111\u1eb7t m\u00e0n h\u00ecnh v\u00e0 \u00e1nh s\u00e1ng ph\u00f2ng.<\/p>\n<p>N3846201<\/p>\n<\/div>\n<\/div>\n<\/div>","protected":false},"excerpt":{"rendered":"<p>T\u00fai \u0111\u1ef1ng g\u1eady &#8220;The Professional Championship&#8221; phi\u00ean b\u1ea3n gi\u1edbi h\u1ea1n Th\u00e0nh ph\u1ed1 Queen n\u1ed5i ti\u1ebfng v\u1edbi n\u1ec1n v\u0103n h\u00f3a s\u00f4i \u0111\u1ed9ng b\u1eaft ngu\u1ed3n t\u1eeb th\u1ec3 thao v\u00e0 truy\u1ec1n th\u1ed1ng. T\u00fai \u0111\u1ef1ng g\u1eady c\u1ee7a m\u00f9a gi\u1ea3i n\u0103m nay \u0111\u01b0\u1ee3c l\u00e0m b\u1eb1ng v\u1eadt li\u1ec7u, thi\u1ebft k\u1ebf v\u00e0 tay ngh\u1ec1 th\u1ee7 c\u00f4ng cao c\u1ea5p ph\u00f9 h\u1ee3p v\u1edbi th\u00e0nh [&hellip;]<\/p>","protected":false},"featured_media":17112,"comment_status":"open","ping_status":"closed","template":"","meta":{"_acf_changed":false,"site-sidebar-layout":"default","site-content-layout":"","ast-site-content-layout":"default","site-content-style":"default","site-sidebar-style":"default","ast-global-header-display":"","ast-banner-title-visibility":"","ast-main-header-display":"","ast-hfb-above-header-display":"","ast-hfb-below-header-display":"","ast-hfb-mobile-header-display":"","site-post-title":"","ast-breadcrumbs-content":"","ast-featured-img":"","footer-sml-layout":"","theme-transparent-header-meta":"default","adv-header-id-meta":"","stick-header-meta":"default","header-above-stick-meta":"","header-main-stick-meta":"","header-below-stick-meta":"","astra-migrate-meta-layouts":"set","ast-page-background-enabled":"default","ast-page-background-meta":{"desktop":{"background-color":"","background-image":"","background-repeat":"repeat","background-position":"center center","background-size":"auto","background-attachment":"scroll","background-type":"","background-media":"","overlay-type":"","overlay-color":"","overlay-opacity":"","overlay-gradient":""},"tablet":{"background-color":"","background-image":"","background-repeat":"repeat","background-position":"center center","background-size":"auto","background-attachment":"scroll","background-type":"","background-media":"","overlay-type":"","overlay-color":"","overlay-opacity":"","overlay-gradient":""},"mobile":{"background-color":"","background-image":"","background-repeat":"repeat","background-position":"center center","background-size":"auto","background-attachment":"scroll","background-type":"","background-media":"","overlay-type":"","overlay-color":"","overlay-opacity":"","overlay-gradient":""}},"ast-content-background-meta":{"desktop":{"background-color":"var(--ast-global-color-5)","background-image":"","background-repeat":"repeat","background-position":"center center","background-size":"auto","background-attachment":"scroll","background-type":"","background-media":"","overlay-type":"","overlay-color":"","overlay-opacity":"","overlay-gradient":""},"tablet":{"background-color":"var(--ast-global-color-5)","background-image":"","background-repeat":"repeat","background-position":"center center","background-size":"auto","background-attachment":"scroll","background-type":"","background-media":"","overlay-type":"","overlay-color":"","overlay-opacity":"","overlay-gradient":""},"mobile":{"background-color":"var(--ast-global-color-5)","background-image":"","background-repeat":"repeat","background-position":"center center","background-size":"auto","background-attachment":"scroll","background-type":"","background-media":"","overlay-type":"","overlay-color":"","overlay-opacity":"","overlay-gradient":""}}},"product_brand":[],"product_cat":[253,92],"product_tag":[],"class_list":{"0":"post-17111","1":"product","2":"type-product","3":"status-publish","4":"has-post-thumbnail","6":"product_cat-tui-taylormade","7":"product_cat-tui-gay","8":"desktop-align-center","9":"tablet-align-center","10":"mobile-align-center","11":"ast-product-gallery-layout-first-image-large","12":"ast-product-tabs-layout-distributed","14":"first","15":"instock","16":"shipping-taxable","17":"purchasable","18":"product-type-simple"},"acf":[],"_links":{"self":[{"href":"https:\/\/taylormade-golf.vn\/en\/wp-json\/wp\/v2\/product\/17111","targetHints":{"allow":["GET"]}}],"collection":[{"href":"https:\/\/taylormade-golf.vn\/en\/wp-json\/wp\/v2\/product"}],"about":[{"href":"https:\/\/taylormade-golf.vn\/en\/wp-json\/wp\/v2\/types\/product"}],"replies":[{"embeddable":true,"href":"https:\/\/taylormade-golf.vn\/en\/wp-json\/wp\/v2\/comments?post=17111"}],"wp:featuredmedia":[{"embeddable":true,"href":"https:\/\/taylormade-golf.vn\/en\/wp-json\/wp\/v2\/media\/17112"}],"wp:attachment":[{"href":"https:\/\/taylormade-golf.vn\/en\/wp-json\/wp\/v2\/media?parent=17111"}],"wp:term":[{"taxonomy":"product_brand","embeddable":true,"href":"https:\/\/taylormade-golf.vn\/en\/wp-json\/wp\/v2\/product_brand?post=17111"},{"taxonomy":"product_cat","embeddable":true,"href":"https:\/\/taylormade-golf.vn\/en\/wp-json\/wp\/v2\/product_cat?post=17111"},{"taxonomy":"product_tag","embeddable":true,"href":"https:\/\/taylormade-golf.vn\/en\/wp-json\/wp\/v2\/product_tag?post=17111"}],"curies":[{"name":"wp","href":"https:\/\/api.w.org\/{rel}","templated":true}]}}