{"id":17103,"date":"2025-05-20T14:51:41","date_gmt":"2025-05-20T07:51:41","guid":{"rendered":"https:\/\/taylormade-golf.vn\/?post_type=product&#038;p=17103"},"modified":"2025-05-20T14:51:43","modified_gmt":"2025-05-20T07:51:43","slug":"tui-gay-tm25-season-opener","status":"publish","type":"product","link":"https:\/\/taylormade-golf.vn\/en\/product\/tui-gay-tm25-season-opener\/","title":{"rendered":"T\u00fai g\u1eady TM25 Season Opener"},"content":{"rendered":"<h3 class=\"tw-mb-6 tw-block tw-leading-none tw-text-center tw-font-bold\"><strong><span>T\u00fai \u0111\u1ef1ng \u0111\u1ed3 d\u00f9ng c\u00e1 nh\u00e2n phi\u00ean b\u1ea3n gi\u1edbi h\u1ea1n &#8220;Season Opener Collection&#8221;<\/span><\/strong><\/h3>\n<div class=\"tw-mb-6 tw-text-center\">\n<p>M\u1ed9t truy\u1ec1n th\u1ed1ng l\u00e2u \u0111\u1eddi x\u1ee9ng \u0111\u00e1ng c\u00f3 m\u1ed9t chi\u1ebfc t\u00fai \u0111\u1ef1ng \u0111\u1ed3 ngh\u1ec1 ph\u00f9 h\u1ee3p. \u0110\u1ec3 ch\u00e0o m\u1eebng gi\u1ea3i \u0111\u1ea5u l\u1edbn \u0111\u1ea7u ti\u00ean, m\u1ed9t chi\u1ebfc t\u00fai \u0111\u1ef1ng \u0111\u1ed3 d\u00e0nh cho nh\u00e2n vi\u00ean phi\u00ean b\u1ea3n gi\u1edbi h\u1ea1n \u0111\u00e3 \u0111\u01b0\u1ee3c ph\u00e1t h\u00e0nh<\/p>\n<h3 class=\"tw-mb-6 tw-block tw-leading-none tw-text-center tw-font-bold\">C\u1ea3m h\u1ee9ng thi\u1ebft k\u1ebf<\/h3>\n<div class=\"tw-mb-6 tw-text-center\">\n<p>M\u1ed9t chi\u1ebfc t\u00fai \u0111\u1ef1ng g\u1eady phi\u00ean b\u1ea3n gi\u1edbi h\u1ea1n \u0111\u01b0\u1ee3c l\u00e0m t\u1eeb v\u1eadt li\u1ec7u cao c\u1ea5p v\u00e0 b\u1edfi nh\u1eefng ng\u01b0\u1eddi th\u1ee3 th\u1ee7 c\u00f4ng l\u00e0nh ngh\u1ec1. Thi\u1ebft k\u1ebf thanh l\u1ecbch l\u1ea5y c\u1ea3m h\u1ee9ng t\u1eeb m\u00e0u xanh ng\u1ecdc l\u1ee5c b\u1ea3o v\u00e0 tr\u1eafng v\u1edbi \u0111i\u1ec3m nh\u1ea5n m\u00e0u v\u00e0ng \u1edf kh\u1eafp n\u01a1i.<\/p>\n<h3 class=\"tw-mb-6 tw-block tw-leading-none tw-text-center tw-font-bold\"><span>M\u1ed9t \u0111\u1ecba \u0111i\u1ec3m n\u1ed5i ti\u1ebfng cho \u0111\u00e0o<\/span><\/h3>\n<div class=\"tw-mb-6 tw-text-center\">\n<p><span>B\u00ean ngo\u00e0i c\u00f3 h\u1ecda ti\u1ebft hoa r\u1ef1c r\u1ee1 v\u00e0 logo TaylorMade v\u1edbi ph\u00f4ng ch\u1eef l\u1ea5y c\u1ea3m h\u1ee9ng t\u1eeb gi\u1ea3i \u0111\u1ea5u. T\u00fai \u0111\u1ef1ng \u0111\u1ed3 c\u00f3 gi\u00e1 tr\u1ecb \u0111\u01b0\u1ee3c in h\u00ecnh qu\u1ea3 \u0111\u00e0o, bi\u1ec3u t\u01b0\u1ee3ng c\u1ee7a ti\u1ec3u bang Georgia.<\/span><\/p>\n<p><span>N\u01b0\u1edbc s\u1ea3n xu\u1ea5t: TRUNG QU\u1ed0C<\/span><br \/>\n<span>K\u00edch th\u01b0\u1edbc: 10,5 inch 5,0kg t\u01b0\u01a1ng th\u00edch 47 inch<\/span><br \/>\n<span>Material: Synthetic leather<\/span><br \/>\n<span>T\u00fai \u0111\u1ef1ng gi\u00e0y T\u00fai \u0111\u1ef1ng \u0111\u1ed3 c\u00f3 gi\u00e1 tr\u1ecb D\u00e2y \u0111eo vai ba \u0111i\u1ec3m<\/span><br \/>\n<span>*\u1ea2nh ch\u1ec9 mang t\u00ednh ch\u1ea5t minh h\u1ecda. M\u00e0u s\u1eafc c\u1ee7a s\u1ea3n ph\u1ea9m th\u1ef1c t\u1ebf c\u00f3 th\u1ec3 kh\u00e1c nhau t\u00f9y thu\u1ed9c v\u00e0o c\u00e0i \u0111\u1eb7t m\u00e0n h\u00ecnh v\u00e0 \u00e1nh s\u00e1ng ph\u00f2ng.<\/span><\/p>\n<p>N3846501<\/p>\n<\/div>\n<\/div>\n<\/div>","protected":false},"excerpt":{"rendered":"<p>T\u00fai \u0111\u1ef1ng \u0111\u1ed3 d\u00f9ng c\u00e1 nh\u00e2n phi\u00ean b\u1ea3n gi\u1edbi h\u1ea1n &#8220;Season Opener Collection&#8221; M\u1ed9t truy\u1ec1n th\u1ed1ng l\u00e2u \u0111\u1eddi x\u1ee9ng \u0111\u00e1ng c\u00f3 m\u1ed9t chi\u1ebfc t\u00fai \u0111\u1ef1ng \u0111\u1ed3 ngh\u1ec1 ph\u00f9 h\u1ee3p. \u0110\u1ec3 ch\u00e0o m\u1eebng gi\u1ea3i \u0111\u1ea5u l\u1edbn \u0111\u1ea7u ti\u00ean, m\u1ed9t chi\u1ebfc t\u00fai \u0111\u1ef1ng \u0111\u1ed3 d\u00e0nh cho nh\u00e2n vi\u00ean phi\u00ean b\u1ea3n gi\u1edbi h\u1ea1n \u0111\u00e3 \u0111\u01b0\u1ee3c ph\u00e1t h\u00e0nh C\u1ea3m [&hellip;]<\/p>","protected":false},"featured_media":17105,"comment_status":"open","ping_status":"closed","template":"","meta":{"_acf_changed":false,"site-sidebar-layout":"default","site-content-layout":"","ast-site-content-layout":"default","site-content-style":"default","site-sidebar-style":"default","ast-global-header-display":"","ast-banner-title-visibility":"","ast-main-header-display":"","ast-hfb-above-header-display":"","ast-hfb-below-header-display":"","ast-hfb-mobile-header-display":"","site-post-title":"","ast-breadcrumbs-content":"","ast-featured-img":"","footer-sml-layout":"","theme-transparent-header-meta":"default","adv-header-id-meta":"","stick-header-meta":"default","header-above-stick-meta":"","header-main-stick-meta":"","header-below-stick-meta":"","astra-migrate-meta-layouts":"set","ast-page-background-enabled":"default","ast-page-background-meta":{"desktop":{"background-color":"","background-image":"","background-repeat":"repeat","background-position":"center center","background-size":"auto","background-attachment":"scroll","background-type":"","background-media":"","overlay-type":"","overlay-color":"","overlay-opacity":"","overlay-gradient":""},"tablet":{"background-color":"","background-image":"","background-repeat":"repeat","background-position":"center center","background-size":"auto","background-attachment":"scroll","background-type":"","background-media":"","overlay-type":"","overlay-color":"","overlay-opacity":"","overlay-gradient":""},"mobile":{"background-color":"","background-image":"","background-repeat":"repeat","background-position":"center center","background-size":"auto","background-attachment":"scroll","background-type":"","background-media":"","overlay-type":"","overlay-color":"","overlay-opacity":"","overlay-gradient":""}},"ast-content-background-meta":{"desktop":{"background-color":"var(--ast-global-color-5)","background-image":"","background-repeat":"repeat","background-position":"center center","background-size":"auto","background-attachment":"scroll","background-type":"","background-media":"","overlay-type":"","overlay-color":"","overlay-opacity":"","overlay-gradient":""},"tablet":{"background-color":"var(--ast-global-color-5)","background-image":"","background-repeat":"repeat","background-position":"center center","background-size":"auto","background-attachment":"scroll","background-type":"","background-media":"","overlay-type":"","overlay-color":"","overlay-opacity":"","overlay-gradient":""},"mobile":{"background-color":"var(--ast-global-color-5)","background-image":"","background-repeat":"repeat","background-position":"center center","background-size":"auto","background-attachment":"scroll","background-type":"","background-media":"","overlay-type":"","overlay-color":"","overlay-opacity":"","overlay-gradient":""}}},"product_brand":[],"product_cat":[253,92],"product_tag":[],"class_list":{"0":"post-17103","1":"product","2":"type-product","3":"status-publish","4":"has-post-thumbnail","6":"product_cat-tui-taylormade","7":"product_cat-tui-gay","8":"desktop-align-center","9":"tablet-align-center","10":"mobile-align-center","11":"ast-product-gallery-layout-first-image-large","12":"ast-product-tabs-layout-distributed","14":"first","15":"instock","16":"shipping-taxable","17":"purchasable","18":"product-type-simple"},"acf":[],"_links":{"self":[{"href":"https:\/\/taylormade-golf.vn\/en\/wp-json\/wp\/v2\/product\/17103","targetHints":{"allow":["GET"]}}],"collection":[{"href":"https:\/\/taylormade-golf.vn\/en\/wp-json\/wp\/v2\/product"}],"about":[{"href":"https:\/\/taylormade-golf.vn\/en\/wp-json\/wp\/v2\/types\/product"}],"replies":[{"embeddable":true,"href":"https:\/\/taylormade-golf.vn\/en\/wp-json\/wp\/v2\/comments?post=17103"}],"wp:featuredmedia":[{"embeddable":true,"href":"https:\/\/taylormade-golf.vn\/en\/wp-json\/wp\/v2\/media\/17105"}],"wp:attachment":[{"href":"https:\/\/taylormade-golf.vn\/en\/wp-json\/wp\/v2\/media?parent=17103"}],"wp:term":[{"taxonomy":"product_brand","embeddable":true,"href":"https:\/\/taylormade-golf.vn\/en\/wp-json\/wp\/v2\/product_brand?post=17103"},{"taxonomy":"product_cat","embeddable":true,"href":"https:\/\/taylormade-golf.vn\/en\/wp-json\/wp\/v2\/product_cat?post=17103"},{"taxonomy":"product_tag","embeddable":true,"href":"https:\/\/taylormade-golf.vn\/en\/wp-json\/wp\/v2\/product_tag?post=17103"}],"curies":[{"name":"wp","href":"https:\/\/api.w.org\/{rel}","templated":true}]}}