{"id":17080,"date":"2025-05-20T14:14:46","date_gmt":"2025-05-20T07:14:46","guid":{"rendered":"https:\/\/taylormade-golf.vn\/?post_type=product&#038;p=17080"},"modified":"2025-05-20T14:16:54","modified_gmt":"2025-05-20T07:16:54","slug":"boc-dau-gay-driver-tm25-season-operation","status":"publish","type":"product","link":"https:\/\/taylormade-golf.vn\/en\/product\/boc-dau-gay-driver-tm25-season-operation\/","title":{"rendered":"B\u1ecdc \u0111\u1ea7u g\u1eady Driver TM25 Season Operation"},"content":{"rendered":"<h3 class=\"tw-mb-6 tw-block tw-leading-none tw-text-center tw-font-bold\"><strong>Phi\u00ean b\u1ea3n gi\u1edbi h\u1ea1n &#8220;Season Opener Collection&#8221;<\/strong><\/h3>\n<div class=\"tw-mb-6 tw-text-center\">\n<p>\u0110\u1ec3 t\u00f4n vinh \u0111\u1ecba \u0111i\u1ec3m t\u1ed5 ch\u1ee9c m\u1ed9t gi\u1ea3i \u0111\u1ea5u l\u1edbn, kh\u0103n tr\u00f9m \u0111\u1ea7u phi\u00ean b\u1ea3n gi\u1edbi h\u1ea1n c\u00f3 h\u1ecda ti\u1ebft nh\u1eefng b\u00f4ng hoa m\u00e0u h\u1ed3ng, tr\u1eafng, xanh l\u00e1 c\u00e2y v\u00e0 v\u00e0ng r\u1ef1c r\u1ee1 b\u00e1o hi\u1ec7u m\u00f9a xu\u00e2n s\u1eafp \u0111\u1ebfn.<\/p>\n<\/div>","protected":false},"excerpt":{"rendered":"<p>Phi\u00ean b\u1ea3n gi\u1edbi h\u1ea1n &#8220;Season Opener Collection&#8221; \u0110\u1ec3 t\u00f4n vinh \u0111\u1ecba \u0111i\u1ec3m t\u1ed5 ch\u1ee9c m\u1ed9t gi\u1ea3i \u0111\u1ea5u l\u1edbn, kh\u0103n tr\u00f9m \u0111\u1ea7u phi\u00ean b\u1ea3n gi\u1edbi h\u1ea1n c\u00f3 h\u1ecda ti\u1ebft nh\u1eefng b\u00f4ng hoa m\u00e0u h\u1ed3ng, tr\u1eafng, xanh l\u00e1 c\u00e2y v\u00e0 v\u00e0ng r\u1ef1c r\u1ee1 b\u00e1o hi\u1ec7u m\u00f9a xu\u00e2n s\u1eafp \u0111\u1ebfn.<\/p>","protected":false},"featured_media":16978,"comment_status":"open","ping_status":"closed","template":"","meta":{"_acf_changed":false,"site-sidebar-layout":"default","site-content-layout":"","ast-site-content-layout":"default","site-content-style":"default","site-sidebar-style":"default","ast-global-header-display":"","ast-banner-title-visibility":"","ast-main-header-display":"","ast-hfb-above-header-display":"","ast-hfb-below-header-display":"","ast-hfb-mobile-header-display":"","site-post-title":"","ast-breadcrumbs-content":"","ast-featured-img":"","footer-sml-layout":"","theme-transparent-header-meta":"default","adv-header-id-meta":"","stick-header-meta":"default","header-above-stick-meta":"","header-main-stick-meta":"","header-below-stick-meta":"","astra-migrate-meta-layouts":"set","ast-page-background-enabled":"default","ast-page-background-meta":{"desktop":{"background-color":"","background-image":"","background-repeat":"repeat","background-position":"center center","background-size":"auto","background-attachment":"scroll","background-type":"","background-media":"","overlay-type":"","overlay-color":"","overlay-opacity":"","overlay-gradient":""},"tablet":{"background-color":"","background-image":"","background-repeat":"repeat","background-position":"center center","background-size":"auto","background-attachment":"scroll","background-type":"","background-media":"","overlay-type":"","overlay-color":"","overlay-opacity":"","overlay-gradient":""},"mobile":{"background-color":"","background-image":"","background-repeat":"repeat","background-position":"center center","background-size":"auto","background-attachment":"scroll","background-type":"","background-media":"","overlay-type":"","overlay-color":"","overlay-opacity":"","overlay-gradient":""}},"ast-content-background-meta":{"desktop":{"background-color":"var(--ast-global-color-5)","background-image":"","background-repeat":"repeat","background-position":"center center","background-size":"auto","background-attachment":"scroll","background-type":"","background-media":"","overlay-type":"","overlay-color":"","overlay-opacity":"","overlay-gradient":""},"tablet":{"background-color":"var(--ast-global-color-5)","background-image":"","background-repeat":"repeat","background-position":"center center","background-size":"auto","background-attachment":"scroll","background-type":"","background-media":"","overlay-type":"","overlay-color":"","overlay-opacity":"","overlay-gradient":""},"mobile":{"background-color":"var(--ast-global-color-5)","background-image":"","background-repeat":"repeat","background-position":"center center","background-size":"auto","background-attachment":"scroll","background-type":"","background-media":"","overlay-type":"","overlay-color":"","overlay-opacity":"","overlay-gradient":""}}},"product_brand":[],"product_cat":[91,97],"product_tag":[],"class_list":{"0":"post-17080","1":"product","2":"type-product","3":"status-publish","4":"has-post-thumbnail","6":"product_cat-phu-kien","7":"product_cat-dau-boc-gay-gon","8":"desktop-align-center","9":"tablet-align-center","10":"mobile-align-center","11":"ast-product-gallery-layout-first-image-large","12":"ast-product-single-variable","13":"ast-product-tabs-layout-distributed","15":"first","16":"instock","17":"shipping-taxable","18":"purchasable","19":"product-type-variable"},"acf":[],"_links":{"self":[{"href":"https:\/\/taylormade-golf.vn\/en\/wp-json\/wp\/v2\/product\/17080","targetHints":{"allow":["GET"]}}],"collection":[{"href":"https:\/\/taylormade-golf.vn\/en\/wp-json\/wp\/v2\/product"}],"about":[{"href":"https:\/\/taylormade-golf.vn\/en\/wp-json\/wp\/v2\/types\/product"}],"replies":[{"embeddable":true,"href":"https:\/\/taylormade-golf.vn\/en\/wp-json\/wp\/v2\/comments?post=17080"}],"wp:featuredmedia":[{"embeddable":true,"href":"https:\/\/taylormade-golf.vn\/en\/wp-json\/wp\/v2\/media\/16978"}],"wp:attachment":[{"href":"https:\/\/taylormade-golf.vn\/en\/wp-json\/wp\/v2\/media?parent=17080"}],"wp:term":[{"taxonomy":"product_brand","embeddable":true,"href":"https:\/\/taylormade-golf.vn\/en\/wp-json\/wp\/v2\/product_brand?post=17080"},{"taxonomy":"product_cat","embeddable":true,"href":"https:\/\/taylormade-golf.vn\/en\/wp-json\/wp\/v2\/product_cat?post=17080"},{"taxonomy":"product_tag","embeddable":true,"href":"https:\/\/taylormade-golf.vn\/en\/wp-json\/wp\/v2\/product_tag?post=17080"}],"curies":[{"name":"wp","href":"https:\/\/api.w.org\/{rel}","templated":true}]}}