{"id":17019,"date":"2025-05-20T09:44:08","date_gmt":"2025-05-20T02:44:08","guid":{"rendered":"https:\/\/taylormade-golf.vn\/?post_type=product&#038;p=17019"},"modified":"2025-05-20T10:36:35","modified_gmt":"2025-05-20T03:36:35","slug":"quan-short-t-ice-t-air","status":"publish","type":"product","link":"https:\/\/taylormade-golf.vn\/en\/product\/quan-short-t-ice-t-air\/","title":{"rendered":"Qu\u1ea7n short T-ICE T-AIR"},"content":{"rendered":"<h3 class=\"\" data-start=\"160\" data-end=\"220\">Qu\u1ea7n Short T-ICE \u2013 L\u00e0m M\u00e1t T\u1ee9c Th\u00ec, Tho\u00e1ng Kh\u00ed Tuy\u1ec7t V\u1eddi<\/h3>\n<p class=\"\" data-start=\"222\" data-end=\"575\">\u0110\u01b0\u1ee3c trang b\u1ecb c\u00f4ng ngh\u1ec7 <strong data-start=\"246\" data-end=\"272\">l\u00e0m m\u00e1t ch\u1ee7 \u0111\u1ed9ng T-ICE<\/strong>, chi\u1ebfc qu\u1ea7n short n\u00e0y mang l\u1ea1i c\u1ea3m gi\u00e1c d\u1ec5 ch\u1ecbu ngay c\u1ea3 trong nh\u1eefng ng\u00e0y n\u1eafng n\u00f3ng nh\u1ea5t. C\u00e1c <strong data-start=\"366\" data-end=\"389\">l\u1ed7 th\u00f4ng kh\u00ed v\u1eadt l\u00fd<\/strong> \u0111\u01b0\u1ee3c b\u1ed1 tr\u00ed kh\u00e9o l\u00e9o tr\u00ean b\u1ec1 m\u1eb7t v\u1ea3i gi\u00fap t\u1ed1i \u01b0u h\u00f3a kh\u1ea3 n\u0103ng tho\u00e1t nhi\u1ec7t, k\u1ebft h\u1ee3p ho\u00e0n h\u1ea3o v\u1edbi t\u00ednh n\u0103ng <strong data-start=\"496\" data-end=\"528\">th\u1ea5m h\u00fat m\u1ed3 h\u00f4i v\u00e0 kh\u00f4 nhanh<\/strong>, mang \u0111\u1ebfn tr\u1ea3i nghi\u1ec7m v\u01b0\u1ee3t tr\u1ed9i cho ng\u01b0\u1eddi m\u1eb7c.<\/p>\n<h4 class=\"\" data-start=\"577\" data-end=\"600\">T\u00ednh n\u0103ng n\u1ed5i b\u1eadt:<\/h4>\n<ul data-start=\"601\" data-end=\"791\">\n<li class=\"\" data-start=\"601\" data-end=\"644\">\n<p class=\"\" data-start=\"603\" data-end=\"644\">\u2744\ufe0f <strong data-start=\"606\" data-end=\"642\">C\u00f4ng ngh\u1ec7 T-ICE l\u00e0m m\u00e1t li\u00ean t\u1ee5c<\/strong><\/p>\n<\/li>\n<li class=\"\" data-start=\"645\" data-end=\"700\">\n<p class=\"\" data-start=\"647\" data-end=\"700\">\ud83c\udf2c\ufe0f <strong data-start=\"651\" data-end=\"698\">L\u1ed7 th\u00f4ng kh\u00ed t\u0103ng c\u01b0\u1eddng l\u01b0u th\u00f4ng kh\u00f4ng kh\u00ed<\/strong><\/p>\n<\/li>\n<li class=\"\" data-start=\"701\" data-end=\"748\">\n<p class=\"\" data-start=\"703\" data-end=\"748\">\ud83d\udca6 <strong data-start=\"706\" data-end=\"746\">Ch\u1ea5t li\u1ec7u th\u1ea5m h\u00fat m\u1ed3 h\u00f4i, nhanh kh\u00f4<\/strong><\/p>\n<\/li>\n<li class=\"\" data-start=\"749\" data-end=\"791\">\n<p class=\"\" data-start=\"751\" data-end=\"791\">\ud83d\udd01 <strong data-start=\"754\" data-end=\"791\">\u0110\u1ed9 co gi\u00e3n t\u1ed1t, c\u1eed \u0111\u1ed9ng linh ho\u1ea1t<\/strong><\/p>\n<\/li>\n<\/ul>\n<h4 class=\"\" data-start=\"793\" data-end=\"817\">Th\u00f4ng tin s\u1ea3n ph\u1ea9m:<\/h4>\n<ul data-start=\"818\" data-end=\"1091\">\n<li class=\"\" data-start=\"818\" data-end=\"880\">\n<p class=\"\" data-start=\"820\" data-end=\"880\"><strong data-start=\"820\" data-end=\"834\">Material:<\/strong> 55% s\u1ee3i t\u1ed5ng h\u1ee3p (polyester), 45% polyester<\/p>\n<\/li>\n<li class=\"\" data-start=\"881\" data-end=\"906\">\n<p class=\"\" data-start=\"883\" data-end=\"906\"><strong data-start=\"883\" data-end=\"895\">Xu\u1ea5t x\u1ee9:<\/strong> Vi\u1ec7t Nam<\/p>\n<\/li>\n<li class=\"\" data-start=\"907\" data-end=\"1091\">\n<p class=\"\" data-start=\"909\" data-end=\"921\"><strong data-start=\"909\" data-end=\"919\">Note:<\/strong><\/p>\n<ul data-start=\"924\" data-end=\"1091\">\n<li class=\"\" data-start=\"924\" data-end=\"1010\">\n<p class=\"\" data-start=\"926\" data-end=\"1010\">K\u00edch th\u01b0\u1edbc th\u1ec3 hi\u1ec7n l\u00e0 k\u00edch th\u01b0\u1edbc ho\u00e0n thi\u1ec7n c\u1ee7a s\u1ea3n ph\u1ea9m, c\u00f3 th\u1ec3 sai l\u1ec7ch 1\u20132 cm.<\/p>\n<\/li>\n<li class=\"\" data-start=\"1013\" data-end=\"1091\">\n<p class=\"\" data-start=\"1015\" data-end=\"1091\">M\u00e0u s\u1eafc th\u1ef1c t\u1ebf c\u00f3 th\u1ec3 kh\u00e1c bi\u1ec7t do \u0111i\u1ec1u ki\u1ec7n \u00e1nh s\u00e1ng v\u00e0 m\u00e0n h\u00ecnh hi\u1ec3n th\u1ecb.<\/p>\n<\/li>\n<li data-start=\"1013\" data-end=\"1091\">M1327670<br \/>\nM1327671<br \/>\nM1327770<br \/>\nM1327771<br \/>\nM1327870<br \/>\nM1327871<br \/>\nM1327970<br \/>\nM1327971<\/li>\n<\/ul>\n<\/li>\n<\/ul>","protected":false},"excerpt":{"rendered":"<p>Qu\u1ea7n Short T-ICE \u2013 L\u00e0m M\u00e1t T\u1ee9c Th\u00ec, Tho\u00e1ng Kh\u00ed Tuy\u1ec7t V\u1eddi \u0110\u01b0\u1ee3c trang b\u1ecb c\u00f4ng ngh\u1ec7 l\u00e0m m\u00e1t ch\u1ee7 \u0111\u1ed9ng T-ICE, chi\u1ebfc qu\u1ea7n short n\u00e0y mang l\u1ea1i c\u1ea3m gi\u00e1c d\u1ec5 ch\u1ecbu ngay c\u1ea3 trong nh\u1eefng ng\u00e0y n\u1eafng n\u00f3ng nh\u1ea5t. C\u00e1c l\u1ed7 th\u00f4ng kh\u00ed v\u1eadt l\u00fd \u0111\u01b0\u1ee3c b\u1ed1 tr\u00ed kh\u00e9o l\u00e9o tr\u00ean b\u1ec1 m\u1eb7t v\u1ea3i [&hellip;]<\/p>","protected":false},"featured_media":17020,"comment_status":"open","ping_status":"closed","template":"","meta":{"_acf_changed":false,"site-sidebar-layout":"default","site-content-layout":"","ast-site-content-layout":"default","site-content-style":"default","site-sidebar-style":"default","ast-global-header-display":"","ast-banner-title-visibility":"","ast-main-header-display":"","ast-hfb-above-header-display":"","ast-hfb-below-header-display":"","ast-hfb-mobile-header-display":"","site-post-title":"","ast-breadcrumbs-content":"","ast-featured-img":"","footer-sml-layout":"","theme-transparent-header-meta":"default","adv-header-id-meta":"","stick-header-meta":"default","header-above-stick-meta":"","header-main-stick-meta":"","header-below-stick-meta":"","astra-migrate-meta-layouts":"set","ast-page-background-enabled":"default","ast-page-background-meta":{"desktop":{"background-color":"","background-image":"","background-repeat":"repeat","background-position":"center center","background-size":"auto","background-attachment":"scroll","background-type":"","background-media":"","overlay-type":"","overlay-color":"","overlay-opacity":"","overlay-gradient":""},"tablet":{"background-color":"","background-image":"","background-repeat":"repeat","background-position":"center center","background-size":"auto","background-attachment":"scroll","background-type":"","background-media":"","overlay-type":"","overlay-color":"","overlay-opacity":"","overlay-gradient":""},"mobile":{"background-color":"","background-image":"","background-repeat":"repeat","background-position":"center center","background-size":"auto","background-attachment":"scroll","background-type":"","background-media":"","overlay-type":"","overlay-color":"","overlay-opacity":"","overlay-gradient":""}},"ast-content-background-meta":{"desktop":{"background-color":"var(--ast-global-color-5)","background-image":"","background-repeat":"repeat","background-position":"center center","background-size":"auto","background-attachment":"scroll","background-type":"","background-media":"","overlay-type":"","overlay-color":"","overlay-opacity":"","overlay-gradient":""},"tablet":{"background-color":"var(--ast-global-color-5)","background-image":"","background-repeat":"repeat","background-position":"center center","background-size":"auto","background-attachment":"scroll","background-type":"","background-media":"","overlay-type":"","overlay-color":"","overlay-opacity":"","overlay-gradient":""},"mobile":{"background-color":"var(--ast-global-color-5)","background-image":"","background-repeat":"repeat","background-position":"center center","background-size":"auto","background-attachment":"scroll","background-type":"","background-media":"","overlay-type":"","overlay-color":"","overlay-opacity":"","overlay-gradient":""}}},"product_brand":[],"product_cat":[262,101,296],"product_tag":[],"class_list":{"0":"post-17019","1":"product","2":"type-product","3":"status-publish","4":"has-post-thumbnail","6":"product_cat-nam","7":"product_cat-quan-ao","8":"product_cat-quan-short","9":"desktop-align-center","10":"tablet-align-center","11":"mobile-align-center","12":"ast-product-gallery-layout-first-image-large","13":"ast-product-single-variable","14":"ast-product-tabs-layout-distributed","16":"first","17":"instock","18":"shipping-taxable","19":"purchasable","20":"product-type-variable"},"acf":[],"_links":{"self":[{"href":"https:\/\/taylormade-golf.vn\/en\/wp-json\/wp\/v2\/product\/17019","targetHints":{"allow":["GET"]}}],"collection":[{"href":"https:\/\/taylormade-golf.vn\/en\/wp-json\/wp\/v2\/product"}],"about":[{"href":"https:\/\/taylormade-golf.vn\/en\/wp-json\/wp\/v2\/types\/product"}],"replies":[{"embeddable":true,"href":"https:\/\/taylormade-golf.vn\/en\/wp-json\/wp\/v2\/comments?post=17019"}],"wp:featuredmedia":[{"embeddable":true,"href":"https:\/\/taylormade-golf.vn\/en\/wp-json\/wp\/v2\/media\/17020"}],"wp:attachment":[{"href":"https:\/\/taylormade-golf.vn\/en\/wp-json\/wp\/v2\/media?parent=17019"}],"wp:term":[{"taxonomy":"product_brand","embeddable":true,"href":"https:\/\/taylormade-golf.vn\/en\/wp-json\/wp\/v2\/product_brand?post=17019"},{"taxonomy":"product_cat","embeddable":true,"href":"https:\/\/taylormade-golf.vn\/en\/wp-json\/wp\/v2\/product_cat?post=17019"},{"taxonomy":"product_tag","embeddable":true,"href":"https:\/\/taylormade-golf.vn\/en\/wp-json\/wp\/v2\/product_tag?post=17019"}],"curies":[{"name":"wp","href":"https:\/\/api.w.org\/{rel}","templated":true}]}}