{"id":17007,"date":"2025-05-20T09:16:17","date_gmt":"2025-05-20T02:16:17","guid":{"rendered":"https:\/\/taylormade-golf.vn\/?post_type=product&#038;p=17007"},"modified":"2025-05-20T09:18:14","modified_gmt":"2025-05-20T02:18:14","slug":"ao-polo-s-s-logo-lon-tm","status":"publish","type":"product","link":"https:\/\/taylormade-golf.vn\/en\/product\/ao-polo-s-s-logo-lon-tm\/","title":{"rendered":"\u00c1o polo S\/S logo l\u1edbn TM"},"content":{"rendered":"<h3 class=\"\" data-start=\"173\" data-end=\"234\">\u00c1o Polo Tay Ng\u1eafn \u2013 Thi\u1ebft K\u1ebf \u1ea4n T\u01b0\u1ee3ng, Hi\u1ec7u N\u0103ng V\u01b0\u1ee3t Tr\u1ed9i<\/h3>\n<p class=\"\" data-start=\"236\" data-end=\"489\">Chi\u1ebfc \u00e1o polo tay ng\u1eafn n\u00e0y l\u00e0 s\u1ef1 k\u1ebft h\u1ee3p ho\u00e0n h\u1ea3o gi\u1eefa t\u00ednh n\u0103ng th\u1ec3 thao v\u00e0 phong c\u00e1ch th\u1eddi trang hi\u1ec7n \u0111\u1ea1i. Thi\u1ebft k\u1ebf \u0111\u1ed3 h\u1ecda \u0111\u1ed9c \u0111\u00e1o \u1edf m\u1eb7t tr\u01b0\u1edbc k\u1ebft h\u1ee3p logo th\u01b0\u01a1ng hi\u1ec7u n\u1ed5i b\u1eadt, t\u1ea1o \u0111i\u1ec3m nh\u1ea5n c\u00e1 t\u00ednh cho ng\u01b0\u1eddi m\u1eb7c c\u1ea3 tr\u00ean s\u00e2n golf l\u1eabn ngo\u00e0i \u0111\u1eddi th\u01b0\u1eddng.<\/p>\n<h4 class=\"\" data-start=\"491\" data-end=\"512\">\u01afu \u0111i\u1ec3m n\u1ed5i b\u1eadt:<\/h4>\n<ul data-start=\"513\" data-end=\"758\">\n<li class=\"\" data-start=\"513\" data-end=\"626\">\n<p class=\"\" data-start=\"515\" data-end=\"626\"><strong data-start=\"515\" data-end=\"558\">Ch\u1ea5t li\u1ec7u th\u1ea5m h\u00fat m\u1ed3 h\u00f4i v\u00e0 kh\u00f4 nhanh:<\/strong> Mang l\u1ea1i c\u1ea3m gi\u00e1c kh\u00f4 r\u00e1o, tho\u1ea3i m\u00e1i trong su\u1ed1t qu\u00e1 tr\u00ecnh v\u1eadn \u0111\u1ed9ng.<\/p>\n<\/li>\n<li class=\"\" data-start=\"627\" data-end=\"696\">\n<p class=\"\" data-start=\"629\" data-end=\"696\"><strong data-start=\"629\" data-end=\"646\">Ch\u1ed1ng tia UV:<\/strong> B\u1ea3o v\u1ec7 l\u00e0n da kh\u1ecfi t\u00e1c h\u1ea1i c\u1ee7a \u00e1nh n\u1eafng m\u1eb7t tr\u1eddi.<\/p>\n<\/li>\n<li class=\"\" data-start=\"697\" data-end=\"758\">\n<p class=\"\" data-start=\"699\" data-end=\"758\"><strong data-start=\"699\" data-end=\"724\">\u0110\u1ed9 co gi\u00e3n linh ho\u1ea1t:<\/strong> Gi\u00fap c\u1eed \u0111\u1ed9ng d\u1ec5 d\u00e0ng v\u00e0 t\u1ef1 nhi\u00ean.<\/p>\n<\/li>\n<\/ul>\n<h4 class=\"\" data-start=\"760\" data-end=\"784\">Th\u00f4ng tin s\u1ea3n ph\u1ea9m:<\/h4>\n<ul data-start=\"785\" data-end=\"1058\">\n<li class=\"\" data-start=\"785\" data-end=\"816\">\n<p class=\"\" data-start=\"787\" data-end=\"816\"><strong data-start=\"787\" data-end=\"801\">Material:<\/strong> 100% polyester<\/p>\n<\/li>\n<li class=\"\" data-start=\"817\" data-end=\"840\">\n<p class=\"\" data-start=\"819\" data-end=\"840\"><strong data-start=\"819\" data-end=\"831\">Xu\u1ea5t x\u1ee9:<\/strong> Vi\u1ec7t Nam<\/p>\n<\/li>\n<li class=\"\" data-start=\"841\" data-end=\"1058\">\n<p class=\"\" data-start=\"843\" data-end=\"855\"><strong data-start=\"843\" data-end=\"853\">Note:<\/strong><\/p>\n<ul data-start=\"858\" data-end=\"1058\">\n<li class=\"\" data-start=\"858\" data-end=\"951\">\n<p class=\"\" data-start=\"860\" data-end=\"951\">K\u00edch th\u01b0\u1edbc s\u1ea3n ph\u1ea9m l\u00e0 k\u00edch th\u01b0\u1edbc ho\u00e0n thi\u1ec7n, c\u00f3 th\u1ec3 ch\u00eanh l\u1ec7ch 1\u20132 cm t\u00f9y t\u1eebng s\u1ea3n ph\u1ea9m.<\/p>\n<\/li>\n<li class=\"\" data-start=\"954\" data-end=\"1058\">\n<p class=\"\" data-start=\"956\" data-end=\"1058\">H\u00ecnh \u1ea3nh ch\u1ec9 mang t\u00ednh minh h\u1ecda. M\u00e0u s\u1eafc th\u1ef1c t\u1ebf c\u00f3 th\u1ec3 kh\u00e1c \u0111\u00f4i ch\u00fat do \u00e1nh s\u00e1ng v\u00e0 c\u00e0i \u0111\u1eb7t hi\u1ec3n th\u1ecb<\/p>\n<\/li>\n<li class=\"\" data-start=\"954\" data-end=\"1058\">\n<p class=\"\" data-start=\"956\" data-end=\"1058\">M1314870<br \/>\nM1314871<br \/>\nM1314970<br \/>\nM1314971<\/p>\n<\/li>\n<\/ul>\n<\/li>\n<\/ul>","protected":false},"excerpt":{"rendered":"<p>\u00c1o Polo Tay Ng\u1eafn \u2013 Thi\u1ebft K\u1ebf \u1ea4n T\u01b0\u1ee3ng, Hi\u1ec7u N\u0103ng V\u01b0\u1ee3t Tr\u1ed9i Chi\u1ebfc \u00e1o polo tay ng\u1eafn n\u00e0y l\u00e0 s\u1ef1 k\u1ebft h\u1ee3p ho\u00e0n h\u1ea3o gi\u1eefa t\u00ednh n\u0103ng th\u1ec3 thao v\u00e0 phong c\u00e1ch th\u1eddi trang hi\u1ec7n \u0111\u1ea1i. Thi\u1ebft k\u1ebf \u0111\u1ed3 h\u1ecda \u0111\u1ed9c \u0111\u00e1o \u1edf m\u1eb7t tr\u01b0\u1edbc k\u1ebft h\u1ee3p logo th\u01b0\u01a1ng hi\u1ec7u n\u1ed5i b\u1eadt, t\u1ea1o \u0111i\u1ec3m [&hellip;]<\/p>","protected":false},"featured_media":17013,"comment_status":"open","ping_status":"closed","template":"","meta":{"_acf_changed":false,"site-sidebar-layout":"default","site-content-layout":"","ast-site-content-layout":"default","site-content-style":"default","site-sidebar-style":"default","ast-global-header-display":"","ast-banner-title-visibility":"","ast-main-header-display":"","ast-hfb-above-header-display":"","ast-hfb-below-header-display":"","ast-hfb-mobile-header-display":"","site-post-title":"","ast-breadcrumbs-content":"","ast-featured-img":"","footer-sml-layout":"","theme-transparent-header-meta":"default","adv-header-id-meta":"","stick-header-meta":"default","header-above-stick-meta":"","header-main-stick-meta":"","header-below-stick-meta":"","astra-migrate-meta-layouts":"set","ast-page-background-enabled":"default","ast-page-background-meta":{"desktop":{"background-color":"","background-image":"","background-repeat":"repeat","background-position":"center center","background-size":"auto","background-attachment":"scroll","background-type":"","background-media":"","overlay-type":"","overlay-color":"","overlay-opacity":"","overlay-gradient":""},"tablet":{"background-color":"","background-image":"","background-repeat":"repeat","background-position":"center center","background-size":"auto","background-attachment":"scroll","background-type":"","background-media":"","overlay-type":"","overlay-color":"","overlay-opacity":"","overlay-gradient":""},"mobile":{"background-color":"","background-image":"","background-repeat":"repeat","background-position":"center center","background-size":"auto","background-attachment":"scroll","background-type":"","background-media":"","overlay-type":"","overlay-color":"","overlay-opacity":"","overlay-gradient":""}},"ast-content-background-meta":{"desktop":{"background-color":"var(--ast-global-color-5)","background-image":"","background-repeat":"repeat","background-position":"center center","background-size":"auto","background-attachment":"scroll","background-type":"","background-media":"","overlay-type":"","overlay-color":"","overlay-opacity":"","overlay-gradient":""},"tablet":{"background-color":"var(--ast-global-color-5)","background-image":"","background-repeat":"repeat","background-position":"center center","background-size":"auto","background-attachment":"scroll","background-type":"","background-media":"","overlay-type":"","overlay-color":"","overlay-opacity":"","overlay-gradient":""},"mobile":{"background-color":"var(--ast-global-color-5)","background-image":"","background-repeat":"repeat","background-position":"center center","background-size":"auto","background-attachment":"scroll","background-type":"","background-media":"","overlay-type":"","overlay-color":"","overlay-opacity":"","overlay-gradient":""}}},"product_brand":[],"product_cat":[262,102,101],"product_tag":[],"class_list":{"0":"post-17007","1":"product","2":"type-product","3":"status-publish","4":"has-post-thumbnail","6":"product_cat-nam","7":"product_cat-ao-coc-tay","8":"product_cat-quan-ao","9":"desktop-align-center","10":"tablet-align-center","11":"mobile-align-center","12":"ast-product-gallery-layout-first-image-large","13":"ast-product-single-variable","14":"ast-product-tabs-layout-distributed","16":"first","17":"instock","18":"shipping-taxable","19":"purchasable","20":"product-type-variable"},"acf":[],"_links":{"self":[{"href":"https:\/\/taylormade-golf.vn\/en\/wp-json\/wp\/v2\/product\/17007","targetHints":{"allow":["GET"]}}],"collection":[{"href":"https:\/\/taylormade-golf.vn\/en\/wp-json\/wp\/v2\/product"}],"about":[{"href":"https:\/\/taylormade-golf.vn\/en\/wp-json\/wp\/v2\/types\/product"}],"replies":[{"embeddable":true,"href":"https:\/\/taylormade-golf.vn\/en\/wp-json\/wp\/v2\/comments?post=17007"}],"wp:featuredmedia":[{"embeddable":true,"href":"https:\/\/taylormade-golf.vn\/en\/wp-json\/wp\/v2\/media\/17013"}],"wp:attachment":[{"href":"https:\/\/taylormade-golf.vn\/en\/wp-json\/wp\/v2\/media?parent=17007"}],"wp:term":[{"taxonomy":"product_brand","embeddable":true,"href":"https:\/\/taylormade-golf.vn\/en\/wp-json\/wp\/v2\/product_brand?post=17007"},{"taxonomy":"product_cat","embeddable":true,"href":"https:\/\/taylormade-golf.vn\/en\/wp-json\/wp\/v2\/product_cat?post=17007"},{"taxonomy":"product_tag","embeddable":true,"href":"https:\/\/taylormade-golf.vn\/en\/wp-json\/wp\/v2\/product_tag?post=17007"}],"curies":[{"name":"wp","href":"https:\/\/api.w.org\/{rel}","templated":true}]}}