{"id":16961,"date":"2025-05-19T09:46:49","date_gmt":"2025-05-19T02:46:49","guid":{"rendered":"https:\/\/taylormade-golf.vn\/?post_type=product&#038;p=16961"},"modified":"2025-05-19T09:46:50","modified_gmt":"2025-05-19T02:46:50","slug":"phien-ban-gioi-han-tp5x-pix-darts","status":"publish","type":"product","link":"https:\/\/taylormade-golf.vn\/en\/product\/phien-ban-gioi-han-tp5x-pix-darts\/","title":{"rendered":"[Phi\u00ean b\u1ea3n gi\u1edbi h\u1ea1n] TP5x pix Darts"},"content":{"rendered":"<h3 class=\"tw-mb-6 tw-block tw-leading-none tw-text-center tw-font-bold\"><strong><span>Qu\u1ea3 b\u00f3ng &#8220;TP5\/TP5x pix Darts&#8221; phi\u00ean b\u1ea3n gi\u1edbi h\u1ea1n<\/span><\/strong><\/h3>\n<div class=\"tw-mb-6 tw-text-center\">\n<p><span>M\u1ed9t qu\u1ea3 b\u00f3ng golf phi\u00ean b\u1ea3n gi\u1edbi h\u1ea1n c\u00f3 h\u1ecda ti\u1ebft phi ti\u00eau tr\u00ean qu\u1ea3 b\u00f3ng golf n\u0103m l\u1edbp \u0111\u1ed9c \u0111\u00e1o c\u1ee7a TaylorMade. D\u00f2ng s\u1ea3n ph\u1ea9m bao g\u1ed3m b\u00f3ng &#8220;TP5&#8221;, c\u00f3 kh\u1ea3 n\u0103ng \u0111i\u1ec1u khi\u1ec3n tuy\u1ec7t v\u1eddi m\u00e0 c\u00e1c chuy\u00ean gia y\u00eau c\u1ea7u, v\u00e0 b\u00f3ng &#8220;TP5x&#8221;, c\u00f3 t\u1ed1c \u0111\u1ed9 b\u00f3ng v\u01b0\u1ee3t tr\u1ed9i v\u00e0 bay xa h\u01a1n &#8220;n\u1eeda g\u1eady&#8221;(*).<\/span><\/p>\n<p><span>Nh\u1eefng qu\u1ea3 b\u00f3ng v\u00e0 bao b\u00ec l\u00e0 thi\u1ebft k\u1ebf phi\u00ean b\u1ea3n gi\u1edbi h\u1ea1n l\u1ea5y c\u1ea3m h\u1ee9ng t\u1eeb phi ti\u00eau. Qu\u1ea3 b\u00f3ng c\u00f3 bi\u1ec3u t\u01b0\u1ee3ng b\u1ea3ng phi ti\u00eau v\u00e0 phi ti\u00eau \u0111\u1ecf, xanh l\u00e1 c\u00e2y, \u0111\u1ed3ng th\u1eddi c\u00f3 s\u1ed1 &#8220;501&#8221; &#8211; \u00e1m ch\u1ec9 tr\u00f2 ch\u01a1i phi ti\u00eau ph\u1ed5 bi\u1ebfn &#8211; \u0111\u01b0\u1ee3c in b\u00ean d\u01b0\u1edbi logo TaylorMade. B\u00ean trong bao b\u00ec c\u00f3 h\u1ecda ti\u1ebft g\u1ee3i nh\u1edb \u0111\u1ebfn b\u1ea3ng \u0111i\u1ec3m cricket v\u00e0 t\u00ean c\u1ee7a nh\u1eefng c\u1ea7u th\u1ee7 h\u00e0ng \u0111\u1ea7u tin t\u01b0\u1edfng s\u1eed d\u1ee5ng b\u00f3ng TP5 v\u00e0 TP5x.<\/span><\/p>\n<h6><span>*So s\u00e1nh v\u1edbi TP5x 2021 (\u0111\u00e3 th\u1eed nghi\u1ec7m trong \u0111i\u1ec1u ki\u1ec7n tham quan)<\/span><\/h6>\n<p>V9938001<\/p>\n<\/div>","protected":false},"excerpt":{"rendered":"<p>Qu\u1ea3 b\u00f3ng &#8220;TP5\/TP5x pix Darts&#8221; phi\u00ean b\u1ea3n gi\u1edbi h\u1ea1n M\u1ed9t qu\u1ea3 b\u00f3ng golf phi\u00ean b\u1ea3n gi\u1edbi h\u1ea1n c\u00f3 h\u1ecda ti\u1ebft phi ti\u00eau tr\u00ean qu\u1ea3 b\u00f3ng golf n\u0103m l\u1edbp \u0111\u1ed9c \u0111\u00e1o c\u1ee7a TaylorMade. D\u00f2ng s\u1ea3n ph\u1ea9m bao g\u1ed3m b\u00f3ng &#8220;TP5&#8221;, c\u00f3 kh\u1ea3 n\u0103ng \u0111i\u1ec1u khi\u1ec3n tuy\u1ec7t v\u1eddi m\u00e0 c\u00e1c chuy\u00ean gia y\u00eau c\u1ea7u, v\u00e0 b\u00f3ng &#8220;TP5x&#8221;, [&hellip;]<\/p>","protected":false},"featured_media":16966,"comment_status":"open","ping_status":"closed","template":"","meta":{"_acf_changed":false,"site-sidebar-layout":"default","site-content-layout":"","ast-site-content-layout":"default","site-content-style":"default","site-sidebar-style":"default","ast-global-header-display":"","ast-banner-title-visibility":"","ast-main-header-display":"","ast-hfb-above-header-display":"","ast-hfb-below-header-display":"","ast-hfb-mobile-header-display":"","site-post-title":"","ast-breadcrumbs-content":"","ast-featured-img":"","footer-sml-layout":"","theme-transparent-header-meta":"default","adv-header-id-meta":"","stick-header-meta":"default","header-above-stick-meta":"","header-main-stick-meta":"","header-below-stick-meta":"","astra-migrate-meta-layouts":"set","ast-page-background-enabled":"default","ast-page-background-meta":{"desktop":{"background-color":"","background-image":"","background-repeat":"repeat","background-position":"center center","background-size":"auto","background-attachment":"scroll","background-type":"","background-media":"","overlay-type":"","overlay-color":"","overlay-opacity":"","overlay-gradient":""},"tablet":{"background-color":"","background-image":"","background-repeat":"repeat","background-position":"center center","background-size":"auto","background-attachment":"scroll","background-type":"","background-media":"","overlay-type":"","overlay-color":"","overlay-opacity":"","overlay-gradient":""},"mobile":{"background-color":"","background-image":"","background-repeat":"repeat","background-position":"center center","background-size":"auto","background-attachment":"scroll","background-type":"","background-media":"","overlay-type":"","overlay-color":"","overlay-opacity":"","overlay-gradient":""}},"ast-content-background-meta":{"desktop":{"background-color":"var(--ast-global-color-5)","background-image":"","background-repeat":"repeat","background-position":"center center","background-size":"auto","background-attachment":"scroll","background-type":"","background-media":"","overlay-type":"","overlay-color":"","overlay-opacity":"","overlay-gradient":""},"tablet":{"background-color":"var(--ast-global-color-5)","background-image":"","background-repeat":"repeat","background-position":"center center","background-size":"auto","background-attachment":"scroll","background-type":"","background-media":"","overlay-type":"","overlay-color":"","overlay-opacity":"","overlay-gradient":""},"mobile":{"background-color":"var(--ast-global-color-5)","background-image":"","background-repeat":"repeat","background-position":"center center","background-size":"auto","background-attachment":"scroll","background-type":"","background-media":"","overlay-type":"","overlay-color":"","overlay-opacity":"","overlay-gradient":""}}},"product_brand":[],"product_cat":[61,319],"product_tag":[],"class_list":{"0":"post-16961","1":"product","2":"type-product","3":"status-publish","4":"has-post-thumbnail","6":"product_cat-bong-gon","7":"product_cat-limited-edition-bong-gon","8":"desktop-align-center","9":"tablet-align-center","10":"mobile-align-center","11":"ast-product-gallery-layout-first-image-large","12":"ast-product-single-variable","13":"ast-product-tabs-layout-distributed","15":"first","16":"instock","17":"shipping-taxable","18":"purchasable","19":"product-type-variable"},"acf":[],"_links":{"self":[{"href":"https:\/\/taylormade-golf.vn\/en\/wp-json\/wp\/v2\/product\/16961","targetHints":{"allow":["GET"]}}],"collection":[{"href":"https:\/\/taylormade-golf.vn\/en\/wp-json\/wp\/v2\/product"}],"about":[{"href":"https:\/\/taylormade-golf.vn\/en\/wp-json\/wp\/v2\/types\/product"}],"replies":[{"embeddable":true,"href":"https:\/\/taylormade-golf.vn\/en\/wp-json\/wp\/v2\/comments?post=16961"}],"wp:featuredmedia":[{"embeddable":true,"href":"https:\/\/taylormade-golf.vn\/en\/wp-json\/wp\/v2\/media\/16966"}],"wp:attachment":[{"href":"https:\/\/taylormade-golf.vn\/en\/wp-json\/wp\/v2\/media?parent=16961"}],"wp:term":[{"taxonomy":"product_brand","embeddable":true,"href":"https:\/\/taylormade-golf.vn\/en\/wp-json\/wp\/v2\/product_brand?post=16961"},{"taxonomy":"product_cat","embeddable":true,"href":"https:\/\/taylormade-golf.vn\/en\/wp-json\/wp\/v2\/product_cat?post=16961"},{"taxonomy":"product_tag","embeddable":true,"href":"https:\/\/taylormade-golf.vn\/en\/wp-json\/wp\/v2\/product_tag?post=16961"}],"curies":[{"name":"wp","href":"https:\/\/api.w.org\/{rel}","templated":true}]}}