{"id":16947,"date":"2025-05-19T09:35:28","date_gmt":"2025-05-19T02:35:28","guid":{"rendered":"https:\/\/taylormade-golf.vn\/?post_type=product&#038;p=16947"},"modified":"2025-05-19T09:36:11","modified_gmt":"2025-05-19T02:36:11","slug":"tui-players-shoe-tm","status":"publish","type":"product","link":"https:\/\/taylormade-golf.vn\/en\/product\/tui-players-shoe-tm\/","title":{"rendered":"T\u00fai Players Shoe TM"},"content":{"rendered":"<p>T\u00fai \u0111\u1ef1ng gi\u00e0y c\u1ee7a c\u1ea7u th\u1ee7<br \/>\nT\u00fai \u0111\u1ef1ng gi\u00e0y Players Series c\u1ee7a TaylorMade, thi\u1ebft k\u1ebf \u0111\u01a1n gi\u1ea3n v\u00e0 ch\u1eafc ch\u1eafn, l\u00e0m t\u1eeb 100% v\u1ea3i nylon ch\u1ed1ng ch\u1ecbu th\u1eddi ti\u1ebft.<\/p>\n<p>Special<\/p>\n<p>Ph\u00f9 h\u1ee3p v\u1edbi gi\u00e0y size 14 m\u1ed9t c\u00e1ch tho\u1ea3i m\u00e1i<\/p>\n<p>C\u1ed5ng th\u00f4ng gi\u00f3 k\u00e9p<\/p>\n<p>Logo Crestibile c\u00e0 v\u1ea1t ngo\u00e0i<\/p>\n<p>Logo v\u00e0 \u0111\u01b0\u1ee3c k\u00e9o l\u00ean b\u1eb1ng cao su<\/p>\n<p>100% nylon \u0111\u1ea1n \u0111\u1ea1o ch\u1ed1ng ch\u1ecbu th\u1eddi ti\u1ebft<\/p>\n<p>14&#8243;x10&#8243;x5&#8243;<\/p>","protected":false},"excerpt":{"rendered":"<p>T\u00fai \u0111\u1ef1ng gi\u00e0y c\u1ee7a c\u1ea7u th\u1ee7 T\u00fai \u0111\u1ef1ng gi\u00e0y Players Series c\u1ee7a TaylorMade, thi\u1ebft k\u1ebf \u0111\u01a1n gi\u1ea3n v\u00e0 ch\u1eafc ch\u1eafn, l\u00e0m t\u1eeb 100% v\u1ea3i nylon ch\u1ed1ng ch\u1ecbu th\u1eddi ti\u1ebft. Special Ph\u00f9 h\u1ee3p v\u1edbi gi\u00e0y size 14 m\u1ed9t c\u00e1ch tho\u1ea3i m\u00e1i C\u1ed5ng th\u00f4ng gi\u00f3 k\u00e9p Logo Crestibile c\u00e0 v\u1ea1t ngo\u00e0i Logo v\u00e0 \u0111\u01b0\u1ee3c k\u00e9o l\u00ean b\u1eb1ng [&hellip;]<\/p>","protected":false},"featured_media":16953,"comment_status":"open","ping_status":"closed","template":"","meta":{"_acf_changed":false,"site-sidebar-layout":"default","site-content-layout":"","ast-site-content-layout":"default","site-content-style":"default","site-sidebar-style":"default","ast-global-header-display":"","ast-banner-title-visibility":"","ast-main-header-display":"","ast-hfb-above-header-display":"","ast-hfb-below-header-display":"","ast-hfb-mobile-header-display":"","site-post-title":"","ast-breadcrumbs-content":"","ast-featured-img":"","footer-sml-layout":"","theme-transparent-header-meta":"default","adv-header-id-meta":"","stick-header-meta":"default","header-above-stick-meta":"","header-main-stick-meta":"","header-below-stick-meta":"","astra-migrate-meta-layouts":"set","ast-page-background-enabled":"default","ast-page-background-meta":{"desktop":{"background-color":"","background-image":"","background-repeat":"repeat","background-position":"center center","background-size":"auto","background-attachment":"scroll","background-type":"","background-media":"","overlay-type":"","overlay-color":"","overlay-opacity":"","overlay-gradient":""},"tablet":{"background-color":"","background-image":"","background-repeat":"repeat","background-position":"center center","background-size":"auto","background-attachment":"scroll","background-type":"","background-media":"","overlay-type":"","overlay-color":"","overlay-opacity":"","overlay-gradient":""},"mobile":{"background-color":"","background-image":"","background-repeat":"repeat","background-position":"center center","background-size":"auto","background-attachment":"scroll","background-type":"","background-media":"","overlay-type":"","overlay-color":"","overlay-opacity":"","overlay-gradient":""}},"ast-content-background-meta":{"desktop":{"background-color":"var(--ast-global-color-5)","background-image":"","background-repeat":"repeat","background-position":"center center","background-size":"auto","background-attachment":"scroll","background-type":"","background-media":"","overlay-type":"","overlay-color":"","overlay-opacity":"","overlay-gradient":""},"tablet":{"background-color":"var(--ast-global-color-5)","background-image":"","background-repeat":"repeat","background-position":"center center","background-size":"auto","background-attachment":"scroll","background-type":"","background-media":"","overlay-type":"","overlay-color":"","overlay-opacity":"","overlay-gradient":""},"mobile":{"background-color":"var(--ast-global-color-5)","background-image":"","background-repeat":"repeat","background-position":"center center","background-size":"auto","background-attachment":"scroll","background-type":"","background-media":"","overlay-type":"","overlay-color":"","overlay-opacity":"","overlay-gradient":""}}},"product_brand":[],"product_cat":[253,383],"product_tag":[],"class_list":{"0":"post-16947","1":"product","2":"type-product","3":"status-publish","4":"has-post-thumbnail","6":"product_cat-tui-taylormade","7":"product_cat-tui-khac","8":"desktop-align-center","9":"tablet-align-center","10":"mobile-align-center","11":"ast-product-gallery-layout-first-image-large","12":"ast-product-single-variable","13":"ast-product-tabs-layout-distributed","15":"first","16":"instock","17":"shipping-taxable","18":"purchasable","19":"product-type-variable"},"acf":[],"_links":{"self":[{"href":"https:\/\/taylormade-golf.vn\/en\/wp-json\/wp\/v2\/product\/16947","targetHints":{"allow":["GET"]}}],"collection":[{"href":"https:\/\/taylormade-golf.vn\/en\/wp-json\/wp\/v2\/product"}],"about":[{"href":"https:\/\/taylormade-golf.vn\/en\/wp-json\/wp\/v2\/types\/product"}],"replies":[{"embeddable":true,"href":"https:\/\/taylormade-golf.vn\/en\/wp-json\/wp\/v2\/comments?post=16947"}],"wp:featuredmedia":[{"embeddable":true,"href":"https:\/\/taylormade-golf.vn\/en\/wp-json\/wp\/v2\/media\/16953"}],"wp:attachment":[{"href":"https:\/\/taylormade-golf.vn\/en\/wp-json\/wp\/v2\/media?parent=16947"}],"wp:term":[{"taxonomy":"product_brand","embeddable":true,"href":"https:\/\/taylormade-golf.vn\/en\/wp-json\/wp\/v2\/product_brand?post=16947"},{"taxonomy":"product_cat","embeddable":true,"href":"https:\/\/taylormade-golf.vn\/en\/wp-json\/wp\/v2\/product_cat?post=16947"},{"taxonomy":"product_tag","embeddable":true,"href":"https:\/\/taylormade-golf.vn\/en\/wp-json\/wp\/v2\/product_tag?post=16947"}],"curies":[{"name":"wp","href":"https:\/\/api.w.org\/{rel}","templated":true}]}}