{"id":16939,"date":"2025-05-19T09:21:18","date_gmt":"2025-05-19T02:21:18","guid":{"rendered":"https:\/\/taylormade-golf.vn\/?post_type=product&#038;p=16939"},"modified":"2025-05-19T09:23:56","modified_gmt":"2025-05-19T02:23:56","slug":"tui-signature-duffel","status":"publish","type":"product","link":"https:\/\/taylormade-golf.vn\/en\/product\/tui-signature-duffel\/","title":{"rendered":"T\u00fai Signature Duffel"},"content":{"rendered":"<p>T\u00fai du l\u1ecbch c\u1ee1 l\u1edbn Signature c\u1ee7a TaylorMade. \u0110\u01b0\u1ee3c thi\u1ebft k\u1ebf v\u00e0 ch\u1ebf t\u1ea1o theo nhu c\u1ea7u c\u1ee7a ng\u01b0\u1eddi ch\u01a1i Tour, b\u1eb1ng da l\u1ed9n nguy\u00ean h\u1ea1t cao c\u1ea5p Nappa.<\/p>\n<p>C\u1ee5 th\u1ec3 c\u1ee7a Duffel bag<br \/>\nT\u00fai du l\u1ecbch \u0111\u1eb7c bi\u1ec7t c\u1ee7a TaylorMade. \u0110\u01b0\u1ee3c thi\u1ebft k\u1ebf v\u00e0 ch\u1ebf t\u1ea1o theo nhu c\u1ea7u c\u1ee7a nh\u1eefng ng\u01b0\u1eddi ch\u01a1i Tour, b\u1eb1ng c\u00e1ch s\u1eed d\u1ee5ng da l\u1ed9n Nappa nguy\u00ean h\u1ea1t cao c\u1ea5p.<\/p>\n<p>100% da l\u1ed9n Nappa nguy\u00ean h\u1ea1t<br \/>\nB\u00ean c\u1ea1nh c\u00f3 kh\u1ea3 n\u0103ng m\u1edf r\u1ed9ng d\u00e2y cao c\u1ea5p<br \/>\n\u0111eo c\u00f3 th\u1ec3 th\u00e1o kh\u00f3a k\u00e9o<br \/>\nYKK cao c\u1ea5p<br \/>\nhi\u1ec7u \u1ee9ng t\u1ed1i thi\u1ec3u c\u1ee7a hi\u1ec7u \u1ee9ng ti\u1ec1n b\u1ea1c<br \/>\nL\u1edbp l\u00f3t ch\u1ed1ng r\u1ec9 x\u01b0\u01a1ng c\u00e1 c\u1ed5 \u0111i\u1ec3n<br \/>\n20&#8243;x11&#8243;x10&#8243;<\/p>","protected":false},"excerpt":{"rendered":"<p>T\u00fai du l\u1ecbch c\u1ee1 l\u1edbn Signature c\u1ee7a TaylorMade. \u0110\u01b0\u1ee3c thi\u1ebft k\u1ebf v\u00e0 ch\u1ebf t\u1ea1o theo nhu c\u1ea7u c\u1ee7a ng\u01b0\u1eddi ch\u01a1i Tour, b\u1eb1ng da l\u1ed9n nguy\u00ean h\u1ea1t cao c\u1ea5p Nappa. C\u1ee5 th\u1ec3 c\u1ee7a Duffel bag T\u00fai du l\u1ecbch \u0111\u1eb7c bi\u1ec7t c\u1ee7a TaylorMade. \u0110\u01b0\u1ee3c thi\u1ebft k\u1ebf v\u00e0 ch\u1ebf t\u1ea1o theo nhu c\u1ea7u c\u1ee7a nh\u1eefng ng\u01b0\u1eddi ch\u01a1i Tour, [&hellip;]<\/p>","protected":false},"featured_media":16943,"comment_status":"open","ping_status":"closed","template":"","meta":{"_acf_changed":false,"site-sidebar-layout":"default","site-content-layout":"","ast-site-content-layout":"default","site-content-style":"default","site-sidebar-style":"default","ast-global-header-display":"","ast-banner-title-visibility":"","ast-main-header-display":"","ast-hfb-above-header-display":"","ast-hfb-below-header-display":"","ast-hfb-mobile-header-display":"","site-post-title":"","ast-breadcrumbs-content":"","ast-featured-img":"","footer-sml-layout":"","theme-transparent-header-meta":"default","adv-header-id-meta":"","stick-header-meta":"default","header-above-stick-meta":"","header-main-stick-meta":"","header-below-stick-meta":"","astra-migrate-meta-layouts":"set","ast-page-background-enabled":"default","ast-page-background-meta":{"desktop":{"background-color":"","background-image":"","background-repeat":"repeat","background-position":"center center","background-size":"auto","background-attachment":"scroll","background-type":"","background-media":"","overlay-type":"","overlay-color":"","overlay-opacity":"","overlay-gradient":""},"tablet":{"background-color":"","background-image":"","background-repeat":"repeat","background-position":"center center","background-size":"auto","background-attachment":"scroll","background-type":"","background-media":"","overlay-type":"","overlay-color":"","overlay-opacity":"","overlay-gradient":""},"mobile":{"background-color":"","background-image":"","background-repeat":"repeat","background-position":"center center","background-size":"auto","background-attachment":"scroll","background-type":"","background-media":"","overlay-type":"","overlay-color":"","overlay-opacity":"","overlay-gradient":""}},"ast-content-background-meta":{"desktop":{"background-color":"var(--ast-global-color-5)","background-image":"","background-repeat":"repeat","background-position":"center center","background-size":"auto","background-attachment":"scroll","background-type":"","background-media":"","overlay-type":"","overlay-color":"","overlay-opacity":"","overlay-gradient":""},"tablet":{"background-color":"var(--ast-global-color-5)","background-image":"","background-repeat":"repeat","background-position":"center center","background-size":"auto","background-attachment":"scroll","background-type":"","background-media":"","overlay-type":"","overlay-color":"","overlay-opacity":"","overlay-gradient":""},"mobile":{"background-color":"var(--ast-global-color-5)","background-image":"","background-repeat":"repeat","background-position":"center center","background-size":"auto","background-attachment":"scroll","background-type":"","background-media":"","overlay-type":"","overlay-color":"","overlay-opacity":"","overlay-gradient":""}}},"product_brand":[],"product_cat":[253],"product_tag":[],"class_list":{"0":"post-16939","1":"product","2":"type-product","3":"status-publish","4":"has-post-thumbnail","6":"product_cat-tui-taylormade","7":"desktop-align-center","8":"tablet-align-center","9":"mobile-align-center","10":"ast-product-gallery-layout-first-image-large","11":"ast-product-single-variable","12":"ast-product-tabs-layout-distributed","14":"first","15":"instock","16":"shipping-taxable","17":"purchasable","18":"product-type-variable"},"acf":[],"_links":{"self":[{"href":"https:\/\/taylormade-golf.vn\/en\/wp-json\/wp\/v2\/product\/16939","targetHints":{"allow":["GET"]}}],"collection":[{"href":"https:\/\/taylormade-golf.vn\/en\/wp-json\/wp\/v2\/product"}],"about":[{"href":"https:\/\/taylormade-golf.vn\/en\/wp-json\/wp\/v2\/types\/product"}],"replies":[{"embeddable":true,"href":"https:\/\/taylormade-golf.vn\/en\/wp-json\/wp\/v2\/comments?post=16939"}],"wp:featuredmedia":[{"embeddable":true,"href":"https:\/\/taylormade-golf.vn\/en\/wp-json\/wp\/v2\/media\/16943"}],"wp:attachment":[{"href":"https:\/\/taylormade-golf.vn\/en\/wp-json\/wp\/v2\/media?parent=16939"}],"wp:term":[{"taxonomy":"product_brand","embeddable":true,"href":"https:\/\/taylormade-golf.vn\/en\/wp-json\/wp\/v2\/product_brand?post=16939"},{"taxonomy":"product_cat","embeddable":true,"href":"https:\/\/taylormade-golf.vn\/en\/wp-json\/wp\/v2\/product_cat?post=16939"},{"taxonomy":"product_tag","embeddable":true,"href":"https:\/\/taylormade-golf.vn\/en\/wp-json\/wp\/v2\/product_tag?post=16939"}],"curies":[{"name":"wp","href":"https:\/\/api.w.org\/{rel}","templated":true}]}}