{"id":16911,"date":"2025-05-19T08:56:18","date_gmt":"2025-05-19T01:56:18","guid":{"rendered":"https:\/\/taylormade-golf.vn\/?post_type=product&#038;p=16911"},"modified":"2025-05-19T08:56:19","modified_gmt":"2025-05-19T01:56:19","slug":"balo-signature-tm","status":"publish","type":"product","link":"https:\/\/taylormade-golf.vn\/en\/product\/balo-signature-tm\/","title":{"rendered":"Balo Signature TM"},"content":{"rendered":"<p>Balo Special c\u1ee7a TaylorMade. \u0110\u01b0\u1ee3c thi\u1ebft k\u1ebf v\u00e0 ch\u1ebf t\u1ea1o theo nhu c\u1ea7u c\u1ee7a ng\u01b0\u1eddi ch\u01a1i Tour, s\u1eed d\u1ee5ng da l\u1ed9n Nappa nguy\u00ean h\u1ea1t cao c\u1ea5p.<\/p>\n<p>100% da l\u1ed9n Nappa nguy\u00ean h\u1ea1t cao c\u1ea5p<br \/>\nBa ng\u0103n l\u01b0u tr\u1eef ri\u00eang bi\u1ec7t, m\u1ed7i ng\u0103n c\u00f3 ng\u0103n tinh \u0111\u1ed3 b\u00ean trong ri\u00eang bi\u1ec7t<br \/>\nM\u00e1y t\u00ednh x\u00e1ch tay c\u00f3 \u0111\u1ec7m 11 inch<br \/>\nD\u00e2y cao c\u1ea5p YKK k\u00e9o kh\u00f3a<br \/>\n\u0111eo h\u00e0nh \u0111\u1ed9ng \u0111i qua<br \/>\nT\u1ed1i thi\u1ec3u h\u00f3a d\u1ea5u hi\u1ec7u c\u1ee7a d\u1ea5u hi\u1ec7u<br \/>\nL\u1edbp l\u00f3t ch\u1ed1ng r\u1ec9 x\u01b0\u01a1ng c\u00e1 c\u1ed5 \u0111i\u1ec3n<br \/>\n16&#8243;x11,5&#8243;x5,5&#8243;<\/p>","protected":false},"excerpt":{"rendered":"<p>Balo Special c\u1ee7a TaylorMade. \u0110\u01b0\u1ee3c thi\u1ebft k\u1ebf v\u00e0 ch\u1ebf t\u1ea1o theo nhu c\u1ea7u c\u1ee7a ng\u01b0\u1eddi ch\u01a1i Tour, s\u1eed d\u1ee5ng da l\u1ed9n Nappa nguy\u00ean h\u1ea1t cao c\u1ea5p. 100% da l\u1ed9n Nappa nguy\u00ean h\u1ea1t cao c\u1ea5p Ba ng\u0103n l\u01b0u tr\u1eef ri\u00eang bi\u1ec7t, m\u1ed7i ng\u0103n c\u00f3 ng\u0103n tinh \u0111\u1ed3 b\u00ean trong ri\u00eang bi\u1ec7t M\u00e1y t\u00ednh x\u00e1ch tay c\u00f3 [&hellip;]<\/p>","protected":false},"featured_media":16917,"comment_status":"open","ping_status":"closed","template":"","meta":{"_acf_changed":false,"site-sidebar-layout":"default","site-content-layout":"","ast-site-content-layout":"default","site-content-style":"default","site-sidebar-style":"default","ast-global-header-display":"","ast-banner-title-visibility":"","ast-main-header-display":"","ast-hfb-above-header-display":"","ast-hfb-below-header-display":"","ast-hfb-mobile-header-display":"","site-post-title":"","ast-breadcrumbs-content":"","ast-featured-img":"","footer-sml-layout":"","theme-transparent-header-meta":"default","adv-header-id-meta":"","stick-header-meta":"default","header-above-stick-meta":"","header-main-stick-meta":"","header-below-stick-meta":"","astra-migrate-meta-layouts":"set","ast-page-background-enabled":"default","ast-page-background-meta":{"desktop":{"background-color":"","background-image":"","background-repeat":"repeat","background-position":"center center","background-size":"auto","background-attachment":"scroll","background-type":"","background-media":"","overlay-type":"","overlay-color":"","overlay-opacity":"","overlay-gradient":""},"tablet":{"background-color":"","background-image":"","background-repeat":"repeat","background-position":"center center","background-size":"auto","background-attachment":"scroll","background-type":"","background-media":"","overlay-type":"","overlay-color":"","overlay-opacity":"","overlay-gradient":""},"mobile":{"background-color":"","background-image":"","background-repeat":"repeat","background-position":"center center","background-size":"auto","background-attachment":"scroll","background-type":"","background-media":"","overlay-type":"","overlay-color":"","overlay-opacity":"","overlay-gradient":""}},"ast-content-background-meta":{"desktop":{"background-color":"var(--ast-global-color-5)","background-image":"","background-repeat":"repeat","background-position":"center center","background-size":"auto","background-attachment":"scroll","background-type":"","background-media":"","overlay-type":"","overlay-color":"","overlay-opacity":"","overlay-gradient":""},"tablet":{"background-color":"var(--ast-global-color-5)","background-image":"","background-repeat":"repeat","background-position":"center center","background-size":"auto","background-attachment":"scroll","background-type":"","background-media":"","overlay-type":"","overlay-color":"","overlay-opacity":"","overlay-gradient":""},"mobile":{"background-color":"var(--ast-global-color-5)","background-image":"","background-repeat":"repeat","background-position":"center center","background-size":"auto","background-attachment":"scroll","background-type":"","background-media":"","overlay-type":"","overlay-color":"","overlay-opacity":"","overlay-gradient":""}}},"product_brand":[],"product_cat":[253,383],"product_tag":[],"class_list":{"0":"post-16911","1":"product","2":"type-product","3":"status-publish","4":"has-post-thumbnail","6":"product_cat-tui-taylormade","7":"product_cat-tui-khac","8":"desktop-align-center","9":"tablet-align-center","10":"mobile-align-center","11":"ast-product-gallery-layout-first-image-large","12":"ast-product-single-variable","13":"ast-product-tabs-layout-distributed","15":"first","16":"instock","17":"shipping-taxable","18":"purchasable","19":"product-type-variable"},"acf":[],"_links":{"self":[{"href":"https:\/\/taylormade-golf.vn\/en\/wp-json\/wp\/v2\/product\/16911","targetHints":{"allow":["GET"]}}],"collection":[{"href":"https:\/\/taylormade-golf.vn\/en\/wp-json\/wp\/v2\/product"}],"about":[{"href":"https:\/\/taylormade-golf.vn\/en\/wp-json\/wp\/v2\/types\/product"}],"replies":[{"embeddable":true,"href":"https:\/\/taylormade-golf.vn\/en\/wp-json\/wp\/v2\/comments?post=16911"}],"wp:featuredmedia":[{"embeddable":true,"href":"https:\/\/taylormade-golf.vn\/en\/wp-json\/wp\/v2\/media\/16917"}],"wp:attachment":[{"href":"https:\/\/taylormade-golf.vn\/en\/wp-json\/wp\/v2\/media?parent=16911"}],"wp:term":[{"taxonomy":"product_brand","embeddable":true,"href":"https:\/\/taylormade-golf.vn\/en\/wp-json\/wp\/v2\/product_brand?post=16911"},{"taxonomy":"product_cat","embeddable":true,"href":"https:\/\/taylormade-golf.vn\/en\/wp-json\/wp\/v2\/product_cat?post=16911"},{"taxonomy":"product_tag","embeddable":true,"href":"https:\/\/taylormade-golf.vn\/en\/wp-json\/wp\/v2\/product_tag?post=16911"}],"curies":[{"name":"wp","href":"https:\/\/api.w.org\/{rel}","templated":true}]}}