{"id":16790,"date":"2025-05-15T16:23:54","date_gmt":"2025-05-15T09:23:54","guid":{"rendered":"https:\/\/taylormade-golf.vn\/?post_type=product&#038;p=16790"},"modified":"2025-05-15T16:25:28","modified_gmt":"2025-05-15T09:25:28","slug":"tui-dung-true-light-caddy-tm24-sao-chep","status":"publish","type":"product","link":"https:\/\/taylormade-golf.vn\/en\/product\/tui-dung-true-light-caddy-tm24-sao-chep\/","title":{"rendered":"T\u00fai \u0111\u1ef1ng True Light Caddy TM24 (Sao ch\u00e9p)"},"content":{"rendered":"<p>M\u00f4 t\u1ea3 s\u1ea3n ph\u1ea9m: M\u1ed9t d\u00f2ng s\u1ea3n ph\u1ea9m c\u01a1 b\u1ea3n v\u00e0 ch\u00ednh h\u00e3ng v\u1edbi thi\u1ebft k\u1ebf nh\u1eb9, d\u1ec5 mang theo. T\u00fai \u0111\u1ef1ng \u0111\u1ed3 \u0111\u01b0\u1ee3c l\u00e0m t\u1eeb v\u1ea3i polyester nh\u1eb9, logo \u1edf m\u1eb7t b\u00ean c\u1ee7a t\u00fai \u0111\u01b0\u1ee3c l\u00e0m t\u1eeb da t\u1ed5ng h\u1ee3p v\u00e0 th\u00eau, mang \u0111\u1ebfn cho t\u00fai thi\u1ebft k\u1ebf c\u01a1 b\u1ea3n nh\u01b0ng v\u1eabn n\u1ed5i b\u1eadt.<br \/>\nK\u00edch th\u01b0\u1edbc: 9 inch 2,6kg T\u01b0\u01a1ng th\u00edch v\u1edbi<br \/>\nm\u00e0n h\u00ecnh 47 inch Ch\u1ea5t li\u1ec7u: Polyester, da t\u1ed5ng h\u1ee3p<br \/>\n*\u1ea2nh ch\u1ec9 mang t\u00ednh ch\u1ea5t minh h\u1ecda. M\u00e0u s\u1eafc c\u1ee7a s\u1ea3n ph\u1ea9m th\u1ef1c t\u1ebf c\u00f3 th\u1ec3 kh\u00e1c nhau t\u00f9y thu\u1ed9c v\u00e0o c\u00e0i \u0111\u1eb7t m\u00e0n h\u00ecnh v\u00e0 \u00e1nh s\u00e1ng ph\u00f2ng.<\/p>\n<p>M1377901<br \/>\nM1378001<\/p>","protected":false},"excerpt":{"rendered":"<p>M\u00f4 t\u1ea3 s\u1ea3n ph\u1ea9m: M\u1ed9t d\u00f2ng s\u1ea3n ph\u1ea9m c\u01a1 b\u1ea3n v\u00e0 ch\u00ednh h\u00e3ng v\u1edbi thi\u1ebft k\u1ebf nh\u1eb9, d\u1ec5 mang theo. T\u00fai \u0111\u1ef1ng \u0111\u1ed3 \u0111\u01b0\u1ee3c l\u00e0m t\u1eeb v\u1ea3i polyester nh\u1eb9, logo \u1edf m\u1eb7t b\u00ean c\u1ee7a t\u00fai \u0111\u01b0\u1ee3c l\u00e0m t\u1eeb da t\u1ed5ng h\u1ee3p v\u00e0 th\u00eau, mang \u0111\u1ebfn cho t\u00fai thi\u1ebft k\u1ebf c\u01a1 b\u1ea3n nh\u01b0ng v\u1eabn n\u1ed5i b\u1eadt. [&hellip;]<\/p>","protected":false},"featured_media":16658,"comment_status":"open","ping_status":"closed","template":"","meta":{"_acf_changed":false,"site-sidebar-layout":"default","site-content-layout":"","ast-site-content-layout":"default","site-content-style":"default","site-sidebar-style":"default","ast-global-header-display":"","ast-banner-title-visibility":"","ast-main-header-display":"","ast-hfb-above-header-display":"","ast-hfb-below-header-display":"","ast-hfb-mobile-header-display":"","site-post-title":"","ast-breadcrumbs-content":"","ast-featured-img":"","footer-sml-layout":"","theme-transparent-header-meta":"default","adv-header-id-meta":"","stick-header-meta":"default","header-above-stick-meta":"","header-main-stick-meta":"","header-below-stick-meta":"","astra-migrate-meta-layouts":"set","ast-page-background-enabled":"default","ast-page-background-meta":{"desktop":{"background-color":"","background-image":"","background-repeat":"repeat","background-position":"center center","background-size":"auto","background-attachment":"scroll","background-type":"","background-media":"","overlay-type":"","overlay-color":"","overlay-opacity":"","overlay-gradient":""},"tablet":{"background-color":"","background-image":"","background-repeat":"repeat","background-position":"center center","background-size":"auto","background-attachment":"scroll","background-type":"","background-media":"","overlay-type":"","overlay-color":"","overlay-opacity":"","overlay-gradient":""},"mobile":{"background-color":"","background-image":"","background-repeat":"repeat","background-position":"center center","background-size":"auto","background-attachment":"scroll","background-type":"","background-media":"","overlay-type":"","overlay-color":"","overlay-opacity":"","overlay-gradient":""}},"ast-content-background-meta":{"desktop":{"background-color":"var(--ast-global-color-5)","background-image":"","background-repeat":"repeat","background-position":"center center","background-size":"auto","background-attachment":"scroll","background-type":"","background-media":"","overlay-type":"","overlay-color":"","overlay-opacity":"","overlay-gradient":""},"tablet":{"background-color":"var(--ast-global-color-5)","background-image":"","background-repeat":"repeat","background-position":"center center","background-size":"auto","background-attachment":"scroll","background-type":"","background-media":"","overlay-type":"","overlay-color":"","overlay-opacity":"","overlay-gradient":""},"mobile":{"background-color":"var(--ast-global-color-5)","background-image":"","background-repeat":"repeat","background-position":"center center","background-size":"auto","background-attachment":"scroll","background-type":"","background-media":"","overlay-type":"","overlay-color":"","overlay-opacity":"","overlay-gradient":""}}},"product_brand":[],"product_cat":[253,92],"product_tag":[],"class_list":{"0":"post-16790","1":"product","2":"type-product","3":"status-publish","4":"has-post-thumbnail","6":"product_cat-tui-taylormade","7":"product_cat-tui-gay","8":"desktop-align-center","9":"tablet-align-center","10":"mobile-align-center","11":"ast-product-gallery-layout-first-image-large","12":"ast-product-single-variable","13":"ast-product-tabs-layout-distributed","15":"first","16":"instock","17":"shipping-taxable","18":"purchasable","19":"product-type-variable"},"acf":[],"_links":{"self":[{"href":"https:\/\/taylormade-golf.vn\/en\/wp-json\/wp\/v2\/product\/16790","targetHints":{"allow":["GET"]}}],"collection":[{"href":"https:\/\/taylormade-golf.vn\/en\/wp-json\/wp\/v2\/product"}],"about":[{"href":"https:\/\/taylormade-golf.vn\/en\/wp-json\/wp\/v2\/types\/product"}],"replies":[{"embeddable":true,"href":"https:\/\/taylormade-golf.vn\/en\/wp-json\/wp\/v2\/comments?post=16790"}],"wp:featuredmedia":[{"embeddable":true,"href":"https:\/\/taylormade-golf.vn\/en\/wp-json\/wp\/v2\/media\/16658"}],"wp:attachment":[{"href":"https:\/\/taylormade-golf.vn\/en\/wp-json\/wp\/v2\/media?parent=16790"}],"wp:term":[{"taxonomy":"product_brand","embeddable":true,"href":"https:\/\/taylormade-golf.vn\/en\/wp-json\/wp\/v2\/product_brand?post=16790"},{"taxonomy":"product_cat","embeddable":true,"href":"https:\/\/taylormade-golf.vn\/en\/wp-json\/wp\/v2\/product_cat?post=16790"},{"taxonomy":"product_tag","embeddable":true,"href":"https:\/\/taylormade-golf.vn\/en\/wp-json\/wp\/v2\/product_tag?post=16790"}],"curies":[{"name":"wp","href":"https:\/\/api.w.org\/{rel}","templated":true}]}}