{"id":16774,"date":"2025-04-24T14:26:09","date_gmt":"2025-04-24T07:26:09","guid":{"rendered":"https:\/\/taylormade-golf.vn\/?post_type=product&#038;p=16774"},"modified":"2025-04-24T14:26:10","modified_gmt":"2025-04-24T07:26:10","slug":"khan-lau-soi-nho-taylormade","status":"publish","type":"product","link":"https:\/\/taylormade-golf.vn\/en\/product\/khan-lau-soi-nho-taylormade\/","title":{"rendered":"Kh\u0103n lau s\u1ee3i nh\u1ecf TaylorMade"},"content":{"rendered":"<p><span>Gi\u1eef r\u00e3nh g\u1eady golf s\u1ea1ch s\u1ebd v\u00e0 g\u1eady \u0111\u00e1nh golf c\u1ee7a b\u1ea1n lu\u00f4n s\u1ea1ch s\u1ebd b\u1eb1ng kh\u0103n lau xe \u0111\u1ea9y b\u1eb1ng s\u1ee3i nh\u1ecf c\u1ee7a TaylorMade.<\/span><\/p>\n<p><span>C\u1ea5u tr\u00fac d\u1ec7t t\u1ed5 ong m\u1ec1m m\u1ea1i v\u00e0 th\u1ea5m h\u00fat<\/span><\/p>\n<p><span>V\u00f2ng t\u00fai v\u1ea3i nylon<\/span><\/p>\n<p><span>Th\u00eau TaylorMade<\/span><\/p>\n<p><span>15 IN x 24 IN<\/span><\/p>\n<p><span>85% polyester, 15% polyamide<\/span><\/p>\n<p>B1599601<\/p>","protected":false},"excerpt":{"rendered":"<p>Gi\u1eef r\u00e3nh g\u1eady golf s\u1ea1ch s\u1ebd v\u00e0 g\u1eady \u0111\u00e1nh golf c\u1ee7a b\u1ea1n lu\u00f4n s\u1ea1ch s\u1ebd b\u1eb1ng kh\u0103n lau xe \u0111\u1ea9y b\u1eb1ng s\u1ee3i nh\u1ecf c\u1ee7a TaylorMade. C\u1ea5u tr\u00fac d\u1ec7t t\u1ed5 ong m\u1ec1m m\u1ea1i v\u00e0 th\u1ea5m h\u00fat V\u00f2ng t\u00fai v\u1ea3i nylon Th\u00eau TaylorMade 15 IN x 24 IN 85% polyester, 15% polyamide B1599601<\/p>","protected":false},"featured_media":16726,"comment_status":"open","ping_status":"closed","template":"","meta":{"_acf_changed":false,"site-sidebar-layout":"default","site-content-layout":"","ast-site-content-layout":"default","site-content-style":"default","site-sidebar-style":"default","ast-global-header-display":"","ast-banner-title-visibility":"","ast-main-header-display":"","ast-hfb-above-header-display":"","ast-hfb-below-header-display":"","ast-hfb-mobile-header-display":"","site-post-title":"","ast-breadcrumbs-content":"","ast-featured-img":"","footer-sml-layout":"","theme-transparent-header-meta":"default","adv-header-id-meta":"","stick-header-meta":"default","header-above-stick-meta":"","header-main-stick-meta":"","header-below-stick-meta":"","astra-migrate-meta-layouts":"set","ast-page-background-enabled":"default","ast-page-background-meta":{"desktop":{"background-color":"","background-image":"","background-repeat":"repeat","background-position":"center center","background-size":"auto","background-attachment":"scroll","background-type":"","background-media":"","overlay-type":"","overlay-color":"","overlay-opacity":"","overlay-gradient":""},"tablet":{"background-color":"","background-image":"","background-repeat":"repeat","background-position":"center center","background-size":"auto","background-attachment":"scroll","background-type":"","background-media":"","overlay-type":"","overlay-color":"","overlay-opacity":"","overlay-gradient":""},"mobile":{"background-color":"","background-image":"","background-repeat":"repeat","background-position":"center center","background-size":"auto","background-attachment":"scroll","background-type":"","background-media":"","overlay-type":"","overlay-color":"","overlay-opacity":"","overlay-gradient":""}},"ast-content-background-meta":{"desktop":{"background-color":"var(--ast-global-color-5)","background-image":"","background-repeat":"repeat","background-position":"center center","background-size":"auto","background-attachment":"scroll","background-type":"","background-media":"","overlay-type":"","overlay-color":"","overlay-opacity":"","overlay-gradient":""},"tablet":{"background-color":"var(--ast-global-color-5)","background-image":"","background-repeat":"repeat","background-position":"center center","background-size":"auto","background-attachment":"scroll","background-type":"","background-media":"","overlay-type":"","overlay-color":"","overlay-opacity":"","overlay-gradient":""},"mobile":{"background-color":"var(--ast-global-color-5)","background-image":"","background-repeat":"repeat","background-position":"center center","background-size":"auto","background-attachment":"scroll","background-type":"","background-media":"","overlay-type":"","overlay-color":"","overlay-opacity":"","overlay-gradient":""}}},"product_brand":[],"product_cat":[91,274],"product_tag":[],"class_list":{"0":"post-16774","1":"product","2":"type-product","3":"status-publish","4":"has-post-thumbnail","6":"product_cat-phu-kien","7":"product_cat-phu-kien-khac","8":"desktop-align-center","9":"tablet-align-center","10":"mobile-align-center","11":"ast-product-gallery-layout-first-image-large","12":"ast-product-tabs-layout-distributed","14":"first","15":"instock","16":"shipping-taxable","17":"purchasable","18":"product-type-simple"},"acf":[],"_links":{"self":[{"href":"https:\/\/taylormade-golf.vn\/en\/wp-json\/wp\/v2\/product\/16774","targetHints":{"allow":["GET"]}}],"collection":[{"href":"https:\/\/taylormade-golf.vn\/en\/wp-json\/wp\/v2\/product"}],"about":[{"href":"https:\/\/taylormade-golf.vn\/en\/wp-json\/wp\/v2\/types\/product"}],"replies":[{"embeddable":true,"href":"https:\/\/taylormade-golf.vn\/en\/wp-json\/wp\/v2\/comments?post=16774"}],"wp:featuredmedia":[{"embeddable":true,"href":"https:\/\/taylormade-golf.vn\/en\/wp-json\/wp\/v2\/media\/16726"}],"wp:attachment":[{"href":"https:\/\/taylormade-golf.vn\/en\/wp-json\/wp\/v2\/media?parent=16774"}],"wp:term":[{"taxonomy":"product_brand","embeddable":true,"href":"https:\/\/taylormade-golf.vn\/en\/wp-json\/wp\/v2\/product_brand?post=16774"},{"taxonomy":"product_cat","embeddable":true,"href":"https:\/\/taylormade-golf.vn\/en\/wp-json\/wp\/v2\/product_cat?post=16774"},{"taxonomy":"product_tag","embeddable":true,"href":"https:\/\/taylormade-golf.vn\/en\/wp-json\/wp\/v2\/product_tag?post=16774"}],"curies":[{"name":"wp","href":"https:\/\/api.w.org\/{rel}","templated":true}]}}