{"id":16707,"date":"2025-04-16T13:55:11","date_gmt":"2025-04-16T06:55:11","guid":{"rendered":"https:\/\/taylormade-golf.vn\/?post_type=product&#038;p=16707"},"modified":"2025-04-16T13:55:12","modified_gmt":"2025-04-16T06:55:12","slug":"bo-gay-sat-iron-p7cb-taylormade-4-p","status":"publish","type":"product","link":"https:\/\/taylormade-golf.vn\/en\/product\/bo-gay-sat-iron-p7cb-taylormade-4-p\/","title":{"rendered":"B\u1ed9 G\u1eady S\u1eaft Iron P7CB TaylorMade (4-P)"},"content":{"rendered":"<p class=\"lead\"><strong data-start=\"0\" data-end=\"28\" data-is-only-node=\"\">\u0110\u1ed9 Ch\u00ednh X\u00e1c Cao<\/strong><\/p>\n<p class=\"lead\">D\u00f2ng g\u1eady s\u1eaft P\u00b77CB\u2122 \u0111\u01b0\u1ee3c t\u1ea1o ra d\u1ef1a tr\u00ean ph\u1ea3n h\u1ed3i k\u1ef9 l\u01b0\u1ee1ng t\u1eeb c\u00e1c golfer chuy\u00ean nghi\u1ec7p v\u00e0 qu\u00e1 tr\u00ecnh ph\u00e2n t\u00edch chuy\u00ean s\u00e2u. Thi\u1ebft k\u1ebf n\u00e0y h\u01b0\u1edbng \u0111\u1ebfn nh\u1eefng ng\u01b0\u1eddi ch\u01a1i y\u00eau c\u1ea7u c\u1ea3m gi\u00e1c \u0111\u00e1nh b\u00f3ng thu\u1ea7n khi\u1ebft nh\u1ea5t, kh\u1ea3 n\u0103ng ki\u1ec3m so\u00e1t t\u1eebng c\u00fa \u0111\u00e1nh v\u00e0 \u0111\u1ed9 nh\u1ea5t qu\u00e1n tuy\u1ec7t \u0111\u1ed1i.<\/p>\n<h3 data-start=\"0\" data-end=\"262\"><strong data-start=\"0\" data-end=\"23\" data-is-only-node=\"\">C\u1ea3m Gi\u00e1c Chu\u1ea9n Tour<\/strong><\/h3>\n<p class=\"\" data-start=\"0\" data-end=\"262\">Nh\u1edd quy tr\u00ecnh Compact Grain Forging \u0111\u1ed9c quy\u1ec1n, m\u1ed7i \u0111\u1ea7u g\u1eady \u0111\u01b0\u1ee3c r\u00e8n d\u01b0\u1edbi \u00e1p l\u1ef1c l\u00ean \u0111\u1ebfn 2.000 t\u1ea5n, t\u1ea1o n\u00ean ch\u1ea5t li\u1ec7u th\u00e9p carbon m\u1ec1m 1025 tinh khi\u1ebft nh\u1ea5t. K\u1ebft qu\u1ea3 l\u00e0 c\u1ea3m gi\u00e1c \u0111\u00e1nh b\u00f3ng v\u01b0\u1ee3t tr\u1ed9i v\u00e0 \u0111\u1ed9 nh\u1ea5t qu\u00e1n t\u1ed1i \u0111a \u2013 \u0111\u00fang chu\u1ea9n Tour.<\/p>\n<h3><strong data-start=\"0\" data-end=\"35\" data-is-only-node=\"\">\u0110\u1ed9 \u1ed4n \u0110\u1ecbnh Tuy\u1ec7t \u0110\u1ed1i<\/strong><\/h3>\n<p>S\u1ef1 \u1ed5n \u0111\u1ecbnh l\u00e0 y\u1ebfu t\u1ed1 then ch\u1ed1t trong nh\u1eefng c\u00fa \u0111\u00e1nh s\u1eaft ch\u1ea5t l\u01b0\u1ee3ng. G\u1eady s\u1eaft P\u00b77CB \u0111\u01b0\u1ee3c thi\u1ebft k\u1ebf v\u1edbi ph\u00e2n b\u1ed1 tr\u1ecdng l\u01b0\u1ee3ng vi\u1ec1n t\u1ed1i \u01b0u c\u00f9ng m\u1ed9t kh\u1ed1i tungsten \u0111\u01b0\u1ee3c r\u00e8n \u0111\u1ed3ng b\u1ed9, mang \u0111\u1ebfn s\u1ef1 \u1ed5n \u0111\u1ecbnh v\u00e0 kh\u1ea3 n\u0103ng ki\u1ec3m so\u00e1t b\u00f3ng nh\u1ea5t qu\u00e1n xuy\u00ean su\u1ed1t c\u1ea3 b\u1ed9 g\u1eady.<\/p>\n<h3 class=\"tw-mb-6 tw-block tw-leading-none tw-text-center tw-font-bold\"><strong data-start=\"0\" data-end=\"23\" data-is-only-node=\"\">Ki\u1ec3m So\u00e1t Ch\u00ednh X\u00e1c<\/strong><\/h3>\n<p class=\"tw-mb-6 tw-block tw-leading-none tw-text-center tw-font-bold\">Trong b\u1ed9 m\u00f4n golf, kh\u1ea3 n\u0103ng ki\u1ec3m so\u00e1t ch\u00ednh x\u00e1c l\u00e0 y\u1ebfu t\u1ed1 then ch\u1ed1t khi s\u1eed d\u1ee5ng g\u1eady s\u1eaft. M\u1eb7t g\u1eady v\u00e0 c\u00e1c r\u00e3nh c\u1ee7a P\u00b77CB \u0111\u01b0\u1ee3c gia c\u00f4ng CNC m\u1ed9t c\u00e1ch t\u1ec9 m\u1ec9 nh\u1eb1m t\u1ea1o ra g\u00f3c ph\u00f3ng v\u00e0 \u0111\u1ed9 xo\u00e1y l\u00fd t\u01b0\u1edfng, mang \u0111\u1ebfn kh\u1ea3 n\u0103ng ki\u1ec3m so\u00e1t t\u1ed1i \u0111a trong t\u1eebng c\u00fa \u0111\u00e1nh v\u1edbi m\u1ecdi c\u00e2y g\u1eady trong b\u1ed9.<\/p>\n<h3 data-start=\"0\" data-end=\"43\"><strong data-start=\"0\" data-end=\"51\" data-is-only-node=\"\">\u0110\u01b0\u1ee3c Ki\u1ec3m Ch\u1ee9ng Tr\u00ean Tour V\u1edbi Ki\u1ec3u D\u00e1ng C\u1ed5 \u0110i\u1ec3n<\/strong><\/h3>\n<p data-start=\"0\" data-end=\"43\">Th\u00f4ng qua qu\u00e1 tr\u00ecnh ki\u1ec3m nghi\u1ec7m kh\u1eaft khe c\u00f9ng ph\u1ea3n h\u1ed3i tr\u1ef1c ti\u1ebfp t\u1eeb c\u00e1c v\u1eadn \u0111\u1ed9ng vi\u00ean chuy\u00ean nghi\u1ec7p, P\u00b77CB \u0111\u01b0\u1ee3c tinh ch\u1ec9nh v\u1edbi chi\u1ec1u d\u00e0i l\u01b0\u1ee1i g\u1eady ng\u1eafn g\u1ecdn v\u00e0 \u0111\u01b0\u1eddng topline m\u1ecfng, mang l\u1ea1i di\u1ec7n m\u1ea1o g\u1ecdn g\u00e0ng, tinh t\u1ebf gi\u00fap b\u1ea1n t\u1ef1 tin th\u1ef1c hi\u1ec7n nh\u1eefng c\u00fa \u0111\u00e1nh t\u1ed1t nh\u1ea5t.<\/p>\n<p data-start=\"0\" data-end=\"43\">G\u00f3c bounce v\u00e0 \u0111\u1ed9 cong \u0111\u1ebf g\u1eady \u0111\u01b0\u1ee3c thi\u1ebft k\u1ebf theo h\u01b0\u1edbng ti\u1ebfn b\u1ed9 gi\u00fap t\u01b0\u01a1ng t\u00e1c \u1ed5n \u0111\u1ecbnh v\u1edbi m\u1eb7t c\u1ecf trong m\u1ecdi t\u00ecnh hu\u1ed1ng.<\/p>","protected":false},"excerpt":{"rendered":"<p>\u0110\u1ed9 Ch\u00ednh X\u00e1c Cao D\u00f2ng g\u1eady s\u1eaft P\u00b77CB\u2122 \u0111\u01b0\u1ee3c t\u1ea1o ra d\u1ef1a tr\u00ean ph\u1ea3n h\u1ed3i k\u1ef9 l\u01b0\u1ee1ng t\u1eeb c\u00e1c golfer chuy\u00ean nghi\u1ec7p v\u00e0 qu\u00e1 tr\u00ecnh ph\u00e2n t\u00edch chuy\u00ean s\u00e2u. Thi\u1ebft k\u1ebf n\u00e0y h\u01b0\u1edbng \u0111\u1ebfn nh\u1eefng ng\u01b0\u1eddi ch\u01a1i y\u00eau c\u1ea7u c\u1ea3m gi\u00e1c \u0111\u00e1nh b\u00f3ng thu\u1ea7n khi\u1ebft nh\u1ea5t, kh\u1ea3 n\u0103ng ki\u1ec3m so\u00e1t t\u1eebng c\u00fa \u0111\u00e1nh v\u00e0 \u0111\u1ed9 [&hellip;]<\/p>","protected":false},"featured_media":16712,"comment_status":"open","ping_status":"closed","template":"","meta":{"_acf_changed":false,"site-sidebar-layout":"default","site-content-layout":"","ast-site-content-layout":"default","site-content-style":"default","site-sidebar-style":"default","ast-global-header-display":"","ast-banner-title-visibility":"","ast-main-header-display":"","ast-hfb-above-header-display":"","ast-hfb-below-header-display":"","ast-hfb-mobile-header-display":"","site-post-title":"","ast-breadcrumbs-content":"","ast-featured-img":"","footer-sml-layout":"","theme-transparent-header-meta":"default","adv-header-id-meta":"","stick-header-meta":"default","header-above-stick-meta":"","header-main-stick-meta":"","header-below-stick-meta":"","astra-migrate-meta-layouts":"set","ast-page-background-enabled":"default","ast-page-background-meta":{"desktop":{"background-color":"","background-image":"","background-repeat":"repeat","background-position":"center center","background-size":"auto","background-attachment":"scroll","background-type":"","background-media":"","overlay-type":"","overlay-color":"","overlay-opacity":"","overlay-gradient":""},"tablet":{"background-color":"","background-image":"","background-repeat":"repeat","background-position":"center center","background-size":"auto","background-attachment":"scroll","background-type":"","background-media":"","overlay-type":"","overlay-color":"","overlay-opacity":"","overlay-gradient":""},"mobile":{"background-color":"","background-image":"","background-repeat":"repeat","background-position":"center center","background-size":"auto","background-attachment":"scroll","background-type":"","background-media":"","overlay-type":"","overlay-color":"","overlay-opacity":"","overlay-gradient":""}},"ast-content-background-meta":{"desktop":{"background-color":"var(--ast-global-color-5)","background-image":"","background-repeat":"repeat","background-position":"center center","background-size":"auto","background-attachment":"scroll","background-type":"","background-media":"","overlay-type":"","overlay-color":"","overlay-opacity":"","overlay-gradient":""},"tablet":{"background-color":"var(--ast-global-color-5)","background-image":"","background-repeat":"repeat","background-position":"center center","background-size":"auto","background-attachment":"scroll","background-type":"","background-media":"","overlay-type":"","overlay-color":"","overlay-opacity":"","overlay-gradient":""},"mobile":{"background-color":"var(--ast-global-color-5)","background-image":"","background-repeat":"repeat","background-position":"center center","background-size":"auto","background-attachment":"scroll","background-type":"","background-media":"","overlay-type":"","overlay-color":"","overlay-opacity":"","overlay-gradient":""}}},"product_brand":[],"product_cat":[71,75],"product_tag":[],"class_list":{"0":"post-16707","1":"product","2":"type-product","3":"status-publish","4":"has-post-thumbnail","6":"product_cat-gay-gon","7":"product_cat-iron","8":"desktop-align-center","9":"tablet-align-center","10":"mobile-align-center","11":"ast-product-gallery-layout-first-image-large","12":"ast-product-single-variable","13":"ast-product-tabs-layout-distributed","15":"first","16":"instock","17":"shipping-taxable","18":"purchasable","19":"product-type-variable"},"acf":[],"_links":{"self":[{"href":"https:\/\/taylormade-golf.vn\/en\/wp-json\/wp\/v2\/product\/16707","targetHints":{"allow":["GET"]}}],"collection":[{"href":"https:\/\/taylormade-golf.vn\/en\/wp-json\/wp\/v2\/product"}],"about":[{"href":"https:\/\/taylormade-golf.vn\/en\/wp-json\/wp\/v2\/types\/product"}],"replies":[{"embeddable":true,"href":"https:\/\/taylormade-golf.vn\/en\/wp-json\/wp\/v2\/comments?post=16707"}],"wp:featuredmedia":[{"embeddable":true,"href":"https:\/\/taylormade-golf.vn\/en\/wp-json\/wp\/v2\/media\/16712"}],"wp:attachment":[{"href":"https:\/\/taylormade-golf.vn\/en\/wp-json\/wp\/v2\/media?parent=16707"}],"wp:term":[{"taxonomy":"product_brand","embeddable":true,"href":"https:\/\/taylormade-golf.vn\/en\/wp-json\/wp\/v2\/product_brand?post=16707"},{"taxonomy":"product_cat","embeddable":true,"href":"https:\/\/taylormade-golf.vn\/en\/wp-json\/wp\/v2\/product_cat?post=16707"},{"taxonomy":"product_tag","embeddable":true,"href":"https:\/\/taylormade-golf.vn\/en\/wp-json\/wp\/v2\/product_tag?post=16707"}],"curies":[{"name":"wp","href":"https:\/\/api.w.org\/{rel}","templated":true}]}}