{"id":16697,"date":"2025-04-15T15:05:28","date_gmt":"2025-04-15T08:05:28","guid":{"rendered":"https:\/\/taylormade-golf.vn\/?post_type=product&#038;p=16697"},"modified":"2025-04-15T15:05:28","modified_gmt":"2025-04-15T08:05:28","slug":"bo-gay-sat-new-p770-irons","status":"publish","type":"product","link":"https:\/\/taylormade-golf.vn\/en\/product\/bo-gay-sat-new-p770-irons\/","title":{"rendered":"B\u1ed9 G\u1eady S\u1eaft New P770 Irons"},"content":{"rendered":"<h3 class=\"\" data-start=\"0\" data-end=\"73\"><strong data-start=\"4\" data-end=\"71\">C\u1ea3m gi\u00e1c \u0111\u00e1nh b\u00f3ng v\u00e0 \u00e2m thanh tinh t\u1ebf<\/strong><\/h3>\n<p class=\"\" data-start=\"75\" data-end=\"395\">Phi\u00ean b\u1ea3n m\u1edbi c\u1ee7a P770 iron mang \u0111\u1ebfn c\u1ea3m gi\u00e1c \u0111\u00e1nh b\u00f3ng v\u00e0 \u00e2m thanh v\u01b0\u1ee3t tr\u1ed9i so v\u1edbi th\u1ebf h\u1ec7 tr\u01b0\u1edbc.<br data-start=\"181\" data-end=\"184\" \/>Nh\u1edd c\u1ea5u tr\u00fac th\u00e2n r\u1ed7ng t\u1eeb th\u00e9p m\u1ec1m (forged hollow-body) v\u00e0 qu\u00e1 tr\u00ecnh ph\u00e2n t\u00edch vi m\u00f4 dao \u0111\u1ed9ng t\u1ea1i \u0111i\u1ec3m va ch\u1ea1m, TaylorMade \u0111\u00e3 t\u1ed1i \u01b0u h\u00f3a c\u1ea3m gi\u00e1c ch\u1ea1m b\u00f3ng \u0111\u1ebfn m\u1ee9c t\u1ed1t nh\u1ea5t trong l\u1ecbch s\u1eed d\u00f2ng P770.<\/p>\n<p class=\"\" data-start=\"461\" data-end=\"603\">V\u1edbi d\u1ecbch v\u1ee5 custom club c\u1ee7a TaylorMade, ng\u01b0\u1eddi ch\u01a1i c\u00f3 th\u1ec3 \u0111\u1eb7t ri\u00eang t\u1eebng c\u00e2y g\u1eady s\u1eaft, ho\u00e0n to\u00e0n ph\u00f9 h\u1ee3p v\u1edbi phong c\u00e1ch ch\u01a1i c\u00e1 nh\u00e2n.<\/p>\n<p class=\"\" data-start=\"605\" data-end=\"811\">Ngo\u00e0i ra, thi\u1ebft k\u1ebf m\u1edbi c\u00f2n gi\u00fap t\u1ed1i \u01b0u h\u00ecnh d\u1ea1ng \u0111\u1ea7u g\u1eady v\u00e0 loft theo t\u1eebng s\u1ed1 g\u1eady, h\u1ed7 tr\u1ee3 k\u1ebft h\u1ee3p combo set gi\u1eefa c\u00e1c d\u00f2ng g\u1eady (nh\u01b0 P770, P7MC, P790\u2026) tr\u1edf n\u00ean m\u01b0\u1ee3t m\u00e0 v\u00e0 hi\u1ec7u qu\u1ea3 h\u01a1n bao gi\u1edd h\u1ebft.<\/p>\n<h3 class=\"\" data-start=\"0\" data-end=\"51\"><strong data-start=\"4\" data-end=\"49\">Video \u0111\u00e1nh gi\u00e1 th\u1ef1c t\u1ebf t\u1eeb Team TaylorMade<\/strong><\/h3>\n<p class=\"\" data-start=\"53\" data-end=\"235\">Trong video \u0111\u00e1nh gi\u00e1 m\u1edbi nh\u1ea5t, hai golfer xu\u1ea5t s\u1eafc c\u1ee7a Team TaylorMade \u2013 Hina Arakaki v\u00e0 Akuryu Iwasaki \u0111\u00e3 tr\u1ef1c ti\u1ebfp th\u1eed nghi\u1ec7m hai m\u1eabu g\u1eady iron m\u1edbi nh\u1ea5t: P770 v\u00e0 P7CB.<\/p>\n<p class=\"\" data-start=\"237\" data-end=\"468\">C\u1ea3 hai \u0111\u1ec1u l\u00e0 nh\u1eefng shot-maker h\u00e0ng \u0111\u1ea7u, \u0111ang s\u1eed d\u1ee5ng c\u00e1c d\u00f2ng g\u1eady n\u00e0y thi \u0111\u1ea5u tr\u00ean Tour (*), v\u00e0 trong video h\u1ecd chia s\u1ebb tr\u1ea3i nghi\u1ec7m ch\u00e2n th\u1ef1c, t\u1eeb c\u1ea3m gi\u00e1c impact cho \u0111\u1ebfn kh\u1ea3 n\u0103ng ki\u1ec3m so\u00e1t b\u00f3ng, kho\u1ea3ng c\u00e1ch v\u00e0 \u0111\u1ed9 \u1ed5n \u0111\u1ecbnh.<\/p>\n<div id=\"row-1049479626\" class=\"row align-middle\">\n<div id=\"col-1037297385\" class=\"col medium-6 small-12 large-6\">\n<div class=\"col-inner\">\n<p><video class=\"tw-block tw-w-full\" autoplay=\"autoplay\" loop=\"loop\" muted=\"\" width=\"300\" height=\"150\" data-mce-fragment=\"1\"><\/video><\/p>\n<div class=\"sizing-small phase-pre-ready state-no-source\">\n<div><\/div>\n<\/div>\n<\/div>\n<\/div>\n<div id=\"col-1348757125\" class=\"col medium-6 small-12 large-6\">\n<div class=\"col-inner\">\n<h3 class=\"\" data-start=\"0\" data-end=\"51\"><strong data-start=\"4\" data-end=\"49\">Video \u0111\u00e1nh gi\u00e1 th\u1ef1c t\u1ebf t\u1eeb Team TaylorMade<\/strong><\/h3>\n<p class=\"\" data-start=\"53\" data-end=\"235\">Trong video \u0111\u00e1nh gi\u00e1 m\u1edbi nh\u1ea5t, hai golfer xu\u1ea5t s\u1eafc c\u1ee7a Team TaylorMade \u2013 Hina Arakaki v\u00e0 Akuryu Iwasaki \u0111\u00e3 tr\u1ef1c ti\u1ebfp th\u1eed nghi\u1ec7m hai m\u1eabu g\u1eady iron m\u1edbi nh\u1ea5t: P770 v\u00e0 P7CB.<\/p>\n<p class=\"\" data-start=\"237\" data-end=\"468\">C\u1ea3 hai \u0111\u1ec1u l\u00e0 nh\u1eefng shot-maker h\u00e0ng \u0111\u1ea7u, \u0111ang s\u1eed d\u1ee5ng c\u00e1c d\u00f2ng g\u1eady n\u00e0y thi \u0111\u1ea5u tr\u00ean Tour (*), v\u00e0 trong video h\u1ecd chia s\u1ebb tr\u1ea3i nghi\u1ec7m ch\u00e2n th\u1ef1c, t\u1eeb c\u1ea3m gi\u00e1c impact cho \u0111\u1ebfn kh\u1ea3 n\u0103ng ki\u1ec3m so\u00e1t b\u00f3ng, kho\u1ea3ng c\u00e1ch v\u00e0 \u0111\u1ed9 \u1ed5n \u0111\u1ecbnh.<\/p>\n<p data-start=\"237\" data-end=\"468\"><a href=\"https:\/\/www.youtube.com\/watch?v=5EwyKd2EhVw\" target=\"_blank\" rel=\"noopener\"><strong>Xem Video T\u1ea1i \u0110\u00e2y<\/strong><\/a><\/p>\n<\/div>\n<\/div>\n<\/div>\n<div id=\"row-1004036784\" class=\"row align-middle\">\n<div id=\"col-1968903878\" class=\"col medium-6 small-12 large-6\">\n<div class=\"col-inner\">\n<h3 class=\"\" data-start=\"0\" data-end=\"54\"><strong data-start=\"4\" data-end=\"54\">S\u1ef1 ti\u1ebfn h\u00f3a v\u01b0\u1ee3t b\u1eadc c\u1ee7a d\u00f2ng g\u1eady Players Iron<\/strong><\/h3>\n<p class=\"\" data-start=\"56\" data-end=\"194\">Phi\u00ean b\u1ea3n m\u1edbi c\u1ee7a d\u00f2ng g\u1eady s\u1eaft d\u00e0nh cho golfer c\u00f3 k\u1ef9 thu\u1eadt \u2013 Players Iron \u2013 nay \u0111\u01b0\u1ee3c n\u00e2ng c\u1ea5p v\u1edbi thi\u1ebft k\u1ebf \u0111\u1eb7c tr\u01b0ng c\u1ee7a TaylorMade:<\/p>\n<h4 class=\"\" data-start=\"196\" data-end=\"269\"><img decoding=\"async\" class=\"emoji\" role=\"img\" draggable=\"false\" src=\"https:\/\/s.w.org\/images\/core\/emoji\/15.0.3\/svg\/1f527.svg\" alt=\"\ud83d\udd27\" \/>\u00a0<strong data-start=\"204\" data-end=\"267\">FLTD CG Design \u2013 Thi\u1ebft k\u1ebf tr\u1ecdng t\u00e2m t\u1ed1i \u01b0u theo t\u1eebng s\u1ed1 g\u1eady<\/strong><\/h4>\n<ul data-start=\"270\" data-end=\"635\">\n<li class=\"\" data-start=\"270\" data-end=\"383\">\n<p class=\"\" data-start=\"272\" data-end=\"383\">Long iron: Tr\u1ecdng t\u00e2m th\u1ea5p h\u01a1n gi\u00fap b\u00f3ng d\u1ec5 c\u1ea5t l\u00ean v\u00e0 t\u1ea1o qu\u1ef9 \u0111\u1ea1o cao, h\u1ed7 tr\u1ee3 t\u1ed1i \u0111a kho\u1ea3ng c\u00e1ch.<\/p>\n<\/li>\n<li class=\"\" data-start=\"384\" data-end=\"635\">\n<p class=\"\" data-start=\"386\" data-end=\"635\">Short iron: Tr\u1ecdng t\u00e2m cao h\u01a1n gi\u00fap b\u00f3ng \u0111i th\u1ea5p h\u01a1n v\u00e0 nhi\u1ec1u spin h\u01a1n, t\u0103ng t\u00ednh nh\u1ea5t qu\u00e1n v\u00e0 kh\u1ea3 n\u0103ng \u0111i\u1ec1u khi\u1ec3n trong nh\u1eefng c\u00fa \u0111\u00e1nh ghi \u0111i\u1ec3m (scoring shots).<br data-start=\"557\" data-end=\"560\" \/><img decoding=\"async\" class=\"emoji\" role=\"img\" draggable=\"false\" src=\"https:\/\/s.w.org\/images\/core\/emoji\/15.0.3\/svg\/1f449.svg\" alt=\"\ud83d\udc49\" \/>\u00a0Nh\u1edd \u0111\u00f3, m\u1ed7i c\u00e2y g\u1eady \u0111\u1ec1u \u0111\u01b0\u1ee3c t\u1ed1i \u01b0u \u0111\u00fang v\u1edbi vai tr\u00f2 chi\u1ebfn thu\u1eadt c\u1ee7a n\u00f3.<\/p>\n<\/li>\n<\/ul>\n<h4 class=\"\" data-start=\"637\" data-end=\"709\"><img decoding=\"async\" class=\"emoji\" role=\"img\" draggable=\"false\" src=\"https:\/\/s.w.org\/images\/core\/emoji\/15.0.3\/svg\/1f529.svg\" alt=\"\ud83d\udd29\" \/>\u00a0<strong data-start=\"645\" data-end=\"707\">M\u1eb7t g\u1eady forged L-shaped t\u1eeb th\u00e9p chromoly + Progressive ICT<\/strong><\/h4>\n<p class=\"\" data-start=\"710\" data-end=\"834\">S\u1ef1 k\u1ebft h\u1ee3p gi\u1eefa m\u1eb7t g\u1eady L-type r\u00e8n t\u1eeb th\u00e9p cromoly v\u00e0 c\u00f4ng ngh\u1ec7 Progressive Inverted Cone Technology (ICT) cho ph\u00e9p:<\/p>\n<ul data-start=\"836\" data-end=\"987\">\n<li class=\"\" data-start=\"836\" data-end=\"874\">\n<p class=\"\" data-start=\"838\" data-end=\"874\">T\u1ed1i \u01b0u \u0111\u1ed9 d\u00e0y m\u1eb7t g\u1eady theo t\u1eebng s\u1ed1<\/p>\n<\/li>\n<li class=\"\" data-start=\"875\" data-end=\"942\">\n<p class=\"\" data-start=\"877\" data-end=\"942\">Gi\u1ea3m \u0111\u1ed9 sai l\u1ec7ch qu\u1ef9 \u0111\u1ea1o khi \u0111\u00e1nh l\u1ec7ch t\u00e2m (off-center hit)<\/p>\n<\/li>\n<li class=\"\" data-start=\"943\" data-end=\"987\">\n<p class=\"\" data-start=\"945\" data-end=\"987\">T\u0103ng t\u00ednh \u1ed5n \u0111\u1ecbnh v\u00e0 kho\u1ea3ng c\u00e1ch nh\u1ea5t qu\u00e1n<\/p>\n<\/li>\n<li data-start=\"943\" data-end=\"987\">\n<h3 class=\"\" data-start=\"0\" data-end=\"59\"><strong data-start=\"4\" data-end=\"59\">T\u1ed1i \u01afu H\u00f3a T\u00ednh \u1ed4n \u0110\u1ecbnh<\/strong><\/h3>\n<p class=\"\" data-start=\"61\" data-end=\"195\">Phi\u00ean b\u1ea3n iron m\u1edbi c\u1ee7a TaylorMade ti\u1ebfp t\u1ee5c \u0111\u1ea9y gi\u1edbi h\u1ea1n v\u1ec1 t\u00ednh \u1ed5n \u0111\u1ecbnh, c\u1ea3m gi\u00e1c v\u00e0 hi\u1ec7u su\u1ea5t b\u1eb1ng h\u00e0ng lo\u1ea1t c\u00f4ng ngh\u1ec7 \u0111\u1ed9c quy\u1ec1n:<\/p>\n<h4 class=\"\" data-start=\"202\" data-end=\"267\"><strong><img decoding=\"async\" class=\"emoji\" role=\"img\" draggable=\"false\" src=\"https:\/\/s.w.org\/images\/core\/emoji\/15.0.3\/svg\/1f9ca.svg\" alt=\"\ud83e\uddca\" \/>\u00a0C\u1ea5u tr\u00fac th\u00e2n r\u1ed7ng t\u1eeb th\u00e9p m\u1ec1m (forged hollow-body)<\/strong><\/h4>\n<ul data-start=\"268\" data-end=\"527\">\n<li class=\"\" data-start=\"268\" data-end=\"527\">\n<p class=\"\" data-start=\"270\" data-end=\"527\">K\u1ebft h\u1ee3p v\u1edbi tungsten weighting (l\u00ean \u0111\u1ebfn 41g cho c\u00e1c g\u1eady #3\u2013#8) gi\u00fap t\u1ed1i \u01b0u tr\u1ecdng t\u00e2m v\u00e0 MOI theo t\u1eebng s\u1ed1 g\u1eady,<br data-start=\"387\" data-end=\"390\" \/>\u2192 mang l\u1ea1i qu\u1ef9 \u0111\u1ea1o \u1ed5n \u0111\u1ecbnh h\u01a1n, kho\u1ea3ng c\u00e1ch t\u1ed1t h\u01a1n v\u00e0 kh\u1ea3 n\u0103ng ki\u1ec3m so\u00e1t tuy\u1ec7t v\u1eddi m\u00e0 kh\u00f4ng \u0111\u00e1nh m\u1ea5t v\u1ebb ngo\u00e0i g\u1ecdn g\u00e0ng, tinh t\u1ebf.<\/p>\n<\/li>\n<\/ul>\n<h4 class=\"\" data-start=\"534\" data-end=\"607\"><strong><img decoding=\"async\" class=\"emoji\" role=\"img\" draggable=\"false\" src=\"https:\/\/s.w.org\/images\/core\/emoji\/15.0.3\/svg\/1f4a8.svg\" alt=\"\ud83d\udca8\" \/>\u00a0SPEEDFOAM\u2122 AIR \u2013 V\u1eadt li\u1ec7u gi\u1ea3m rung \u0111\u1ed9c quy\u1ec1n t\u1eeb TaylorMade<\/strong><\/h4>\n<ul data-start=\"608\" data-end=\"774\">\n<li class=\"\" data-start=\"608\" data-end=\"774\">\n<p class=\"\" data-start=\"610\" data-end=\"774\">\u0110\u01b0\u1ee3c b\u01a1m v\u00e0o b\u00ean trong \u0111\u1ea7u g\u1eady, gi\u00fap:<br data-start=\"651\" data-end=\"654\" \/><img decoding=\"async\" class=\"emoji\" role=\"img\" draggable=\"false\" src=\"https:\/\/s.w.org\/images\/core\/emoji\/15.0.3\/svg\/2714.svg\" alt=\"\u2714\" \/>\u00a0T\u0103ng \u0111\u1ed9 c\u1ee9ng m\u1eb7t g\u1eady \u2192 h\u1ed7 tr\u1ee3 t\u1ed1c \u0111\u1ed9 b\u00f3ng<br data-start=\"699\" data-end=\"702\" \/><img decoding=\"async\" class=\"emoji\" role=\"img\" draggable=\"false\" src=\"https:\/\/s.w.org\/images\/core\/emoji\/15.0.3\/svg\/2714.svg\" alt=\"\u2714\" \/>\u00a0Gi\u1ea3m rung \u2192 t\u1ea1o c\u1ea3m gi\u00e1c \u0111\u00e1nh b\u00f3ng \u201cm\u01b0\u1ee3t m\u00e0\u201d v\u00e0 \u00e2m thanh d\u1ec5 ch\u1ecbu<\/p>\n<\/li>\n<\/ul>\n<h4 class=\"\" data-start=\"781\" data-end=\"855\"><strong><img decoding=\"async\" class=\"emoji\" role=\"img\" draggable=\"false\" src=\"https:\/\/s.w.org\/images\/core\/emoji\/15.0.3\/svg\/1f3af.svg\" alt=\"\ud83c\udfaf\" \/>\u00a0Thru-Slot Speed Pocket\u2122 \u2013 C\u00f4ng ngh\u1ec7 r\u00e3nh t\u0103ng t\u1ed1c xuy\u00ean su\u1ed1t<\/strong><\/h4>\n<ul data-start=\"856\" data-end=\"1011\">\n<li class=\"\" data-start=\"856\" data-end=\"909\">\n<p class=\"\" data-start=\"858\" data-end=\"909\">Gi\u1ea3m thi\u1ec3u \u0111\u1ed9 xo\u00e1y kh\u00f4ng c\u1ea7n thi\u1ebft do mis-hit<\/p>\n<\/li>\n<li class=\"\" data-start=\"910\" data-end=\"1011\">\n<p class=\"\" data-start=\"912\" data-end=\"1011\">Duy tr\u00ec t\u1ed1c \u0111\u1ed9 b\u00f3ng \u1ed5n \u0111\u1ecbnh, \u0111\u1eb7c bi\u1ec7t l\u00e0 v\u1edbi nh\u1eefng c\u00fa \u0111\u00e1nh th\u1ea5p tr\u00ean m\u1eb7t g\u1eady (low-face strikes)<\/p>\n<\/li>\n<li data-start=\"910\" data-end=\"1011\">\n<h3 class=\"\" data-start=\"0\" data-end=\"43\">\u00a0Thi\u1ebft K\u1ebf \u0110\u1ea7u G\u1eady M\u1edbi Tinh G\u1ecdn<\/h3>\n<p class=\"\" data-start=\"45\" data-end=\"277\">M\u1ed9t h\u00ecnh d\u1ea1ng \u0111\u1ea7u g\u1eady s\u1ea1ch s\u1ebd v\u00e0 nh\u1ecf g\u1ecdn h\u01a1n, \u0111\u00fang v\u1edbi k\u1ef3 v\u1ecdng c\u1ee7a golfer \u2013 gi\u00fap g\u1eady d\u1ec5 tho\u00e1t kh\u1ecfi m\u1eb7t c\u1ecf. \u1ede phi\u00ean b\u1ea3n m\u1edbi P770 Iron, ph\u1ea7n topline \u0111\u01b0\u1ee3c l\u00e0m s\u1eafc n\u00e9t h\u01a1n, n\u1ed5i b\u1eadt v\u1edbi thi\u1ebft k\u1ebf \u0111\u1ea7u g\u1eady g\u1ecdn g\u00e0ng v\u00e0 tinh t\u1ebf.<\/p>\n<p class=\"\" data-start=\"279\" data-end=\"508\">Ngo\u00e0i ra, \u0111\u1ebf g\u1eady (sole) v\u00e0 c\u1ea1nh tr\u01b0\u1edbc (leading edge) c\u0169ng \u0111\u01b0\u1ee3c thi\u1ebft k\u1ebf l\u1ea1i t\u00f9y theo t\u1eebng s\u1ed1 g\u1eady, gi\u00fap c\u1ea3i thi\u1ec7n \u0111\u1ed9 \u1ed5n \u0111\u1ecbnh, kh\u1ea3 n\u0103ng l\u1eb7p l\u1ea1i c\u00fa \u0111\u00e1nh, \u0111\u1ed3ng th\u1eddi t\u0103ng kh\u1ea3 n\u0103ng tho\u00e1t g\u1eady khi ti\u1ebfp x\u00fac v\u1edbi m\u1eb7t c\u1ecf.<\/p>\n<\/li>\n<\/ul>\n<\/li>\n<\/ul>\n<\/div>\n<\/div>\n<\/div>","protected":false},"excerpt":{"rendered":"<p>C\u1ea3m gi\u00e1c \u0111\u00e1nh b\u00f3ng v\u00e0 \u00e2m thanh tinh t\u1ebf Phi\u00ean b\u1ea3n m\u1edbi c\u1ee7a P770 iron mang \u0111\u1ebfn c\u1ea3m gi\u00e1c \u0111\u00e1nh b\u00f3ng v\u00e0 \u00e2m thanh v\u01b0\u1ee3t tr\u1ed9i so v\u1edbi th\u1ebf h\u1ec7 tr\u01b0\u1edbc.Nh\u1edd c\u1ea5u tr\u00fac th\u00e2n r\u1ed7ng t\u1eeb th\u00e9p m\u1ec1m (forged hollow-body) v\u00e0 qu\u00e1 tr\u00ecnh ph\u00e2n t\u00edch vi m\u00f4 dao \u0111\u1ed9ng t\u1ea1i \u0111i\u1ec3m va ch\u1ea1m, TaylorMade \u0111\u00e3 [&hellip;]<\/p>","protected":false},"featured_media":16683,"comment_status":"open","ping_status":"closed","template":"","meta":{"_acf_changed":false,"site-sidebar-layout":"default","site-content-layout":"","ast-site-content-layout":"default","site-content-style":"default","site-sidebar-style":"default","ast-global-header-display":"","ast-banner-title-visibility":"","ast-main-header-display":"","ast-hfb-above-header-display":"","ast-hfb-below-header-display":"","ast-hfb-mobile-header-display":"","site-post-title":"","ast-breadcrumbs-content":"","ast-featured-img":"","footer-sml-layout":"","theme-transparent-header-meta":"default","adv-header-id-meta":"","stick-header-meta":"default","header-above-stick-meta":"","header-main-stick-meta":"","header-below-stick-meta":"","astra-migrate-meta-layouts":"set","ast-page-background-enabled":"default","ast-page-background-meta":{"desktop":{"background-color":"","background-image":"","background-repeat":"repeat","background-position":"center center","background-size":"auto","background-attachment":"scroll","background-type":"","background-media":"","overlay-type":"","overlay-color":"","overlay-opacity":"","overlay-gradient":""},"tablet":{"background-color":"","background-image":"","background-repeat":"repeat","background-position":"center center","background-size":"auto","background-attachment":"scroll","background-type":"","background-media":"","overlay-type":"","overlay-color":"","overlay-opacity":"","overlay-gradient":""},"mobile":{"background-color":"","background-image":"","background-repeat":"repeat","background-position":"center center","background-size":"auto","background-attachment":"scroll","background-type":"","background-media":"","overlay-type":"","overlay-color":"","overlay-opacity":"","overlay-gradient":""}},"ast-content-background-meta":{"desktop":{"background-color":"var(--ast-global-color-5)","background-image":"","background-repeat":"repeat","background-position":"center center","background-size":"auto","background-attachment":"scroll","background-type":"","background-media":"","overlay-type":"","overlay-color":"","overlay-opacity":"","overlay-gradient":""},"tablet":{"background-color":"var(--ast-global-color-5)","background-image":"","background-repeat":"repeat","background-position":"center center","background-size":"auto","background-attachment":"scroll","background-type":"","background-media":"","overlay-type":"","overlay-color":"","overlay-opacity":"","overlay-gradient":""},"mobile":{"background-color":"var(--ast-global-color-5)","background-image":"","background-repeat":"repeat","background-position":"center center","background-size":"auto","background-attachment":"scroll","background-type":"","background-media":"","overlay-type":"","overlay-color":"","overlay-opacity":"","overlay-gradient":""}}},"product_brand":[],"product_cat":[71,75],"product_tag":[],"class_list":{"0":"post-16697","1":"product","2":"type-product","3":"status-publish","4":"has-post-thumbnail","6":"product_cat-gay-gon","7":"product_cat-iron","8":"desktop-align-center","9":"tablet-align-center","10":"mobile-align-center","11":"ast-product-gallery-layout-first-image-large","12":"ast-product-single-variable","13":"ast-product-tabs-layout-distributed","15":"first","16":"instock","17":"shipping-taxable","18":"purchasable","19":"product-type-variable"},"acf":[],"_links":{"self":[{"href":"https:\/\/taylormade-golf.vn\/en\/wp-json\/wp\/v2\/product\/16697","targetHints":{"allow":["GET"]}}],"collection":[{"href":"https:\/\/taylormade-golf.vn\/en\/wp-json\/wp\/v2\/product"}],"about":[{"href":"https:\/\/taylormade-golf.vn\/en\/wp-json\/wp\/v2\/types\/product"}],"replies":[{"embeddable":true,"href":"https:\/\/taylormade-golf.vn\/en\/wp-json\/wp\/v2\/comments?post=16697"}],"wp:featuredmedia":[{"embeddable":true,"href":"https:\/\/taylormade-golf.vn\/en\/wp-json\/wp\/v2\/media\/16683"}],"wp:attachment":[{"href":"https:\/\/taylormade-golf.vn\/en\/wp-json\/wp\/v2\/media?parent=16697"}],"wp:term":[{"taxonomy":"product_brand","embeddable":true,"href":"https:\/\/taylormade-golf.vn\/en\/wp-json\/wp\/v2\/product_brand?post=16697"},{"taxonomy":"product_cat","embeddable":true,"href":"https:\/\/taylormade-golf.vn\/en\/wp-json\/wp\/v2\/product_cat?post=16697"},{"taxonomy":"product_tag","embeddable":true,"href":"https:\/\/taylormade-golf.vn\/en\/wp-json\/wp\/v2\/product_tag?post=16697"}],"curies":[{"name":"wp","href":"https:\/\/api.w.org\/{rel}","templated":true}]}}