{"id":16674,"date":"2025-04-15T14:06:34","date_gmt":"2025-04-15T07:06:34","guid":{"rendered":"https:\/\/taylormade-golf.vn\/?post_type=product&#038;p=16674"},"modified":"2025-04-15T14:55:05","modified_gmt":"2025-04-15T07:55:05","slug":"bo-gay-golf-fullset-kalea-gold-package-sets-cao-cap-cho-nu","status":"publish","type":"product","link":"https:\/\/taylormade-golf.vn\/en\/product\/bo-gay-golf-fullset-kalea-gold-package-sets-cao-cap-cho-nu\/","title":{"rendered":"B\u1ed9 G\u1eady Golf Fullset Kalea Gold Package Sets Cao C\u1ea5p Cho N\u1eef"},"content":{"rendered":"<p>Kalea Gold l\u00e0 d\u00f2ng g\u1eady golf cao c\u1ea5p d\u00e0nh cho n\u1eef. B\u1ed9 g\u1eady ho\u00e0n ch\u1ec9nh \u0111\u01b0\u1ee3c thi\u1ebft k\u1ebf v\u00e0 ki\u1ec3m nghi\u1ec7m b\u1edfi c\u00e1c chuy\u00ean gia n\u1eef, \u0111\u1eb7c bi\u1ec7t h\u01b0\u1edbng \u0111\u1ebfn ph\u00e1i \u0111\u1eb9p. M\u1ecdi chi ti\u1ebft \u0111\u1ec1u \u0111\u01b0\u1ee3c trau chu\u1ed1t c\u1ea9n th\u1eadn, t\u1eeb s\u1eafc th\u00e1i m\u00e0u s\u1eafc trong thi\u1ebft k\u1ebf t\u00fai \u0111\u1ef1ng \u0111\u1ebfn c\u00e1c th\u00e0nh ph\u1ea7n cao c\u1ea5p trong t\u1eebng c\u00e2y g\u1eady, \u0111\u1ea3m b\u1ea3o mang l\u1ea1i tr\u1ea3i nghi\u1ec7m tinh t\u1ebf v\u00e0 \u0111\u1eb3ng c\u1ea5p<\/p>\n<h2>Thi\u1ebft K\u1ebf B\u1edfi Ph\u1ee5 N\u1eef, D\u00e0nh Ri\u00eang Cho Ph\u1ee5 N\u1eef<\/h2>\n<p>Kalea Gold \u0111\u01b0\u1ee3c t\u1ea1o ra \u0111\u1ec3 gi\u00fap m\u1ecdi golfer n\u1eef ph\u00e1t huy t\u1ed1i \u0111a kh\u1ea3 n\u0103ng, t\u1eeb ng\u01b0\u1eddi m\u1edbi ch\u01a1i \u0111\u1ebfn nh\u1eefng tay golf k\u1ef3 c\u1ef1u. B\u1ed9 g\u1eady \u0111\u01b0\u1ee3c thi\u1ebft k\u1ebf s\u1eb5n v\u1edbi c\u00e1c v\u1eadt li\u1ec7u cao c\u1ea5p v\u00e0 c\u00f4ng ngh\u1ec7 ti\u00ean ti\u1ebfn t\u1eeb TaylorMade, mang \u0111\u1ebfn s\u1ef1 \u1ed5n \u0111\u1ecbnh, kho\u1ea3ng c\u00e1ch t\u1ed1i \u01b0u v\u00e0 c\u1ea3m gi\u00e1c \u0111\u00e1nh b\u00f3ng m\u01b0\u1ee3t m\u00e0, gi\u00fap b\u1ea1n t\u1ef1 tin h\u01a1n tr\u00ean s\u00e2n.<\/p>\n<h2>Kalea Golf Driver \u2013 T\u1ed1i \u01afu Hi\u1ec7u Su\u1ea5t, Gia T\u0103ng Kho\u1ea3ng C\u00e1ch<\/h2>\n<p>G\u1eady Kalea Gold Driver \u1ee9ng d\u1ee5ng c\u00f4ng ngh\u1ec7 Carbonwood\u2122, gi\u00fap t\u1ed1i \u01b0u tr\u1ecdng l\u01b0\u1ee3ng \u0111\u1ec3 t\u0103ng kh\u1ea3 n\u0103ng truy\u1ec1n l\u1ef1c, mang \u0111\u1ebfn c\u00fa \u0111\u00e1nh xa h\u01a1n, \u1ed5n \u0111\u1ecbnh h\u01a1n v\u00e0 d\u1ec5 ki\u1ec3m so\u00e1t h\u01a1n. V\u1edbi thi\u1ebft k\u1ebf si\u00eau nh\u1eb9, g\u1eady gi\u00fap ng\u01b0\u1eddi ch\u01a1i \u1edf m\u1ecdi tr\u00ecnh \u0111\u1ed9 d\u1ec5 d\u00e0ng t\u0103ng t\u1ed1c \u0111\u1ed9 vung g\u1eady, t\u1ed1i \u0111a h\u00f3a hi\u1ec7u su\u1ea5t tr\u00ean s\u00e2n.<\/p>\n<h2>Kalea Gold Rescue<\/h2>\n<p>G\u1eady Kalea Gold Rescue\u2122 \u0111\u01b0\u1ee3c thi\u1ebft k\u1ebf d\u00e0nh ri\u00eang cho golfer n\u1eef, gi\u00fap \u0111\u01b0a b\u00f3ng l\u00ean cao m\u1ed9t c\u00e1ch d\u1ec5 d\u00e0ng t\u1eeb m\u1ecdi v\u1ecb tr\u00ed tr\u00ean s\u00e2n. V\u1edbi thi\u1ebft k\u1ebf t\u1ed1i \u01b0u, \u0111\u00e2y s\u1ebd l\u00e0 tr\u1ee3 th\u1ee7 \u0111\u1eafc l\u1ef1c gi\u00fap b\u1ea1n c\u1ea3i thi\u1ec7n kho\u1ea3ng c\u00e1ch v\u00e0 ki\u1ec3m so\u00e1t c\u00fa \u0111\u00e1nh t\u1ed1t h\u01a1n.<\/p>\n<h3 data-start=\"0\" data-end=\"63\"><strong data-start=\"4\" data-end=\"61\">Kalea Gold Irons<\/strong><\/h3>\n<p data-start=\"65\" data-end=\"375\">B\u1ed9 g\u1eady s\u1eaft Kalea Gold \u0111\u01b0\u1ee3c thi\u1ebft k\u1ebf \u0111\u1ec3 gi\u00fap golfer n\u1eef d\u1ec5 d\u00e0ng \u0111\u01b0a b\u00f3ng l\u00ean cao, t\u0103ng kho\u1ea3ng c\u00e1ch v\u00e0 ki\u1ec3m so\u00e1t c\u00fa \u0111\u00e1nh t\u1ed1t h\u01a1n. Nh\u1edd v\u00e0o s\u1ef1 k\u1ebft h\u1ee3p c\u1ee7a Cap Back\u2122 Design, Thru-Slot Speed Pocket\u2122 v\u00e0 Inverted Cone Technology, g\u1eady mang l\u1ea1i \u0111\u1ed9 \u1ed5n \u0111\u1ecbnh cao, ph\u00f9 h\u1ee3p v\u1edbi nhi\u1ec1u tr\u00ecnh \u0111\u1ed9 ch\u01a1i kh\u00e1c nhau.<\/p>\n<p data-start=\"377\" data-end=\"573\" data-is-last-node=\"\">B\u00ean c\u1ea1nh \u0111\u00f3, Kalea Gold Irons c\u00f2n \u0111\u01b0\u1ee3c tinh ch\u1ec9nh \u0111\u1ed9 loft v\u00e0 lie angle \u0111\u1ec3 h\u1ed7 tr\u1ee3 c\u00fa \u0111\u00e1nh draw v\u00e0 t\u1ed1i \u01b0u kho\u1ea3ng c\u00e1ch gi\u1eefa c\u00e1c g\u1eady, gi\u00fap ng\u01b0\u1eddi ch\u01a1i c\u00f3 tr\u1ea3i nghi\u1ec7m d\u1ec5 d\u00e0ng v\u00e0 t\u1ef1 tin h\u01a1n tr\u00ean s\u00e2n.<\/p>\n<h2>Kalea Gold Spider S Putter<\/h2>\n<p data-start=\"69\" data-end=\"434\" data-is-last-node=\"\">G\u1eady putter Kalea Gold Spider S \u0111\u01b0\u1ee3c thi\u1ebft k\u1ebf v\u1edbi c\u1ea5u tr\u00fac \u0111a v\u1eadt li\u1ec7u, gi\u00fap t\u0103ng MOI, c\u1ea3i thi\u1ec7n \u0111\u1ed9 \u1ed5n \u0111\u1ecbnh v\u00e0 ch\u00ednh x\u00e1c trong t\u1eebng c\u00fa \u0111\u00e1nh. Thi\u1ebft k\u1ebf h\u1ed7 tr\u1ee3 c\u0103n ch\u1ec9nh gi\u00fap golfer d\u1ec5 d\u00e0ng canh ch\u1ec9nh h\u01b0\u1edbng b\u00f3ng, t\u1ea1o c\u1ea3m gi\u00e1c t\u1ef1 tin khi putt. \u0110\u00e2y l\u00e0 l\u1ef1a ch\u1ecdn l\u00fd t\u01b0\u1edfng \u0111\u1ec3 n\u00e2ng cao hi\u1ec7u su\u1ea5t tr\u00ean green, gi\u00fap t\u1eebng c\u00fa g\u1ea1t b\u00f3ng tr\u1edf n\u00ean m\u01b0\u1ee3t m\u00e0 v\u00e0 ch\u1eafc ch\u1eafn h\u01a1n.<\/p>\n<h3 data-start=\"0\" data-end=\"63\"><strong data-start=\"4\" data-end=\"61\">Kalea Gold Golf Bags<\/strong><\/h3>\n<p data-start=\"65\" data-end=\"375\">Gi\u1ed1ng nh\u01b0 t\u1eebng c\u00e2y g\u1eady trong b\u1ed9\u00a0<strong data-start=\"32\" data-end=\"46\">Kalea Gold<\/strong>, c\u00e1c m\u1eabu t\u00fai golf c\u0169ng \u0111\u01b0\u1ee3c thi\u1ebft k\u1ebf v\u1edbi ch\u1ea5t li\u1ec7u cao c\u1ea5p, kh\u00f4ng ch\u1ec9 mang \u0111\u1ebfn v\u1ebb ngo\u00e0i sang tr\u1ecdng m\u00e0 c\u00f2n \u0111\u1ea3m b\u1ea3o \u0111\u1ed9 b\u1ec1n v\u00e0 d\u1ec5 s\u1eed d\u1ee5ng theo th\u1eddi gian. V\u1edbi thi\u1ebft k\u1ebf hi\u1ec7n \u0111\u1ea1i v\u00e0 ch\u1ea5t li\u1ec7u cao c\u1ea5p, Kalea Gold Golf Bag s\u1ebd l\u00e0 ng\u01b0\u1eddi b\u1ea1n \u0111\u1ed3ng h\u00e0nh ho\u00e0n h\u1ea3o tr\u00ean s\u00e2n golf, gi\u00fap golfer t\u1ef1 tin h\u01a1n trong t\u1eebng v\u00f2ng \u0111\u1ea5u.<\/p>","protected":false},"excerpt":{"rendered":"<p>Kalea Gold l\u00e0 d\u00f2ng g\u1eady golf cao c\u1ea5p d\u00e0nh cho n\u1eef. B\u1ed9 g\u1eady ho\u00e0n ch\u1ec9nh \u0111\u01b0\u1ee3c thi\u1ebft k\u1ebf v\u00e0 ki\u1ec3m nghi\u1ec7m b\u1edfi c\u00e1c chuy\u00ean gia n\u1eef, \u0111\u1eb7c bi\u1ec7t h\u01b0\u1edbng \u0111\u1ebfn ph\u00e1i \u0111\u1eb9p. M\u1ecdi chi ti\u1ebft \u0111\u1ec1u \u0111\u01b0\u1ee3c trau chu\u1ed1t c\u1ea9n th\u1eadn, t\u1eeb s\u1eafc th\u00e1i m\u00e0u s\u1eafc trong thi\u1ebft k\u1ebf t\u00fai \u0111\u1ef1ng \u0111\u1ebfn c\u00e1c th\u00e0nh ph\u1ea7n [&hellip;]<\/p>","protected":false},"featured_media":16680,"comment_status":"open","ping_status":"closed","template":"","meta":{"_acf_changed":false,"site-sidebar-layout":"default","site-content-layout":"","ast-site-content-layout":"default","site-content-style":"default","site-sidebar-style":"default","ast-global-header-display":"","ast-banner-title-visibility":"","ast-main-header-display":"","ast-hfb-above-header-display":"","ast-hfb-below-header-display":"","ast-hfb-mobile-header-display":"","site-post-title":"","ast-breadcrumbs-content":"","ast-featured-img":"","footer-sml-layout":"","theme-transparent-header-meta":"default","adv-header-id-meta":"","stick-header-meta":"default","header-above-stick-meta":"","header-main-stick-meta":"","header-below-stick-meta":"","astra-migrate-meta-layouts":"set","ast-page-background-enabled":"default","ast-page-background-meta":{"desktop":{"background-color":"","background-image":"","background-repeat":"repeat","background-position":"center center","background-size":"auto","background-attachment":"scroll","background-type":"","background-media":"","overlay-type":"","overlay-color":"","overlay-opacity":"","overlay-gradient":""},"tablet":{"background-color":"","background-image":"","background-repeat":"repeat","background-position":"center center","background-size":"auto","background-attachment":"scroll","background-type":"","background-media":"","overlay-type":"","overlay-color":"","overlay-opacity":"","overlay-gradient":""},"mobile":{"background-color":"","background-image":"","background-repeat":"repeat","background-position":"center center","background-size":"auto","background-attachment":"scroll","background-type":"","background-media":"","overlay-type":"","overlay-color":"","overlay-opacity":"","overlay-gradient":""}},"ast-content-background-meta":{"desktop":{"background-color":"var(--ast-global-color-5)","background-image":"","background-repeat":"repeat","background-position":"center center","background-size":"auto","background-attachment":"scroll","background-type":"","background-media":"","overlay-type":"","overlay-color":"","overlay-opacity":"","overlay-gradient":""},"tablet":{"background-color":"var(--ast-global-color-5)","background-image":"","background-repeat":"repeat","background-position":"center center","background-size":"auto","background-attachment":"scroll","background-type":"","background-media":"","overlay-type":"","overlay-color":"","overlay-opacity":"","overlay-gradient":""},"mobile":{"background-color":"var(--ast-global-color-5)","background-image":"","background-repeat":"repeat","background-position":"center center","background-size":"auto","background-attachment":"scroll","background-type":"","background-media":"","overlay-type":"","overlay-color":"","overlay-opacity":"","overlay-gradient":""}}},"product_brand":[],"product_cat":[71,78],"product_tag":[],"class_list":{"0":"post-16674","1":"product","2":"type-product","3":"status-publish","4":"has-post-thumbnail","6":"product_cat-gay-gon","7":"product_cat-bo-gay-danh-gon","8":"desktop-align-center","9":"tablet-align-center","10":"mobile-align-center","11":"ast-product-gallery-layout-first-image-large","12":"ast-product-single-variable","13":"ast-product-tabs-layout-distributed","15":"first","16":"instock","17":"shipping-taxable","18":"purchasable","19":"product-type-variable"},"acf":[],"_links":{"self":[{"href":"https:\/\/taylormade-golf.vn\/en\/wp-json\/wp\/v2\/product\/16674","targetHints":{"allow":["GET"]}}],"collection":[{"href":"https:\/\/taylormade-golf.vn\/en\/wp-json\/wp\/v2\/product"}],"about":[{"href":"https:\/\/taylormade-golf.vn\/en\/wp-json\/wp\/v2\/types\/product"}],"replies":[{"embeddable":true,"href":"https:\/\/taylormade-golf.vn\/en\/wp-json\/wp\/v2\/comments?post=16674"}],"wp:featuredmedia":[{"embeddable":true,"href":"https:\/\/taylormade-golf.vn\/en\/wp-json\/wp\/v2\/media\/16680"}],"wp:attachment":[{"href":"https:\/\/taylormade-golf.vn\/en\/wp-json\/wp\/v2\/media?parent=16674"}],"wp:term":[{"taxonomy":"product_brand","embeddable":true,"href":"https:\/\/taylormade-golf.vn\/en\/wp-json\/wp\/v2\/product_brand?post=16674"},{"taxonomy":"product_cat","embeddable":true,"href":"https:\/\/taylormade-golf.vn\/en\/wp-json\/wp\/v2\/product_cat?post=16674"},{"taxonomy":"product_tag","embeddable":true,"href":"https:\/\/taylormade-golf.vn\/en\/wp-json\/wp\/v2\/product_tag?post=16674"}],"curies":[{"name":"wp","href":"https:\/\/api.w.org\/{rel}","templated":true}]}}