{"id":16668,"date":"2025-04-15T09:23:49","date_gmt":"2025-04-15T02:23:49","guid":{"rendered":"https:\/\/taylormade-golf.vn\/?post_type=product&#038;p=16668"},"modified":"2025-04-15T09:23:49","modified_gmt":"2025-04-15T02:23:49","slug":"tui-logo-tm-hinh-tron","status":"publish","type":"product","link":"https:\/\/taylormade-golf.vn\/en\/product\/tui-logo-tm-hinh-tron\/","title":{"rendered":"T\u00fai logo TM h\u00ecnh tr\u00f2n"},"content":{"rendered":"<p class=\"\" data-start=\"134\" data-end=\"181\">\ud83c\udfaf <strong data-start=\"137\" data-end=\"178\">T\u00daI C\u1ea6M TAY GOLF &#8211; LOGO TR\u00d2N \u0110\u1eb2NG C\u1ea4P<\/strong> \ud83c\udfaf<\/p>\n<p class=\"\" data-start=\"183\" data-end=\"361\">M\u1ed9t \u0111i\u1ec3m nh\u1ea5n nh\u1ecf, t\u1ea1o n\u00ean phong c\u00e1ch l\u1edbn!<br data-start=\"225\" data-end=\"228\" \/>T\u00fai c\u1ea7m tay v\u1edbi thi\u1ebft k\u1ebf \u0111\u01a1n gi\u1ea3n nh\u01b0ng n\u1ed5i b\u1eadt nh\u1edd <strong data-start=\"280\" data-end=\"306\">logo h\u00ecnh tr\u00f2n s\u1eafc n\u00e9t<\/strong> \u2013 bi\u1ec3u t\u01b0\u1ee3ng c\u1ee7a s\u1ef1 tinh t\u1ebf v\u00e0 \u0111\u1eb3ng c\u1ea5p tr\u00ean s\u00e2n golf.\ud83d\udd39 <strong data-start=\"428\" data-end=\"440\">Thi\u1ebft k\u1ebf<\/strong>: G\u1ecdn nh\u1eb9, tinh t\u1ebf \u2013 d\u1ec5 d\u00e0ng c\u1ea7m tay ho\u1eb7c b\u1ecf v\u00e0o t\u00fai l\u1edbn<br data-start=\"496\" data-end=\"499\" \/>\ud83d\udd39 <strong data-start=\"502\" data-end=\"510\">Logo<\/strong>: In\/n\u1ed5i h\u00ecnh tr\u00f2n \u2013 t\u00f4n vinh phong c\u00e1ch th\u01b0\u01a1ng hi\u1ec7u<br data-start=\"562\" data-end=\"565\" \/>\ud83d\udd39 <strong data-start=\"568\" data-end=\"582\" data-is-only-node=\"\">K\u00edch th\u01b0\u1edbc<\/strong>: V\u1eeba v\u1eb7n cho v\u00ed, \u0111i\u1ec7n tho\u1ea1i, tees, g\u0103ng tay,&#8230;<br data-start=\"630\" data-end=\"633\" \/>\ud83d\udd39 <strong data-start=\"636\" data-end=\"647\">Ph\u00f9 h\u1ee3p<\/strong>: D\u00e0nh cho golfer nam &amp; n\u1eef y\u00eau th\u00edch s\u1ef1 t\u1ed1i gi\u1ea3n v\u00e0 sang tr\u1ecdng<\/p>\n<p class=\"\" data-start=\"713\" data-end=\"793\">\ud83d\udcf8 Ph\u1ee5 ki\u1ec7n kh\u00f4ng th\u1ec3 thi\u1ebfu m\u1ed7i l\u1ea7n ra s\u00e2n \u2013 g\u1ecdn g\u00e0ng, ti\u1ec7n d\u1ee5ng m\u00e0 v\u1eabn n\u1ed5i b\u1eadt!<\/p>\n<p data-start=\"713\" data-end=\"793\">M1358401<\/p>","protected":false},"excerpt":{"rendered":"<p>\ud83c\udfaf T\u00daI C\u1ea6M TAY GOLF &#8211; LOGO TR\u00d2N \u0110\u1eb2NG C\u1ea4P \ud83c\udfaf M\u1ed9t \u0111i\u1ec3m nh\u1ea5n nh\u1ecf, t\u1ea1o n\u00ean phong c\u00e1ch l\u1edbn!T\u00fai c\u1ea7m tay v\u1edbi thi\u1ebft k\u1ebf \u0111\u01a1n gi\u1ea3n nh\u01b0ng n\u1ed5i b\u1eadt nh\u1edd logo h\u00ecnh tr\u00f2n s\u1eafc n\u00e9t \u2013 bi\u1ec3u t\u01b0\u1ee3ng c\u1ee7a s\u1ef1 tinh t\u1ebf v\u00e0 \u0111\u1eb3ng c\u1ea5p tr\u00ean s\u00e2n golf.\ud83d\udd39 Thi\u1ebft k\u1ebf: G\u1ecdn nh\u1eb9, tinh t\u1ebf [&hellip;]<\/p>","protected":false},"featured_media":16670,"comment_status":"open","ping_status":"closed","template":"","meta":{"_acf_changed":false,"site-sidebar-layout":"default","site-content-layout":"","ast-site-content-layout":"default","site-content-style":"default","site-sidebar-style":"default","ast-global-header-display":"","ast-banner-title-visibility":"","ast-main-header-display":"","ast-hfb-above-header-display":"","ast-hfb-below-header-display":"","ast-hfb-mobile-header-display":"","site-post-title":"","ast-breadcrumbs-content":"","ast-featured-img":"","footer-sml-layout":"","theme-transparent-header-meta":"default","adv-header-id-meta":"","stick-header-meta":"default","header-above-stick-meta":"","header-main-stick-meta":"","header-below-stick-meta":"","astra-migrate-meta-layouts":"set","ast-page-background-enabled":"default","ast-page-background-meta":{"desktop":{"background-color":"","background-image":"","background-repeat":"repeat","background-position":"center center","background-size":"auto","background-attachment":"scroll","background-type":"","background-media":"","overlay-type":"","overlay-color":"","overlay-opacity":"","overlay-gradient":""},"tablet":{"background-color":"","background-image":"","background-repeat":"repeat","background-position":"center center","background-size":"auto","background-attachment":"scroll","background-type":"","background-media":"","overlay-type":"","overlay-color":"","overlay-opacity":"","overlay-gradient":""},"mobile":{"background-color":"","background-image":"","background-repeat":"repeat","background-position":"center center","background-size":"auto","background-attachment":"scroll","background-type":"","background-media":"","overlay-type":"","overlay-color":"","overlay-opacity":"","overlay-gradient":""}},"ast-content-background-meta":{"desktop":{"background-color":"var(--ast-global-color-5)","background-image":"","background-repeat":"repeat","background-position":"center center","background-size":"auto","background-attachment":"scroll","background-type":"","background-media":"","overlay-type":"","overlay-color":"","overlay-opacity":"","overlay-gradient":""},"tablet":{"background-color":"var(--ast-global-color-5)","background-image":"","background-repeat":"repeat","background-position":"center center","background-size":"auto","background-attachment":"scroll","background-type":"","background-media":"","overlay-type":"","overlay-color":"","overlay-opacity":"","overlay-gradient":""},"mobile":{"background-color":"var(--ast-global-color-5)","background-image":"","background-repeat":"repeat","background-position":"center center","background-size":"auto","background-attachment":"scroll","background-type":"","background-media":"","overlay-type":"","overlay-color":"","overlay-opacity":"","overlay-gradient":""}}},"product_brand":[],"product_cat":[253,266],"product_tag":[],"class_list":{"0":"post-16668","1":"product","2":"type-product","3":"status-publish","4":"has-post-thumbnail","6":"product_cat-tui-taylormade","7":"product_cat-tui-cam-tay","8":"desktop-align-center","9":"tablet-align-center","10":"mobile-align-center","11":"ast-product-gallery-layout-first-image-large","12":"ast-product-single-variable","13":"ast-product-tabs-layout-distributed","15":"first","16":"instock","17":"shipping-taxable","18":"purchasable","19":"product-type-variable"},"acf":[],"_links":{"self":[{"href":"https:\/\/taylormade-golf.vn\/en\/wp-json\/wp\/v2\/product\/16668","targetHints":{"allow":["GET"]}}],"collection":[{"href":"https:\/\/taylormade-golf.vn\/en\/wp-json\/wp\/v2\/product"}],"about":[{"href":"https:\/\/taylormade-golf.vn\/en\/wp-json\/wp\/v2\/types\/product"}],"replies":[{"embeddable":true,"href":"https:\/\/taylormade-golf.vn\/en\/wp-json\/wp\/v2\/comments?post=16668"}],"wp:featuredmedia":[{"embeddable":true,"href":"https:\/\/taylormade-golf.vn\/en\/wp-json\/wp\/v2\/media\/16670"}],"wp:attachment":[{"href":"https:\/\/taylormade-golf.vn\/en\/wp-json\/wp\/v2\/media?parent=16668"}],"wp:term":[{"taxonomy":"product_brand","embeddable":true,"href":"https:\/\/taylormade-golf.vn\/en\/wp-json\/wp\/v2\/product_brand?post=16668"},{"taxonomy":"product_cat","embeddable":true,"href":"https:\/\/taylormade-golf.vn\/en\/wp-json\/wp\/v2\/product_cat?post=16668"},{"taxonomy":"product_tag","embeddable":true,"href":"https:\/\/taylormade-golf.vn\/en\/wp-json\/wp\/v2\/product_tag?post=16668"}],"curies":[{"name":"wp","href":"https:\/\/api.w.org\/{rel}","templated":true}]}}