{"id":16612,"date":"2025-04-09T15:04:33","date_gmt":"2025-04-09T08:04:33","guid":{"rendered":"https:\/\/taylormade-golf.vn\/?post_type=product&#038;p=16612"},"modified":"2025-04-09T15:32:14","modified_gmt":"2025-04-09T08:32:14","slug":"ao-polo-t-ice-golf-timistique-s-s","status":"publish","type":"product","link":"https:\/\/taylormade-golf.vn\/en\/product\/ao-polo-t-ice-golf-timistique-s-s\/","title":{"rendered":"\u00c1o Polo T-ICE Golf Timistique S\/S"},"content":{"rendered":"<p class=\"\" data-start=\"112\" data-end=\"185\">\ud83c\udfaf <strong data-start=\"115\" data-end=\"183\">\u00c1o Polo Tay Ng\u1eafn \u201cBEYOND DRIVEN\u201d \u2013 M\u00e1t L\u1ea1nh &amp; N\u0103ng \u0110\u1ed9ng M\u1ed7i Ng\u00e0y<\/strong><\/p>\n<p class=\"\" data-start=\"187\" data-end=\"336\">M\u1ed9t thi\u1ebft k\u1ebf t\u1ed1i gi\u1ea3n nh\u01b0ng kh\u00f4ng k\u00e9m ph\u1ea7n n\u1ed5i b\u1eadt v\u1edbi chi ti\u1ebft in ng\u1eabu nhi\u00ean t\u1eeb kh\u00f3a <strong data-start=\"273\" data-end=\"292\">&#8220;BEYOND DRIVEN&#8221;<\/strong> \u2013 tinh th\u1ea7n kh\u00f4ng ng\u1eebng ti\u1ebfn v\u1ec1 ph\u00eda tr\u01b0\u1edbc.<\/p>\n<p class=\"\" data-start=\"338\" data-end=\"648\">\u2728 <strong data-start=\"340\" data-end=\"366\">Ch\u1ea5t li\u1ec7u l\u01b0\u1edbi cao c\u1ea5p<\/strong> mang l\u1ea1i c\u1ea3m gi\u00e1c <strong data-start=\"385\" data-end=\"410\">m\u00e1t l\u1ea1nh khi ch\u1ea1m v\u00e0o<\/strong>, ph\u00f9 h\u1ee3p cho c\u00e1c ho\u1ea1t \u0111\u1ed9ng ngo\u00e0i tr\u1eddi hay ch\u01a1i golf trong m\u00f9a h\u00e8.<br data-start=\"476\" data-end=\"479\" \/>\ud83d\udca6 <strong data-start=\"482\" data-end=\"513\">Th\u1ea5m h\u00fat m\u1ed3 h\u00f4i \u2013 Kh\u00f4 nhanh<\/strong> gi\u00fap b\u1ea1n lu\u00f4n kh\u00f4 r\u00e1o, t\u1ef1 tin.<br data-start=\"544\" data-end=\"547\" \/>\ud83c\udf1e <strong data-start=\"550\" data-end=\"582\">Ch\u1ed1ng tia UV \u2013 B\u1ea3o v\u1ec7 l\u00e0n da<\/strong> d\u01b0\u1edbi \u00e1nh n\u1eafng.<br data-start=\"597\" data-end=\"600\" \/>\ud83d\udccf <strong data-start=\"603\" data-end=\"632\">Co gi\u00e3n nh\u1eb9 \u2013 D\u1ec5 v\u1eadn \u0111\u1ed9ng<\/strong>, kh\u00f4ng g\u00f2 b\u00f3.<\/p>\n<p class=\"\" data-start=\"650\" data-end=\"735\">\ud83d\udccc <strong data-start=\"653\" data-end=\"672\">Th\u00e0nh ph\u1ea7n v\u1ea3i:<\/strong><br data-start=\"672\" data-end=\"675\" \/>59% Polyester | 41% Nylon \u2013 M\u1ec1m m\u1ea1i, b\u1ec1n \u0111\u1eb9p theo th\u1eddi gian.<\/p>\n<p data-start=\"650\" data-end=\"735\">M1325070<br \/>\nM1325071<br \/>\nM1325170<br \/>\nM1325171<br \/>\nM1325270<br \/>\nM1325271<\/p>","protected":false},"excerpt":{"rendered":"<p>\ud83c\udfaf \u00c1o Polo Tay Ng\u1eafn \u201cBEYOND DRIVEN\u201d \u2013 M\u00e1t L\u1ea1nh &amp; N\u0103ng \u0110\u1ed9ng M\u1ed7i Ng\u00e0y M\u1ed9t thi\u1ebft k\u1ebf t\u1ed1i gi\u1ea3n nh\u01b0ng kh\u00f4ng k\u00e9m ph\u1ea7n n\u1ed5i b\u1eadt v\u1edbi chi ti\u1ebft in ng\u1eabu nhi\u00ean t\u1eeb kh\u00f3a &#8220;BEYOND DRIVEN&#8221; \u2013 tinh th\u1ea7n kh\u00f4ng ng\u1eebng ti\u1ebfn v\u1ec1 ph\u00eda tr\u01b0\u1edbc. \u2728 Ch\u1ea5t li\u1ec7u l\u01b0\u1edbi cao c\u1ea5p mang l\u1ea1i c\u1ea3m gi\u00e1c [&hellip;]<\/p>","protected":false},"featured_media":16622,"comment_status":"open","ping_status":"closed","template":"","meta":{"_acf_changed":false,"site-sidebar-layout":"default","site-content-layout":"","ast-site-content-layout":"default","site-content-style":"default","site-sidebar-style":"default","ast-global-header-display":"","ast-banner-title-visibility":"","ast-main-header-display":"","ast-hfb-above-header-display":"","ast-hfb-below-header-display":"","ast-hfb-mobile-header-display":"","site-post-title":"","ast-breadcrumbs-content":"","ast-featured-img":"","footer-sml-layout":"","theme-transparent-header-meta":"default","adv-header-id-meta":"","stick-header-meta":"default","header-above-stick-meta":"","header-main-stick-meta":"","header-below-stick-meta":"","astra-migrate-meta-layouts":"set","ast-page-background-enabled":"default","ast-page-background-meta":{"desktop":{"background-color":"","background-image":"","background-repeat":"repeat","background-position":"center center","background-size":"auto","background-attachment":"scroll","background-type":"","background-media":"","overlay-type":"","overlay-color":"","overlay-opacity":"","overlay-gradient":""},"tablet":{"background-color":"","background-image":"","background-repeat":"repeat","background-position":"center center","background-size":"auto","background-attachment":"scroll","background-type":"","background-media":"","overlay-type":"","overlay-color":"","overlay-opacity":"","overlay-gradient":""},"mobile":{"background-color":"","background-image":"","background-repeat":"repeat","background-position":"center center","background-size":"auto","background-attachment":"scroll","background-type":"","background-media":"","overlay-type":"","overlay-color":"","overlay-opacity":"","overlay-gradient":""}},"ast-content-background-meta":{"desktop":{"background-color":"var(--ast-global-color-5)","background-image":"","background-repeat":"repeat","background-position":"center center","background-size":"auto","background-attachment":"scroll","background-type":"","background-media":"","overlay-type":"","overlay-color":"","overlay-opacity":"","overlay-gradient":""},"tablet":{"background-color":"var(--ast-global-color-5)","background-image":"","background-repeat":"repeat","background-position":"center center","background-size":"auto","background-attachment":"scroll","background-type":"","background-media":"","overlay-type":"","overlay-color":"","overlay-opacity":"","overlay-gradient":""},"mobile":{"background-color":"var(--ast-global-color-5)","background-image":"","background-repeat":"repeat","background-position":"center center","background-size":"auto","background-attachment":"scroll","background-type":"","background-media":"","overlay-type":"","overlay-color":"","overlay-opacity":"","overlay-gradient":""}}},"product_brand":[],"product_cat":[262,102,101],"product_tag":[],"class_list":{"0":"post-16612","1":"product","2":"type-product","3":"status-publish","4":"has-post-thumbnail","6":"product_cat-nam","7":"product_cat-ao-coc-tay","8":"product_cat-quan-ao","9":"desktop-align-center","10":"tablet-align-center","11":"mobile-align-center","12":"ast-product-gallery-layout-first-image-large","13":"ast-product-single-variable","14":"ast-product-tabs-layout-distributed","16":"first","17":"instock","18":"shipping-taxable","19":"purchasable","20":"product-type-variable"},"acf":[],"_links":{"self":[{"href":"https:\/\/taylormade-golf.vn\/en\/wp-json\/wp\/v2\/product\/16612","targetHints":{"allow":["GET"]}}],"collection":[{"href":"https:\/\/taylormade-golf.vn\/en\/wp-json\/wp\/v2\/product"}],"about":[{"href":"https:\/\/taylormade-golf.vn\/en\/wp-json\/wp\/v2\/types\/product"}],"replies":[{"embeddable":true,"href":"https:\/\/taylormade-golf.vn\/en\/wp-json\/wp\/v2\/comments?post=16612"}],"wp:featuredmedia":[{"embeddable":true,"href":"https:\/\/taylormade-golf.vn\/en\/wp-json\/wp\/v2\/media\/16622"}],"wp:attachment":[{"href":"https:\/\/taylormade-golf.vn\/en\/wp-json\/wp\/v2\/media?parent=16612"}],"wp:term":[{"taxonomy":"product_brand","embeddable":true,"href":"https:\/\/taylormade-golf.vn\/en\/wp-json\/wp\/v2\/product_brand?post=16612"},{"taxonomy":"product_cat","embeddable":true,"href":"https:\/\/taylormade-golf.vn\/en\/wp-json\/wp\/v2\/product_cat?post=16612"},{"taxonomy":"product_tag","embeddable":true,"href":"https:\/\/taylormade-golf.vn\/en\/wp-json\/wp\/v2\/product_tag?post=16612"}],"curies":[{"name":"wp","href":"https:\/\/api.w.org\/{rel}","templated":true}]}}