{"id":16597,"date":"2025-04-09T14:21:31","date_gmt":"2025-04-09T07:21:31","guid":{"rendered":"https:\/\/taylormade-golf.vn\/?post_type=product&#038;p=16597"},"modified":"2025-04-09T14:47:00","modified_gmt":"2025-04-09T07:47:00","slug":"gang-tay-tour-preferred-flex","status":"publish","type":"product","link":"https:\/\/taylormade-golf.vn\/en\/product\/gang-tay-tour-preferred-flex\/","title":{"rendered":"G\u0103ng tay Tour Preferred\u2122 Flex"},"content":{"rendered":"<p>G\u0103ng tay Tour Preferred Flex \u0111\u01b0\u1ee3c l\u00e0m t\u1eeb da Cabretta Soft Tech\u2122 cao c\u1ea5p. Ngo\u00e0i ra, g\u0103ng tay c\u00f2n c\u00f3 l\u1edbp da \u0111\u1ee5c l\u1ed7 \u0111\u01b0\u1ee3c b\u1ed1 tr\u00ed h\u1ee3p l\u00fd \u0111\u1ec3 t\u0103ng lu\u1ed3ng kh\u00f4ng kh\u00ed v\u00e0 l\u1edbp l\u00f3t nylon 4 chi\u1ec1u \u0111\u1ec3 v\u1eeba v\u1eb7n co gi\u00e3n.<\/p>\n<ul>\n<li>Da AAA Cabretta Soft Tech\u2122<\/li>\n<li>Thi\u1ebft k\u1ebf l\u1ed7 th\u00f4ng h\u01a1i chi\u1ebfn l\u01b0\u1ee3c cho kh\u1ea3 n\u0103ng tho\u00e1ng kh\u00ed<\/li>\n<li>L\u1edbp l\u00f3t c\u1ed5 tay v\u1eeba v\u1eb7n<\/li>\n<li>\u0110i\u1ec1u ch\u1ec9nh tab co gi\u00e3n v\u1eeba v\u1eb7n<\/li>\n<li>L\u1edbp ch\u00e8n co gi\u00e3n b\u1eb1ng nylon 4 chi\u1ec1u<\/li>\n<li>V\u00f2ng \u0111eo tay th\u1ea5m \u1ea9m<\/li>\n<li>Kh\u00e1ng khu\u1ea9n<\/li>\n<\/ul>\n<p>N3855722<br \/>\nN3855723<br \/>\nN3855724<br \/>\nN3855725<br \/>\nN3855726<\/p>","protected":false},"excerpt":{"rendered":"<p>G\u0103ng tay Tour Preferred Flex \u0111\u01b0\u1ee3c l\u00e0m t\u1eeb da Cabretta Soft Tech\u2122 cao c\u1ea5p. Ngo\u00e0i ra, g\u0103ng tay c\u00f2n c\u00f3 l\u1edbp da \u0111\u1ee5c l\u1ed7 \u0111\u01b0\u1ee3c b\u1ed1 tr\u00ed h\u1ee3p l\u00fd \u0111\u1ec3 t\u0103ng lu\u1ed3ng kh\u00f4ng kh\u00ed v\u00e0 l\u1edbp l\u00f3t nylon 4 chi\u1ec1u \u0111\u1ec3 v\u1eeba v\u1eb7n co gi\u00e3n. Da AAA Cabretta Soft Tech\u2122 Thi\u1ebft k\u1ebf l\u1ed7 th\u00f4ng h\u01a1i [&hellip;]<\/p>","protected":false},"featured_media":16603,"comment_status":"open","ping_status":"closed","template":"","meta":{"_acf_changed":false,"site-sidebar-layout":"default","site-content-layout":"","ast-site-content-layout":"default","site-content-style":"default","site-sidebar-style":"default","ast-global-header-display":"","ast-banner-title-visibility":"","ast-main-header-display":"","ast-hfb-above-header-display":"","ast-hfb-below-header-display":"","ast-hfb-mobile-header-display":"","site-post-title":"","ast-breadcrumbs-content":"","ast-featured-img":"","footer-sml-layout":"","theme-transparent-header-meta":"default","adv-header-id-meta":"","stick-header-meta":"default","header-above-stick-meta":"","header-main-stick-meta":"","header-below-stick-meta":"","astra-migrate-meta-layouts":"set","ast-page-background-enabled":"default","ast-page-background-meta":{"desktop":{"background-color":"","background-image":"","background-repeat":"repeat","background-position":"center center","background-size":"auto","background-attachment":"scroll","background-type":"","background-media":"","overlay-type":"","overlay-color":"","overlay-opacity":"","overlay-gradient":""},"tablet":{"background-color":"","background-image":"","background-repeat":"repeat","background-position":"center center","background-size":"auto","background-attachment":"scroll","background-type":"","background-media":"","overlay-type":"","overlay-color":"","overlay-opacity":"","overlay-gradient":""},"mobile":{"background-color":"","background-image":"","background-repeat":"repeat","background-position":"center center","background-size":"auto","background-attachment":"scroll","background-type":"","background-media":"","overlay-type":"","overlay-color":"","overlay-opacity":"","overlay-gradient":""}},"ast-content-background-meta":{"desktop":{"background-color":"var(--ast-global-color-5)","background-image":"","background-repeat":"repeat","background-position":"center center","background-size":"auto","background-attachment":"scroll","background-type":"","background-media":"","overlay-type":"","overlay-color":"","overlay-opacity":"","overlay-gradient":""},"tablet":{"background-color":"var(--ast-global-color-5)","background-image":"","background-repeat":"repeat","background-position":"center center","background-size":"auto","background-attachment":"scroll","background-type":"","background-media":"","overlay-type":"","overlay-color":"","overlay-opacity":"","overlay-gradient":""},"mobile":{"background-color":"var(--ast-global-color-5)","background-image":"","background-repeat":"repeat","background-position":"center center","background-size":"auto","background-attachment":"scroll","background-type":"","background-media":"","overlay-type":"","overlay-color":"","overlay-opacity":"","overlay-gradient":""}}},"product_brand":[],"product_cat":[91,93],"product_tag":[],"class_list":{"0":"post-16597","1":"product","2":"type-product","3":"status-publish","4":"has-post-thumbnail","6":"product_cat-phu-kien","7":"product_cat-gang-tay","8":"desktop-align-center","9":"tablet-align-center","10":"mobile-align-center","11":"ast-product-gallery-layout-first-image-large","12":"ast-product-single-variable","13":"ast-product-tabs-layout-distributed","15":"first","16":"instock","17":"shipping-taxable","18":"purchasable","19":"product-type-variable"},"acf":[],"_links":{"self":[{"href":"https:\/\/taylormade-golf.vn\/en\/wp-json\/wp\/v2\/product\/16597","targetHints":{"allow":["GET"]}}],"collection":[{"href":"https:\/\/taylormade-golf.vn\/en\/wp-json\/wp\/v2\/product"}],"about":[{"href":"https:\/\/taylormade-golf.vn\/en\/wp-json\/wp\/v2\/types\/product"}],"replies":[{"embeddable":true,"href":"https:\/\/taylormade-golf.vn\/en\/wp-json\/wp\/v2\/comments?post=16597"}],"wp:featuredmedia":[{"embeddable":true,"href":"https:\/\/taylormade-golf.vn\/en\/wp-json\/wp\/v2\/media\/16603"}],"wp:attachment":[{"href":"https:\/\/taylormade-golf.vn\/en\/wp-json\/wp\/v2\/media?parent=16597"}],"wp:term":[{"taxonomy":"product_brand","embeddable":true,"href":"https:\/\/taylormade-golf.vn\/en\/wp-json\/wp\/v2\/product_brand?post=16597"},{"taxonomy":"product_cat","embeddable":true,"href":"https:\/\/taylormade-golf.vn\/en\/wp-json\/wp\/v2\/product_cat?post=16597"},{"taxonomy":"product_tag","embeddable":true,"href":"https:\/\/taylormade-golf.vn\/en\/wp-json\/wp\/v2\/product_tag?post=16597"}],"curies":[{"name":"wp","href":"https:\/\/api.w.org\/{rel}","templated":true}]}}