{"id":16587,"date":"2025-03-31T08:19:01","date_gmt":"2025-03-31T01:19:01","guid":{"rendered":"https:\/\/taylormade-golf.vn\/?post_type=product&#038;p=16587"},"modified":"2025-03-31T08:19:36","modified_gmt":"2025-03-31T01:19:36","slug":"gang-tay-air","status":"publish","type":"product","link":"https:\/\/taylormade-golf.vn\/en\/product\/gang-tay-air\/","title":{"rendered":"G\u0103ng tay Air"},"content":{"rendered":"<p>M\u00f4 t\u1ea3 s\u1ea3n ph\u1ea9m: G\u0102NG TAY C\u1ee6A NG\u01af\u1edcI CH\u01a0I c\u00f3 l\u1edbp v\u1ea3i \u0111\u01b0\u1ee3c \u0111\u1ee5c l\u1ed7 tinh x\u1ea3o, t\u1ea1o \u0111\u1ed9 b\u00e1m v\u00e0 c\u1ea3m gi\u00e1c nh\u01b0 d\u00f9ng tay kh\u00f4ng, t\u0103ng \u0111\u00e1ng k\u1ec3 kh\u1ea3 n\u0103ng tho\u00e1ng kh\u00ed \u0111\u1ec3 ch\u01a1i tho\u1ea3i m\u00e1i.<br \/>\nK\u00edch th\u01b0\u1edbc: 23 24cm<br \/>\nCh\u1ea5t li\u1ec7u: Ph\u1ea7n tr\u00ean v\u00e0 ph\u1ea7n ph\u1eb3ng: Da t\u1ed5ng h\u1ee3p<br \/>\n*\u1ea2nh ch\u1ec9 mang t\u00ednh ch\u1ea5t minh h\u1ecda. M\u00e0u s\u1eafc c\u1ee7a s\u1ea3n ph\u1ea9m th\u1ef1c t\u1ebf c\u00f3 th\u1ec3 kh\u00e1c nhau t\u00f9y thu\u1ed9c v\u00e0o c\u00e0i \u0111\u1eb7t m\u00e0n h\u00ecnh v\u00e0 \u00e1nh s\u00e1ng ph\u00f2ng.<\/p>\n<p>M1373222<br \/>\nM1373223<\/p>","protected":false},"excerpt":{"rendered":"<p>M\u00f4 t\u1ea3 s\u1ea3n ph\u1ea9m: G\u0102NG TAY C\u1ee6A NG\u01af\u1edcI CH\u01a0I c\u00f3 l\u1edbp v\u1ea3i \u0111\u01b0\u1ee3c \u0111\u1ee5c l\u1ed7 tinh x\u1ea3o, t\u1ea1o \u0111\u1ed9 b\u00e1m v\u00e0 c\u1ea3m gi\u00e1c nh\u01b0 d\u00f9ng tay kh\u00f4ng, t\u0103ng \u0111\u00e1ng k\u1ec3 kh\u1ea3 n\u0103ng tho\u00e1ng kh\u00ed \u0111\u1ec3 ch\u01a1i tho\u1ea3i m\u00e1i. K\u00edch th\u01b0\u1edbc: 23 24cm Ch\u1ea5t li\u1ec7u: Ph\u1ea7n tr\u00ean v\u00e0 ph\u1ea7n ph\u1eb3ng: Da t\u1ed5ng h\u1ee3p *\u1ea2nh ch\u1ec9 mang [&hellip;]<\/p>","protected":false},"featured_media":16590,"comment_status":"open","ping_status":"closed","template":"","meta":{"_acf_changed":false,"site-sidebar-layout":"default","site-content-layout":"","ast-site-content-layout":"default","site-content-style":"default","site-sidebar-style":"default","ast-global-header-display":"","ast-banner-title-visibility":"","ast-main-header-display":"","ast-hfb-above-header-display":"","ast-hfb-below-header-display":"","ast-hfb-mobile-header-display":"","site-post-title":"","ast-breadcrumbs-content":"","ast-featured-img":"","footer-sml-layout":"","theme-transparent-header-meta":"default","adv-header-id-meta":"","stick-header-meta":"default","header-above-stick-meta":"","header-main-stick-meta":"","header-below-stick-meta":"","astra-migrate-meta-layouts":"set","ast-page-background-enabled":"default","ast-page-background-meta":{"desktop":{"background-color":"","background-image":"","background-repeat":"repeat","background-position":"center center","background-size":"auto","background-attachment":"scroll","background-type":"","background-media":"","overlay-type":"","overlay-color":"","overlay-opacity":"","overlay-gradient":""},"tablet":{"background-color":"","background-image":"","background-repeat":"repeat","background-position":"center center","background-size":"auto","background-attachment":"scroll","background-type":"","background-media":"","overlay-type":"","overlay-color":"","overlay-opacity":"","overlay-gradient":""},"mobile":{"background-color":"","background-image":"","background-repeat":"repeat","background-position":"center center","background-size":"auto","background-attachment":"scroll","background-type":"","background-media":"","overlay-type":"","overlay-color":"","overlay-opacity":"","overlay-gradient":""}},"ast-content-background-meta":{"desktop":{"background-color":"var(--ast-global-color-5)","background-image":"","background-repeat":"repeat","background-position":"center center","background-size":"auto","background-attachment":"scroll","background-type":"","background-media":"","overlay-type":"","overlay-color":"","overlay-opacity":"","overlay-gradient":""},"tablet":{"background-color":"var(--ast-global-color-5)","background-image":"","background-repeat":"repeat","background-position":"center center","background-size":"auto","background-attachment":"scroll","background-type":"","background-media":"","overlay-type":"","overlay-color":"","overlay-opacity":"","overlay-gradient":""},"mobile":{"background-color":"var(--ast-global-color-5)","background-image":"","background-repeat":"repeat","background-position":"center center","background-size":"auto","background-attachment":"scroll","background-type":"","background-media":"","overlay-type":"","overlay-color":"","overlay-opacity":"","overlay-gradient":""}}},"product_brand":[],"product_cat":[262,93,91],"product_tag":[],"class_list":{"0":"post-16587","1":"product","2":"type-product","3":"status-publish","4":"has-post-thumbnail","6":"product_cat-nam","7":"product_cat-gang-tay","8":"product_cat-phu-kien","9":"desktop-align-center","10":"tablet-align-center","11":"mobile-align-center","12":"ast-product-gallery-layout-first-image-large","13":"ast-product-single-variable","14":"ast-product-tabs-layout-distributed","16":"first","17":"instock","18":"shipping-taxable","19":"purchasable","20":"product-type-variable"},"acf":[],"_links":{"self":[{"href":"https:\/\/taylormade-golf.vn\/en\/wp-json\/wp\/v2\/product\/16587","targetHints":{"allow":["GET"]}}],"collection":[{"href":"https:\/\/taylormade-golf.vn\/en\/wp-json\/wp\/v2\/product"}],"about":[{"href":"https:\/\/taylormade-golf.vn\/en\/wp-json\/wp\/v2\/types\/product"}],"replies":[{"embeddable":true,"href":"https:\/\/taylormade-golf.vn\/en\/wp-json\/wp\/v2\/comments?post=16587"}],"wp:featuredmedia":[{"embeddable":true,"href":"https:\/\/taylormade-golf.vn\/en\/wp-json\/wp\/v2\/media\/16590"}],"wp:attachment":[{"href":"https:\/\/taylormade-golf.vn\/en\/wp-json\/wp\/v2\/media?parent=16587"}],"wp:term":[{"taxonomy":"product_brand","embeddable":true,"href":"https:\/\/taylormade-golf.vn\/en\/wp-json\/wp\/v2\/product_brand?post=16587"},{"taxonomy":"product_cat","embeddable":true,"href":"https:\/\/taylormade-golf.vn\/en\/wp-json\/wp\/v2\/product_cat?post=16587"},{"taxonomy":"product_tag","embeddable":true,"href":"https:\/\/taylormade-golf.vn\/en\/wp-json\/wp\/v2\/product_tag?post=16587"}],"curies":[{"name":"wp","href":"https:\/\/api.w.org\/{rel}","templated":true}]}}