{"id":16569,"date":"2025-03-25T09:59:49","date_gmt":"2025-03-25T02:59:49","guid":{"rendered":"https:\/\/taylormade-golf.vn\/?post_type=product&#038;p=16569"},"modified":"2025-03-25T10:00:47","modified_gmt":"2025-03-25T03:00:47","slug":"nu-tui-dung-do-hoa-graphic-t-light-caddy","status":"publish","type":"product","link":"https:\/\/taylormade-golf.vn\/en\/product\/nu-tui-dung-do-hoa-graphic-t-light-caddy\/","title":{"rendered":"[N\u1eef] T\u00fai \u0111\u1ef1ng \u0111\u1ed3 h\u1ecda Graphic-T Light Caddy"},"content":{"rendered":"<div class=\"tab-content\">\n<div id=\"sectionFeatures\" class=\"container-fluid px-0 background--white\" data-toc=\"\u8aac\u660e\" data-toc-anchor=\"sectionFeatures\">\n<div class=\"container\">\n<div class=\"col-12 col-md-8 offset-md-2\">M\u00f4 t\u1ea3 s\u1ea3n ph\u1ea9m: T\u00fai x\u00e1ch l\u00e0m b\u1eb1ng v\u1ea3i m\u1ec1m c\u00f3 logo b\u1ea5t \u0111\u1ed1i x\u1ee9ng t\u1ea1o c\u1ea3m gi\u00e1c gi\u1ea3n d\u1ecb. Logo \u0111\u1ed3 h\u1ecda v\u00e0 logo T-BUG \u0111\u01b0\u1ee3c \u0111\u1eb7t kh\u00f4ng \u0111\u1ed1i x\u1ee9ng, v\u00e0 m\u1ed9t chi\u1ebfc m\u00f3c kh\u00f3a c\u00f3 c\u00f9ng h\u1ecda ti\u1ebft \u0111\u01b0\u1ee3c s\u1eed d\u1ee5ng l\u00e0m kh\u00f3a k\u00e9o \u1edf t\u00fai b\u00ean ph\u1ea3i, t\u1ea1o c\u1ea3m gi\u00e1c gi\u1ea3n d\u1ecb trong \u1ea5n t\u01b0\u1ee3ng th\u1ec3 thao. Chi\u1ebfc t\u00fai n\u00e0y c\u0169ng nh\u1eb9 nh\u1edd s\u1eed d\u1ee5ng v\u1ea3i polyester nh\u1eb9. Chi\u1ebfc t\u00fai n\u00e0y d\u1ec5 s\u1eed d\u1ee5ng cho nhi\u1ec1u ng\u01b0\u1eddi ch\u01a1i golf.<br \/>\nK\u00edch th\u01b0\u1edbc: 8,5 inch, 2,3 kg, t\u01b0\u01a1ng th\u00edch v\u1edbi k\u00edch th\u01b0\u1edbc 46 inch<br \/>\nMaterial: Polyester<br \/>\n*\u1ea2nh ch\u1ec9 mang t\u00ednh ch\u1ea5t minh h\u1ecda. M\u00e0u s\u1eafc c\u1ee7a s\u1ea3n ph\u1ea9m th\u1ef1c t\u1ebf c\u00f3 th\u1ec3 kh\u00e1c nhau t\u00f9y thu\u1ed9c v\u00e0o c\u00e0i \u0111\u1eb7t m\u00e0n h\u00ecnh v\u00e0 \u00e1nh s\u00e1ng ph\u00f2ng.<\/div>\n<\/div>\n<\/div>\n<\/div>\n<div id=\"sectionReviews\" class=\"py-3\" data-toc=\"\u30ec\u30d3\u30e5\u30fc\" data-toc-anchor=\"sectionReviews\">\n<div class=\"container px-0\">M1363901<br \/>\nM1364001<br \/>\nM1364101<\/div>\n<\/div>","protected":false},"excerpt":{"rendered":"<p>M\u00f4 t\u1ea3 s\u1ea3n ph\u1ea9m: T\u00fai x\u00e1ch l\u00e0m b\u1eb1ng v\u1ea3i m\u1ec1m c\u00f3 logo b\u1ea5t \u0111\u1ed1i x\u1ee9ng t\u1ea1o c\u1ea3m gi\u00e1c gi\u1ea3n d\u1ecb. Logo \u0111\u1ed3 h\u1ecda v\u00e0 logo T-BUG \u0111\u01b0\u1ee3c \u0111\u1eb7t kh\u00f4ng \u0111\u1ed1i x\u1ee9ng, v\u00e0 m\u1ed9t chi\u1ebfc m\u00f3c kh\u00f3a c\u00f3 c\u00f9ng h\u1ecda ti\u1ebft \u0111\u01b0\u1ee3c s\u1eed d\u1ee5ng l\u00e0m kh\u00f3a k\u00e9o \u1edf t\u00fai b\u00ean ph\u1ea3i, t\u1ea1o c\u1ea3m gi\u00e1c gi\u1ea3n d\u1ecb [&hellip;]<\/p>","protected":false},"featured_media":16577,"comment_status":"open","ping_status":"closed","template":"","meta":{"_acf_changed":false,"site-sidebar-layout":"default","site-content-layout":"","ast-site-content-layout":"default","site-content-style":"default","site-sidebar-style":"default","ast-global-header-display":"","ast-banner-title-visibility":"","ast-main-header-display":"","ast-hfb-above-header-display":"","ast-hfb-below-header-display":"","ast-hfb-mobile-header-display":"","site-post-title":"","ast-breadcrumbs-content":"","ast-featured-img":"","footer-sml-layout":"","theme-transparent-header-meta":"default","adv-header-id-meta":"","stick-header-meta":"default","header-above-stick-meta":"","header-main-stick-meta":"","header-below-stick-meta":"","astra-migrate-meta-layouts":"set","ast-page-background-enabled":"default","ast-page-background-meta":{"desktop":{"background-color":"","background-image":"","background-repeat":"repeat","background-position":"center center","background-size":"auto","background-attachment":"scroll","background-type":"","background-media":"","overlay-type":"","overlay-color":"","overlay-opacity":"","overlay-gradient":""},"tablet":{"background-color":"","background-image":"","background-repeat":"repeat","background-position":"center center","background-size":"auto","background-attachment":"scroll","background-type":"","background-media":"","overlay-type":"","overlay-color":"","overlay-opacity":"","overlay-gradient":""},"mobile":{"background-color":"","background-image":"","background-repeat":"repeat","background-position":"center center","background-size":"auto","background-attachment":"scroll","background-type":"","background-media":"","overlay-type":"","overlay-color":"","overlay-opacity":"","overlay-gradient":""}},"ast-content-background-meta":{"desktop":{"background-color":"var(--ast-global-color-5)","background-image":"","background-repeat":"repeat","background-position":"center center","background-size":"auto","background-attachment":"scroll","background-type":"","background-media":"","overlay-type":"","overlay-color":"","overlay-opacity":"","overlay-gradient":""},"tablet":{"background-color":"var(--ast-global-color-5)","background-image":"","background-repeat":"repeat","background-position":"center center","background-size":"auto","background-attachment":"scroll","background-type":"","background-media":"","overlay-type":"","overlay-color":"","overlay-opacity":"","overlay-gradient":""},"mobile":{"background-color":"var(--ast-global-color-5)","background-image":"","background-repeat":"repeat","background-position":"center center","background-size":"auto","background-attachment":"scroll","background-type":"","background-media":"","overlay-type":"","overlay-color":"","overlay-opacity":"","overlay-gradient":""}}},"product_brand":[],"product_cat":[263,253,92],"product_tag":[],"class_list":{"0":"post-16569","1":"product","2":"type-product","3":"status-publish","4":"has-post-thumbnail","6":"product_cat-nu","7":"product_cat-tui-taylormade","8":"product_cat-tui-gay","9":"desktop-align-center","10":"tablet-align-center","11":"mobile-align-center","12":"ast-product-gallery-layout-first-image-large","13":"ast-product-single-variable","14":"ast-product-tabs-layout-distributed","16":"first","17":"instock","18":"shipping-taxable","19":"purchasable","20":"product-type-variable"},"acf":[],"_links":{"self":[{"href":"https:\/\/taylormade-golf.vn\/en\/wp-json\/wp\/v2\/product\/16569","targetHints":{"allow":["GET"]}}],"collection":[{"href":"https:\/\/taylormade-golf.vn\/en\/wp-json\/wp\/v2\/product"}],"about":[{"href":"https:\/\/taylormade-golf.vn\/en\/wp-json\/wp\/v2\/types\/product"}],"replies":[{"embeddable":true,"href":"https:\/\/taylormade-golf.vn\/en\/wp-json\/wp\/v2\/comments?post=16569"}],"wp:featuredmedia":[{"embeddable":true,"href":"https:\/\/taylormade-golf.vn\/en\/wp-json\/wp\/v2\/media\/16577"}],"wp:attachment":[{"href":"https:\/\/taylormade-golf.vn\/en\/wp-json\/wp\/v2\/media?parent=16569"}],"wp:term":[{"taxonomy":"product_brand","embeddable":true,"href":"https:\/\/taylormade-golf.vn\/en\/wp-json\/wp\/v2\/product_brand?post=16569"},{"taxonomy":"product_cat","embeddable":true,"href":"https:\/\/taylormade-golf.vn\/en\/wp-json\/wp\/v2\/product_cat?post=16569"},{"taxonomy":"product_tag","embeddable":true,"href":"https:\/\/taylormade-golf.vn\/en\/wp-json\/wp\/v2\/product_tag?post=16569"}],"curies":[{"name":"wp","href":"https:\/\/api.w.org\/{rel}","templated":true}]}}