{"id":16561,"date":"2025-03-25T09:43:47","date_gmt":"2025-03-25T02:43:47","guid":{"rendered":"https:\/\/taylormade-golf.vn\/?post_type=product&#038;p=16561"},"modified":"2025-03-25T09:54:37","modified_gmt":"2025-03-25T02:54:37","slug":"nu-tui-gay-wilshire-caddy","status":"publish","type":"product","link":"https:\/\/taylormade-golf.vn\/en\/product\/nu-tui-gay-wilshire-caddy\/","title":{"rendered":"[N\u1eef] T\u00fai g\u1eady Wilshire Caddy"},"content":{"rendered":"<p>M\u00f4 t\u1ea3 s\u1ea3n ph\u1ea9m: M\u1ed9t chi\u1ebfc t\u00fai \u0111\u1ef1ng \u0111\u1ed3 c\u00f3 thi\u1ebft k\u1ebf thanh l\u1ecbch v\u00e0 th\u1eddi trang v\u1edbi h\u1ecda ti\u1ebft x\u1ebfp ly. M\u1eabu t\u00fai d\u00e0nh cho n\u1eef n\u00e0y c\u00f3 thi\u1ebft k\u1ebf x\u1ebfp ly t\u00e1o b\u1ea1o \u1edf hai b\u00ean h\u00f4ng \u0111\u1ec3 t\u1ea1o \u1ea5n t\u01b0\u1ee3ng n\u1eef t\u00ednh, trong khi vi\u1ec7c s\u1eed d\u1ee5ng ch\u1ea5t li\u1ec7u da t\u1ed5ng h\u1ee3p sang tr\u1ecdng v\u00e0 logo \u0111\u01a1n gi\u1ea3n mang l\u1ea1i c\u1ea3m gi\u00e1c thanh l\u1ecbch v\u00e0 s\u00e0nh \u0111i\u1ec7u.<br \/>\nK\u00edch th\u01b0\u1edbc: 8,5 inch, 3,0 kg, t\u01b0\u01a1ng th\u00edch 46 inch<br \/>\nMaterial: Synthetic leather, polyester<br \/>\n*\u1ea2nh ch\u1ec9 mang t\u00ednh ch\u1ea5t minh h\u1ecda. M\u00e0u s\u1eafc c\u1ee7a s\u1ea3n ph\u1ea9m th\u1ef1c t\u1ebf c\u00f3 th\u1ec3 kh\u00e1c nhau t\u00f9y thu\u1ed9c v\u00e0o c\u00e0i \u0111\u1eb7t m\u00e0n h\u00ecnh v\u00e0 \u00e1nh s\u00e1ng ph\u00f2ng.<\/p>\n<p>M1361501<br \/>\nM1361601<br \/>\nM1361801<\/p>","protected":false},"excerpt":{"rendered":"<p>M\u00f4 t\u1ea3 s\u1ea3n ph\u1ea9m: M\u1ed9t chi\u1ebfc t\u00fai \u0111\u1ef1ng \u0111\u1ed3 c\u00f3 thi\u1ebft k\u1ebf thanh l\u1ecbch v\u00e0 th\u1eddi trang v\u1edbi h\u1ecda ti\u1ebft x\u1ebfp ly. M\u1eabu t\u00fai d\u00e0nh cho n\u1eef n\u00e0y c\u00f3 thi\u1ebft k\u1ebf x\u1ebfp ly t\u00e1o b\u1ea1o \u1edf hai b\u00ean h\u00f4ng \u0111\u1ec3 t\u1ea1o \u1ea5n t\u01b0\u1ee3ng n\u1eef t\u00ednh, trong khi vi\u1ec7c s\u1eed d\u1ee5ng ch\u1ea5t li\u1ec7u da t\u1ed5ng h\u1ee3p [&hellip;]<\/p>","protected":false},"featured_media":16543,"comment_status":"open","ping_status":"closed","template":"","meta":{"_acf_changed":false,"site-sidebar-layout":"default","site-content-layout":"","ast-site-content-layout":"default","site-content-style":"default","site-sidebar-style":"default","ast-global-header-display":"","ast-banner-title-visibility":"","ast-main-header-display":"","ast-hfb-above-header-display":"","ast-hfb-below-header-display":"","ast-hfb-mobile-header-display":"","site-post-title":"","ast-breadcrumbs-content":"","ast-featured-img":"","footer-sml-layout":"","theme-transparent-header-meta":"default","adv-header-id-meta":"","stick-header-meta":"default","header-above-stick-meta":"","header-main-stick-meta":"","header-below-stick-meta":"","astra-migrate-meta-layouts":"set","ast-page-background-enabled":"default","ast-page-background-meta":{"desktop":{"background-color":"","background-image":"","background-repeat":"repeat","background-position":"center center","background-size":"auto","background-attachment":"scroll","background-type":"","background-media":"","overlay-type":"","overlay-color":"","overlay-opacity":"","overlay-gradient":""},"tablet":{"background-color":"","background-image":"","background-repeat":"repeat","background-position":"center center","background-size":"auto","background-attachment":"scroll","background-type":"","background-media":"","overlay-type":"","overlay-color":"","overlay-opacity":"","overlay-gradient":""},"mobile":{"background-color":"","background-image":"","background-repeat":"repeat","background-position":"center center","background-size":"auto","background-attachment":"scroll","background-type":"","background-media":"","overlay-type":"","overlay-color":"","overlay-opacity":"","overlay-gradient":""}},"ast-content-background-meta":{"desktop":{"background-color":"var(--ast-global-color-5)","background-image":"","background-repeat":"repeat","background-position":"center center","background-size":"auto","background-attachment":"scroll","background-type":"","background-media":"","overlay-type":"","overlay-color":"","overlay-opacity":"","overlay-gradient":""},"tablet":{"background-color":"var(--ast-global-color-5)","background-image":"","background-repeat":"repeat","background-position":"center center","background-size":"auto","background-attachment":"scroll","background-type":"","background-media":"","overlay-type":"","overlay-color":"","overlay-opacity":"","overlay-gradient":""},"mobile":{"background-color":"var(--ast-global-color-5)","background-image":"","background-repeat":"repeat","background-position":"center center","background-size":"auto","background-attachment":"scroll","background-type":"","background-media":"","overlay-type":"","overlay-color":"","overlay-opacity":"","overlay-gradient":""}}},"product_brand":[],"product_cat":[253,263,92],"product_tag":[],"class_list":{"0":"post-16561","1":"product","2":"type-product","3":"status-publish","4":"has-post-thumbnail","6":"product_cat-tui-taylormade","7":"product_cat-nu","8":"product_cat-tui-gay","9":"desktop-align-center","10":"tablet-align-center","11":"mobile-align-center","12":"ast-product-gallery-layout-first-image-large","13":"ast-product-single-variable","14":"ast-product-tabs-layout-distributed","16":"first","17":"instock","18":"shipping-taxable","19":"purchasable","20":"product-type-variable"},"acf":[],"_links":{"self":[{"href":"https:\/\/taylormade-golf.vn\/en\/wp-json\/wp\/v2\/product\/16561","targetHints":{"allow":["GET"]}}],"collection":[{"href":"https:\/\/taylormade-golf.vn\/en\/wp-json\/wp\/v2\/product"}],"about":[{"href":"https:\/\/taylormade-golf.vn\/en\/wp-json\/wp\/v2\/types\/product"}],"replies":[{"embeddable":true,"href":"https:\/\/taylormade-golf.vn\/en\/wp-json\/wp\/v2\/comments?post=16561"}],"wp:featuredmedia":[{"embeddable":true,"href":"https:\/\/taylormade-golf.vn\/en\/wp-json\/wp\/v2\/media\/16543"}],"wp:attachment":[{"href":"https:\/\/taylormade-golf.vn\/en\/wp-json\/wp\/v2\/media?parent=16561"}],"wp:term":[{"taxonomy":"product_brand","embeddable":true,"href":"https:\/\/taylormade-golf.vn\/en\/wp-json\/wp\/v2\/product_brand?post=16561"},{"taxonomy":"product_cat","embeddable":true,"href":"https:\/\/taylormade-golf.vn\/en\/wp-json\/wp\/v2\/product_cat?post=16561"},{"taxonomy":"product_tag","embeddable":true,"href":"https:\/\/taylormade-golf.vn\/en\/wp-json\/wp\/v2\/product_tag?post=16561"}],"curies":[{"name":"wp","href":"https:\/\/api.w.org\/{rel}","templated":true}]}}