{"id":16537,"date":"2025-03-24T09:08:05","date_gmt":"2025-03-24T02:08:05","guid":{"rendered":"https:\/\/taylormade-golf.vn\/?post_type=product&#038;p=16537"},"modified":"2025-03-24T09:25:11","modified_gmt":"2025-03-24T02:25:11","slug":"nu-tui-deo-vai-wilshire","status":"publish","type":"product","link":"https:\/\/taylormade-golf.vn\/en\/product\/nu-tui-deo-vai-wilshire\/","title":{"rendered":"[N\u1eef] T\u00fai \u0111eo vai Wilshire"},"content":{"rendered":"<p><span>M\u00f4 t\u1ea3 s\u1ea3n ph\u1ea9m: T\u00fai \u0111eo vai c\u00f3 thi\u1ebft k\u1ebf x\u1ebfp ly \u0111\u1eb7c bi\u1ec7t, thanh l\u1ecbch v\u00e0 h\u1ee3p th\u1eddi trang. M\u1eabu t\u00fai d\u00e0nh cho n\u1eef n\u00e0y c\u00f3 thi\u1ebft k\u1ebf x\u1ebfp n\u1ebfp t\u00e1o b\u1ea1o \u1edf ph\u00eda tr\u00ean, t\u1ea1o \u1ea5n t\u01b0\u1ee3ng n\u1eef t\u00ednh, trong khi vi\u1ec7c s\u1eed d\u1ee5ng ch\u1ea5t li\u1ec7u da t\u1ed5ng h\u1ee3p sang tr\u1ecdng v\u00e0 logo \u0111\u01a1n gi\u1ea3n mang l\u1ea1i c\u1ea3m gi\u00e1c thanh l\u1ecbch v\u00e0 s\u00e0nh \u0111i\u1ec7u. B\u1ea1n c\u00f3 th\u1ec3 \u0111eo ch\u00e9o qua ng\u01b0\u1eddi b\u1eb1ng d\u00e2y \u0111eo vai v\u00e0 t\u00fai c\u00f3 hai quai x\u00e1ch \u0111\u1ec3 b\u1ea1n c\u00f3 th\u1ec3 \u0111eo theo chi\u1ec1u d\u1ecdc ho\u1eb7c chi\u1ec1u ngang. Khu v\u1ef1c l\u01b0u tr\u1eef \u0111\u01b0\u1ee3c chia th\u00e0nh hai ng\u0103n, gi\u00fap b\u1ea1n c\u00f3 th\u1ec3 s\u1eafp x\u1ebfp v\u00e0 c\u1ea5t gi\u1eef c\u00e1c thi\u1ebft b\u1ecb tr\u00f2n c\u1ee7a m\u00ecnh. S\u1ea3n ph\u1ea9m n\u00e0y kh\u00f4ng ch\u1ec9 c\u00f3 th\u1ec3 s\u1eed d\u1ee5ng \u0111\u1ec3 ch\u01a1i golf m\u00e0 c\u00f2n c\u00f3 th\u1ec3 d\u00f9ng khi \u0111i du l\u1ecbch.<\/span><br \/>\n<span>K\u00edch th\u01b0\u1edbc: D\u00e0i 25xR\u1ed9ng 10xCao 16cmCh\u1ea5t li\u1ec7u<\/span><br \/>\n<span>: Da t\u1ed5ng h\u1ee3p, polyester<\/span><br \/>\n<span>*\u1ea2nh ch\u1ec9 mang t\u00ednh ch\u1ea5t minh h\u1ecda. M\u00e0u s\u1eafc c\u1ee7a s\u1ea3n ph\u1ea9m th\u1ef1c t\u1ebf c\u00f3 th\u1ec3 kh\u00e1c nhau t\u00f9y thu\u1ed9c v\u00e0o c\u00e0i \u0111\u1eb7t m\u00e0n h\u00ecnh v\u00e0 \u00e1nh s\u00e1ng ph\u00f2ng.<\/span><\/p>\n<p>M1362701<br \/>\nM1362801<br \/>\nM1363001<\/p>","protected":false},"excerpt":{"rendered":"<p>M\u00f4 t\u1ea3 s\u1ea3n ph\u1ea9m: T\u00fai \u0111eo vai c\u00f3 thi\u1ebft k\u1ebf x\u1ebfp ly \u0111\u1eb7c bi\u1ec7t, thanh l\u1ecbch v\u00e0 h\u1ee3p th\u1eddi trang. M\u1eabu t\u00fai d\u00e0nh cho n\u1eef n\u00e0y c\u00f3 thi\u1ebft k\u1ebf x\u1ebfp n\u1ebfp t\u00e1o b\u1ea1o \u1edf ph\u00eda tr\u00ean, t\u1ea1o \u1ea5n t\u01b0\u1ee3ng n\u1eef t\u00ednh, trong khi vi\u1ec7c s\u1eed d\u1ee5ng ch\u1ea5t li\u1ec7u da t\u1ed5ng h\u1ee3p sang tr\u1ecdng v\u00e0 logo [&hellip;]<\/p>","protected":false},"featured_media":16554,"comment_status":"open","ping_status":"closed","template":"","meta":{"_acf_changed":false,"site-sidebar-layout":"default","site-content-layout":"","ast-site-content-layout":"default","site-content-style":"default","site-sidebar-style":"default","ast-global-header-display":"","ast-banner-title-visibility":"","ast-main-header-display":"","ast-hfb-above-header-display":"","ast-hfb-below-header-display":"","ast-hfb-mobile-header-display":"","site-post-title":"","ast-breadcrumbs-content":"","ast-featured-img":"","footer-sml-layout":"","theme-transparent-header-meta":"default","adv-header-id-meta":"","stick-header-meta":"default","header-above-stick-meta":"","header-main-stick-meta":"","header-below-stick-meta":"","astra-migrate-meta-layouts":"set","ast-page-background-enabled":"default","ast-page-background-meta":{"desktop":{"background-color":"","background-image":"","background-repeat":"repeat","background-position":"center center","background-size":"auto","background-attachment":"scroll","background-type":"","background-media":"","overlay-type":"","overlay-color":"","overlay-opacity":"","overlay-gradient":""},"tablet":{"background-color":"","background-image":"","background-repeat":"repeat","background-position":"center center","background-size":"auto","background-attachment":"scroll","background-type":"","background-media":"","overlay-type":"","overlay-color":"","overlay-opacity":"","overlay-gradient":""},"mobile":{"background-color":"","background-image":"","background-repeat":"repeat","background-position":"center center","background-size":"auto","background-attachment":"scroll","background-type":"","background-media":"","overlay-type":"","overlay-color":"","overlay-opacity":"","overlay-gradient":""}},"ast-content-background-meta":{"desktop":{"background-color":"var(--ast-global-color-5)","background-image":"","background-repeat":"repeat","background-position":"center center","background-size":"auto","background-attachment":"scroll","background-type":"","background-media":"","overlay-type":"","overlay-color":"","overlay-opacity":"","overlay-gradient":""},"tablet":{"background-color":"var(--ast-global-color-5)","background-image":"","background-repeat":"repeat","background-position":"center center","background-size":"auto","background-attachment":"scroll","background-type":"","background-media":"","overlay-type":"","overlay-color":"","overlay-opacity":"","overlay-gradient":""},"mobile":{"background-color":"var(--ast-global-color-5)","background-image":"","background-repeat":"repeat","background-position":"center center","background-size":"auto","background-attachment":"scroll","background-type":"","background-media":"","overlay-type":"","overlay-color":"","overlay-opacity":"","overlay-gradient":""}}},"product_brand":[],"product_cat":[263,253,383],"product_tag":[],"class_list":{"0":"post-16537","1":"product","2":"type-product","3":"status-publish","4":"has-post-thumbnail","6":"product_cat-nu","7":"product_cat-tui-taylormade","8":"product_cat-tui-khac","9":"desktop-align-center","10":"tablet-align-center","11":"mobile-align-center","12":"ast-product-gallery-layout-first-image-large","13":"ast-product-single-variable","14":"ast-product-tabs-layout-distributed","16":"first","17":"instock","18":"shipping-taxable","19":"purchasable","20":"product-type-variable"},"acf":[],"_links":{"self":[{"href":"https:\/\/taylormade-golf.vn\/en\/wp-json\/wp\/v2\/product\/16537","targetHints":{"allow":["GET"]}}],"collection":[{"href":"https:\/\/taylormade-golf.vn\/en\/wp-json\/wp\/v2\/product"}],"about":[{"href":"https:\/\/taylormade-golf.vn\/en\/wp-json\/wp\/v2\/types\/product"}],"replies":[{"embeddable":true,"href":"https:\/\/taylormade-golf.vn\/en\/wp-json\/wp\/v2\/comments?post=16537"}],"wp:featuredmedia":[{"embeddable":true,"href":"https:\/\/taylormade-golf.vn\/en\/wp-json\/wp\/v2\/media\/16554"}],"wp:attachment":[{"href":"https:\/\/taylormade-golf.vn\/en\/wp-json\/wp\/v2\/media?parent=16537"}],"wp:term":[{"taxonomy":"product_brand","embeddable":true,"href":"https:\/\/taylormade-golf.vn\/en\/wp-json\/wp\/v2\/product_brand?post=16537"},{"taxonomy":"product_cat","embeddable":true,"href":"https:\/\/taylormade-golf.vn\/en\/wp-json\/wp\/v2\/product_cat?post=16537"},{"taxonomy":"product_tag","embeddable":true,"href":"https:\/\/taylormade-golf.vn\/en\/wp-json\/wp\/v2\/product_tag?post=16537"}],"curies":[{"name":"wp","href":"https:\/\/api.w.org\/{rel}","templated":true}]}}