{"id":16508,"date":"2025-03-17T11:01:33","date_gmt":"2025-03-17T04:01:33","guid":{"rendered":"https:\/\/taylormade-golf.vn\/?post_type=product&#038;p=16508"},"modified":"2025-03-17T11:02:33","modified_gmt":"2025-03-17T04:02:33","slug":"ao-thun-polo-hoa-tiet-logo-s-s","status":"publish","type":"product","link":"https:\/\/taylormade-golf.vn\/en\/product\/ao-thun-polo-hoa-tiet-logo-s-s\/","title":{"rendered":"\u00c1o thun Polo h\u1ecda ti\u1ebft logo S\/S"},"content":{"rendered":"<div class=\"flex max-w-full flex-col flex-grow\">\n<div class=\"min-h-8 text-message relative flex w-full flex-col items-end gap-2 whitespace-normal break-words text-start [.text-message+&amp;]:mt-5\" dir=\"auto\" data-message-author-role=\"assistant\" data-message-id=\"c7020314-ece0-41c0-afae-3ee2479838cc\" data-message-model-slug=\"gpt-4o\">\n<div class=\"flex w-full flex-col gap-1 empty:hidden first:pt-[3px]\">\n<div class=\"markdown prose w-full break-words dark:prose-invert light\">\n<p data-start=\"0\" data-end=\"74\">\ud83d\udd25 <strong data-start=\"3\" data-end=\"69\">\u00c1O POLO TAY NG\u1eaeN TAYLORMADE \u2013 TH\u1ec2 THAO, TH\u1edcI TRANG &amp; HI\u1ec6N \u0110\u1ea0I!<\/strong> \ud83d\udd25<\/p>\n<p data-start=\"76\" data-end=\"191\">B\u1ea1n \u0111ang t\u00ecm ki\u1ebfm m\u1ed9t chi\u1ebfc \u00e1o polo kh\u00f4ng ch\u1ec9 phong c\u00e1ch m\u00e0 c\u00f2n gi\u00fap b\u1ea1n tho\u1ea3i m\u00e1i su\u1ed1t c\u1ea3 ng\u00e0y tr\u00ean s\u00e2n golf? \u26f3\u2728<\/p>\n<p data-start=\"193\" data-end=\"581\">\u2714 <strong data-start=\"195\" data-end=\"215\">Thi\u1ebft k\u1ebf \u0111\u1ed9c \u0111\u00e1o<\/strong> \u2013 H\u1ecda ti\u1ebft logo TaylorMade \u0111\u01b0\u1ee3c s\u1eafp x\u1ebfp tinh t\u1ebf, t\u1ea1o \u0111i\u1ec3m nh\u1ea5n n\u0103ng \u0111\u1ed9ng v\u00e0 \u0111\u1eb3ng c\u1ea5p.<br data-start=\"301\" data-end=\"304\" \/>\u2714 <strong data-start=\"306\" data-end=\"338\">C\u00f4ng ngh\u1ec7 h\u00fat \u1ea9m &amp; kh\u00f4 nhanh<\/strong> \u2013 Gi\u00fap b\u1ea1n lu\u00f4n kh\u00f4 tho\u00e1ng v\u00e0 t\u1ef1 tin d\u00f9 trong nh\u1eefng ng\u00e0y h\u00e8 n\u00f3ng b\u1ee9c.<br data-start=\"408\" data-end=\"411\" data-is-only-node=\"\" \/>\u2714 <strong data-start=\"413\" data-end=\"429\">Ch\u1ed1ng tia UV<\/strong> \u2013 B\u1ea3o v\u1ec7 l\u00e0n da kh\u1ecfi t\u00e1c \u0111\u1ed9ng c\u1ee7a \u00e1nh n\u1eafng m\u1eb7t tr\u1eddi.<br data-start=\"482\" data-end=\"485\" \/>\u2714 <strong data-start=\"487\" data-end=\"508\">Ch\u1ea5t li\u1ec7u cao c\u1ea5p<\/strong> \u2013 100% polyester co gi\u00e3n, m\u1ec1m m\u1ea1i, mang l\u1ea1i c\u1ea3m gi\u00e1c tho\u1ea3i m\u00e1i t\u1ed1i \u0111a.<\/p>\n<p data-start=\"583\" data-end=\"660\">\ud83d\udc49 M\u1ed9t l\u1ef1a ch\u1ecdn ho\u00e0n h\u1ea3o cho nh\u1eefng golfer y\u00eau th\u00edch s\u1ef1 tr\u1ebb trung, hi\u1ec7n \u0111\u1ea1i!<\/p>\n<\/div>\n<\/div>\n<\/div>\n<\/div>\n<div class=\"mb-2 flex gap-3 -ml-2\" tabindex=\"0\">\n<div class=\"flex items-center justify-start rounded-xl p-1\">\n<div>\n<div class=\"flex items-center transition-opacity group-hover\/turn:opacity-100 opacity-100\">\n<div class=\"flex items-center pb-0\">M1315170<br \/>\nM1315171<br \/>\nM1315270<br \/>\nM1315271<\/div>\n<\/div>\n<\/div>\n<\/div>\n<\/div>","protected":false},"excerpt":{"rendered":"<p>\ud83d\udd25 \u00c1O POLO TAY NG\u1eaeN TAYLORMADE \u2013 TH\u1ec2 THAO, TH\u1edcI TRANG &amp; HI\u1ec6N \u0110\u1ea0I! \ud83d\udd25 B\u1ea1n \u0111ang t\u00ecm ki\u1ebfm m\u1ed9t chi\u1ebfc \u00e1o polo kh\u00f4ng ch\u1ec9 phong c\u00e1ch m\u00e0 c\u00f2n gi\u00fap b\u1ea1n tho\u1ea3i m\u00e1i su\u1ed1t c\u1ea3 ng\u00e0y tr\u00ean s\u00e2n golf? \u26f3\u2728 \u2714 Thi\u1ebft k\u1ebf \u0111\u1ed9c \u0111\u00e1o \u2013 H\u1ecda ti\u1ebft logo TaylorMade \u0111\u01b0\u1ee3c s\u1eafp x\u1ebfp tinh t\u1ebf, [&hellip;]<\/p>","protected":false},"featured_media":16512,"comment_status":"open","ping_status":"closed","template":"","meta":{"_acf_changed":false,"site-sidebar-layout":"default","site-content-layout":"","ast-site-content-layout":"default","site-content-style":"default","site-sidebar-style":"default","ast-global-header-display":"","ast-banner-title-visibility":"","ast-main-header-display":"","ast-hfb-above-header-display":"","ast-hfb-below-header-display":"","ast-hfb-mobile-header-display":"","site-post-title":"","ast-breadcrumbs-content":"","ast-featured-img":"","footer-sml-layout":"","theme-transparent-header-meta":"default","adv-header-id-meta":"","stick-header-meta":"default","header-above-stick-meta":"","header-main-stick-meta":"","header-below-stick-meta":"","astra-migrate-meta-layouts":"set","ast-page-background-enabled":"default","ast-page-background-meta":{"desktop":{"background-color":"","background-image":"","background-repeat":"repeat","background-position":"center center","background-size":"auto","background-attachment":"scroll","background-type":"","background-media":"","overlay-type":"","overlay-color":"","overlay-opacity":"","overlay-gradient":""},"tablet":{"background-color":"","background-image":"","background-repeat":"repeat","background-position":"center center","background-size":"auto","background-attachment":"scroll","background-type":"","background-media":"","overlay-type":"","overlay-color":"","overlay-opacity":"","overlay-gradient":""},"mobile":{"background-color":"","background-image":"","background-repeat":"repeat","background-position":"center center","background-size":"auto","background-attachment":"scroll","background-type":"","background-media":"","overlay-type":"","overlay-color":"","overlay-opacity":"","overlay-gradient":""}},"ast-content-background-meta":{"desktop":{"background-color":"var(--ast-global-color-5)","background-image":"","background-repeat":"repeat","background-position":"center center","background-size":"auto","background-attachment":"scroll","background-type":"","background-media":"","overlay-type":"","overlay-color":"","overlay-opacity":"","overlay-gradient":""},"tablet":{"background-color":"var(--ast-global-color-5)","background-image":"","background-repeat":"repeat","background-position":"center center","background-size":"auto","background-attachment":"scroll","background-type":"","background-media":"","overlay-type":"","overlay-color":"","overlay-opacity":"","overlay-gradient":""},"mobile":{"background-color":"var(--ast-global-color-5)","background-image":"","background-repeat":"repeat","background-position":"center center","background-size":"auto","background-attachment":"scroll","background-type":"","background-media":"","overlay-type":"","overlay-color":"","overlay-opacity":"","overlay-gradient":""}}},"product_brand":[],"product_cat":[102,101],"product_tag":[],"class_list":{"0":"post-16508","1":"product","2":"type-product","3":"status-publish","4":"has-post-thumbnail","6":"product_cat-ao-coc-tay","7":"product_cat-quan-ao","8":"desktop-align-center","9":"tablet-align-center","10":"mobile-align-center","11":"ast-product-gallery-layout-first-image-large","12":"ast-product-single-variable","13":"ast-product-tabs-layout-distributed","15":"first","16":"instock","17":"shipping-taxable","18":"purchasable","19":"product-type-variable"},"acf":[],"_links":{"self":[{"href":"https:\/\/taylormade-golf.vn\/en\/wp-json\/wp\/v2\/product\/16508","targetHints":{"allow":["GET"]}}],"collection":[{"href":"https:\/\/taylormade-golf.vn\/en\/wp-json\/wp\/v2\/product"}],"about":[{"href":"https:\/\/taylormade-golf.vn\/en\/wp-json\/wp\/v2\/types\/product"}],"replies":[{"embeddable":true,"href":"https:\/\/taylormade-golf.vn\/en\/wp-json\/wp\/v2\/comments?post=16508"}],"wp:featuredmedia":[{"embeddable":true,"href":"https:\/\/taylormade-golf.vn\/en\/wp-json\/wp\/v2\/media\/16512"}],"wp:attachment":[{"href":"https:\/\/taylormade-golf.vn\/en\/wp-json\/wp\/v2\/media?parent=16508"}],"wp:term":[{"taxonomy":"product_brand","embeddable":true,"href":"https:\/\/taylormade-golf.vn\/en\/wp-json\/wp\/v2\/product_brand?post=16508"},{"taxonomy":"product_cat","embeddable":true,"href":"https:\/\/taylormade-golf.vn\/en\/wp-json\/wp\/v2\/product_cat?post=16508"},{"taxonomy":"product_tag","embeddable":true,"href":"https:\/\/taylormade-golf.vn\/en\/wp-json\/wp\/v2\/product_tag?post=16508"}],"curies":[{"name":"wp","href":"https:\/\/api.w.org\/{rel}","templated":true}]}}