{"id":16495,"date":"2025-03-17T10:53:57","date_gmt":"2025-03-17T03:53:57","guid":{"rendered":"https:\/\/taylormade-golf.vn\/?post_type=product&#038;p=16495"},"modified":"2025-03-17T11:03:27","modified_gmt":"2025-03-17T04:03:27","slug":"tui-dung-do-co-logo-hinh-tron","status":"publish","type":"product","link":"https:\/\/taylormade-golf.vn\/en\/product\/tui-dung-do-co-logo-hinh-tron\/","title":{"rendered":"T\u00fai \u0111\u1ef1ng \u0111\u1ed3 c\u00f3 logo h\u00ecnh tr\u00f2n"},"content":{"rendered":"<div class=\"tab-content\">\n<div id=\"sectionFeatures\" class=\"container-fluid px-0 background--white\" data-toc=\"\u8aac\u660e\" data-toc-anchor=\"sectionFeatures\">\n<div class=\"container\">\n<div class=\"col-12 col-md-8 offset-md-2\">M\u00f4 t\u1ea3 s\u1ea3n ph\u1ea9m: M\u1ed9t chi\u1ebfc t\u00fai x\u00e1ch c\u00f3 th\u00e2n t\u00fai sang tr\u1ecdng, truy\u1ec1n th\u1ed1ng v\u00e0 logo h\u00ecnh tr\u00f2n l\u1edbn, n\u1ed5i b\u1eadt theo phong c\u00e1ch gi\u1ea3n d\u1ecb. S\u1ea3n ph\u1ea9m n\u00e0y c\u00f3 th\u00e2n b\u1eb1ng da t\u1ed5ng h\u1ee3p ch\u1ea5t l\u01b0\u1ee3ng cao v\u1edbi logo 3D ba chi\u1ec1u, gi\u00fap logo \u1ea5n t\u01b0\u1ee3ng n\u1ed5i b\u1eadt tr\u00ean th\u00e2n m\u00e1y \u0111\u01a1n gi\u1ea3n. S\u1ea3n ph\u1ea9m n\u00e0y c\u00f2n k\u1ebft h\u1ee3p ch\u1ee9c n\u0103ng cao v\u1edbi c\u00e1c t\u00fai c\u00f3 s\u1ee9c ch\u1ee9a l\u1edbn, tay c\u1ea7m \u0111\u00fac v\u00e0 tay c\u1ea7m tr\u00ean khung m\u1edf.<br \/>\nK\u00edch th\u01b0\u1edbc: 9,5 inch, 3,2 kg, t\u01b0\u01a1ng th\u00edch 47 inch<br \/>\nMaterial: Synthetic leather<br \/>\n*\u1ea2nh ch\u1ec9 mang t\u00ednh ch\u1ea5t minh h\u1ecda. M\u00e0u s\u1eafc c\u1ee7a s\u1ea3n ph\u1ea9m th\u1ef1c t\u1ebf c\u00f3 th\u1ec3 kh\u00e1c nhau t\u00f9y thu\u1ed9c v\u00e0o c\u00e0i \u0111\u1eb7t m\u00e0n h\u00ecnh v\u00e0 \u00e1nh s\u00e1ng ph\u00f2ng.<\/div>\n<\/div>\n<\/div>\n<\/div>\n<div id=\"sectionReviews\" class=\"py-3\" data-toc=\"\u30ec\u30d3\u30e5\u30fc\" data-toc-anchor=\"sectionReviews\">\n<div class=\"container px-0\">M1356301<br \/>\nM1356401<br \/>\nM1356501<\/div>\n<\/div>","protected":false},"excerpt":{"rendered":"<p>M\u00f4 t\u1ea3 s\u1ea3n ph\u1ea9m: M\u1ed9t chi\u1ebfc t\u00fai x\u00e1ch c\u00f3 th\u00e2n t\u00fai sang tr\u1ecdng, truy\u1ec1n th\u1ed1ng v\u00e0 logo h\u00ecnh tr\u00f2n l\u1edbn, n\u1ed5i b\u1eadt theo phong c\u00e1ch gi\u1ea3n d\u1ecb. S\u1ea3n ph\u1ea9m n\u00e0y c\u00f3 th\u00e2n b\u1eb1ng da t\u1ed5ng h\u1ee3p ch\u1ea5t l\u01b0\u1ee3ng cao v\u1edbi logo 3D ba chi\u1ec1u, gi\u00fap logo \u1ea5n t\u01b0\u1ee3ng n\u1ed5i b\u1eadt tr\u00ean th\u00e2n m\u00e1y \u0111\u01a1n gi\u1ea3n. [&hellip;]<\/p>","protected":false},"featured_media":16499,"comment_status":"open","ping_status":"closed","template":"","meta":{"_acf_changed":false,"site-sidebar-layout":"default","site-content-layout":"","ast-site-content-layout":"default","site-content-style":"default","site-sidebar-style":"default","ast-global-header-display":"","ast-banner-title-visibility":"","ast-main-header-display":"","ast-hfb-above-header-display":"","ast-hfb-below-header-display":"","ast-hfb-mobile-header-display":"","site-post-title":"","ast-breadcrumbs-content":"","ast-featured-img":"","footer-sml-layout":"","theme-transparent-header-meta":"default","adv-header-id-meta":"","stick-header-meta":"default","header-above-stick-meta":"","header-main-stick-meta":"","header-below-stick-meta":"","astra-migrate-meta-layouts":"set","ast-page-background-enabled":"default","ast-page-background-meta":{"desktop":{"background-color":"","background-image":"","background-repeat":"repeat","background-position":"center center","background-size":"auto","background-attachment":"scroll","background-type":"","background-media":"","overlay-type":"","overlay-color":"","overlay-opacity":"","overlay-gradient":""},"tablet":{"background-color":"","background-image":"","background-repeat":"repeat","background-position":"center center","background-size":"auto","background-attachment":"scroll","background-type":"","background-media":"","overlay-type":"","overlay-color":"","overlay-opacity":"","overlay-gradient":""},"mobile":{"background-color":"","background-image":"","background-repeat":"repeat","background-position":"center center","background-size":"auto","background-attachment":"scroll","background-type":"","background-media":"","overlay-type":"","overlay-color":"","overlay-opacity":"","overlay-gradient":""}},"ast-content-background-meta":{"desktop":{"background-color":"var(--ast-global-color-5)","background-image":"","background-repeat":"repeat","background-position":"center center","background-size":"auto","background-attachment":"scroll","background-type":"","background-media":"","overlay-type":"","overlay-color":"","overlay-opacity":"","overlay-gradient":""},"tablet":{"background-color":"var(--ast-global-color-5)","background-image":"","background-repeat":"repeat","background-position":"center center","background-size":"auto","background-attachment":"scroll","background-type":"","background-media":"","overlay-type":"","overlay-color":"","overlay-opacity":"","overlay-gradient":""},"mobile":{"background-color":"var(--ast-global-color-5)","background-image":"","background-repeat":"repeat","background-position":"center center","background-size":"auto","background-attachment":"scroll","background-type":"","background-media":"","overlay-type":"","overlay-color":"","overlay-opacity":"","overlay-gradient":""}}},"product_brand":[],"product_cat":[253,92],"product_tag":[],"class_list":{"0":"post-16495","1":"product","2":"type-product","3":"status-publish","4":"has-post-thumbnail","6":"product_cat-tui-taylormade","7":"product_cat-tui-gay","8":"desktop-align-center","9":"tablet-align-center","10":"mobile-align-center","11":"ast-product-gallery-layout-first-image-large","12":"ast-product-single-variable","13":"ast-product-tabs-layout-distributed","15":"first","16":"instock","17":"shipping-taxable","18":"purchasable","19":"product-type-variable"},"acf":[],"_links":{"self":[{"href":"https:\/\/taylormade-golf.vn\/en\/wp-json\/wp\/v2\/product\/16495","targetHints":{"allow":["GET"]}}],"collection":[{"href":"https:\/\/taylormade-golf.vn\/en\/wp-json\/wp\/v2\/product"}],"about":[{"href":"https:\/\/taylormade-golf.vn\/en\/wp-json\/wp\/v2\/types\/product"}],"replies":[{"embeddable":true,"href":"https:\/\/taylormade-golf.vn\/en\/wp-json\/wp\/v2\/comments?post=16495"}],"wp:featuredmedia":[{"embeddable":true,"href":"https:\/\/taylormade-golf.vn\/en\/wp-json\/wp\/v2\/media\/16499"}],"wp:attachment":[{"href":"https:\/\/taylormade-golf.vn\/en\/wp-json\/wp\/v2\/media?parent=16495"}],"wp:term":[{"taxonomy":"product_brand","embeddable":true,"href":"https:\/\/taylormade-golf.vn\/en\/wp-json\/wp\/v2\/product_brand?post=16495"},{"taxonomy":"product_cat","embeddable":true,"href":"https:\/\/taylormade-golf.vn\/en\/wp-json\/wp\/v2\/product_cat?post=16495"},{"taxonomy":"product_tag","embeddable":true,"href":"https:\/\/taylormade-golf.vn\/en\/wp-json\/wp\/v2\/product_tag?post=16495"}],"curies":[{"name":"wp","href":"https:\/\/api.w.org\/{rel}","templated":true}]}}