{"id":16427,"date":"2025-03-14T14:14:50","date_gmt":"2025-03-14T07:14:50","guid":{"rendered":"https:\/\/taylormade-golf.vn\/?post_type=product&#038;p=16427"},"modified":"2025-03-14T14:14:50","modified_gmt":"2025-03-14T07:14:50","slug":"tui-gay-a-collection-tm","status":"publish","type":"product","link":"https:\/\/taylormade-golf.vn\/en\/product\/tui-gay-a-collection-tm\/","title":{"rendered":"T\u00fai g\u1eady A-Collection TM"},"content":{"rendered":"<p><span>M\u00f4 t\u1ea3 s\u1ea3n ph\u1ea9m: B\u1ed9 s\u01b0u t\u1eadp m\u1edbi d\u00e0nh cho nh\u1eefng ng\u01b0\u1eddi ch\u01a1i golf mu\u1ed1n ch\u01a1i theo phong c\u00e1ch h\u01a1n. K\u1ebft h\u1ee3p gi\u1eefa da t\u1ed5ng h\u1ee3p m\u1edd v\u00e0 polyester ch\u1ed1ng \u0111\u1ea1n, m\u1eabu gi\u00e0y n\u00e0y c\u00f3 ki\u1ec3u d\u00e1ng sang tr\u1ecdng nh\u01b0ng v\u1eabn to\u00e1t l\u00ean v\u1ebb ti\u1ec7n d\u1ee5ng. T\u00fai \u0111\u1ef1ng \u0111\u1ed3 \u0111\u1ee9ng n\u00e0y c\u00f3 logo \u0111\u1ed3 h\u1ecda \u1edf b\u00ean h\u00f4ng c\u00f9ng m\u00e0u v\u1edbi th\u00e2n t\u00fai, mang \u0111\u1ebfn v\u1ebb ngo\u00e0i th\u1eddi trang nh\u01b0ng v\u1eabn n\u1ed5i b\u1eadt v\u1edbi logo.<\/span><br \/>\n<span>K\u00edch th\u01b0\u1edbc: 9 inch 2,9kg T\u01b0\u01a1ng th\u00edch v\u1edbi<\/span><br \/>\n<span>m\u00e0n h\u00ecnh 47 inch Ch\u1ea5t li\u1ec7u: Polyester, da t\u1ed5ng h\u1ee3p<\/span><br \/>\n<span>*\u1ea2nh ch\u1ec9 mang t\u00ednh ch\u1ea5t minh h\u1ecda. M\u00e0u s\u1eafc c\u1ee7a s\u1ea3n ph\u1ea9m th\u1ef1c t\u1ebf c\u00f3 th\u1ec3 kh\u00e1c nhau t\u00f9y thu\u1ed9c v\u00e0o c\u00e0i \u0111\u1eb7t m\u00e0n h\u00ecnh v\u00e0 \u00e1nh s\u00e1ng ph\u00f2ng.<\/span><\/p>\n<p>M1353901<br \/>\nM1354001<br \/>\nM1354101<\/p>","protected":false},"excerpt":{"rendered":"<p>M\u00f4 t\u1ea3 s\u1ea3n ph\u1ea9m: B\u1ed9 s\u01b0u t\u1eadp m\u1edbi d\u00e0nh cho nh\u1eefng ng\u01b0\u1eddi ch\u01a1i golf mu\u1ed1n ch\u01a1i theo phong c\u00e1ch h\u01a1n. K\u1ebft h\u1ee3p gi\u1eefa da t\u1ed5ng h\u1ee3p m\u1edd v\u00e0 polyester ch\u1ed1ng \u0111\u1ea1n, m\u1eabu gi\u00e0y n\u00e0y c\u00f3 ki\u1ec3u d\u00e1ng sang tr\u1ecdng nh\u01b0ng v\u1eabn to\u00e1t l\u00ean v\u1ebb ti\u1ec7n d\u1ee5ng. T\u00fai \u0111\u1ef1ng \u0111\u1ed3 \u0111\u1ee9ng n\u00e0y c\u00f3 logo \u0111\u1ed3 h\u1ecda [&hellip;]<\/p>","protected":false},"featured_media":16433,"comment_status":"open","ping_status":"closed","template":"","meta":{"_acf_changed":false,"site-sidebar-layout":"default","site-content-layout":"","ast-site-content-layout":"default","site-content-style":"default","site-sidebar-style":"default","ast-global-header-display":"","ast-banner-title-visibility":"","ast-main-header-display":"","ast-hfb-above-header-display":"","ast-hfb-below-header-display":"","ast-hfb-mobile-header-display":"","site-post-title":"","ast-breadcrumbs-content":"","ast-featured-img":"","footer-sml-layout":"","theme-transparent-header-meta":"default","adv-header-id-meta":"","stick-header-meta":"default","header-above-stick-meta":"","header-main-stick-meta":"","header-below-stick-meta":"","astra-migrate-meta-layouts":"set","ast-page-background-enabled":"default","ast-page-background-meta":{"desktop":{"background-color":"","background-image":"","background-repeat":"repeat","background-position":"center center","background-size":"auto","background-attachment":"scroll","background-type":"","background-media":"","overlay-type":"","overlay-color":"","overlay-opacity":"","overlay-gradient":""},"tablet":{"background-color":"","background-image":"","background-repeat":"repeat","background-position":"center center","background-size":"auto","background-attachment":"scroll","background-type":"","background-media":"","overlay-type":"","overlay-color":"","overlay-opacity":"","overlay-gradient":""},"mobile":{"background-color":"","background-image":"","background-repeat":"repeat","background-position":"center center","background-size":"auto","background-attachment":"scroll","background-type":"","background-media":"","overlay-type":"","overlay-color":"","overlay-opacity":"","overlay-gradient":""}},"ast-content-background-meta":{"desktop":{"background-color":"var(--ast-global-color-5)","background-image":"","background-repeat":"repeat","background-position":"center center","background-size":"auto","background-attachment":"scroll","background-type":"","background-media":"","overlay-type":"","overlay-color":"","overlay-opacity":"","overlay-gradient":""},"tablet":{"background-color":"var(--ast-global-color-5)","background-image":"","background-repeat":"repeat","background-position":"center center","background-size":"auto","background-attachment":"scroll","background-type":"","background-media":"","overlay-type":"","overlay-color":"","overlay-opacity":"","overlay-gradient":""},"mobile":{"background-color":"var(--ast-global-color-5)","background-image":"","background-repeat":"repeat","background-position":"center center","background-size":"auto","background-attachment":"scroll","background-type":"","background-media":"","overlay-type":"","overlay-color":"","overlay-opacity":"","overlay-gradient":""}}},"product_brand":[],"product_cat":[253,92],"product_tag":[],"class_list":{"0":"post-16427","1":"product","2":"type-product","3":"status-publish","4":"has-post-thumbnail","6":"product_cat-tui-taylormade","7":"product_cat-tui-gay","8":"desktop-align-center","9":"tablet-align-center","10":"mobile-align-center","11":"ast-product-gallery-layout-first-image-large","12":"ast-product-single-variable","13":"ast-product-tabs-layout-distributed","15":"first","16":"instock","17":"shipping-taxable","18":"purchasable","19":"product-type-variable"},"acf":[],"_links":{"self":[{"href":"https:\/\/taylormade-golf.vn\/en\/wp-json\/wp\/v2\/product\/16427","targetHints":{"allow":["GET"]}}],"collection":[{"href":"https:\/\/taylormade-golf.vn\/en\/wp-json\/wp\/v2\/product"}],"about":[{"href":"https:\/\/taylormade-golf.vn\/en\/wp-json\/wp\/v2\/types\/product"}],"replies":[{"embeddable":true,"href":"https:\/\/taylormade-golf.vn\/en\/wp-json\/wp\/v2\/comments?post=16427"}],"wp:featuredmedia":[{"embeddable":true,"href":"https:\/\/taylormade-golf.vn\/en\/wp-json\/wp\/v2\/media\/16433"}],"wp:attachment":[{"href":"https:\/\/taylormade-golf.vn\/en\/wp-json\/wp\/v2\/media?parent=16427"}],"wp:term":[{"taxonomy":"product_brand","embeddable":true,"href":"https:\/\/taylormade-golf.vn\/en\/wp-json\/wp\/v2\/product_brand?post=16427"},{"taxonomy":"product_cat","embeddable":true,"href":"https:\/\/taylormade-golf.vn\/en\/wp-json\/wp\/v2\/product_cat?post=16427"},{"taxonomy":"product_tag","embeddable":true,"href":"https:\/\/taylormade-golf.vn\/en\/wp-json\/wp\/v2\/product_tag?post=16427"}],"curies":[{"name":"wp","href":"https:\/\/api.w.org\/{rel}","templated":true}]}}