{"id":16408,"date":"2025-03-14T14:06:01","date_gmt":"2025-03-14T07:06:01","guid":{"rendered":"https:\/\/taylormade-golf.vn\/?post_type=product&#038;p=16408"},"modified":"2025-03-14T14:06:01","modified_gmt":"2025-03-14T07:06:01","slug":"tui-tote-tron-the-thao-hien-dai-tm","status":"publish","type":"product","link":"https:\/\/taylormade-golf.vn\/en\/product\/tui-tote-tron-the-thao-hien-dai-tm\/","title":{"rendered":"T\u00fai Tote Tr\u00f2n Th\u1ec3 Thao Hi\u1ec7n \u0110\u1ea1i TM"},"content":{"rendered":"<div class=\"tab-content\">\n<div id=\"sectionFeatures\" class=\"container-fluid px-0 background--white\" data-toc=\"\u8aac\u660e\" data-toc-anchor=\"sectionFeatures\">\n<div class=\"container\">\n<div class=\"col-12 col-md-8 offset-md-2\"><span>M\u00f4 t\u1ea3 s\u1ea3n ph\u1ea9m: M\u1eabu \u0111\u1ed3ng h\u1ed3 th\u1ec3 thao v\u00e0 hi\u1ec7n \u0111\u1ea1i v\u1edbi th\u00e2n \u0111\u1ed3ng h\u1ed3 \u0111\u01a1n s\u1eafc v\u00e0 logo TaylorMade tinh t\u1ebf. Nhi\u1ec1u lo\u1ea1i da t\u1ed5ng h\u1ee3p kh\u00e1c nhau \u0111\u01b0\u1ee3c k\u1ebft h\u1ee3p \u0111\u1ec3 th\u1ec3 hi\u1ec7n s\u1ef1 sang tr\u1ecdng v\u00e0 hi\u1ec7n \u0111\u1ea1i. N\u00f3 c\u0169ng c\u00f3 nhi\u1ec1u ch\u1ee9c n\u0103ng, bao g\u1ed3m c\u1ea3 t\u00fai b\u00ean ngo\u00e0i. Chi\u1ebfc t\u00fai tote tr\u00f2n n\u00e0y c\u00f3 logo TaylorMade tinh t\u1ebf, s\u1ebd l\u00e0m h\u00e0i l\u00f2ng nhi\u1ec1u ng\u01b0\u1eddi ch\u01a1i golf.<\/span><br \/>\n<span>K\u00edch th\u01b0\u1edbc: D\u00e0i 37 x R\u1ed9ng 13 x Cao 23cmCh\u1ea5t li\u1ec7u<\/span><br \/>\n<span>: Da t\u1ed5ng h\u1ee3p<\/span><br \/>\n<span>*\u1ea2nh ch\u1ec9 mang t\u00ednh ch\u1ea5t minh h\u1ecda. M\u00e0u s\u1eafc c\u1ee7a s\u1ea3n ph\u1ea9m th\u1ef1c t\u1ebf c\u00f3 th\u1ec3 kh\u00e1c nhau t\u00f9y thu\u1ed9c v\u00e0o c\u00e0i \u0111\u1eb7t m\u00e0n h\u00ecnh v\u00e0 \u00e1nh s\u00e1ng ph\u00f2ng.<\/span><\/div>\n<\/div>\n<\/div>\n<\/div>\n<div id=\"sectionReviews\" class=\"py-3\" data-toc=\"\u30ec\u30d3\u30e5\u30fc\" data-toc-anchor=\"sectionReviews\">\n<div class=\"container px-0\">M1355801<br \/>\nM1355901<\/div>\n<\/div>","protected":false},"excerpt":{"rendered":"<p>M\u00f4 t\u1ea3 s\u1ea3n ph\u1ea9m: M\u1eabu \u0111\u1ed3ng h\u1ed3 th\u1ec3 thao v\u00e0 hi\u1ec7n \u0111\u1ea1i v\u1edbi th\u00e2n \u0111\u1ed3ng h\u1ed3 \u0111\u01a1n s\u1eafc v\u00e0 logo TaylorMade tinh t\u1ebf. Nhi\u1ec1u lo\u1ea1i da t\u1ed5ng h\u1ee3p kh\u00e1c nhau \u0111\u01b0\u1ee3c k\u1ebft h\u1ee3p \u0111\u1ec3 th\u1ec3 hi\u1ec7n s\u1ef1 sang tr\u1ecdng v\u00e0 hi\u1ec7n \u0111\u1ea1i. N\u00f3 c\u0169ng c\u00f3 nhi\u1ec1u ch\u1ee9c n\u0103ng, bao g\u1ed3m c\u1ea3 t\u00fai b\u00ean ngo\u00e0i. Chi\u1ebfc [&hellip;]<\/p>","protected":false},"featured_media":16419,"comment_status":"open","ping_status":"closed","template":"","meta":{"_acf_changed":false,"site-sidebar-layout":"default","site-content-layout":"","ast-site-content-layout":"default","site-content-style":"default","site-sidebar-style":"default","ast-global-header-display":"","ast-banner-title-visibility":"","ast-main-header-display":"","ast-hfb-above-header-display":"","ast-hfb-below-header-display":"","ast-hfb-mobile-header-display":"","site-post-title":"","ast-breadcrumbs-content":"","ast-featured-img":"","footer-sml-layout":"","theme-transparent-header-meta":"default","adv-header-id-meta":"","stick-header-meta":"default","header-above-stick-meta":"","header-main-stick-meta":"","header-below-stick-meta":"","astra-migrate-meta-layouts":"set","ast-page-background-enabled":"default","ast-page-background-meta":{"desktop":{"background-color":"","background-image":"","background-repeat":"repeat","background-position":"center center","background-size":"auto","background-attachment":"scroll","background-type":"","background-media":"","overlay-type":"","overlay-color":"","overlay-opacity":"","overlay-gradient":""},"tablet":{"background-color":"","background-image":"","background-repeat":"repeat","background-position":"center center","background-size":"auto","background-attachment":"scroll","background-type":"","background-media":"","overlay-type":"","overlay-color":"","overlay-opacity":"","overlay-gradient":""},"mobile":{"background-color":"","background-image":"","background-repeat":"repeat","background-position":"center center","background-size":"auto","background-attachment":"scroll","background-type":"","background-media":"","overlay-type":"","overlay-color":"","overlay-opacity":"","overlay-gradient":""}},"ast-content-background-meta":{"desktop":{"background-color":"var(--ast-global-color-5)","background-image":"","background-repeat":"repeat","background-position":"center center","background-size":"auto","background-attachment":"scroll","background-type":"","background-media":"","overlay-type":"","overlay-color":"","overlay-opacity":"","overlay-gradient":""},"tablet":{"background-color":"var(--ast-global-color-5)","background-image":"","background-repeat":"repeat","background-position":"center center","background-size":"auto","background-attachment":"scroll","background-type":"","background-media":"","overlay-type":"","overlay-color":"","overlay-opacity":"","overlay-gradient":""},"mobile":{"background-color":"var(--ast-global-color-5)","background-image":"","background-repeat":"repeat","background-position":"center center","background-size":"auto","background-attachment":"scroll","background-type":"","background-media":"","overlay-type":"","overlay-color":"","overlay-opacity":"","overlay-gradient":""}}},"product_brand":[],"product_cat":[253,268],"product_tag":[],"class_list":{"0":"post-16408","1":"product","2":"type-product","3":"status-publish","4":"has-post-thumbnail","6":"product_cat-tui-taylormade","7":"product_cat-tui-tote","8":"desktop-align-center","9":"tablet-align-center","10":"mobile-align-center","11":"ast-product-gallery-layout-first-image-large","12":"ast-product-single-variable","13":"ast-product-tabs-layout-distributed","15":"first","16":"instock","17":"shipping-taxable","18":"purchasable","19":"product-type-variable"},"acf":[],"_links":{"self":[{"href":"https:\/\/taylormade-golf.vn\/en\/wp-json\/wp\/v2\/product\/16408","targetHints":{"allow":["GET"]}}],"collection":[{"href":"https:\/\/taylormade-golf.vn\/en\/wp-json\/wp\/v2\/product"}],"about":[{"href":"https:\/\/taylormade-golf.vn\/en\/wp-json\/wp\/v2\/types\/product"}],"replies":[{"embeddable":true,"href":"https:\/\/taylormade-golf.vn\/en\/wp-json\/wp\/v2\/comments?post=16408"}],"wp:featuredmedia":[{"embeddable":true,"href":"https:\/\/taylormade-golf.vn\/en\/wp-json\/wp\/v2\/media\/16419"}],"wp:attachment":[{"href":"https:\/\/taylormade-golf.vn\/en\/wp-json\/wp\/v2\/media?parent=16408"}],"wp:term":[{"taxonomy":"product_brand","embeddable":true,"href":"https:\/\/taylormade-golf.vn\/en\/wp-json\/wp\/v2\/product_brand?post=16408"},{"taxonomy":"product_cat","embeddable":true,"href":"https:\/\/taylormade-golf.vn\/en\/wp-json\/wp\/v2\/product_cat?post=16408"},{"taxonomy":"product_tag","embeddable":true,"href":"https:\/\/taylormade-golf.vn\/en\/wp-json\/wp\/v2\/product_tag?post=16408"}],"curies":[{"name":"wp","href":"https:\/\/api.w.org\/{rel}","templated":true}]}}