{"id":16399,"date":"2025-03-14T13:52:26","date_gmt":"2025-03-14T06:52:26","guid":{"rendered":"https:\/\/taylormade-golf.vn\/?post_type=product&#038;p=16399"},"modified":"2025-03-14T13:52:27","modified_gmt":"2025-03-14T06:52:27","slug":"tui-boston-the-thao-hien-dai","status":"publish","type":"product","link":"https:\/\/taylormade-golf.vn\/en\/product\/tui-boston-the-thao-hien-dai\/","title":{"rendered":"T\u00fai Boston th\u1ec3 thao hi\u1ec7n \u0111\u1ea1i"},"content":{"rendered":"<div class=\"tab-content\">\n<div id=\"sectionFeatures\" class=\"container-fluid px-0 background--white\" data-toc=\"\u8aac\u660e\" data-toc-anchor=\"sectionFeatures\">\n<div class=\"container\">\n<div class=\"col-12 col-md-8 offset-md-2\"><span>M\u00f4 t\u1ea3 s\u1ea3n ph\u1ea9m: M\u1eabu \u0111\u1ed3ng h\u1ed3 th\u1ec3 thao v\u00e0 hi\u1ec7n \u0111\u1ea1i v\u1edbi th\u00e2n \u0111\u1ed3ng h\u1ed3 \u0111\u01a1n s\u1eafc v\u00e0 logo TaylorMade tinh t\u1ebf. Nhi\u1ec1u lo\u1ea1i da t\u1ed5ng h\u1ee3p kh\u00e1c nhau \u0111\u01b0\u1ee3c k\u1ebft h\u1ee3p \u0111\u1ec3 th\u1ec3 hi\u1ec7n s\u1ef1 sang tr\u1ecdng v\u00e0 hi\u1ec7n \u0111\u1ea1i. Ngo\u00e0i ra, n\u00f3 c\u00f2n c\u00f3 nhi\u1ec1u t\u00ednh n\u0103ng h\u1eefu \u00edch kh\u00e1c nh\u01b0 t\u00fai \u0111\u1ef1ng gi\u00e0y. H\u01a1n n\u1eefa, c\u1ea5u tr\u00fac c\u00f3 th\u1ec3 g\u1eadp l\u1ea1i c\u00f3 ngh\u0129a l\u00e0 n\u00f3 kh\u00f4ng chi\u1ebfm nhi\u1ec1u kh\u00f4ng gian khi c\u1ea5t gi\u1eef khi kh\u00f4ng s\u1eed d\u1ee5ng. Chi\u1ebfc t\u00fai Boston n\u00e0y c\u00f3 logo TaylorMade tinh t\u1ebf, s\u1ebd l\u00e0m h\u00e0i l\u00f2ng nhi\u1ec1u ng\u01b0\u1eddi ch\u01a1i golf.<\/span><br \/>\n<span>K\u00edch th\u01b0\u1edbc: D\u00e0i 51 x R\u1ed9ng 24 x Cao 31cmCh\u1ea5t li\u1ec7u<\/span><br \/>\n<span>: Da t\u1ed5ng h\u1ee3p<\/span><br \/>\n<span>*\u1ea2nh ch\u1ec9 mang t\u00ednh ch\u1ea5t minh h\u1ecda. M\u00e0u s\u1eafc c\u1ee7a s\u1ea3n ph\u1ea9m th\u1ef1c t\u1ebf c\u00f3 th\u1ec3 kh\u00e1c nhau t\u00f9y thu\u1ed9c v\u00e0o c\u00e0i \u0111\u1eb7t m\u00e0n h\u00ecnh v\u00e0 \u00e1nh s\u00e1ng ph\u00f2ng.<\/span><\/div>\n<\/div>\n<\/div>\n<\/div>\n<div id=\"sectionReviews\" class=\"py-3\" data-toc=\"\u30ec\u30d3\u30e5\u30fc\" data-toc-anchor=\"sectionReviews\">\n<div class=\"container px-0\">M1355601<br \/>\nM1355701<\/div>\n<\/div>","protected":false},"excerpt":{"rendered":"<p>M\u00f4 t\u1ea3 s\u1ea3n ph\u1ea9m: M\u1eabu \u0111\u1ed3ng h\u1ed3 th\u1ec3 thao v\u00e0 hi\u1ec7n \u0111\u1ea1i v\u1edbi th\u00e2n \u0111\u1ed3ng h\u1ed3 \u0111\u01a1n s\u1eafc v\u00e0 logo TaylorMade tinh t\u1ebf. Nhi\u1ec1u lo\u1ea1i da t\u1ed5ng h\u1ee3p kh\u00e1c nhau \u0111\u01b0\u1ee3c k\u1ebft h\u1ee3p \u0111\u1ec3 th\u1ec3 hi\u1ec7n s\u1ef1 sang tr\u1ecdng v\u00e0 hi\u1ec7n \u0111\u1ea1i. Ngo\u00e0i ra, n\u00f3 c\u00f2n c\u00f3 nhi\u1ec1u t\u00ednh n\u0103ng h\u1eefu \u00edch kh\u00e1c nh\u01b0 t\u00fai [&hellip;]<\/p>","protected":false},"featured_media":16403,"comment_status":"open","ping_status":"closed","template":"","meta":{"_acf_changed":false,"site-sidebar-layout":"default","site-content-layout":"","ast-site-content-layout":"default","site-content-style":"default","site-sidebar-style":"default","ast-global-header-display":"","ast-banner-title-visibility":"","ast-main-header-display":"","ast-hfb-above-header-display":"","ast-hfb-below-header-display":"","ast-hfb-mobile-header-display":"","site-post-title":"","ast-breadcrumbs-content":"","ast-featured-img":"","footer-sml-layout":"","theme-transparent-header-meta":"default","adv-header-id-meta":"","stick-header-meta":"default","header-above-stick-meta":"","header-main-stick-meta":"","header-below-stick-meta":"","astra-migrate-meta-layouts":"set","ast-page-background-enabled":"default","ast-page-background-meta":{"desktop":{"background-color":"","background-image":"","background-repeat":"repeat","background-position":"center center","background-size":"auto","background-attachment":"scroll","background-type":"","background-media":"","overlay-type":"","overlay-color":"","overlay-opacity":"","overlay-gradient":""},"tablet":{"background-color":"","background-image":"","background-repeat":"repeat","background-position":"center center","background-size":"auto","background-attachment":"scroll","background-type":"","background-media":"","overlay-type":"","overlay-color":"","overlay-opacity":"","overlay-gradient":""},"mobile":{"background-color":"","background-image":"","background-repeat":"repeat","background-position":"center center","background-size":"auto","background-attachment":"scroll","background-type":"","background-media":"","overlay-type":"","overlay-color":"","overlay-opacity":"","overlay-gradient":""}},"ast-content-background-meta":{"desktop":{"background-color":"var(--ast-global-color-5)","background-image":"","background-repeat":"repeat","background-position":"center center","background-size":"auto","background-attachment":"scroll","background-type":"","background-media":"","overlay-type":"","overlay-color":"","overlay-opacity":"","overlay-gradient":""},"tablet":{"background-color":"var(--ast-global-color-5)","background-image":"","background-repeat":"repeat","background-position":"center center","background-size":"auto","background-attachment":"scroll","background-type":"","background-media":"","overlay-type":"","overlay-color":"","overlay-opacity":"","overlay-gradient":""},"mobile":{"background-color":"var(--ast-global-color-5)","background-image":"","background-repeat":"repeat","background-position":"center center","background-size":"auto","background-attachment":"scroll","background-type":"","background-media":"","overlay-type":"","overlay-color":"","overlay-opacity":"","overlay-gradient":""}}},"product_brand":[],"product_cat":[253,92],"product_tag":[],"class_list":{"0":"post-16399","1":"product","2":"type-product","3":"status-publish","4":"has-post-thumbnail","6":"product_cat-tui-taylormade","7":"product_cat-tui-gay","8":"desktop-align-center","9":"tablet-align-center","10":"mobile-align-center","11":"ast-product-gallery-layout-first-image-large","12":"ast-product-single-variable","13":"ast-product-tabs-layout-distributed","15":"first","16":"instock","17":"shipping-taxable","18":"purchasable","19":"product-type-variable"},"acf":[],"_links":{"self":[{"href":"https:\/\/taylormade-golf.vn\/en\/wp-json\/wp\/v2\/product\/16399","targetHints":{"allow":["GET"]}}],"collection":[{"href":"https:\/\/taylormade-golf.vn\/en\/wp-json\/wp\/v2\/product"}],"about":[{"href":"https:\/\/taylormade-golf.vn\/en\/wp-json\/wp\/v2\/types\/product"}],"replies":[{"embeddable":true,"href":"https:\/\/taylormade-golf.vn\/en\/wp-json\/wp\/v2\/comments?post=16399"}],"wp:featuredmedia":[{"embeddable":true,"href":"https:\/\/taylormade-golf.vn\/en\/wp-json\/wp\/v2\/media\/16403"}],"wp:attachment":[{"href":"https:\/\/taylormade-golf.vn\/en\/wp-json\/wp\/v2\/media?parent=16399"}],"wp:term":[{"taxonomy":"product_brand","embeddable":true,"href":"https:\/\/taylormade-golf.vn\/en\/wp-json\/wp\/v2\/product_brand?post=16399"},{"taxonomy":"product_cat","embeddable":true,"href":"https:\/\/taylormade-golf.vn\/en\/wp-json\/wp\/v2\/product_cat?post=16399"},{"taxonomy":"product_tag","embeddable":true,"href":"https:\/\/taylormade-golf.vn\/en\/wp-json\/wp\/v2\/product_tag?post=16399"}],"curies":[{"name":"wp","href":"https:\/\/api.w.org\/{rel}","templated":true}]}}