{"id":16364,"date":"2025-03-12T16:27:21","date_gmt":"2025-03-12T09:27:21","guid":{"rendered":"https:\/\/taylormade-golf.vn\/?post_type=product&#038;p=16364"},"modified":"2025-03-12T16:27:58","modified_gmt":"2025-03-12T09:27:58","slug":"tui-dung-austec","status":"publish","type":"product","link":"https:\/\/taylormade-golf.vn\/en\/product\/tui-dung-austec\/","title":{"rendered":"T\u00fai \u0111\u1ef1ng  Austec"},"content":{"rendered":"<p>M\u00f4 t\u1ea3 s\u1ea3n ph\u1ea9m: M\u1ed9t m\u00f4 h\u00ecnh \u0111\u00edch th\u1ef1c to\u00e1t l\u00ean v\u1ebb m\u1ea1nh m\u1ebd \u00e1p \u0111\u1ea3o, k\u1ebft h\u1ee3p gi\u1eefa thi\u1ebft k\u1ebf \u0111\u00edch th\u1ef1c v\u00e0 ch\u1ee9c n\u0103ng cao. Logo l\u1edbn v\u00e0 c\u00e1c b\u1ed9 ph\u1eadn \u0111\u00fac \u1edf b\u00ean c\u1ea1nh mang l\u1ea1i c\u1ea3m gi\u00e1c sang tr\u1ecdng v\u00e0 t\u0103ng th\u00eam s\u1ef1 hi\u1ec7n di\u1ec7n c\u1ee7a s\u1ea3n ph\u1ea9m. C\u00e1c t\u00fai c\u00f3 nhi\u1ec1u k\u00edch c\u1ee1 kh\u00e1c nhau \u0111\u01b0\u1ee3c b\u1ed1 tr\u00ed \u1edf m\u1eb7t tr\u01b0\u1edbc v\u00e0 m\u1eb7t sau, cho ph\u00e9p b\u1ea1n c\u1ea5t gi\u1eef t\u1eebng v\u1eadt d\u1ee5ng m\u1ed9t c\u00e1ch ti\u1ec7n d\u1ee5ng. Lo\u1ea1i 9.5 gi\u00fap b\u1ea1n d\u1ec5 d\u00e0ng th\u00e1o v\u00e0 l\u1eafp g\u1eady. M\u1ed9t chi\u1ebfc t\u00fai \u0111\u1ef1ng g\u1eady c\u00f3 ch\u1ee9c n\u0103ng cao s\u1ebd l\u00e0m h\u00e0i l\u00f2ng nh\u1eefng ng\u01b0\u1eddi ch\u01a1i golf lu\u00f4n ph\u1ea5n \u0111\u1ea5u \u0111\u1ea1t \u0111\u01b0\u1ee3c \u0111i\u1ec1u t\u1ed1t nh\u1ea5t.<br \/>\nK\u00edch th\u01b0\u1edbc: 9,5 inch, 4,0 kg, t\u01b0\u01a1ng th\u00edch 47 inch<br \/>\nMaterial: Synthetic leather, polyester<br \/>\n*\u1ea2nh ch\u1ec9 mang t\u00ednh ch\u1ea5t minh h\u1ecda. M\u00e0u s\u1eafc c\u1ee7a s\u1ea3n ph\u1ea9m th\u1ef1c t\u1ebf c\u00f3 th\u1ec3 kh\u00e1c nhau t\u00f9y thu\u1ed9c v\u00e0o c\u00e0i \u0111\u1eb7t m\u00e0n h\u00ecnh v\u00e0 \u00e1nh s\u00e1ng ph\u00f2ng.<\/p>\n<table dir=\"ltr\" border=\"1\" cellspacing=\"0\" cellpadding=\"0\" data-sheets-root=\"1\" data-sheets-baot=\"1\">\n<colgroup>\n<col width=\"89\" \/><\/colgroup>\n<tbody>\n<tr>\n<td>M1350301<\/td>\n<\/tr>\n<tr>\n<td>M1350401<\/td>\n<\/tr>\n<tr>\n<td>M1350501<\/td>\n<\/tr>\n<tr>\n<td>M1350601<\/td>\n<\/tr>\n<\/tbody>\n<\/table>","protected":false},"excerpt":{"rendered":"<p>M\u00f4 t\u1ea3 s\u1ea3n ph\u1ea9m: M\u1ed9t m\u00f4 h\u00ecnh \u0111\u00edch th\u1ef1c to\u00e1t l\u00ean v\u1ebb m\u1ea1nh m\u1ebd \u00e1p \u0111\u1ea3o, k\u1ebft h\u1ee3p gi\u1eefa thi\u1ebft k\u1ebf \u0111\u00edch th\u1ef1c v\u00e0 ch\u1ee9c n\u0103ng cao. Logo l\u1edbn v\u00e0 c\u00e1c b\u1ed9 ph\u1eadn \u0111\u00fac \u1edf b\u00ean c\u1ea1nh mang l\u1ea1i c\u1ea3m gi\u00e1c sang tr\u1ecdng v\u00e0 t\u0103ng th\u00eam s\u1ef1 hi\u1ec7n di\u1ec7n c\u1ee7a s\u1ea3n ph\u1ea9m. C\u00e1c t\u00fai c\u00f3 [&hellip;]<\/p>","protected":false},"featured_media":16375,"comment_status":"open","ping_status":"closed","template":"","meta":{"_acf_changed":false,"site-sidebar-layout":"default","site-content-layout":"","ast-site-content-layout":"default","site-content-style":"default","site-sidebar-style":"default","ast-global-header-display":"","ast-banner-title-visibility":"","ast-main-header-display":"","ast-hfb-above-header-display":"","ast-hfb-below-header-display":"","ast-hfb-mobile-header-display":"","site-post-title":"","ast-breadcrumbs-content":"","ast-featured-img":"","footer-sml-layout":"","theme-transparent-header-meta":"default","adv-header-id-meta":"","stick-header-meta":"default","header-above-stick-meta":"","header-main-stick-meta":"","header-below-stick-meta":"","astra-migrate-meta-layouts":"set","ast-page-background-enabled":"default","ast-page-background-meta":{"desktop":{"background-color":"","background-image":"","background-repeat":"repeat","background-position":"center center","background-size":"auto","background-attachment":"scroll","background-type":"","background-media":"","overlay-type":"","overlay-color":"","overlay-opacity":"","overlay-gradient":""},"tablet":{"background-color":"","background-image":"","background-repeat":"repeat","background-position":"center center","background-size":"auto","background-attachment":"scroll","background-type":"","background-media":"","overlay-type":"","overlay-color":"","overlay-opacity":"","overlay-gradient":""},"mobile":{"background-color":"","background-image":"","background-repeat":"repeat","background-position":"center center","background-size":"auto","background-attachment":"scroll","background-type":"","background-media":"","overlay-type":"","overlay-color":"","overlay-opacity":"","overlay-gradient":""}},"ast-content-background-meta":{"desktop":{"background-color":"var(--ast-global-color-5)","background-image":"","background-repeat":"repeat","background-position":"center center","background-size":"auto","background-attachment":"scroll","background-type":"","background-media":"","overlay-type":"","overlay-color":"","overlay-opacity":"","overlay-gradient":""},"tablet":{"background-color":"var(--ast-global-color-5)","background-image":"","background-repeat":"repeat","background-position":"center center","background-size":"auto","background-attachment":"scroll","background-type":"","background-media":"","overlay-type":"","overlay-color":"","overlay-opacity":"","overlay-gradient":""},"mobile":{"background-color":"var(--ast-global-color-5)","background-image":"","background-repeat":"repeat","background-position":"center center","background-size":"auto","background-attachment":"scroll","background-type":"","background-media":"","overlay-type":"","overlay-color":"","overlay-opacity":"","overlay-gradient":""}}},"product_brand":[],"product_cat":[253,92],"product_tag":[],"class_list":{"0":"post-16364","1":"product","2":"type-product","3":"status-publish","4":"has-post-thumbnail","6":"product_cat-tui-taylormade","7":"product_cat-tui-gay","8":"desktop-align-center","9":"tablet-align-center","10":"mobile-align-center","11":"ast-product-gallery-layout-first-image-large","12":"ast-product-single-variable","13":"ast-product-tabs-layout-distributed","15":"first","16":"instock","17":"shipping-taxable","18":"purchasable","19":"product-type-variable"},"acf":[],"_links":{"self":[{"href":"https:\/\/taylormade-golf.vn\/en\/wp-json\/wp\/v2\/product\/16364","targetHints":{"allow":["GET"]}}],"collection":[{"href":"https:\/\/taylormade-golf.vn\/en\/wp-json\/wp\/v2\/product"}],"about":[{"href":"https:\/\/taylormade-golf.vn\/en\/wp-json\/wp\/v2\/types\/product"}],"replies":[{"embeddable":true,"href":"https:\/\/taylormade-golf.vn\/en\/wp-json\/wp\/v2\/comments?post=16364"}],"wp:featuredmedia":[{"embeddable":true,"href":"https:\/\/taylormade-golf.vn\/en\/wp-json\/wp\/v2\/media\/16375"}],"wp:attachment":[{"href":"https:\/\/taylormade-golf.vn\/en\/wp-json\/wp\/v2\/media?parent=16364"}],"wp:term":[{"taxonomy":"product_brand","embeddable":true,"href":"https:\/\/taylormade-golf.vn\/en\/wp-json\/wp\/v2\/product_brand?post=16364"},{"taxonomy":"product_cat","embeddable":true,"href":"https:\/\/taylormade-golf.vn\/en\/wp-json\/wp\/v2\/product_cat?post=16364"},{"taxonomy":"product_tag","embeddable":true,"href":"https:\/\/taylormade-golf.vn\/en\/wp-json\/wp\/v2\/product_tag?post=16364"}],"curies":[{"name":"wp","href":"https:\/\/api.w.org\/{rel}","templated":true}]}}