{"id":16355,"date":"2025-03-12T15:46:23","date_gmt":"2025-03-12T08:46:23","guid":{"rendered":"https:\/\/taylormade-golf.vn\/?post_type=product&#038;p=16355"},"modified":"2025-03-12T15:46:24","modified_gmt":"2025-03-12T08:46:24","slug":"tui-boston-cua-austech","status":"publish","type":"product","link":"https:\/\/taylormade-golf.vn\/en\/product\/tui-boston-cua-austech\/","title":{"rendered":"T\u00fai Boston c\u1ee7a Austech"},"content":{"rendered":"<p><span>M\u00f4 t\u1ea3 s\u1ea3n ph\u1ea9m: M\u1ed9t m\u00f4 h\u00ecnh \u0111\u00edch th\u1ef1c to\u00e1t l\u00ean v\u1ebb m\u1ea1nh m\u1ebd \u00e1p \u0111\u1ea3o, k\u1ebft h\u1ee3p gi\u1eefa thi\u1ebft k\u1ebf \u0111\u00edch th\u1ef1c v\u00e0 ch\u1ee9c n\u0103ng cao. T\u00fai \u0111\u1ef1ng gi\u00e0y n\u1eb1m \u1edf m\u1eb7t sau, cho ph\u00e9p b\u1ea1n s\u1eafp x\u1ebfp t\u00fai g\u1ecdn g\u00e0ng m\u00e0 v\u1eabn c\u00f3 \u0111\u1ee7 kh\u00f4ng gian l\u01b0u tr\u1eef. Chi\u1ebfc t\u00fai Boston c\u1ef1c k\u1ef3 ti\u1ec7n d\u1ee5ng n\u00e0y c\u00f3 v\u1ebb ngo\u00e0i nguy\u00ean b\u1ea3n, nh\u01b0ng s\u1ef1 k\u1ebft h\u1ee3p nhi\u1ec1u lo\u1ea1i da t\u1ed5ng h\u1ee3p kh\u00e1c nhau mang \u0111\u1ebfn cho n\u00f3 m\u1ed9t c\u1ea3m gi\u00e1c m\u1edbi l\u1ea1.<\/span><br \/>\n<span>K\u00edch th\u01b0\u1edbc: D\u00e0i 49x R\u1ed9ng 25x Cao 31cmCh\u1ea5t li\u1ec7u<\/span><br \/>\n<span>: Da t\u1ed5ng h\u1ee3p, polyester<\/span><br \/>\n<span>*\u1ea2nh ch\u1ec9 mang t\u00ednh ch\u1ea5t minh h\u1ecda. M\u00e0u s\u1eafc c\u1ee7a s\u1ea3n ph\u1ea9m th\u1ef1c t\u1ebf c\u00f3 th\u1ec3 kh\u00e1c nhau t\u00f9y thu\u1ed9c v\u00e0o c\u00e0i \u0111\u1eb7t m\u00e0n h\u00ecnh v\u00e0 \u00e1nh s\u00e1ng ph\u00f2ng.<\/span><\/p>\n<p>M1350701<br \/>\nM1350801<\/p>","protected":false},"excerpt":{"rendered":"<p>M\u00f4 t\u1ea3 s\u1ea3n ph\u1ea9m: M\u1ed9t m\u00f4 h\u00ecnh \u0111\u00edch th\u1ef1c to\u00e1t l\u00ean v\u1ebb m\u1ea1nh m\u1ebd \u00e1p \u0111\u1ea3o, k\u1ebft h\u1ee3p gi\u1eefa thi\u1ebft k\u1ebf \u0111\u00edch th\u1ef1c v\u00e0 ch\u1ee9c n\u0103ng cao. T\u00fai \u0111\u1ef1ng gi\u00e0y n\u1eb1m \u1edf m\u1eb7t sau, cho ph\u00e9p b\u1ea1n s\u1eafp x\u1ebfp t\u00fai g\u1ecdn g\u00e0ng m\u00e0 v\u1eabn c\u00f3 \u0111\u1ee7 kh\u00f4ng gian l\u01b0u tr\u1eef. Chi\u1ebfc t\u00fai Boston c\u1ef1c k\u1ef3 [&hellip;]<\/p>","protected":false},"featured_media":16361,"comment_status":"open","ping_status":"closed","template":"","meta":{"_acf_changed":false,"site-sidebar-layout":"default","site-content-layout":"","ast-site-content-layout":"default","site-content-style":"default","site-sidebar-style":"default","ast-global-header-display":"","ast-banner-title-visibility":"","ast-main-header-display":"","ast-hfb-above-header-display":"","ast-hfb-below-header-display":"","ast-hfb-mobile-header-display":"","site-post-title":"","ast-breadcrumbs-content":"","ast-featured-img":"","footer-sml-layout":"","theme-transparent-header-meta":"default","adv-header-id-meta":"","stick-header-meta":"default","header-above-stick-meta":"","header-main-stick-meta":"","header-below-stick-meta":"","astra-migrate-meta-layouts":"set","ast-page-background-enabled":"default","ast-page-background-meta":{"desktop":{"background-color":"","background-image":"","background-repeat":"repeat","background-position":"center center","background-size":"auto","background-attachment":"scroll","background-type":"","background-media":"","overlay-type":"","overlay-color":"","overlay-opacity":"","overlay-gradient":""},"tablet":{"background-color":"","background-image":"","background-repeat":"repeat","background-position":"center center","background-size":"auto","background-attachment":"scroll","background-type":"","background-media":"","overlay-type":"","overlay-color":"","overlay-opacity":"","overlay-gradient":""},"mobile":{"background-color":"","background-image":"","background-repeat":"repeat","background-position":"center center","background-size":"auto","background-attachment":"scroll","background-type":"","background-media":"","overlay-type":"","overlay-color":"","overlay-opacity":"","overlay-gradient":""}},"ast-content-background-meta":{"desktop":{"background-color":"var(--ast-global-color-5)","background-image":"","background-repeat":"repeat","background-position":"center center","background-size":"auto","background-attachment":"scroll","background-type":"","background-media":"","overlay-type":"","overlay-color":"","overlay-opacity":"","overlay-gradient":""},"tablet":{"background-color":"var(--ast-global-color-5)","background-image":"","background-repeat":"repeat","background-position":"center center","background-size":"auto","background-attachment":"scroll","background-type":"","background-media":"","overlay-type":"","overlay-color":"","overlay-opacity":"","overlay-gradient":""},"mobile":{"background-color":"var(--ast-global-color-5)","background-image":"","background-repeat":"repeat","background-position":"center center","background-size":"auto","background-attachment":"scroll","background-type":"","background-media":"","overlay-type":"","overlay-color":"","overlay-opacity":"","overlay-gradient":""}}},"product_brand":[],"product_cat":[253,383],"product_tag":[],"class_list":{"0":"post-16355","1":"product","2":"type-product","3":"status-publish","4":"has-post-thumbnail","6":"product_cat-tui-taylormade","7":"product_cat-tui-khac","8":"desktop-align-center","9":"tablet-align-center","10":"mobile-align-center","11":"ast-product-gallery-layout-first-image-large","12":"ast-product-single-variable","13":"ast-product-tabs-layout-distributed","15":"first","16":"instock","17":"shipping-taxable","18":"purchasable","19":"product-type-variable"},"acf":[],"_links":{"self":[{"href":"https:\/\/taylormade-golf.vn\/en\/wp-json\/wp\/v2\/product\/16355","targetHints":{"allow":["GET"]}}],"collection":[{"href":"https:\/\/taylormade-golf.vn\/en\/wp-json\/wp\/v2\/product"}],"about":[{"href":"https:\/\/taylormade-golf.vn\/en\/wp-json\/wp\/v2\/types\/product"}],"replies":[{"embeddable":true,"href":"https:\/\/taylormade-golf.vn\/en\/wp-json\/wp\/v2\/comments?post=16355"}],"wp:featuredmedia":[{"embeddable":true,"href":"https:\/\/taylormade-golf.vn\/en\/wp-json\/wp\/v2\/media\/16361"}],"wp:attachment":[{"href":"https:\/\/taylormade-golf.vn\/en\/wp-json\/wp\/v2\/media?parent=16355"}],"wp:term":[{"taxonomy":"product_brand","embeddable":true,"href":"https:\/\/taylormade-golf.vn\/en\/wp-json\/wp\/v2\/product_brand?post=16355"},{"taxonomy":"product_cat","embeddable":true,"href":"https:\/\/taylormade-golf.vn\/en\/wp-json\/wp\/v2\/product_cat?post=16355"},{"taxonomy":"product_tag","embeddable":true,"href":"https:\/\/taylormade-golf.vn\/en\/wp-json\/wp\/v2\/product_tag?post=16355"}],"curies":[{"name":"wp","href":"https:\/\/api.w.org\/{rel}","templated":true}]}}