{"id":16346,"date":"2025-03-12T15:35:57","date_gmt":"2025-03-12T08:35:57","guid":{"rendered":"https:\/\/taylormade-golf.vn\/?post_type=product&#038;p=16346"},"modified":"2025-03-12T15:35:58","modified_gmt":"2025-03-12T08:35:58","slug":"nu-ao-thun-polo-tm-basic-s-s","status":"publish","type":"product","link":"https:\/\/taylormade-golf.vn\/en\/product\/nu-ao-thun-polo-tm-basic-s-s\/","title":{"rendered":"[N\u1eef] \u00c1o thun Polo TM Basic S\/S"},"content":{"rendered":"<p data-start=\"0\" data-end=\"75\"><strong data-start=\"0\" data-end=\"73\">\u2728 [N\u1eef] \u00c1o Thun Polo TM Basic S\/S \u2013 \u0110\u01a1n Gi\u1ea3n, Tho\u1ea3i M\u00e1i &amp; D\u1ec5 Ph\u1ed1i \u0110\u1ed3 \u2728<\/strong><\/p>\n<p data-start=\"77\" data-end=\"174\">\ud83d\udc55 <strong data-start=\"80\" data-end=\"100\">Thi\u1ebft k\u1ebf tinh t\u1ebf<\/strong> v\u1edbi \u0111\u01b0\u1eddng \u1ed1ng \u0111\u01a1n gi\u1ea3n, d\u1ec5 d\u00e0ng k\u1ebft h\u1ee3p v\u1edbi nhi\u1ec1u phong c\u00e1ch kh\u00e1c nhau.<\/p>\n<p data-start=\"176\" data-end=\"367\">\u2600\ufe0f <strong data-start=\"179\" data-end=\"218\">Ch\u1ed1ng tia UV \u2013 b\u1ea3o v\u1ec7 l\u00e0n da t\u1ed1i \u01b0u<\/strong><br data-start=\"218\" data-end=\"221\" \/>\ud83d\udca8 <strong data-start=\"224\" data-end=\"254\">Th\u1ea5m h\u00fat m\u1ed3 h\u00f4i, kh\u00f4 nhanh<\/strong> \u2013 lu\u00f4n kh\u00f4 tho\u00e1ng v\u00e0 tho\u1ea3i m\u00e1i su\u1ed1t ng\u00e0y d\u00e0i<br data-start=\"299\" data-end=\"302\" \/>\ud83e\uddf5 <strong data-start=\"305\" data-end=\"333\">Ch\u1ea5t li\u1ec7u 100% polyester<\/strong> \u2013 m\u1ec1m m\u1ea1i, b\u1ec1n \u0111\u1eb9p, co gi\u00e3n t\u1ed1t<\/p>\n<p data-start=\"369\" data-end=\"444\" data-is-last-node=\"\" data-is-only-node=\"\">\u26f3 <strong data-start=\"371\" data-end=\"412\">L\u1ef1a ch\u1ecdn ho\u00e0n h\u1ea3o cho n\u00e0ng n\u0103ng \u0111\u1ed9ng!<\/strong><\/p>\n<table dir=\"ltr\" border=\"1\" cellspacing=\"0\" cellpadding=\"0\" data-sheets-root=\"1\" data-sheets-baot=\"1\">\n<colgroup>\n<col width=\"89\" \/><\/colgroup>\n<tbody>\n<tr>\n<td>M1333579<\/td>\n<\/tr>\n<tr>\n<td>M1333580<\/td>\n<\/tr>\n<\/tbody>\n<\/table>","protected":false},"excerpt":{"rendered":"<p>\u2728 [N\u1eef] \u00c1o Thun Polo TM Basic S\/S \u2013 \u0110\u01a1n Gi\u1ea3n, Tho\u1ea3i M\u00e1i &amp; D\u1ec5 Ph\u1ed1i \u0110\u1ed3 \u2728 \ud83d\udc55 Thi\u1ebft k\u1ebf tinh t\u1ebf v\u1edbi \u0111\u01b0\u1eddng \u1ed1ng \u0111\u01a1n gi\u1ea3n, d\u1ec5 d\u00e0ng k\u1ebft h\u1ee3p v\u1edbi nhi\u1ec1u phong c\u00e1ch kh\u00e1c nhau. \u2600\ufe0f Ch\u1ed1ng tia UV \u2013 b\u1ea3o v\u1ec7 l\u00e0n da t\u1ed1i \u01b0u\ud83d\udca8 Th\u1ea5m h\u00fat m\u1ed3 h\u00f4i, kh\u00f4 nhanh [&hellip;]<\/p>","protected":false},"featured_media":16350,"comment_status":"open","ping_status":"closed","template":"","meta":{"_acf_changed":false,"site-sidebar-layout":"default","site-content-layout":"","ast-site-content-layout":"default","site-content-style":"default","site-sidebar-style":"default","ast-global-header-display":"","ast-banner-title-visibility":"","ast-main-header-display":"","ast-hfb-above-header-display":"","ast-hfb-below-header-display":"","ast-hfb-mobile-header-display":"","site-post-title":"","ast-breadcrumbs-content":"","ast-featured-img":"","footer-sml-layout":"","theme-transparent-header-meta":"default","adv-header-id-meta":"","stick-header-meta":"default","header-above-stick-meta":"","header-main-stick-meta":"","header-below-stick-meta":"","astra-migrate-meta-layouts":"set","ast-page-background-enabled":"default","ast-page-background-meta":{"desktop":{"background-color":"","background-image":"","background-repeat":"repeat","background-position":"center center","background-size":"auto","background-attachment":"scroll","background-type":"","background-media":"","overlay-type":"","overlay-color":"","overlay-opacity":"","overlay-gradient":""},"tablet":{"background-color":"","background-image":"","background-repeat":"repeat","background-position":"center center","background-size":"auto","background-attachment":"scroll","background-type":"","background-media":"","overlay-type":"","overlay-color":"","overlay-opacity":"","overlay-gradient":""},"mobile":{"background-color":"","background-image":"","background-repeat":"repeat","background-position":"center center","background-size":"auto","background-attachment":"scroll","background-type":"","background-media":"","overlay-type":"","overlay-color":"","overlay-opacity":"","overlay-gradient":""}},"ast-content-background-meta":{"desktop":{"background-color":"var(--ast-global-color-5)","background-image":"","background-repeat":"repeat","background-position":"center center","background-size":"auto","background-attachment":"scroll","background-type":"","background-media":"","overlay-type":"","overlay-color":"","overlay-opacity":"","overlay-gradient":""},"tablet":{"background-color":"var(--ast-global-color-5)","background-image":"","background-repeat":"repeat","background-position":"center center","background-size":"auto","background-attachment":"scroll","background-type":"","background-media":"","overlay-type":"","overlay-color":"","overlay-opacity":"","overlay-gradient":""},"mobile":{"background-color":"var(--ast-global-color-5)","background-image":"","background-repeat":"repeat","background-position":"center center","background-size":"auto","background-attachment":"scroll","background-type":"","background-media":"","overlay-type":"","overlay-color":"","overlay-opacity":"","overlay-gradient":""}}},"product_brand":[],"product_cat":[263,102,101],"product_tag":[],"class_list":{"0":"post-16346","1":"product","2":"type-product","3":"status-publish","4":"has-post-thumbnail","6":"product_cat-nu","7":"product_cat-ao-coc-tay","8":"product_cat-quan-ao","9":"desktop-align-center","10":"tablet-align-center","11":"mobile-align-center","12":"ast-product-gallery-layout-first-image-large","13":"ast-product-single-variable","14":"ast-product-tabs-layout-distributed","16":"first","17":"instock","18":"shipping-taxable","19":"purchasable","20":"product-type-variable"},"acf":[],"_links":{"self":[{"href":"https:\/\/taylormade-golf.vn\/en\/wp-json\/wp\/v2\/product\/16346","targetHints":{"allow":["GET"]}}],"collection":[{"href":"https:\/\/taylormade-golf.vn\/en\/wp-json\/wp\/v2\/product"}],"about":[{"href":"https:\/\/taylormade-golf.vn\/en\/wp-json\/wp\/v2\/types\/product"}],"replies":[{"embeddable":true,"href":"https:\/\/taylormade-golf.vn\/en\/wp-json\/wp\/v2\/comments?post=16346"}],"wp:featuredmedia":[{"embeddable":true,"href":"https:\/\/taylormade-golf.vn\/en\/wp-json\/wp\/v2\/media\/16350"}],"wp:attachment":[{"href":"https:\/\/taylormade-golf.vn\/en\/wp-json\/wp\/v2\/media?parent=16346"}],"wp:term":[{"taxonomy":"product_brand","embeddable":true,"href":"https:\/\/taylormade-golf.vn\/en\/wp-json\/wp\/v2\/product_brand?post=16346"},{"taxonomy":"product_cat","embeddable":true,"href":"https:\/\/taylormade-golf.vn\/en\/wp-json\/wp\/v2\/product_cat?post=16346"},{"taxonomy":"product_tag","embeddable":true,"href":"https:\/\/taylormade-golf.vn\/en\/wp-json\/wp\/v2\/product_tag?post=16346"}],"curies":[{"name":"wp","href":"https:\/\/api.w.org\/{rel}","templated":true}]}}