{"id":16323,"date":"2025-03-12T15:29:07","date_gmt":"2025-03-12T08:29:07","guid":{"rendered":"https:\/\/taylormade-golf.vn\/?post_type=product&#038;p=16323"},"modified":"2025-03-12T15:29:07","modified_gmt":"2025-03-12T08:29:07","slug":"ao-polo-s-s-tm-2","status":"publish","type":"product","link":"https:\/\/taylormade-golf.vn\/en\/product\/ao-polo-s-s-tm-2\/","title":{"rendered":"\u00c1o Polo S\/S TM"},"content":{"rendered":"<p data-start=\"0\" data-end=\"61\"><strong data-start=\"0\" data-end=\"59\">\ud83c\udf1f \u00c1O POLO S\/S \u2013 G\u1eccN G\u00c0NG, THANH L\u1ecaCH, HI\u1ec6U SU\u1ea4T CAO \ud83c\udf1f<\/strong><\/p>\n<p data-start=\"63\" data-end=\"220\">\ud83c\udfcc\ufe0f\u200d\u2642\ufe0f <strong data-start=\"70\" data-end=\"100\">\u0110\u01a1n gi\u1ea3n nh\u01b0ng \u0111\u1ea7y tinh t\u1ebf<\/strong> \u2013 thi\u1ebft k\u1ebf \u0111\u01b0\u1eddng vi\u1ec1n gi\u00fap t\u1ed5ng th\u1ec3 g\u1ecdn g\u00e0ng, sang tr\u1ecdng. Logo th\u01b0\u01a1ng hi\u1ec7u nh\u1ecf \u0111\u1eb7t d\u01b0\u1edbi v\u1ea1t \u00e1o t\u1ea1o \u0111i\u1ec3m nh\u1ea5n tinh t\u1ebf.<\/p>\n<p data-start=\"222\" data-end=\"433\">\u2600\ufe0f <strong data-start=\"225\" data-end=\"264\">Ch\u1ed1ng tia UV \u2013 b\u1ea3o v\u1ec7 l\u00e0n da t\u1ed1i \u01b0u<\/strong><br data-start=\"264\" data-end=\"267\" \/>\ud83d\udca8 <strong data-start=\"270\" data-end=\"312\">Tho\u00e1ng m\u00e1t, th\u1ea5m h\u00fat m\u1ed3 h\u00f4i, kh\u00f4 nhanh<\/strong> \u2013 lu\u00f4n kh\u00f4 tho\u00e1ng khi v\u1eadn \u0111\u1ed9ng<br data-start=\"343\" data-end=\"346\" \/>\ud83e\uddf5 <strong data-start=\"349\" data-end=\"371\">Ch\u1ea5t li\u1ec7u cao c\u1ea5p:<\/strong> 75% nylon, 25% polyurethane \u2013 m\u1ec1m m\u1ea1i, co gi\u00e3n t\u1ed1t, b\u1ec1n \u0111\u1eb9p<\/p>\n<p data-start=\"435\" data-end=\"537\" data-is-last-node=\"\" data-is-only-node=\"\">\u26f3 <strong data-start=\"437\" data-end=\"505\">S\u1ef1 l\u1ef1a ch\u1ecdn ho\u00e0n h\u1ea3o cho golfer y\u00eau th\u00edch phong c\u00e1ch thanh l\u1ecbch!<\/strong><\/p>\n<p data-start=\"435\" data-end=\"537\" data-is-last-node=\"\" data-is-only-node=\"\">M1332976<br \/>\nM1332977<br \/>\nM1332979<br \/>\nM1333076<br \/>\nM1333077<br \/>\nM1333079<br \/>\nM1333177<br \/>\nM1333179<br \/>\nM1333180<\/p>","protected":false},"excerpt":{"rendered":"<p>\ud83c\udf1f \u00c1O POLO S\/S \u2013 G\u1eccN G\u00c0NG, THANH L\u1ecaCH, HI\u1ec6U SU\u1ea4T CAO \ud83c\udf1f \ud83c\udfcc\ufe0f\u200d\u2642\ufe0f \u0110\u01a1n gi\u1ea3n nh\u01b0ng \u0111\u1ea7y tinh t\u1ebf \u2013 thi\u1ebft k\u1ebf \u0111\u01b0\u1eddng vi\u1ec1n gi\u00fap t\u1ed5ng th\u1ec3 g\u1ecdn g\u00e0ng, sang tr\u1ecdng. Logo th\u01b0\u01a1ng hi\u1ec7u nh\u1ecf \u0111\u1eb7t d\u01b0\u1edbi v\u1ea1t \u00e1o t\u1ea1o \u0111i\u1ec3m nh\u1ea5n tinh t\u1ebf. \u2600\ufe0f Ch\u1ed1ng tia UV \u2013 b\u1ea3o v\u1ec7 l\u00e0n da t\u1ed1i [&hellip;]<\/p>","protected":false},"featured_media":16340,"comment_status":"open","ping_status":"closed","template":"","meta":{"_acf_changed":false,"site-sidebar-layout":"default","site-content-layout":"","ast-site-content-layout":"default","site-content-style":"default","site-sidebar-style":"default","ast-global-header-display":"","ast-banner-title-visibility":"","ast-main-header-display":"","ast-hfb-above-header-display":"","ast-hfb-below-header-display":"","ast-hfb-mobile-header-display":"","site-post-title":"","ast-breadcrumbs-content":"","ast-featured-img":"","footer-sml-layout":"","theme-transparent-header-meta":"default","adv-header-id-meta":"","stick-header-meta":"default","header-above-stick-meta":"","header-main-stick-meta":"","header-below-stick-meta":"","astra-migrate-meta-layouts":"set","ast-page-background-enabled":"default","ast-page-background-meta":{"desktop":{"background-color":"","background-image":"","background-repeat":"repeat","background-position":"center center","background-size":"auto","background-attachment":"scroll","background-type":"","background-media":"","overlay-type":"","overlay-color":"","overlay-opacity":"","overlay-gradient":""},"tablet":{"background-color":"","background-image":"","background-repeat":"repeat","background-position":"center center","background-size":"auto","background-attachment":"scroll","background-type":"","background-media":"","overlay-type":"","overlay-color":"","overlay-opacity":"","overlay-gradient":""},"mobile":{"background-color":"","background-image":"","background-repeat":"repeat","background-position":"center center","background-size":"auto","background-attachment":"scroll","background-type":"","background-media":"","overlay-type":"","overlay-color":"","overlay-opacity":"","overlay-gradient":""}},"ast-content-background-meta":{"desktop":{"background-color":"var(--ast-global-color-5)","background-image":"","background-repeat":"repeat","background-position":"center center","background-size":"auto","background-attachment":"scroll","background-type":"","background-media":"","overlay-type":"","overlay-color":"","overlay-opacity":"","overlay-gradient":""},"tablet":{"background-color":"var(--ast-global-color-5)","background-image":"","background-repeat":"repeat","background-position":"center center","background-size":"auto","background-attachment":"scroll","background-type":"","background-media":"","overlay-type":"","overlay-color":"","overlay-opacity":"","overlay-gradient":""},"mobile":{"background-color":"var(--ast-global-color-5)","background-image":"","background-repeat":"repeat","background-position":"center center","background-size":"auto","background-attachment":"scroll","background-type":"","background-media":"","overlay-type":"","overlay-color":"","overlay-opacity":"","overlay-gradient":""}}},"product_brand":[],"product_cat":[263,102,101],"product_tag":[],"class_list":{"0":"post-16323","1":"product","2":"type-product","3":"status-publish","4":"has-post-thumbnail","6":"product_cat-nu","7":"product_cat-ao-coc-tay","8":"product_cat-quan-ao","9":"desktop-align-center","10":"tablet-align-center","11":"mobile-align-center","12":"ast-product-gallery-layout-first-image-large","13":"ast-product-single-variable","14":"ast-product-tabs-layout-distributed","16":"first","17":"instock","18":"shipping-taxable","19":"purchasable","20":"product-type-variable"},"acf":[],"_links":{"self":[{"href":"https:\/\/taylormade-golf.vn\/en\/wp-json\/wp\/v2\/product\/16323","targetHints":{"allow":["GET"]}}],"collection":[{"href":"https:\/\/taylormade-golf.vn\/en\/wp-json\/wp\/v2\/product"}],"about":[{"href":"https:\/\/taylormade-golf.vn\/en\/wp-json\/wp\/v2\/types\/product"}],"replies":[{"embeddable":true,"href":"https:\/\/taylormade-golf.vn\/en\/wp-json\/wp\/v2\/comments?post=16323"}],"wp:featuredmedia":[{"embeddable":true,"href":"https:\/\/taylormade-golf.vn\/en\/wp-json\/wp\/v2\/media\/16340"}],"wp:attachment":[{"href":"https:\/\/taylormade-golf.vn\/en\/wp-json\/wp\/v2\/media?parent=16323"}],"wp:term":[{"taxonomy":"product_brand","embeddable":true,"href":"https:\/\/taylormade-golf.vn\/en\/wp-json\/wp\/v2\/product_brand?post=16323"},{"taxonomy":"product_cat","embeddable":true,"href":"https:\/\/taylormade-golf.vn\/en\/wp-json\/wp\/v2\/product_cat?post=16323"},{"taxonomy":"product_tag","embeddable":true,"href":"https:\/\/taylormade-golf.vn\/en\/wp-json\/wp\/v2\/product_tag?post=16323"}],"curies":[{"name":"wp","href":"https:\/\/api.w.org\/{rel}","templated":true}]}}