{"id":16314,"date":"2025-03-12T15:17:10","date_gmt":"2025-03-12T08:17:10","guid":{"rendered":"https:\/\/taylormade-golf.vn\/?post_type=product&#038;p=16314"},"modified":"2025-03-12T15:17:11","modified_gmt":"2025-03-12T08:17:11","slug":"ao-polo-s-s-tm","status":"publish","type":"product","link":"https:\/\/taylormade-golf.vn\/en\/product\/ao-polo-s-s-tm\/","title":{"rendered":"\u00c1o Polo S\/S TM"},"content":{"rendered":"<p data-start=\"0\" data-end=\"59\"><strong data-start=\"0\" data-end=\"57\">\ud83d\udd25 \u00c1O POLO S\/S \u2013 M\u00c1T M\u1eba, S\u00c0NH \u0110I\u1ec6U &amp; B\u1ea2O V\u1ec6 T\u1ed0I \u01afU \ud83d\udd25<\/strong><\/p>\n<p data-start=\"61\" data-end=\"210\">\ud83c\udfcc\ufe0f\u200d\u2642\ufe0f <strong data-start=\"68\" data-end=\"110\">Thi\u1ebft k\u1ebf \u0111\u01a1n gi\u1ea3n nh\u01b0ng \u0111\u1ea7y phong c\u00e1ch<\/strong>, \u00e1o polo tay ng\u1eafn n\u00e0y l\u00e0 l\u1ef1a ch\u1ecdn ho\u00e0n h\u1ea3o cho nh\u1eefng golfer y\u00eau th\u00edch s\u1ef1 tho\u1ea3i m\u00e1i v\u00e0 th\u1eddi trang.<\/p>\n<p data-start=\"212\" data-end=\"429\">\u2600\ufe0f <strong data-start=\"215\" data-end=\"254\">Ch\u1ed1ng tia UV \u2013 b\u1ea3o v\u1ec7 l\u00e0n da t\u1ed1i \u01b0u<\/strong><br data-start=\"254\" data-end=\"257\" \/>\ud83d\udca8 <strong data-start=\"260\" data-end=\"302\">Tho\u00e1ng m\u00e1t, th\u1ea5m h\u00fat m\u1ed3 h\u00f4i, kh\u00f4 nhanh<\/strong> \u2013 lu\u00f4n kh\u00f4 r\u00e1o v\u00e0 d\u1ec5 ch\u1ecbu khi v\u1eadn \u0111\u1ed9ng<br data-start=\"341\" data-end=\"344\" \/>\ud83e\uddf5 <strong data-start=\"347\" data-end=\"369\">Ch\u1ea5t li\u1ec7u cao c\u1ea5p:<\/strong> 75% nylon, 25% polyurethane \u2013 m\u1ec1m m\u1ea1i, co gi\u00e3n v\u00e0 b\u1ec1n \u0111\u1eb9p<\/p>\n<p data-start=\"431\" data-end=\"503\" data-is-only-node=\"\" data-is-last-node=\"\">\u26f3 <strong data-start=\"433\" data-end=\"471\">M\u1eb7c l\u00ean s\u00e2n \u2013 phong c\u00e1ch \u0111\u1ec9nh cao!<\/strong><\/p>\n<p data-start=\"431\" data-end=\"503\" data-is-only-node=\"\" data-is-last-node=\"\">M1320370<br \/>\nM1320371<br \/>\nM1320470<br \/>\nM1320471<br \/>\nM1320570<br \/>\nM1320571<br \/>\nM1320670<br \/>\nM1320671<\/p>","protected":false},"excerpt":{"rendered":"<p>\ud83d\udd25 \u00c1O POLO S\/S \u2013 M\u00c1T M\u1eba, S\u00c0NH \u0110I\u1ec6U &amp; B\u1ea2O V\u1ec6 T\u1ed0I \u01afU \ud83d\udd25 \ud83c\udfcc\ufe0f\u200d\u2642\ufe0f Thi\u1ebft k\u1ebf \u0111\u01a1n gi\u1ea3n nh\u01b0ng \u0111\u1ea7y phong c\u00e1ch, \u00e1o polo tay ng\u1eafn n\u00e0y l\u00e0 l\u1ef1a ch\u1ecdn ho\u00e0n h\u1ea3o cho nh\u1eefng golfer y\u00eau th\u00edch s\u1ef1 tho\u1ea3i m\u00e1i v\u00e0 th\u1eddi trang. \u2600\ufe0f Ch\u1ed1ng tia UV \u2013 b\u1ea3o v\u1ec7 l\u00e0n da t\u1ed1i [&hellip;]<\/p>","protected":false},"featured_media":16305,"comment_status":"open","ping_status":"closed","template":"","meta":{"_acf_changed":false,"site-sidebar-layout":"default","site-content-layout":"","ast-site-content-layout":"default","site-content-style":"default","site-sidebar-style":"default","ast-global-header-display":"","ast-banner-title-visibility":"","ast-main-header-display":"","ast-hfb-above-header-display":"","ast-hfb-below-header-display":"","ast-hfb-mobile-header-display":"","site-post-title":"","ast-breadcrumbs-content":"","ast-featured-img":"","footer-sml-layout":"","theme-transparent-header-meta":"default","adv-header-id-meta":"","stick-header-meta":"default","header-above-stick-meta":"","header-main-stick-meta":"","header-below-stick-meta":"","astra-migrate-meta-layouts":"set","ast-page-background-enabled":"default","ast-page-background-meta":{"desktop":{"background-color":"","background-image":"","background-repeat":"repeat","background-position":"center center","background-size":"auto","background-attachment":"scroll","background-type":"","background-media":"","overlay-type":"","overlay-color":"","overlay-opacity":"","overlay-gradient":""},"tablet":{"background-color":"","background-image":"","background-repeat":"repeat","background-position":"center center","background-size":"auto","background-attachment":"scroll","background-type":"","background-media":"","overlay-type":"","overlay-color":"","overlay-opacity":"","overlay-gradient":""},"mobile":{"background-color":"","background-image":"","background-repeat":"repeat","background-position":"center center","background-size":"auto","background-attachment":"scroll","background-type":"","background-media":"","overlay-type":"","overlay-color":"","overlay-opacity":"","overlay-gradient":""}},"ast-content-background-meta":{"desktop":{"background-color":"var(--ast-global-color-5)","background-image":"","background-repeat":"repeat","background-position":"center center","background-size":"auto","background-attachment":"scroll","background-type":"","background-media":"","overlay-type":"","overlay-color":"","overlay-opacity":"","overlay-gradient":""},"tablet":{"background-color":"var(--ast-global-color-5)","background-image":"","background-repeat":"repeat","background-position":"center center","background-size":"auto","background-attachment":"scroll","background-type":"","background-media":"","overlay-type":"","overlay-color":"","overlay-opacity":"","overlay-gradient":""},"mobile":{"background-color":"var(--ast-global-color-5)","background-image":"","background-repeat":"repeat","background-position":"center center","background-size":"auto","background-attachment":"scroll","background-type":"","background-media":"","overlay-type":"","overlay-color":"","overlay-opacity":"","overlay-gradient":""}}},"product_brand":[],"product_cat":[262,102,101],"product_tag":[],"class_list":{"0":"post-16314","1":"product","2":"type-product","3":"status-publish","4":"has-post-thumbnail","6":"product_cat-nam","7":"product_cat-ao-coc-tay","8":"product_cat-quan-ao","9":"desktop-align-center","10":"tablet-align-center","11":"mobile-align-center","12":"ast-product-gallery-layout-first-image-large","13":"ast-product-single-variable","14":"ast-product-tabs-layout-distributed","16":"first","17":"instock","18":"shipping-taxable","19":"purchasable","20":"product-type-variable"},"acf":[],"_links":{"self":[{"href":"https:\/\/taylormade-golf.vn\/en\/wp-json\/wp\/v2\/product\/16314","targetHints":{"allow":["GET"]}}],"collection":[{"href":"https:\/\/taylormade-golf.vn\/en\/wp-json\/wp\/v2\/product"}],"about":[{"href":"https:\/\/taylormade-golf.vn\/en\/wp-json\/wp\/v2\/types\/product"}],"replies":[{"embeddable":true,"href":"https:\/\/taylormade-golf.vn\/en\/wp-json\/wp\/v2\/comments?post=16314"}],"wp:featuredmedia":[{"embeddable":true,"href":"https:\/\/taylormade-golf.vn\/en\/wp-json\/wp\/v2\/media\/16305"}],"wp:attachment":[{"href":"https:\/\/taylormade-golf.vn\/en\/wp-json\/wp\/v2\/media?parent=16314"}],"wp:term":[{"taxonomy":"product_brand","embeddable":true,"href":"https:\/\/taylormade-golf.vn\/en\/wp-json\/wp\/v2\/product_brand?post=16314"},{"taxonomy":"product_cat","embeddable":true,"href":"https:\/\/taylormade-golf.vn\/en\/wp-json\/wp\/v2\/product_cat?post=16314"},{"taxonomy":"product_tag","embeddable":true,"href":"https:\/\/taylormade-golf.vn\/en\/wp-json\/wp\/v2\/product_tag?post=16314"}],"curies":[{"name":"wp","href":"https:\/\/api.w.org\/{rel}","templated":true}]}}