{"id":16263,"date":"2025-03-11T09:10:17","date_gmt":"2025-03-11T02:10:17","guid":{"rendered":"https:\/\/taylormade-golf.vn\/?post_type=product&#038;p=16263"},"modified":"2025-03-11T09:10:17","modified_gmt":"2025-03-11T02:10:17","slug":"ao-polo-s-s-color-block","status":"publish","type":"product","link":"https:\/\/taylormade-golf.vn\/en\/product\/ao-polo-s-s-color-block\/","title":{"rendered":"\u00c1o Polo S\/S Color Block"},"content":{"rendered":"<p data-start=\"80\" data-end=\"155\"><strong data-start=\"80\" data-end=\"155\">\u00c1o Polo Tay Ng\u1eafn Color Block &#8211; Phong C\u00e1ch M\u00f9a M\u1edbi, Tinh T\u1ebf v\u00e0 Ti\u1ec7n D\u1ee5ng<\/strong><\/p>\n<p data-start=\"157\" data-end=\"388\">H\u00e3y l\u00e0m m\u1edbi t\u1ee7 \u0111\u1ed3 c\u1ee7a b\u1ea1n v\u1edbi chi\u1ebfc \u00e1o polo tay ng\u1eafn Color Block, \u0111\u01b0\u1ee3c thi\u1ebft k\u1ebf v\u1edbi m\u00e0u s\u1eafc theo m\u00f9a v\u00e0 h\u1ecda ti\u1ebft kh\u1ed1i m\u00e0u \u0111\u1ed9c \u0111\u00e1o. S\u1ef1 k\u1ebft h\u1ee3p m\u00e0u s\u1eafc kh\u00e1c bi\u1ec7t \u1edf tay \u00e1o tr\u00e1i v\u00e0 ph\u1ea3i t\u1ea1o n\u00ean phong c\u00e1ch n\u1ed5i b\u1eadt, thu h\u00fat m\u1ecdi \u00e1nh nh\u00ecn.<\/p>\n<p data-start=\"390\" data-end=\"414\">\ud83c\udf1f <strong data-start=\"393\" data-end=\"413\">\u0110\u1eb7c \u0111i\u1ec3m n\u1ed5i b\u1eadt<\/strong>:<\/p>\n<ul data-start=\"415\" data-end=\"820\">\n<li data-start=\"415\" data-end=\"514\"><strong data-start=\"417\" data-end=\"462\">Ch\u1ea5t li\u1ec7u 83% polyester, 17% polyurethane<\/strong>: M\u1ec1m m\u1ea1i, co gi\u00e3n v\u00e0 tho\u1ea3i m\u00e1i cho m\u1ecdi chuy\u1ec3n \u0111\u1ed9ng.<\/li>\n<li data-start=\"515\" data-end=\"606\"><strong data-start=\"517\" data-end=\"549\">Kh\u00f4 nhanh v\u00e0 th\u1ea5m h\u00fat m\u1ed3 h\u00f4i<\/strong>: Gi\u00fap b\u1ea1n lu\u00f4n kh\u00f4 r\u00e1o v\u00e0 tho\u1ea3i m\u00e1i trong m\u1ecdi ho\u1ea1t \u0111\u1ed9ng.<\/li>\n<li data-start=\"607\" data-end=\"698\"><strong data-start=\"609\" data-end=\"628\">Ch\u0103m s\u00f3c tia UV<\/strong>: B\u1ea3o v\u1ec7 l\u00e0n da kh\u1ecfi t\u00e1c h\u1ea1i c\u1ee7a tia UV, gi\u00fap b\u1ea1n t\u1ef1 tin khi ra ngo\u00e0i.<\/li>\n<li data-start=\"699\" data-end=\"820\"><strong data-start=\"701\" data-end=\"730\">Thi\u1ebft k\u1ebf kh\u1ed1i m\u00e0u b\u1eaft m\u1eaft<\/strong>: T\u1ea1o s\u1ef1 kh\u00e1c bi\u1ec7t v\u00e0 phong c\u00e1ch cho ng\u01b0\u1eddi m\u1eb7c, d\u1ec5 d\u00e0ng k\u1ebft h\u1ee3p v\u1edbi nhi\u1ec1u trang ph\u1ee5c kh\u00e1c.<\/li>\n<\/ul>\n<p data-start=\"822\" data-end=\"968\">V\u1edbi thi\u1ebft k\u1ebf tinh t\u1ebf v\u00e0 t\u00ednh n\u0103ng v\u01b0\u1ee3t tr\u1ed9i, chi\u1ebfc \u00e1o polo Color Block s\u1ebd l\u00e0 s\u1ef1 l\u1ef1a ch\u1ecdn ho\u00e0n h\u1ea3o cho nh\u1eefng ai y\u00eau th\u00edch s\u1ef1 n\u0103ng \u0111\u1ed9ng v\u00e0 hi\u1ec7n \u0111\u1ea1i.<\/p>\n<p data-start=\"822\" data-end=\"968\">M1319958<br \/>\nM1319970<br \/>\nM1319971<br \/>\nM1319972<br \/>\nM1319973<br \/>\nM1320058<br \/>\nM1320070<br \/>\nM1320071<br \/>\nM1320072<br \/>\nM1320073<br \/>\nM1320158<br \/>\nM1320170<br \/>\nM1320171<br \/>\nM1320172<br \/>\nM1320173<br \/>\nM1320258<br \/>\nM1320270<br \/>\nM1320271<br \/>\nM1320272<br \/>\nM1320273<\/p>","protected":false},"excerpt":{"rendered":"<p>\u00c1o Polo Tay Ng\u1eafn Color Block &#8211; Phong C\u00e1ch M\u00f9a M\u1edbi, Tinh T\u1ebf v\u00e0 Ti\u1ec7n D\u1ee5ng H\u00e3y l\u00e0m m\u1edbi t\u1ee7 \u0111\u1ed3 c\u1ee7a b\u1ea1n v\u1edbi chi\u1ebfc \u00e1o polo tay ng\u1eafn Color Block, \u0111\u01b0\u1ee3c thi\u1ebft k\u1ebf v\u1edbi m\u00e0u s\u1eafc theo m\u00f9a v\u00e0 h\u1ecda ti\u1ebft kh\u1ed1i m\u00e0u \u0111\u1ed9c \u0111\u00e1o. S\u1ef1 k\u1ebft h\u1ee3p m\u00e0u s\u1eafc kh\u00e1c bi\u1ec7t \u1edf tay [&hellip;]<\/p>","protected":false},"featured_media":16284,"comment_status":"open","ping_status":"closed","template":"","meta":{"_acf_changed":false,"site-sidebar-layout":"default","site-content-layout":"","ast-site-content-layout":"default","site-content-style":"default","site-sidebar-style":"default","ast-global-header-display":"","ast-banner-title-visibility":"","ast-main-header-display":"","ast-hfb-above-header-display":"","ast-hfb-below-header-display":"","ast-hfb-mobile-header-display":"","site-post-title":"","ast-breadcrumbs-content":"","ast-featured-img":"","footer-sml-layout":"","theme-transparent-header-meta":"default","adv-header-id-meta":"","stick-header-meta":"default","header-above-stick-meta":"","header-main-stick-meta":"","header-below-stick-meta":"","astra-migrate-meta-layouts":"set","ast-page-background-enabled":"default","ast-page-background-meta":{"desktop":{"background-color":"","background-image":"","background-repeat":"repeat","background-position":"center center","background-size":"auto","background-attachment":"scroll","background-type":"","background-media":"","overlay-type":"","overlay-color":"","overlay-opacity":"","overlay-gradient":""},"tablet":{"background-color":"","background-image":"","background-repeat":"repeat","background-position":"center center","background-size":"auto","background-attachment":"scroll","background-type":"","background-media":"","overlay-type":"","overlay-color":"","overlay-opacity":"","overlay-gradient":""},"mobile":{"background-color":"","background-image":"","background-repeat":"repeat","background-position":"center center","background-size":"auto","background-attachment":"scroll","background-type":"","background-media":"","overlay-type":"","overlay-color":"","overlay-opacity":"","overlay-gradient":""}},"ast-content-background-meta":{"desktop":{"background-color":"var(--ast-global-color-5)","background-image":"","background-repeat":"repeat","background-position":"center center","background-size":"auto","background-attachment":"scroll","background-type":"","background-media":"","overlay-type":"","overlay-color":"","overlay-opacity":"","overlay-gradient":""},"tablet":{"background-color":"var(--ast-global-color-5)","background-image":"","background-repeat":"repeat","background-position":"center center","background-size":"auto","background-attachment":"scroll","background-type":"","background-media":"","overlay-type":"","overlay-color":"","overlay-opacity":"","overlay-gradient":""},"mobile":{"background-color":"var(--ast-global-color-5)","background-image":"","background-repeat":"repeat","background-position":"center center","background-size":"auto","background-attachment":"scroll","background-type":"","background-media":"","overlay-type":"","overlay-color":"","overlay-opacity":"","overlay-gradient":""}}},"product_brand":[],"product_cat":[262,102,101],"product_tag":[],"class_list":{"0":"post-16263","1":"product","2":"type-product","3":"status-publish","4":"has-post-thumbnail","6":"product_cat-nam","7":"product_cat-ao-coc-tay","8":"product_cat-quan-ao","9":"desktop-align-center","10":"tablet-align-center","11":"mobile-align-center","12":"ast-product-gallery-layout-first-image-large","13":"ast-product-single-variable","14":"ast-product-tabs-layout-distributed","16":"first","17":"instock","18":"shipping-taxable","19":"purchasable","20":"product-type-variable"},"acf":[],"_links":{"self":[{"href":"https:\/\/taylormade-golf.vn\/en\/wp-json\/wp\/v2\/product\/16263","targetHints":{"allow":["GET"]}}],"collection":[{"href":"https:\/\/taylormade-golf.vn\/en\/wp-json\/wp\/v2\/product"}],"about":[{"href":"https:\/\/taylormade-golf.vn\/en\/wp-json\/wp\/v2\/types\/product"}],"replies":[{"embeddable":true,"href":"https:\/\/taylormade-golf.vn\/en\/wp-json\/wp\/v2\/comments?post=16263"}],"wp:featuredmedia":[{"embeddable":true,"href":"https:\/\/taylormade-golf.vn\/en\/wp-json\/wp\/v2\/media\/16284"}],"wp:attachment":[{"href":"https:\/\/taylormade-golf.vn\/en\/wp-json\/wp\/v2\/media?parent=16263"}],"wp:term":[{"taxonomy":"product_brand","embeddable":true,"href":"https:\/\/taylormade-golf.vn\/en\/wp-json\/wp\/v2\/product_brand?post=16263"},{"taxonomy":"product_cat","embeddable":true,"href":"https:\/\/taylormade-golf.vn\/en\/wp-json\/wp\/v2\/product_cat?post=16263"},{"taxonomy":"product_tag","embeddable":true,"href":"https:\/\/taylormade-golf.vn\/en\/wp-json\/wp\/v2\/product_tag?post=16263"}],"curies":[{"name":"wp","href":"https:\/\/api.w.org\/{rel}","templated":true}]}}