{"id":16221,"date":"2025-03-11T08:35:02","date_gmt":"2025-03-11T01:35:02","guid":{"rendered":"https:\/\/taylormade-golf.vn\/?post_type=product&#038;p=16221"},"modified":"2025-03-11T08:35:02","modified_gmt":"2025-03-11T01:35:02","slug":"ao-thun-polo-liberty-fabric-s-s","status":"publish","type":"product","link":"https:\/\/taylormade-golf.vn\/en\/product\/ao-thun-polo-liberty-fabric-s-s\/","title":{"rendered":"\u00c1o thun polo Liberty Fabric S\/S"},"content":{"rendered":"<p data-start=\"89\" data-end=\"162\"><strong data-start=\"89\" data-end=\"162\">\u00c1o Polo Tay Ng\u1eafn H\u1ecda Ti\u1ebft Liberty of London &#8211; Thanh L\u1ecbch v\u00e0 Ti\u1ec7n D\u1ee5ng<\/strong><\/p>\n<p data-start=\"164\" data-end=\"397\">Kh\u00e1m ph\u00e1 thi\u1ebft k\u1ebf m\u00f9a n\u00e0y v\u1edbi \u00e1o polo tay ng\u1eafn n\u1ed5i b\u1eadt t\u1eeb Liberty of London. V\u1edbi h\u1ecda ti\u1ebft paisley thanh l\u1ecbch, chi\u1ebfc \u00e1o n\u00e0y kh\u00f4ng ch\u1ec9 mang \u0111\u1ebfn phong c\u00e1ch sang tr\u1ecdng m\u00e0 c\u00f2n cung c\u1ea5p s\u1ef1 ti\u1ec7n l\u1ee3i v\u01b0\u1ee3t tr\u1ed9i trong c\u00e1c ho\u1ea1t \u0111\u1ed9ng ngo\u00e0i tr\u1eddi.<\/p>\n<p data-start=\"399\" data-end=\"423\">\ud83c\udf1f <strong data-start=\"402\" data-end=\"422\">\u0110\u1eb7c \u0111i\u1ec3m n\u1ed5i b\u1eadt<\/strong>:<\/p>\n<ul data-start=\"424\" data-end=\"768\">\n<li data-start=\"424\" data-end=\"498\"><strong data-start=\"426\" data-end=\"454\">Ch\u1ea5t li\u1ec7u 100% polyester<\/strong>: M\u1ec1m m\u1ea1i, b\u1ec1n b\u1ec9 v\u00e0 tho\u1ea3i m\u00e1i su\u1ed1t c\u1ea3 ng\u00e0y.<\/li>\n<li data-start=\"499\" data-end=\"591\"><strong data-start=\"501\" data-end=\"533\">Kh\u00f4 nhanh v\u00e0 th\u1ea5m h\u00fat m\u1ed3 h\u00f4i<\/strong>: Duy tr\u00ec c\u1ea3m gi\u00e1c kh\u00f4 r\u00e1o v\u00e0 tho\u1ea3i m\u00e1i khi v\u1eadn \u0111\u1ed9ng m\u1ea1nh.<\/li>\n<li data-start=\"592\" data-end=\"660\"><strong data-start=\"594\" data-end=\"613\">Ch\u0103m s\u00f3c tia UV<\/strong>: B\u1ea3o v\u1ec7 da kh\u1ecfi t\u00e1c h\u1ea1i c\u1ee7a \u00e1nh n\u1eafng m\u1eb7t tr\u1eddi.<\/li>\n<li data-start=\"661\" data-end=\"768\"><strong data-start=\"663\" data-end=\"686\">Phong c\u00e1ch thi\u1ebft k\u1ebf<\/strong>: H\u1ecda ti\u1ebft paisley \u0111\u1ed9c \u0111\u00e1o, mang l\u1ea1i v\u1ebb \u0111\u1eb9p thanh l\u1ecbch, ph\u00f9 h\u1ee3p cho m\u1ecdi ho\u00e0n c\u1ea3nh.<\/li>\n<\/ul>\n<p data-start=\"770\" data-end=\"981\">S\u1ef1 k\u1ebft h\u1ee3p gi\u1eefa ki\u1ec3u d\u00e1ng hi\u1ec7n \u0111\u1ea1i v\u00e0 c\u00f4ng ngh\u1ec7 ti\u00ean ti\u1ebfn gi\u00fap b\u1ea1n t\u1ef1 tin h\u01a1n trong m\u1ed7i b\u01b0\u1edbc \u0111i. \u00c1o polo Liberty of London l\u00e0 l\u1ef1a ch\u1ecdn ho\u00e0n h\u1ea3o cho nh\u1eefng ai y\u00eau th\u00edch s\u1ef1 tho\u1ea3i m\u00e1i, phong c\u00e1ch v\u00e0 b\u1ea3o v\u1ec7 s\u1ee9c kh\u1ecfe!<\/p>\n<p data-start=\"770\" data-end=\"981\">M1314558<br \/>\nM1314570<br \/>\nM1314571<br \/>\nM1314658<br \/>\nM1314670<br \/>\nM1314671<br \/>\nM1314758<br \/>\nM1314770<br \/>\nM1314771<\/p>","protected":false},"excerpt":{"rendered":"<p>\u00c1o Polo Tay Ng\u1eafn H\u1ecda Ti\u1ebft Liberty of London &#8211; Thanh L\u1ecbch v\u00e0 Ti\u1ec7n D\u1ee5ng Kh\u00e1m ph\u00e1 thi\u1ebft k\u1ebf m\u00f9a n\u00e0y v\u1edbi \u00e1o polo tay ng\u1eafn n\u1ed5i b\u1eadt t\u1eeb Liberty of London. V\u1edbi h\u1ecda ti\u1ebft paisley thanh l\u1ecbch, chi\u1ebfc \u00e1o n\u00e0y kh\u00f4ng ch\u1ec9 mang \u0111\u1ebfn phong c\u00e1ch sang tr\u1ecdng m\u00e0 c\u00f2n cung c\u1ea5p s\u1ef1 ti\u1ec7n [&hellip;]<\/p>","protected":false},"featured_media":16237,"comment_status":"open","ping_status":"closed","template":"","meta":{"_acf_changed":false,"site-sidebar-layout":"default","site-content-layout":"","ast-site-content-layout":"default","site-content-style":"default","site-sidebar-style":"default","ast-global-header-display":"","ast-banner-title-visibility":"","ast-main-header-display":"","ast-hfb-above-header-display":"","ast-hfb-below-header-display":"","ast-hfb-mobile-header-display":"","site-post-title":"","ast-breadcrumbs-content":"","ast-featured-img":"","footer-sml-layout":"","theme-transparent-header-meta":"default","adv-header-id-meta":"","stick-header-meta":"default","header-above-stick-meta":"","header-main-stick-meta":"","header-below-stick-meta":"","astra-migrate-meta-layouts":"set","ast-page-background-enabled":"default","ast-page-background-meta":{"desktop":{"background-color":"","background-image":"","background-repeat":"repeat","background-position":"center center","background-size":"auto","background-attachment":"scroll","background-type":"","background-media":"","overlay-type":"","overlay-color":"","overlay-opacity":"","overlay-gradient":""},"tablet":{"background-color":"","background-image":"","background-repeat":"repeat","background-position":"center center","background-size":"auto","background-attachment":"scroll","background-type":"","background-media":"","overlay-type":"","overlay-color":"","overlay-opacity":"","overlay-gradient":""},"mobile":{"background-color":"","background-image":"","background-repeat":"repeat","background-position":"center center","background-size":"auto","background-attachment":"scroll","background-type":"","background-media":"","overlay-type":"","overlay-color":"","overlay-opacity":"","overlay-gradient":""}},"ast-content-background-meta":{"desktop":{"background-color":"var(--ast-global-color-5)","background-image":"","background-repeat":"repeat","background-position":"center center","background-size":"auto","background-attachment":"scroll","background-type":"","background-media":"","overlay-type":"","overlay-color":"","overlay-opacity":"","overlay-gradient":""},"tablet":{"background-color":"var(--ast-global-color-5)","background-image":"","background-repeat":"repeat","background-position":"center center","background-size":"auto","background-attachment":"scroll","background-type":"","background-media":"","overlay-type":"","overlay-color":"","overlay-opacity":"","overlay-gradient":""},"mobile":{"background-color":"var(--ast-global-color-5)","background-image":"","background-repeat":"repeat","background-position":"center center","background-size":"auto","background-attachment":"scroll","background-type":"","background-media":"","overlay-type":"","overlay-color":"","overlay-opacity":"","overlay-gradient":""}}},"product_brand":[],"product_cat":[262,102,101],"product_tag":[],"class_list":{"0":"post-16221","1":"product","2":"type-product","3":"status-publish","4":"has-post-thumbnail","6":"product_cat-nam","7":"product_cat-ao-coc-tay","8":"product_cat-quan-ao","9":"desktop-align-center","10":"tablet-align-center","11":"mobile-align-center","12":"ast-product-gallery-layout-first-image-large","13":"ast-product-single-variable","14":"ast-product-tabs-layout-distributed","16":"first","17":"instock","18":"shipping-taxable","19":"purchasable","20":"product-type-variable"},"acf":[],"_links":{"self":[{"href":"https:\/\/taylormade-golf.vn\/en\/wp-json\/wp\/v2\/product\/16221","targetHints":{"allow":["GET"]}}],"collection":[{"href":"https:\/\/taylormade-golf.vn\/en\/wp-json\/wp\/v2\/product"}],"about":[{"href":"https:\/\/taylormade-golf.vn\/en\/wp-json\/wp\/v2\/types\/product"}],"replies":[{"embeddable":true,"href":"https:\/\/taylormade-golf.vn\/en\/wp-json\/wp\/v2\/comments?post=16221"}],"wp:featuredmedia":[{"embeddable":true,"href":"https:\/\/taylormade-golf.vn\/en\/wp-json\/wp\/v2\/media\/16237"}],"wp:attachment":[{"href":"https:\/\/taylormade-golf.vn\/en\/wp-json\/wp\/v2\/media?parent=16221"}],"wp:term":[{"taxonomy":"product_brand","embeddable":true,"href":"https:\/\/taylormade-golf.vn\/en\/wp-json\/wp\/v2\/product_brand?post=16221"},{"taxonomy":"product_cat","embeddable":true,"href":"https:\/\/taylormade-golf.vn\/en\/wp-json\/wp\/v2\/product_cat?post=16221"},{"taxonomy":"product_tag","embeddable":true,"href":"https:\/\/taylormade-golf.vn\/en\/wp-json\/wp\/v2\/product_tag?post=16221"}],"curies":[{"name":"wp","href":"https:\/\/api.w.org\/{rel}","templated":true}]}}