{"id":16191,"date":"2025-03-06T11:34:46","date_gmt":"2025-03-06T04:34:46","guid":{"rendered":"https:\/\/taylormade-golf.vn\/?post_type=product&#038;p=16191"},"modified":"2025-03-06T11:34:46","modified_gmt":"2025-03-06T04:34:46","slug":"gay-ki-thuat-irs-mg4-chrome-tw-56-12-60-11-rh-s","status":"publish","type":"product","link":"https:\/\/taylormade-golf.vn\/en\/product\/gay-ki-thuat-irs-mg4-chrome-tw-56-12-60-11-rh-s\/","title":{"rendered":"G\u1eady k\u0129 thu\u1eadt IRS-MG4 Chrome TW 56.12, 60.11 \/ RH S"},"content":{"rendered":"<p data-start=\"82\" data-end=\"161\"><strong data-start=\"82\" data-end=\"101\">M\u00f4 t\u1ea3 s\u1ea3n ph\u1ea9m:<\/strong><br data-start=\"101\" data-end=\"104\" \/><strong data-start=\"104\" data-end=\"159\">Hi\u1ec7u su\u1ea5t v\u01b0\u1ee3t tr\u1ed9i ngay c\u1ea3 trong \u0111i\u1ec1u ki\u1ec7n \u1ea9m \u01b0\u1edbt!<\/strong><\/p>\n<p data-start=\"163\" data-end=\"466\">G\u1eady wedge <strong data-start=\"173\" data-end=\"187\">MG4 Chrome<\/strong> \u0111\u01b0\u1ee3c trang b\u1ecb <strong data-start=\"202\" data-end=\"231\">c\u00f4ng ngh\u1ec7 HYDRO SPIN FACE<\/strong>, l\u1ea7n \u0111\u1ea7u ti\u00ean trong d\u00f2ng s\u1ea3n ph\u1ea9m c\u00f3 <strong data-start=\"269\" data-end=\"283\">kh\u1eafc laser<\/strong>, gi\u00fap t\u1ea1o <strong data-start=\"294\" data-end=\"323\">r\u00e3nh s\u00e2u h\u01a1n tr\u00ean m\u1eb7t g\u1eady<\/strong>. \u0110i\u1ec1u n\u00e0y gi\u00fap <strong data-start=\"339\" data-end=\"366\">tho\u00e1t \u1ea9m v\u00e0 c\u1ecf hi\u1ec7u qu\u1ea3<\/strong>, \u0111\u1ea3m b\u1ea3o ti\u1ebfp x\u00fac b\u00f3ng nh\u1ea5t qu\u00e1n v\u00e0 t\u0103ng \u0111\u1ed9 xo\u00e1y, mang l\u1ea1i s\u1ef1 ki\u1ec3m so\u00e1t t\u1ed1i \u01b0u trong m\u1ecdi c\u00fa \u0111\u00e1nh.<\/p>\n<p data-start=\"468\" data-end=\"625\">Ngo\u00e0i ra, <strong data-start=\"478\" data-end=\"500\">c\u00f4ng ngh\u1ec7 RAW Face<\/strong> v\u1edbi <strong data-start=\"505\" data-end=\"526\">c\u00e1c r\u00e3nh kh\u00f4ng m\u1ea1<\/strong> gi\u00fap t\u0103ng \u0111\u1ed9 b\u00e1m b\u00f3ng, c\u1ea3i thi\u1ec7n kh\u1ea3 n\u0103ng ki\u1ec3m so\u00e1t v\u00e0 duy tr\u00ec hi\u1ec7u su\u1ea5t \u1ed5n \u0111\u1ecbnh theo th\u1eddi gian.<\/p>\n<p data-start=\"627\" data-end=\"1120\">\ud83d\udd39 <strong data-start=\"630\" data-end=\"652\">T\u00ednh n\u0103ng n\u1ed5i b\u1eadt:<\/strong><br data-start=\"652\" data-end=\"655\" \/>\u2705 <strong data-start=\"657\" data-end=\"676\">HYDRO SPIN FACE<\/strong> \u2013 R\u00e3nh kh\u1eafc laser s\u00e2u h\u01a1n, gi\u00fap t\u1ed1i \u01b0u \u0111\u1ed9 xo\u00e1y v\u00e0 ki\u1ec3m so\u00e1t b\u00f3ng<br data-start=\"741\" data-end=\"744\" \/>\u2705 <strong data-start=\"746\" data-end=\"798\">Hi\u1ec7u su\u1ea5t \u1ed5n \u0111\u1ecbnh ngay c\u1ea3 trong \u0111i\u1ec1u ki\u1ec7n \u1ea9m \u01b0\u1edbt<\/strong> \u2013 Gi\u00fap golfer \u0111\u00e1nh b\u00f3ng ch\u00ednh x\u00e1c tr\u00ean c\u1ecf \u01b0\u1edbt<br data-start=\"844\" data-end=\"847\" \/>\u2705 <strong data-start=\"849\" data-end=\"872\">RAW Face Technology<\/strong> \u2013 T\u0103ng \u0111\u1ed9 b\u00e1m b\u00f3ng, c\u1ea3i thi\u1ec7n kh\u1ea3 n\u0103ng ki\u1ec3m so\u00e1t c\u00fa \u0111\u00e1nh<br data-start=\"929\" data-end=\"932\" \/>\u2705 <strong data-start=\"934\" data-end=\"963\">\u0110\u1ed9 b\u1ec1n cao, ch\u1ed1ng m\u00e0i m\u00f2n<\/strong> \u2013 Duy tr\u00ec hi\u1ec7u su\u1ea5t l\u00e2u d\u00e0i<br data-start=\"991\" data-end=\"994\" \/>\u2705 <strong data-start=\"996\" data-end=\"1023\">Thi\u1ebft k\u1ebf Chrome cao c\u1ea5p<\/strong> \u2013 V\u1ebb ngo\u00e0i sang tr\u1ecdng, hi\u1ec7n \u0111\u1ea1i<br data-start=\"1055\" data-end=\"1058\" \/>\u2705 <strong data-start=\"1060\" data-end=\"1118\">C\u1ea3m gi\u00e1c \u0111\u00e1nh b\u00f3ng ch\u1eafc ch\u1eafn, ki\u1ec3m so\u00e1t qu\u1ef9 \u0111\u1ea1o t\u1ed1i \u01b0u<\/strong><\/p>\n<p data-start=\"1122\" data-end=\"1204\">\ud83d\udccc <strong data-start=\"1125\" data-end=\"1202\">S\u1edf h\u1eefu ngay g\u1eady wedge MG4 Chrome \u0111\u1ec3 n\u00e2ng t\u1ea7m k\u1ef9 thu\u1eadt short game c\u1ee7a b\u1ea1n!<\/strong><\/p>\n<hr data-start=\"1206\" data-end=\"1211\" \/>\n<p data-start=\"1213\" data-end=\"1532\" data-is-only-node=\"\" data-is-last-node=\"\"><strong data-start=\"1213\" data-end=\"1231\">#Tag s\u1ea3n ph\u1ea9m:<\/strong><br data-start=\"1231\" data-end=\"1234\" \/>#MG4Chrome<br data-start=\"1244\" data-end=\"1247\" \/>#G\u1eadyWedgeGolf<br data-start=\"1260\" data-end=\"1263\" \/>#HYDROSPINFACE<br data-start=\"1277\" data-end=\"1280\" \/>#RAWFaceTechnology<br data-start=\"1298\" data-end=\"1301\" \/>#GolfClub<br data-start=\"1310\" data-end=\"1313\" \/>#Xo\u00e1yB\u00f3ngT\u1ed1i\u01afu<br data-start=\"1327\" data-end=\"1330\" \/>#Ch\u01a1iGolf\u0110\u1eb3ngC\u1ea5p<br data-start=\"1346\" data-end=\"1349\" \/>#B\u00e1mB\u00f3ngT\u1ed1t<br data-start=\"1360\" data-end=\"1363\" \/>#Hi\u1ec7uSu\u1ea5t\u1ed4n\u0110\u1ecbnh<br data-start=\"1378\" data-end=\"1381\" \/>#G\u1eadyWedgeCaoC\u1ea5p<br data-start=\"1396\" data-end=\"1399\" \/>#GolfEquipment<br data-start=\"1413\" data-end=\"1416\" \/>#GolfLover<br data-start=\"1426\" data-end=\"1429\" \/>#GolfPerformance<br data-start=\"1445\" data-end=\"1448\" \/>#C\u00f4ngNgh\u1ec7Kh\u1eafcLaser<br data-start=\"1466\" data-end=\"1469\" \/>#T\u1ed1i\u01afuC\u00fa\u0110\u00e1nh<br data-start=\"1481\" data-end=\"1484\" \/>#Ch\u1ed1ngM\u00e0iM\u00f2n<br data-start=\"1496\" data-end=\"1499\" \/>#Ki\u1ec3mSo\u00e1tB\u00f3ngT\u1ed1t<br data-start=\"1515\" data-end=\"1518\" \/>#\u0110i\u1ec1uKi\u1ec7n\u1ea8m\u01af\u1edbt<\/p>","protected":false},"excerpt":{"rendered":"<p>M\u00f4 t\u1ea3 s\u1ea3n ph\u1ea9m:Hi\u1ec7u su\u1ea5t v\u01b0\u1ee3t tr\u1ed9i ngay c\u1ea3 trong \u0111i\u1ec1u ki\u1ec7n \u1ea9m \u01b0\u1edbt! G\u1eady wedge MG4 Chrome \u0111\u01b0\u1ee3c trang b\u1ecb c\u00f4ng ngh\u1ec7 HYDRO SPIN FACE, l\u1ea7n \u0111\u1ea7u ti\u00ean trong d\u00f2ng s\u1ea3n ph\u1ea9m c\u00f3 kh\u1eafc laser, gi\u00fap t\u1ea1o r\u00e3nh s\u00e2u h\u01a1n tr\u00ean m\u1eb7t g\u1eady. \u0110i\u1ec1u n\u00e0y gi\u00fap tho\u00e1t \u1ea9m v\u00e0 c\u1ecf hi\u1ec7u qu\u1ea3, \u0111\u1ea3m b\u1ea3o [&hellip;]<\/p>","protected":false},"featured_media":16192,"comment_status":"open","ping_status":"closed","template":"","meta":{"_acf_changed":false,"site-sidebar-layout":"default","site-content-layout":"","ast-site-content-layout":"default","site-content-style":"default","site-sidebar-style":"default","ast-global-header-display":"","ast-banner-title-visibility":"","ast-main-header-display":"","ast-hfb-above-header-display":"","ast-hfb-below-header-display":"","ast-hfb-mobile-header-display":"","site-post-title":"","ast-breadcrumbs-content":"","ast-featured-img":"","footer-sml-layout":"","theme-transparent-header-meta":"default","adv-header-id-meta":"","stick-header-meta":"default","header-above-stick-meta":"","header-main-stick-meta":"","header-below-stick-meta":"","astra-migrate-meta-layouts":"set","ast-page-background-enabled":"default","ast-page-background-meta":{"desktop":{"background-color":"","background-image":"","background-repeat":"repeat","background-position":"center center","background-size":"auto","background-attachment":"scroll","background-type":"","background-media":"","overlay-type":"","overlay-color":"","overlay-opacity":"","overlay-gradient":""},"tablet":{"background-color":"","background-image":"","background-repeat":"repeat","background-position":"center center","background-size":"auto","background-attachment":"scroll","background-type":"","background-media":"","overlay-type":"","overlay-color":"","overlay-opacity":"","overlay-gradient":""},"mobile":{"background-color":"","background-image":"","background-repeat":"repeat","background-position":"center center","background-size":"auto","background-attachment":"scroll","background-type":"","background-media":"","overlay-type":"","overlay-color":"","overlay-opacity":"","overlay-gradient":""}},"ast-content-background-meta":{"desktop":{"background-color":"var(--ast-global-color-5)","background-image":"","background-repeat":"repeat","background-position":"center center","background-size":"auto","background-attachment":"scroll","background-type":"","background-media":"","overlay-type":"","overlay-color":"","overlay-opacity":"","overlay-gradient":""},"tablet":{"background-color":"var(--ast-global-color-5)","background-image":"","background-repeat":"repeat","background-position":"center center","background-size":"auto","background-attachment":"scroll","background-type":"","background-media":"","overlay-type":"","overlay-color":"","overlay-opacity":"","overlay-gradient":""},"mobile":{"background-color":"var(--ast-global-color-5)","background-image":"","background-repeat":"repeat","background-position":"center center","background-size":"auto","background-attachment":"scroll","background-type":"","background-media":"","overlay-type":"","overlay-color":"","overlay-opacity":"","overlay-gradient":""}}},"product_brand":[],"product_cat":[86],"product_tag":[],"class_list":{"0":"post-16191","1":"product","2":"type-product","3":"status-publish","4":"has-post-thumbnail","6":"product_cat-tp5x-tp5x-pix-bong-gon","7":"desktop-align-center","8":"tablet-align-center","9":"mobile-align-center","10":"ast-product-gallery-layout-first-image-large","11":"ast-product-single-variable","12":"ast-product-tabs-layout-distributed","14":"first","15":"instock","16":"shipping-taxable","17":"purchasable","18":"product-type-variable"},"acf":[],"_links":{"self":[{"href":"https:\/\/taylormade-golf.vn\/en\/wp-json\/wp\/v2\/product\/16191","targetHints":{"allow":["GET"]}}],"collection":[{"href":"https:\/\/taylormade-golf.vn\/en\/wp-json\/wp\/v2\/product"}],"about":[{"href":"https:\/\/taylormade-golf.vn\/en\/wp-json\/wp\/v2\/types\/product"}],"replies":[{"embeddable":true,"href":"https:\/\/taylormade-golf.vn\/en\/wp-json\/wp\/v2\/comments?post=16191"}],"wp:featuredmedia":[{"embeddable":true,"href":"https:\/\/taylormade-golf.vn\/en\/wp-json\/wp\/v2\/media\/16192"}],"wp:attachment":[{"href":"https:\/\/taylormade-golf.vn\/en\/wp-json\/wp\/v2\/media?parent=16191"}],"wp:term":[{"taxonomy":"product_brand","embeddable":true,"href":"https:\/\/taylormade-golf.vn\/en\/wp-json\/wp\/v2\/product_brand?post=16191"},{"taxonomy":"product_cat","embeddable":true,"href":"https:\/\/taylormade-golf.vn\/en\/wp-json\/wp\/v2\/product_cat?post=16191"},{"taxonomy":"product_tag","embeddable":true,"href":"https:\/\/taylormade-golf.vn\/en\/wp-json\/wp\/v2\/product_tag?post=16191"}],"curies":[{"name":"wp","href":"https:\/\/api.w.org\/{rel}","templated":true}]}}