{"id":16179,"date":"2025-03-06T10:42:14","date_gmt":"2025-03-06T03:42:14","guid":{"rendered":"https:\/\/taylormade-golf.vn\/?post_type=product&#038;p=16179"},"modified":"2025-03-06T10:48:54","modified_gmt":"2025-03-06T03:48:54","slug":"bo-sat-irg-novamaxlite-5-ps-tm-s","status":"publish","type":"product","link":"https:\/\/taylormade-golf.vn\/en\/product\/bo-sat-irg-novamaxlite-5-ps-tm-s\/","title":{"rendered":"B\u1ed9 s\u1eaft IRG NovaMaxLite #5-PS TM S"},"content":{"rendered":"<p data-start=\"104\" data-end=\"186\"><strong data-start=\"104\" data-end=\"123\">M\u00f4 t\u1ea3 s\u1ea3n ph\u1ea9m:<\/strong><br data-start=\"123\" data-end=\"126\" \/><strong data-start=\"126\" data-end=\"184\">\u0110\u1ed9 ch\u00ednh x\u00e1c t\u1ed1i \u0111a, qu\u1ef9 \u0111\u1ea1o cao, kho\u1ea3ng c\u00e1ch \u1ed5n \u0111\u1ecbnh!<\/strong><\/p>\n<p data-start=\"188\" data-end=\"506\">B\u1ed9 <strong data-start=\"191\" data-end=\"202\">g\u1eady s\u1eaft<\/strong> n\u00e0y \u0111\u01b0\u1ee3c trang b\u1ecb <strong data-start=\"221\" data-end=\"246\">h\u1ec7 th\u1ed1ng t\u00edch h\u1ee3p m\u1edbi<\/strong>, gi\u00fap \u0111\u1ea3m b\u1ea3o <strong data-start=\"261\" data-end=\"316\">t\u1ed1c \u0111\u1ed9 b\u00f3ng cao, qu\u1ef9 \u0111\u1ea1o \u1ed5n \u0111\u1ecbnh v\u00e0 \u0111\u1ed9 th\u1eb3ng t\u1ed1i \u01b0u<\/strong>. C\u00f4ng ngh\u1ec7 ti\u00ean ti\u1ebfn n\u00e0y <strong data-start=\"342\" data-end=\"396\">k\u1ebft h\u1ee3p thi\u1ebft k\u1ebf n\u1eafp l\u01b0ng v\u00e0 t\u00fai t\u1ed1c \u0111\u1ed9 xuy\u00ean th\u1ea5u<\/strong>, c\u00f9ng v\u1edbi <strong data-start=\"407\" data-end=\"450\">m\u1eb7t g\u1eady \u0111\u01b0\u1ee3c t\u1ed1i \u01b0u h\u00f3a cho t\u1eebng s\u1ed1 g\u1eady<\/strong>, gi\u00fap c\u1ea3i thi\u1ec7n kho\u1ea3ng c\u00e1ch v\u00e0 ki\u1ec3m so\u00e1t b\u00f3ng t\u1ed1i \u0111a.<\/p>\n<p data-start=\"508\" data-end=\"958\">\ud83d\udd39 <strong data-start=\"511\" data-end=\"533\">T\u00ednh n\u0103ng n\u1ed5i b\u1eadt:<\/strong><br data-start=\"533\" data-end=\"536\" \/>\u2705 <strong data-start=\"538\" data-end=\"563\">H\u1ec7 th\u1ed1ng t\u00edch h\u1ee3p m\u1edbi<\/strong> \u2013 \u0110\u1ea3m b\u1ea3o \u0111\u1ed9 ch\u00ednh x\u00e1c v\u00e0 qu\u1ef9 \u0111\u1ea1o \u1ed5n \u0111\u1ecbnh cho m\u1ed7i g\u1eady<br data-start=\"617\" data-end=\"620\" \/>\u2705 <strong data-start=\"622\" data-end=\"649\">Thi\u1ebft k\u1ebf m\u1eb7t g\u1eady t\u1ed1i \u01b0u<\/strong> \u2013 T\u0103ng t\u1ed1c \u0111\u1ed9 b\u00f3ng v\u00e0 ki\u1ec3m so\u00e1t kho\u1ea3ng c\u00e1ch t\u1ed1t h\u01a1n<br data-start=\"701\" data-end=\"704\" data-is-only-node=\"\" \/>\u2705 <strong data-start=\"706\" data-end=\"752\">C\u00f4ng ngh\u1ec7 n\u1eafp l\u01b0ng &amp; t\u00fai t\u1ed1c \u0111\u1ed9 xuy\u00ean th\u1ea5u<\/strong> \u2013 H\u1ed7 tr\u1ee3 \u0111\u1ed9 th\u1eb3ng cao, t\u0103ng hi\u1ec7u su\u1ea5t khi \u0111\u00e1nh b\u00f3ng<br data-start=\"804\" data-end=\"807\" \/>\u2705 <strong data-start=\"809\" data-end=\"832\">Kho\u1ea3ng c\u00e1ch \u1ed5n \u0111\u1ecbnh<\/strong> \u2013 \u0110\u1ed9 b\u1ec1n cao, duy tr\u00ec hi\u1ec7u su\u1ea5t \u0111\u1ed3ng \u0111\u1ec1u trong to\u00e0n b\u1ed9 b\u1ed9 g\u1eady<br data-start=\"894\" data-end=\"897\" \/>\u2705 <strong data-start=\"899\" data-end=\"956\">C\u1ea3m gi\u00e1c \u0111\u00e1nh b\u00f3ng ch\u1eafc ch\u1eafn, t\u1ed1i \u01b0u h\u00f3a t\u1eebng c\u00fa \u0111\u00e1nh<\/strong><\/p>\n<p data-start=\"960\" data-end=\"1061\">\ud83d\udccc <strong data-start=\"963\" data-end=\"1059\">Trang b\u1ecb ngay b\u1ed9 g\u1eady s\u1eaft c\u00f4ng ngh\u1ec7 m\u1edbi \u0111\u1ec3 c\u1ea3i thi\u1ec7n kho\u1ea3ng c\u00e1ch v\u00e0 ki\u1ec3m so\u00e1t b\u00f3ng ch\u00ednh x\u00e1c!<\/strong><\/p>\n<hr data-start=\"1063\" data-end=\"1068\" \/>\n<p data-start=\"1070\" data-end=\"1409\" data-is-last-node=\"\" data-is-only-node=\"\"><strong data-start=\"1070\" data-end=\"1088\">#Tag s\u1ea3n ph\u1ea9m:<\/strong><br data-start=\"1088\" data-end=\"1091\" \/>#G\u1eadyS\u1eaftGolf<br data-start=\"1102\" data-end=\"1105\" \/>#IronSet<br data-start=\"1113\" data-end=\"1116\" \/>#GolfClub<br data-start=\"1125\" data-end=\"1128\" \/>#GolfPerformance<br data-start=\"1144\" data-end=\"1147\" \/>#G\u1eadyGolfC\u00f4ngNgh\u1ec7Cao<br data-start=\"1166\" data-end=\"1169\" \/>#T\u1ed1i\u01afuKho\u1ea3ngC\u00e1ch<br data-start=\"1185\" data-end=\"1188\" \/>#Qu\u1ef9\u0110\u1ea1oB\u00f3ng\u1ed4n\u0110\u1ecbnh<br data-start=\"1205\" data-end=\"1208\" \/>#Ch\u01a1iGolf\u0110\u1eb3ngC\u1ea5p<br data-start=\"1224\" data-end=\"1227\" \/>#G\u1eadyS\u1eaftCh\u00ednhX\u00e1c<br data-start=\"1242\" data-end=\"1245\" \/>#GolfLover<br data-start=\"1255\" data-end=\"1258\" \/>#SpeedPocketTechnology<br data-start=\"1280\" data-end=\"1283\" \/>#T\u1ed1i\u01afuT\u1ed1c\u0110\u1ed9B\u00f3ng<br data-start=\"1298\" data-end=\"1301\" \/>#G\u1eadyGolfCaoC\u1ea5p<br data-start=\"1315\" data-end=\"1318\" \/>#T\u1ed1i\u01afuC\u00fa\u0110\u00e1nh<br data-start=\"1330\" data-end=\"1333\" \/>#GolfEquipment<br data-start=\"1347\" data-end=\"1350\" \/>#IronTechnology<br data-start=\"1365\" data-end=\"1368\" \/>#Ki\u1ec3mSo\u00e1tKho\u1ea3ngC\u00e1ch<br data-start=\"1387\" data-end=\"1390\" \/>#GolfClubInnovation<\/p>","protected":false},"excerpt":{"rendered":"<p>M\u00f4 t\u1ea3 s\u1ea3n ph\u1ea9m:\u0110\u1ed9 ch\u00ednh x\u00e1c t\u1ed1i \u0111a, qu\u1ef9 \u0111\u1ea1o cao, kho\u1ea3ng c\u00e1ch \u1ed5n \u0111\u1ecbnh! B\u1ed9 g\u1eady s\u1eaft n\u00e0y \u0111\u01b0\u1ee3c trang b\u1ecb h\u1ec7 th\u1ed1ng t\u00edch h\u1ee3p m\u1edbi, gi\u00fap \u0111\u1ea3m b\u1ea3o t\u1ed1c \u0111\u1ed9 b\u00f3ng cao, qu\u1ef9 \u0111\u1ea1o \u1ed5n \u0111\u1ecbnh v\u00e0 \u0111\u1ed9 th\u1eb3ng t\u1ed1i \u01b0u. C\u00f4ng ngh\u1ec7 ti\u00ean ti\u1ebfn n\u00e0y k\u1ebft h\u1ee3p thi\u1ebft k\u1ebf n\u1eafp l\u01b0ng v\u00e0 [&hellip;]<\/p>","protected":false},"featured_media":16180,"comment_status":"open","ping_status":"closed","template":"","meta":{"_acf_changed":false,"site-sidebar-layout":"default","site-content-layout":"","ast-site-content-layout":"default","site-content-style":"default","site-sidebar-style":"default","ast-global-header-display":"","ast-banner-title-visibility":"","ast-main-header-display":"","ast-hfb-above-header-display":"","ast-hfb-below-header-display":"","ast-hfb-mobile-header-display":"","site-post-title":"","ast-breadcrumbs-content":"","ast-featured-img":"","footer-sml-layout":"","theme-transparent-header-meta":"default","adv-header-id-meta":"","stick-header-meta":"default","header-above-stick-meta":"","header-main-stick-meta":"","header-below-stick-meta":"","astra-migrate-meta-layouts":"set","ast-page-background-enabled":"default","ast-page-background-meta":{"desktop":{"background-color":"","background-image":"","background-repeat":"repeat","background-position":"center center","background-size":"auto","background-attachment":"scroll","background-type":"","background-media":"","overlay-type":"","overlay-color":"","overlay-opacity":"","overlay-gradient":""},"tablet":{"background-color":"","background-image":"","background-repeat":"repeat","background-position":"center center","background-size":"auto","background-attachment":"scroll","background-type":"","background-media":"","overlay-type":"","overlay-color":"","overlay-opacity":"","overlay-gradient":""},"mobile":{"background-color":"","background-image":"","background-repeat":"repeat","background-position":"center center","background-size":"auto","background-attachment":"scroll","background-type":"","background-media":"","overlay-type":"","overlay-color":"","overlay-opacity":"","overlay-gradient":""}},"ast-content-background-meta":{"desktop":{"background-color":"var(--ast-global-color-5)","background-image":"","background-repeat":"repeat","background-position":"center center","background-size":"auto","background-attachment":"scroll","background-type":"","background-media":"","overlay-type":"","overlay-color":"","overlay-opacity":"","overlay-gradient":""},"tablet":{"background-color":"var(--ast-global-color-5)","background-image":"","background-repeat":"repeat","background-position":"center center","background-size":"auto","background-attachment":"scroll","background-type":"","background-media":"","overlay-type":"","overlay-color":"","overlay-opacity":"","overlay-gradient":""},"mobile":{"background-color":"var(--ast-global-color-5)","background-image":"","background-repeat":"repeat","background-position":"center center","background-size":"auto","background-attachment":"scroll","background-type":"","background-media":"","overlay-type":"","overlay-color":"","overlay-opacity":"","overlay-gradient":""}}},"product_brand":[],"product_cat":[71,75,262],"product_tag":[],"class_list":{"0":"post-16179","1":"product","2":"type-product","3":"status-publish","4":"has-post-thumbnail","6":"product_cat-gay-gon","7":"product_cat-iron","8":"product_cat-nam","9":"desktop-align-center","10":"tablet-align-center","11":"mobile-align-center","12":"ast-product-gallery-layout-first-image-large","13":"ast-product-single-variable","14":"ast-product-tabs-layout-distributed","16":"first","17":"instock","18":"shipping-taxable","19":"purchasable","20":"product-type-variable"},"acf":[],"_links":{"self":[{"href":"https:\/\/taylormade-golf.vn\/en\/wp-json\/wp\/v2\/product\/16179","targetHints":{"allow":["GET"]}}],"collection":[{"href":"https:\/\/taylormade-golf.vn\/en\/wp-json\/wp\/v2\/product"}],"about":[{"href":"https:\/\/taylormade-golf.vn\/en\/wp-json\/wp\/v2\/types\/product"}],"replies":[{"embeddable":true,"href":"https:\/\/taylormade-golf.vn\/en\/wp-json\/wp\/v2\/comments?post=16179"}],"wp:featuredmedia":[{"embeddable":true,"href":"https:\/\/taylormade-golf.vn\/en\/wp-json\/wp\/v2\/media\/16180"}],"wp:attachment":[{"href":"https:\/\/taylormade-golf.vn\/en\/wp-json\/wp\/v2\/media?parent=16179"}],"wp:term":[{"taxonomy":"product_brand","embeddable":true,"href":"https:\/\/taylormade-golf.vn\/en\/wp-json\/wp\/v2\/product_brand?post=16179"},{"taxonomy":"product_cat","embeddable":true,"href":"https:\/\/taylormade-golf.vn\/en\/wp-json\/wp\/v2\/product_cat?post=16179"},{"taxonomy":"product_tag","embeddable":true,"href":"https:\/\/taylormade-golf.vn\/en\/wp-json\/wp\/v2\/product_tag?post=16179"}],"curies":[{"name":"wp","href":"https:\/\/api.w.org\/{rel}","templated":true}]}}