{"id":16143,"date":"2025-03-06T08:59:46","date_gmt":"2025-03-06T01:59:46","guid":{"rendered":"https:\/\/taylormade-golf.vn\/?post_type=product&#038;p=16143"},"modified":"2025-03-10T09:41:44","modified_gmt":"2025-03-10T02:41:44","slug":"rescue-qi35-max-lite","status":"publish","type":"product","link":"https:\/\/taylormade-golf.vn\/en\/product\/rescue-qi35-max-lite\/","title":{"rendered":"Rescue Qi35 Max Lite"},"content":{"rendered":"<p>Qi35 Max Lite Rescue\u2122 l\u00e0 l\u1ef1a ch\u1ecdn l\u00fd t\u01b0\u1edfng cho nh\u1eefng ng\u01b0\u1eddi ch\u01a1i golf \u0111ang t\u00ecm ki\u1ebfm m\u1ed9t s\u1ea3n ph\u1ea9m nh\u1eb9, gi\u00fap t\u0103ng th\u00eam \u0111\u1ed9 \u1ed5n \u0111\u1ecbnh \u0111\u1ed3ng th\u1eddi c\u1ea3i thi\u1ec7n kho\u1ea3ng c\u00e1ch v\u00e0 hi\u1ec7u su\u1ea5t t\u1ed5ng th\u1ec3.<\/p>\n<h3 class=\"tw-mb-3 tw-leading-none tw-text-center\"><span>M\u1ede KH\u00d3A M\u1ed8T C\u1ea4P \u0110\u1ed8 KH\u00c1C<\/span><\/h3>\n<div class=\"tw-mb-6 tw-text-center\">\n<p>Qi35 Max Lite Rescue\u2122 m\u1edf ra m\u1ed9t c\u1ea5p \u0111\u1ed9 m\u1edbi v\u1ec1 kh\u1ea3 n\u0103ng tha th\u1ee9 v\u00e0 hi\u1ec7u su\u1ea5t v\u1edbi c\u1ea5u h\u00ecnh l\u1edbn h\u01a1n v\u00e0 c\u00e1c th\u00e0nh ph\u1ea7n nh\u1eb9.<\/p>\n<h3 class=\"tw-mb-6 tw-block tw-leading-none tw-text-center tw-font-bold\">M\u1ede KH\u00d3A M\u1ed8T C\u1ea4P \u0110\u1ed8 KH\u00c1C<\/h3>\n<div class=\"tw-mb-6 tw-text-center\">\n<p>Qi35 Max Lite Rescue\u2122 m\u1edf ra m\u1ed9t c\u1ea5p \u0111\u1ed9 m\u1edbi v\u1ec1 kh\u1ea3 n\u0103ng tha th\u1ee9 v\u00e0 hi\u1ec7u su\u1ea5t v\u1edbi c\u1ea5u h\u00ecnh l\u1edbn h\u01a1n v\u00e0 c\u00e1c th\u00e0nh ph\u1ea7n nh\u1eb9.<\/p>\n<h3 class=\"tw-mb-6 tw-block tw-leading-none tw-text-center tw-font-bold\">THI\u1ebeT K\u1ebe NH\u1eb8 V\u00c0 \u0110A CH\u1ea4T LI\u1ec6U<\/h3>\n<div class=\"tw-mb-6 tw-text-center\">\n<p>Qi35 Max Lite Rescue c\u00f3 \u0111\u1ea7u g\u1eady, tr\u1ee5c v\u00e0 tay c\u1ea7m nh\u1eb9 h\u01a1n gi\u00fap ng\u01b0\u1eddi ch\u01a1i golf t\u1ea1o ra t\u1ed1c \u0111\u1ed9 nhanh h\u01a1n. M\u1ed7i \u0111\u1ea7u g\u1eady \u0111\u01b0\u1ee3c ch\u1ebf t\u1ea1o b\u1eb1ng crom carbon, th\u00e9p v\u00e0 nh\u00f4m hi\u1ec7n \u0111\u1ea1i \u0111\u1ec3 t\u1ea1o ra m\u1ed9t c\u00e2y g\u1eady \u0111a n\u0103ng \u0111\u01b0\u1ee3c thi\u1ebft k\u1ebf \u0111\u1ec3 c\u00f3 hi\u1ec7u su\u1ea5t nh\u1ea5t qu\u00e1n, t\u1ed1c \u0111\u1ed9 v\u00e0 kh\u1ea3 n\u0103ng tha th\u1ee9 \u0111\u01b0\u1ee3c c\u1ea3i thi\u1ec7n.<\/p>\n<h3 class=\"tw-mb-6 tw-block tw-leading-none tw-text-center tw-font-bold\">V\u1eca TR\u00cd CG \u0110\u00c3 S\u1eecA \u0110\u1ed4I<\/h3>\n<div class=\"tw-mb-6 tw-text-center\">\n<p>V\u1ecb tr\u00ed CG \u0111\u00e3 \u0111\u01b0\u1ee3c \u0111i\u1ec1u ch\u1ec9nh trong Qi35 Max Lite Rescue \u0111\u1ec3 t\u0103ng c\u01b0\u1eddng kh\u1ea3 n\u0103ng truy\u1ec1n n\u0103ng l\u01b0\u1ee3ng gi\u1eefa m\u1eb7t g\u1eady v\u00e0 b\u00f3ng \u0111\u1ec3 t\u0103ng kho\u1ea3ng c\u00e1ch t\u1eeb tee \u0111\u1ebfn b\u00f3ng.<\/p>\n<table dir=\"ltr\" border=\"1\" cellspacing=\"0\" cellpadding=\"0\" data-sheets-root=\"1\" data-sheets-baot=\"1\">\n<colgroup>\n<col width=\"100\" \/><\/colgroup>\n<tbody>\n<tr>\n<td>N8543608<\/td>\n<\/tr>\n<tr>\n<td>N8543708<\/td>\n<\/tr>\n<tr>\n<td>N8543607<\/td>\n<\/tr>\n<tr>\n<td>N8543707<\/td>\n<\/tr>\n<\/tbody>\n<\/table>\n<\/div>\n<\/div>\n<\/div>\n<\/div>","protected":false},"excerpt":{"rendered":"<p>Qi35 Max Lite Rescue\u2122 l\u00e0 l\u1ef1a ch\u1ecdn l\u00fd t\u01b0\u1edfng cho nh\u1eefng ng\u01b0\u1eddi ch\u01a1i golf \u0111ang t\u00ecm ki\u1ebfm m\u1ed9t s\u1ea3n ph\u1ea9m nh\u1eb9, gi\u00fap t\u0103ng th\u00eam \u0111\u1ed9 \u1ed5n \u0111\u1ecbnh \u0111\u1ed3ng th\u1eddi c\u1ea3i thi\u1ec7n kho\u1ea3ng c\u00e1ch v\u00e0 hi\u1ec7u su\u1ea5t t\u1ed5ng th\u1ec3. M\u1ede KH\u00d3A M\u1ed8T C\u1ea4P \u0110\u1ed8 KH\u00c1C Qi35 Max Lite Rescue\u2122 m\u1edf ra m\u1ed9t c\u1ea5p \u0111\u1ed9 m\u1edbi v\u1ec1 [&hellip;]<\/p>","protected":false},"featured_media":16152,"comment_status":"open","ping_status":"closed","template":"","meta":{"_acf_changed":false,"site-sidebar-layout":"default","site-content-layout":"","ast-site-content-layout":"default","site-content-style":"default","site-sidebar-style":"default","ast-global-header-display":"","ast-banner-title-visibility":"","ast-main-header-display":"","ast-hfb-above-header-display":"","ast-hfb-below-header-display":"","ast-hfb-mobile-header-display":"","site-post-title":"","ast-breadcrumbs-content":"","ast-featured-img":"","footer-sml-layout":"","theme-transparent-header-meta":"default","adv-header-id-meta":"","stick-header-meta":"default","header-above-stick-meta":"","header-main-stick-meta":"","header-below-stick-meta":"","astra-migrate-meta-layouts":"set","ast-page-background-enabled":"default","ast-page-background-meta":{"desktop":{"background-color":"","background-image":"","background-repeat":"repeat","background-position":"center center","background-size":"auto","background-attachment":"scroll","background-type":"","background-media":"","overlay-type":"","overlay-color":"","overlay-opacity":"","overlay-gradient":""},"tablet":{"background-color":"","background-image":"","background-repeat":"repeat","background-position":"center center","background-size":"auto","background-attachment":"scroll","background-type":"","background-media":"","overlay-type":"","overlay-color":"","overlay-opacity":"","overlay-gradient":""},"mobile":{"background-color":"","background-image":"","background-repeat":"repeat","background-position":"center center","background-size":"auto","background-attachment":"scroll","background-type":"","background-media":"","overlay-type":"","overlay-color":"","overlay-opacity":"","overlay-gradient":""}},"ast-content-background-meta":{"desktop":{"background-color":"var(--ast-global-color-5)","background-image":"","background-repeat":"repeat","background-position":"center center","background-size":"auto","background-attachment":"scroll","background-type":"","background-media":"","overlay-type":"","overlay-color":"","overlay-opacity":"","overlay-gradient":""},"tablet":{"background-color":"var(--ast-global-color-5)","background-image":"","background-repeat":"repeat","background-position":"center center","background-size":"auto","background-attachment":"scroll","background-type":"","background-media":"","overlay-type":"","overlay-color":"","overlay-opacity":"","overlay-gradient":""},"mobile":{"background-color":"var(--ast-global-color-5)","background-image":"","background-repeat":"repeat","background-position":"center center","background-size":"auto","background-attachment":"scroll","background-type":"","background-media":"","overlay-type":"","overlay-color":"","overlay-opacity":"","overlay-gradient":""}}},"product_brand":[],"product_cat":[71,74],"product_tag":[],"class_list":{"0":"post-16143","1":"product","2":"type-product","3":"status-publish","4":"has-post-thumbnail","6":"product_cat-gay-gon","7":"product_cat-hybrid","8":"desktop-align-center","9":"tablet-align-center","10":"mobile-align-center","11":"ast-product-gallery-layout-first-image-large","12":"ast-product-single-variable","13":"ast-product-tabs-layout-distributed","15":"first","16":"instock","17":"featured","18":"shipping-taxable","19":"purchasable","20":"product-type-variable"},"acf":[],"_links":{"self":[{"href":"https:\/\/taylormade-golf.vn\/en\/wp-json\/wp\/v2\/product\/16143","targetHints":{"allow":["GET"]}}],"collection":[{"href":"https:\/\/taylormade-golf.vn\/en\/wp-json\/wp\/v2\/product"}],"about":[{"href":"https:\/\/taylormade-golf.vn\/en\/wp-json\/wp\/v2\/types\/product"}],"replies":[{"embeddable":true,"href":"https:\/\/taylormade-golf.vn\/en\/wp-json\/wp\/v2\/comments?post=16143"}],"wp:featuredmedia":[{"embeddable":true,"href":"https:\/\/taylormade-golf.vn\/en\/wp-json\/wp\/v2\/media\/16152"}],"wp:attachment":[{"href":"https:\/\/taylormade-golf.vn\/en\/wp-json\/wp\/v2\/media?parent=16143"}],"wp:term":[{"taxonomy":"product_brand","embeddable":true,"href":"https:\/\/taylormade-golf.vn\/en\/wp-json\/wp\/v2\/product_brand?post=16143"},{"taxonomy":"product_cat","embeddable":true,"href":"https:\/\/taylormade-golf.vn\/en\/wp-json\/wp\/v2\/product_cat?post=16143"},{"taxonomy":"product_tag","embeddable":true,"href":"https:\/\/taylormade-golf.vn\/en\/wp-json\/wp\/v2\/product_tag?post=16143"}],"curies":[{"name":"wp","href":"https:\/\/api.w.org\/{rel}","templated":true}]}}