{"id":16133,"date":"2025-03-06T08:51:18","date_gmt":"2025-03-06T01:51:18","guid":{"rendered":"https:\/\/taylormade-golf.vn\/?post_type=product&#038;p=16133"},"modified":"2025-03-06T09:07:12","modified_gmt":"2025-03-06T02:07:12","slug":"fairway-qi35-max-lite","status":"publish","type":"product","link":"https:\/\/taylormade-golf.vn\/en\/product\/fairway-qi35-max-lite\/","title":{"rendered":"Fairway Qi35 Max Lite"},"content":{"rendered":"<p>Qi35 Max Lite Fairway Woods ho\u00e0n h\u1ea3o cho nh\u1eefng ng\u01b0\u1eddi ch\u01a1i golf \u0111ang t\u00ecm ki\u1ebfm s\u1ef1 tha th\u1ee9 t\u1ed1i \u0111a trong m\u1ed9t g\u00f3i nh\u1eb9. V\u1edbi h\u00ecnh d\u1ea1ng \u0111\u1ecba ch\u1ec9 l\u1edbn nh\u1ea5t trong gia \u0111\u00ecnh Qi35, Qi35 Max Lite Fairway Woods d\u1ec5 d\u00e0ng tung ra v\u00e0 th\u1ec3 hi\u1ec7n s\u1ef1 t\u1ef1 tin \u1edf v\u1ecb tr\u00ed<\/p>\n<p>Qi35 Max Lite Fairway Woods ho\u00e0n h\u1ea3o cho nh\u1eefng ng\u01b0\u1eddi ch\u01a1i golf \u0111ang t\u00ecm ki\u1ebfm s\u1ef1 tha th\u1ee9 t\u1ed1i \u0111a trong m\u1ed9t g\u00f3i nh\u1eb9. V\u1edbi h\u00ecnh d\u1ea1ng \u0111\u1ecba ch\u1ec9 l\u1edbn nh\u1ea5t trong gia \u0111\u00ecnh Qi35, Qi35 Max Lite Fairway Woods d\u1ec5 d\u00e0ng tung ra v\u00e0 th\u1ec3 hi\u1ec7n s\u1ef1 t\u1ef1 tin \u1edf v\u1ecb tr\u00ed \u0111\u1ecba ch\u1ec9.<\/p>\n<h3 class=\"tw-mb-6 tw-block tw-leading-none tw-text-center tw-font-bold\">X\u00c2Y D\u1ef0NG \u0110A V\u1eacT LI\u1ec6U CAO C\u1ea4P<\/h3>\n<div class=\"tw-mb-6 tw-text-center\">\n<p>G\u1eady Fairway Qi35 Max Lite \u0111\u01b0\u1ee3c l\u00e0m t\u1eeb v\u1eadt li\u1ec7u cr\u00f4m carbon, th\u00e9p v\u00e0 nh\u00f4m cao c\u1ea5p si\u00eau nh\u1eb9 \u0111\u1ec3 mang l\u1ea1i hi\u1ec7u su\u1ea5t \u1ed5n \u0111\u1ecbnh \u1edf m\u1ecdi v\u1ecb tr\u00ed \u0111\u00e1nh.<\/p>\n<h3 class=\"tw-mb-6 tw-block tw-leading-none tw-text-center tw-font-bold\">T\u00d9Y CH\u1ec8NH N\u00c2NG CAO<\/h3>\n<div class=\"tw-mb-6 tw-text-center\">\n<p>M\u1edf kh\u00f3a m\u1ed9t c\u1ea5p \u0111\u1ed9 ph\u00f3ng v\u00e0 kh\u1ea3 n\u0103ng \u0111i\u1ec1u ch\u1ec9nh kh\u00e1c th\u00f4ng qua vi\u1ec7c k\u1ebft h\u1ee3p \u1ed1ng l\u00f3t loft 4\u00b0. K\u1ebft h\u1ee3p v\u1edbi v\u1ecb tr\u00ed CG \u0111\u01b0\u1ee3c t\u1ed1i \u01b0u h\u00f3a \u1edf m\u1ed7i loft, Qi35 Max Lite Fairway Woods cho ph\u00e9p ng\u01b0\u1eddi ch\u01a1i golf \u0111i\u1ec1u ch\u1ec9nh kho\u1ea3ng c\u00e1ch, \u0111\u01b0\u1eddng bay v\u00e0 h\u00ecnh d\u1ea1ng c\u00fa \u0111\u00e1nh c\u1ee7a m\u00ecnh.<\/p>\n<h3 class=\"tw-mb-6 tw-block tw-leading-none tw-text-center tw-font-bold\">H\u00ccNH D\u1ea0NG T\u1ef0 TIN<\/h3>\n<div class=\"tw-mb-6 tw-text-center\">\n<p>Qi35 Max Lite Fairway Woods tr\u00f4ng \u0111\u1eb9p khi \u0111\u00e1nh c\u0169ng nh\u01b0 khi \u0111\u1ec3 trong t\u00fai g\u1eady. M\u1ed7i \u0111\u1ea7u g\u1eady t\u00edch h\u1ee3p \u0111\u1ea7y \u0111\u1ee7 c\u00e1c c\u00f4ng ngh\u1ec7 \u0111\u00e3 \u0111\u01b0\u1ee3c ch\u1ee9ng minh c\u1ee7a TaylorMade bao g\u1ed3m Twist Face\u2122, Thru-Slot Speed \u200b\u200bPocket\u2122, \u1ed1ng l\u00f3t loft 4\u00b0 v\u00e0 Infinity Carbon Crown.<\/p>\n<\/div>\n<\/div>\n<\/div>\n<p>.<\/p>\n<table dir=\"ltr\" border=\"1\" cellspacing=\"0\" cellpadding=\"0\" data-sheets-root=\"1\" data-sheets-baot=\"1\">\n<colgroup>\n<col width=\"100\" \/><\/colgroup>\n<tbody>\n<tr>\n<td>M1661908<\/td>\n<\/tr>\n<tr>\n<td>M1662008<\/td>\n<\/tr>\n<tr>\n<td>M1661907<\/td>\n<\/tr>\n<tr>\n<td>M1662007<\/td>\n<\/tr>\n<\/tbody>\n<\/table>\n<p>&nbsp;<\/p>","protected":false},"excerpt":{"rendered":"<p>Qi35 Max Lite Fairway Woods ho\u00e0n h\u1ea3o cho nh\u1eefng ng\u01b0\u1eddi ch\u01a1i golf \u0111ang t\u00ecm ki\u1ebfm s\u1ef1 tha th\u1ee9 t\u1ed1i \u0111a trong m\u1ed9t g\u00f3i nh\u1eb9. V\u1edbi h\u00ecnh d\u1ea1ng \u0111\u1ecba ch\u1ec9 l\u1edbn nh\u1ea5t trong gia \u0111\u00ecnh Qi35, Qi35 Max Lite Fairway Woods d\u1ec5 d\u00e0ng tung ra v\u00e0 th\u1ec3 hi\u1ec7n s\u1ef1 t\u1ef1 tin \u1edf v\u1ecb tr\u00ed Qi35 Max [&hellip;]<\/p>","protected":false},"featured_media":16175,"comment_status":"open","ping_status":"closed","template":"","meta":{"_acf_changed":false,"site-sidebar-layout":"default","site-content-layout":"","ast-site-content-layout":"default","site-content-style":"default","site-sidebar-style":"default","ast-global-header-display":"","ast-banner-title-visibility":"","ast-main-header-display":"","ast-hfb-above-header-display":"","ast-hfb-below-header-display":"","ast-hfb-mobile-header-display":"","site-post-title":"","ast-breadcrumbs-content":"","ast-featured-img":"","footer-sml-layout":"","theme-transparent-header-meta":"default","adv-header-id-meta":"","stick-header-meta":"default","header-above-stick-meta":"","header-main-stick-meta":"","header-below-stick-meta":"","astra-migrate-meta-layouts":"set","ast-page-background-enabled":"default","ast-page-background-meta":{"desktop":{"background-color":"","background-image":"","background-repeat":"repeat","background-position":"center center","background-size":"auto","background-attachment":"scroll","background-type":"","background-media":"","overlay-type":"","overlay-color":"","overlay-opacity":"","overlay-gradient":""},"tablet":{"background-color":"","background-image":"","background-repeat":"repeat","background-position":"center center","background-size":"auto","background-attachment":"scroll","background-type":"","background-media":"","overlay-type":"","overlay-color":"","overlay-opacity":"","overlay-gradient":""},"mobile":{"background-color":"","background-image":"","background-repeat":"repeat","background-position":"center center","background-size":"auto","background-attachment":"scroll","background-type":"","background-media":"","overlay-type":"","overlay-color":"","overlay-opacity":"","overlay-gradient":""}},"ast-content-background-meta":{"desktop":{"background-color":"var(--ast-global-color-5)","background-image":"","background-repeat":"repeat","background-position":"center center","background-size":"auto","background-attachment":"scroll","background-type":"","background-media":"","overlay-type":"","overlay-color":"","overlay-opacity":"","overlay-gradient":""},"tablet":{"background-color":"var(--ast-global-color-5)","background-image":"","background-repeat":"repeat","background-position":"center center","background-size":"auto","background-attachment":"scroll","background-type":"","background-media":"","overlay-type":"","overlay-color":"","overlay-opacity":"","overlay-gradient":""},"mobile":{"background-color":"var(--ast-global-color-5)","background-image":"","background-repeat":"repeat","background-position":"center center","background-size":"auto","background-attachment":"scroll","background-type":"","background-media":"","overlay-type":"","overlay-color":"","overlay-opacity":"","overlay-gradient":""}}},"product_brand":[],"product_cat":[71,73],"product_tag":[],"class_list":{"0":"post-16133","1":"product","2":"type-product","3":"status-publish","4":"has-post-thumbnail","6":"product_cat-gay-gon","7":"product_cat-fairway-wood","8":"desktop-align-center","9":"tablet-align-center","10":"mobile-align-center","11":"ast-product-gallery-layout-first-image-large","12":"ast-product-single-variable","13":"ast-product-tabs-layout-distributed","15":"first","16":"instock","17":"shipping-taxable","18":"purchasable","19":"product-type-variable"},"acf":[],"_links":{"self":[{"href":"https:\/\/taylormade-golf.vn\/en\/wp-json\/wp\/v2\/product\/16133","targetHints":{"allow":["GET"]}}],"collection":[{"href":"https:\/\/taylormade-golf.vn\/en\/wp-json\/wp\/v2\/product"}],"about":[{"href":"https:\/\/taylormade-golf.vn\/en\/wp-json\/wp\/v2\/types\/product"}],"replies":[{"embeddable":true,"href":"https:\/\/taylormade-golf.vn\/en\/wp-json\/wp\/v2\/comments?post=16133"}],"wp:featuredmedia":[{"embeddable":true,"href":"https:\/\/taylormade-golf.vn\/en\/wp-json\/wp\/v2\/media\/16175"}],"wp:attachment":[{"href":"https:\/\/taylormade-golf.vn\/en\/wp-json\/wp\/v2\/media?parent=16133"}],"wp:term":[{"taxonomy":"product_brand","embeddable":true,"href":"https:\/\/taylormade-golf.vn\/en\/wp-json\/wp\/v2\/product_brand?post=16133"},{"taxonomy":"product_cat","embeddable":true,"href":"https:\/\/taylormade-golf.vn\/en\/wp-json\/wp\/v2\/product_cat?post=16133"},{"taxonomy":"product_tag","embeddable":true,"href":"https:\/\/taylormade-golf.vn\/en\/wp-json\/wp\/v2\/product_tag?post=16133"}],"curies":[{"name":"wp","href":"https:\/\/api.w.org\/{rel}","templated":true}]}}