{"id":16106,"date":"2025-03-03T16:05:42","date_gmt":"2025-03-03T09:05:42","guid":{"rendered":"https:\/\/taylormade-golf.vn\/?post_type=product&#038;p=16106"},"modified":"2025-03-03T16:05:42","modified_gmt":"2025-03-03T09:05:42","slug":"driver-qi35-max-lite","status":"publish","type":"product","link":"https:\/\/taylormade-golf.vn\/en\/product\/driver-qi35-max-lite\/","title":{"rendered":"Driver Qi35 Max Lite"},"content":{"rendered":"<p>Thi\u1ebft k\u1ebf si\u00eau nh\u1eb9 v\u00e0 MOI cao c\u1ee7a Qi35 Max Lite Driver \u0111\u01b0\u1ee3c thi\u1ebft k\u1ebf \u0111\u1ec3 t\u1ea1o ra kho\u1ea3ng c\u00e1ch xa h\u01a1n t\u1eeb nhi\u1ec1u ph\u1ea7n c\u1ee7a m\u1eb7t g\u1eady m\u00e0 kh\u00f4ng l\u00e0m gi\u1ea3m MOI. V\u1edbi \u0111\u1ed9 nh\u00f4 CG th\u1ea5p gi\u00fap t\u1ea1o ra c\u00fa \u0111\u00e1nh v\u00e0 \u0111\u1ed9 xo\u00e1y t\u1ed1i \u01b0u tr\u00ean di\u1ec7n t\u00edch l\u1edbn h\u01a1n c\u1ee7a m\u1eb7t g\u1eady, c\u00e1c th\u00e0nh ph\u1ea7n si\u00eau nh\u1eb9 c\u1ee7a n\u00f3 cho ph\u00e9p ng\u01b0\u1eddi ch\u01a1i golf \u0111\u1ea1t \u0111\u01b0\u1ee3c t\u1ed1c \u0111\u1ed9 t\u1ed1i \u0111a.<\/p>\n<h3 class=\"tw-mb-3 tw-leading-none tw-text-center\"><strong><span>M\u1ede KH\u00d3A M\u1ed8T C\u1ea4P \u0110\u1ed8 KH\u00c1C<\/span><\/strong><\/h3>\n<div class=\"tw-mb-6 tw-text-center\">\n<p>Thi\u1ebft k\u1ebf si\u00eau nh\u1eb9 v\u00e0 MOI cao c\u1ee7a g\u1eady \u0111\u00e1nh b\u00f3ng Qi35 Max Lite \u0111\u01b0\u1ee3c thi\u1ebft k\u1ebf \u0111\u1ec3 t\u1ea1o ra kho\u1ea3ng c\u00e1ch xa h\u01a1n t\u1eeb nhi\u1ec1u ph\u1ea7n c\u1ee7a m\u1eb7t g\u1eady m\u00e0 kh\u00f4ng l\u00e0m gi\u1ea3m MOI. V\u1edbi \u0111\u1ed9 nh\u00f4 CG th\u1ea5p gi\u00fap t\u1ea1o ra c\u00fa \u0111\u00e1nh v\u00e0 \u0111\u1ed9 xo\u00e1y t\u1ed1i \u01b0u tr\u00ean di\u1ec7n t\u00edch l\u1edbn h\u01a1n c\u1ee7a m\u1eb7t g\u1eady, c\u00e1c th\u00e0nh ph\u1ea7n si\u00eau nh\u1eb9 c\u1ee7a g\u1eady cho ph\u00e9p ng\u01b0\u1eddi ch\u01a1i golf \u0111\u1ea1t \u0111\u01b0\u1ee3c t\u1ed1c \u0111\u1ed9 t\u1ed1i \u0111a.<\/p>\n<h3 class=\"tw-mb-6 tw-block tw-leading-none tw-text-center tw-font-bold\"><strong>X\u00c2Y D\u1ef0NG \u0110A V\u1eacT LI\u1ec6U CAO C\u1ea4P<\/strong><\/h3>\n<div class=\"tw-mb-6 tw-text-center\">\n<p>G\u1eady \u0111\u00e1nh golf Qi35 Max Lite c\u00f3 n\u0103m v\u1eadt li\u1ec7u chi\u1ebfn l\u01b0\u1ee3c trong c\u1ea5u t\u1ea1o: crom cacbon, th\u00e9p, nh\u00f4m, vonfram v\u00e0 titan. T\u1ea5t c\u1ea3 ch\u00fang k\u1ebft h\u1ee3p v\u1edbi nhau \u0111\u1ec3 mang l\u1ea1i hi\u1ec7u su\u1ea5t v\u00f4 song t\u1eeb tee.<\/p>\n<p>G\u1eady \u0111\u00e1nh b\u00f3ng Qi35 Max Lite c\u00f3 b\u1ed9 t\u1ea1o qu\u00e1n t\u00ednh \u0111\u01b0\u1ee3c thi\u1ebft k\u1ebf l\u1ea1i v\u1edbi tr\u1ecdng l\u01b0\u1ee3ng vonfram 24g \u0111\u01b0\u1ee3c thi\u1ebft k\u1ebf \u0111\u1ec3 t\u0103ng t\u1ed1c \u0111\u1ed9 b\u00f3ng v\u00e0 \u0111\u1ed9 \u1ed5n \u0111\u1ecbnh.<\/p>\n<h3 class=\"tw-mb-6 tw-block tw-leading-none tw-text-center tw-font-bold\"><strong>H\u00ccNH D\u1ea0NG QU\u00c1N T\u00cdNH CAO<\/strong><\/h3>\n<div class=\"tw-mb-6 tw-text-center\">\n<p>\u0110\u1ea7u g\u1eady Qi35 Max Lite t\u00edch h\u1ee3p \u0111\u1ea7y \u0111\u1ee7 c\u00e1c c\u00f4ng ngh\u1ec7 \u0111\u00e3 \u0111\u01b0\u1ee3c TaylorMade ch\u1ee9ng minh bao g\u1ed3m Thru-Slot Speed \u200b\u200bPocket\u2122, \u1ed1ng l\u00f3t loft 4\u00b0 v\u00e0 Infinity Carbon Crown.<\/p>\n<table dir=\"ltr\" border=\"1\" cellspacing=\"0\" cellpadding=\"0\" data-sheets-root=\"1\" data-sheets-baot=\"1\">\n<colgroup>\n<col width=\"100\" \/><\/colgroup>\n<tbody>\n<tr>\n<td>M1661208<\/td>\n<\/tr>\n<tr>\n<td>M1661207<\/td>\n<\/tr>\n<\/tbody>\n<\/table>\n<\/div>\n<\/div>\n<\/div>","protected":false},"excerpt":{"rendered":"<p>Thi\u1ebft k\u1ebf si\u00eau nh\u1eb9 v\u00e0 MOI cao c\u1ee7a Qi35 Max Lite Driver \u0111\u01b0\u1ee3c thi\u1ebft k\u1ebf \u0111\u1ec3 t\u1ea1o ra kho\u1ea3ng c\u00e1ch xa h\u01a1n t\u1eeb nhi\u1ec1u ph\u1ea7n c\u1ee7a m\u1eb7t g\u1eady m\u00e0 kh\u00f4ng l\u00e0m gi\u1ea3m MOI. V\u1edbi \u0111\u1ed9 nh\u00f4 CG th\u1ea5p gi\u00fap t\u1ea1o ra c\u00fa \u0111\u00e1nh v\u00e0 \u0111\u1ed9 xo\u00e1y t\u1ed1i \u01b0u tr\u00ean di\u1ec7n t\u00edch l\u1edbn h\u01a1n c\u1ee7a m\u1eb7t [&hellip;]<\/p>","protected":false},"featured_media":16107,"comment_status":"open","ping_status":"closed","template":"","meta":{"_acf_changed":false,"site-sidebar-layout":"default","site-content-layout":"","ast-site-content-layout":"default","site-content-style":"default","site-sidebar-style":"default","ast-global-header-display":"","ast-banner-title-visibility":"","ast-main-header-display":"","ast-hfb-above-header-display":"","ast-hfb-below-header-display":"","ast-hfb-mobile-header-display":"","site-post-title":"","ast-breadcrumbs-content":"","ast-featured-img":"","footer-sml-layout":"","theme-transparent-header-meta":"default","adv-header-id-meta":"","stick-header-meta":"default","header-above-stick-meta":"","header-main-stick-meta":"","header-below-stick-meta":"","astra-migrate-meta-layouts":"set","ast-page-background-enabled":"default","ast-page-background-meta":{"desktop":{"background-color":"","background-image":"","background-repeat":"repeat","background-position":"center center","background-size":"auto","background-attachment":"scroll","background-type":"","background-media":"","overlay-type":"","overlay-color":"","overlay-opacity":"","overlay-gradient":""},"tablet":{"background-color":"","background-image":"","background-repeat":"repeat","background-position":"center center","background-size":"auto","background-attachment":"scroll","background-type":"","background-media":"","overlay-type":"","overlay-color":"","overlay-opacity":"","overlay-gradient":""},"mobile":{"background-color":"","background-image":"","background-repeat":"repeat","background-position":"center center","background-size":"auto","background-attachment":"scroll","background-type":"","background-media":"","overlay-type":"","overlay-color":"","overlay-opacity":"","overlay-gradient":""}},"ast-content-background-meta":{"desktop":{"background-color":"var(--ast-global-color-5)","background-image":"","background-repeat":"repeat","background-position":"center center","background-size":"auto","background-attachment":"scroll","background-type":"","background-media":"","overlay-type":"","overlay-color":"","overlay-opacity":"","overlay-gradient":""},"tablet":{"background-color":"var(--ast-global-color-5)","background-image":"","background-repeat":"repeat","background-position":"center center","background-size":"auto","background-attachment":"scroll","background-type":"","background-media":"","overlay-type":"","overlay-color":"","overlay-opacity":"","overlay-gradient":""},"mobile":{"background-color":"var(--ast-global-color-5)","background-image":"","background-repeat":"repeat","background-position":"center center","background-size":"auto","background-attachment":"scroll","background-type":"","background-media":"","overlay-type":"","overlay-color":"","overlay-opacity":"","overlay-gradient":""}}},"product_brand":[],"product_cat":[71,72],"product_tag":[],"class_list":{"0":"post-16106","1":"product","2":"type-product","3":"status-publish","4":"has-post-thumbnail","6":"product_cat-gay-gon","7":"product_cat-driver","8":"desktop-align-center","9":"tablet-align-center","10":"mobile-align-center","11":"ast-product-gallery-layout-first-image-large","12":"ast-product-single-variable","13":"ast-product-tabs-layout-distributed","15":"first","16":"instock","17":"shipping-taxable","18":"purchasable","19":"product-type-variable"},"acf":[],"_links":{"self":[{"href":"https:\/\/taylormade-golf.vn\/en\/wp-json\/wp\/v2\/product\/16106","targetHints":{"allow":["GET"]}}],"collection":[{"href":"https:\/\/taylormade-golf.vn\/en\/wp-json\/wp\/v2\/product"}],"about":[{"href":"https:\/\/taylormade-golf.vn\/en\/wp-json\/wp\/v2\/types\/product"}],"replies":[{"embeddable":true,"href":"https:\/\/taylormade-golf.vn\/en\/wp-json\/wp\/v2\/comments?post=16106"}],"wp:featuredmedia":[{"embeddable":true,"href":"https:\/\/taylormade-golf.vn\/en\/wp-json\/wp\/v2\/media\/16107"}],"wp:attachment":[{"href":"https:\/\/taylormade-golf.vn\/en\/wp-json\/wp\/v2\/media?parent=16106"}],"wp:term":[{"taxonomy":"product_brand","embeddable":true,"href":"https:\/\/taylormade-golf.vn\/en\/wp-json\/wp\/v2\/product_brand?post=16106"},{"taxonomy":"product_cat","embeddable":true,"href":"https:\/\/taylormade-golf.vn\/en\/wp-json\/wp\/v2\/product_cat?post=16106"},{"taxonomy":"product_tag","embeddable":true,"href":"https:\/\/taylormade-golf.vn\/en\/wp-json\/wp\/v2\/product_tag?post=16106"}],"curies":[{"name":"wp","href":"https:\/\/api.w.org\/{rel}","templated":true}]}}