{"id":16068,"date":"2025-03-03T14:04:43","date_gmt":"2025-03-03T07:04:43","guid":{"rendered":"https:\/\/taylormade-golf.vn\/?post_type=product&#038;p=16068"},"modified":"2025-03-17T10:43:52","modified_gmt":"2025-03-17T03:43:52","slug":"rescue-qi35","status":"publish","type":"product","link":"https:\/\/taylormade-golf.vn\/en\/product\/rescue-qi35\/","title":{"rendered":"Rescue Qi35 Max"},"content":{"rendered":"<h3 class=\"tw-mb-3 tw-leading-none tw-text-center\">M\u1ede KH\u00d3A M\u1ed8T C\u1ea4P \u0110\u1ed8 KH\u00c1C<\/h3>\n<div class=\"tw-mb-6 tw-text-center\">\n<p>Qi35 Max Rescue \u0111\u01b0\u1ee3c thi\u1ebft k\u1ebf \u0111\u1ec3 gi\u00fap ng\u01b0\u1eddi ch\u01a1i golf m\u1edf ra m\u1ed9t c\u1ea5p \u0111\u1ed9 m\u1edbi v\u1ec1 kh\u1ea3 n\u0103ng tha th\u1ee9 v\u00e0 kho\u1ea3ng c\u00e1ch v\u1edbi thi\u1ebft k\u1ebf l\u1edbn v\u00e0 ti\u00ean ti\u1ebfn.<\/p>\n<h3 class=\"tw-mb-6 tw-block tw-leading-none tw-text-center tw-font-bold\">X\u00c2Y D\u1ef0NG \u0110A V\u1eacT LI\u1ec6U CAO C\u1ea4P<\/h3>\n<div class=\"tw-mb-6 tw-text-center\">\n<p>Qi35 Max Rescue\u2122 \u0111\u01b0\u1ee3c ch\u1ebf t\u1ea1o t\u1eeb v\u1eadt li\u1ec7u crom cacbon, th\u00e9p v\u00e0 nh\u00f4m ti\u00ean ti\u1ebfn, t\u1ea1o n\u00ean m\u1ed9t c\u00e2y g\u1eady \u0111a n\u0103ng \u0111\u01b0\u1ee3c thi\u1ebft k\u1ebf \u0111\u1ec3 c\u00f3 hi\u1ec7u su\u1ea5t \u1ed5n \u0111\u1ecbnh, t\u1ed1c \u0111\u1ed9 v\u00e0 kh\u1ea3 n\u0103ng tha th\u1ee9 \u0111\u01b0\u1ee3c c\u1ea3i thi\u1ec7n.<\/p>\n<h3 class=\"tw-mb-6 tw-block tw-leading-none tw-text-center tw-font-bold\">V\u1eca TR\u00cd CG \u0110\u00c3 S\u1eecA \u0110\u1ed4I<\/h3>\n<div class=\"tw-mb-6 tw-text-center\">\n<p>V\u1ecb tr\u00ed CG \u0111\u00e3 \u0111\u01b0\u1ee3c thay \u0111\u1ed5i trong Qi35 Max Rescue \u0111\u1ec3 t\u0103ng c\u01b0\u1eddng kh\u1ea3 n\u0103ng truy\u1ec1n n\u0103ng l\u01b0\u1ee3ng gi\u1eefa m\u1eb7t g\u1eady v\u00e0 b\u00f3ng \u0111\u1ec3 t\u0103ng kho\u1ea3ng c\u00e1ch t\u1eeb tee \u0111\u1ebfn b\u00f3ng.<\/p>\n<h3 class=\"tw-mb-6 tw-block tw-leading-none tw-text-center tw-font-bold\">H\u00ccNH D\u1ea0NG T\u1ef0 TIN<\/h3>\n<div class=\"tw-mb-6 tw-text-center\">\n<p>H\u00ecnh d\u1ea1ng l\u1edbn h\u01a1n c\u1ee7a Qi35 Max s\u1ea1ch s\u1ebd v\u00e0 b\u00f3ng b\u1ea9y. M\u1ed7i \u0111\u1ea7u g\u1eady \u0111\u01b0\u1ee3c t\u00edch h\u1ee3p c\u00e1c c\u00f4ng ngh\u1ec7 \u0111\u00e3 \u0111\u01b0\u1ee3c ch\u1ee9ng minh c\u1ee7a TaylorMade bao g\u1ed3m Twist Face\u2122, Thru-Slot Speed \u200b\u200bPocket\u2122 v\u00e0 Carbon Crown nh\u1eb9.<\/p>\n<p>M1659809<br \/>\nM1659909<br \/>\nM1660009<br \/>\nM1659808<br \/>\nM1659908<br \/>\nM1660008<br \/>\nM1659807<br \/>\nM1659907<br \/>\nM1660007<br \/>\nM1660208<br \/>\nM1660308<\/p>\n<\/div>\n<\/div>\n<\/div>\n<\/div>","protected":false},"excerpt":{"rendered":"<p>M\u1ede KH\u00d3A M\u1ed8T C\u1ea4P \u0110\u1ed8 KH\u00c1C Qi35 Max Rescue \u0111\u01b0\u1ee3c thi\u1ebft k\u1ebf \u0111\u1ec3 gi\u00fap ng\u01b0\u1eddi ch\u01a1i golf m\u1edf ra m\u1ed9t c\u1ea5p \u0111\u1ed9 m\u1edbi v\u1ec1 kh\u1ea3 n\u0103ng tha th\u1ee9 v\u00e0 kho\u1ea3ng c\u00e1ch v\u1edbi thi\u1ebft k\u1ebf l\u1edbn v\u00e0 ti\u00ean ti\u1ebfn. X\u00c2Y D\u1ef0NG \u0110A V\u1eacT LI\u1ec6U CAO C\u1ea4P Qi35 Max Rescue\u2122 \u0111\u01b0\u1ee3c ch\u1ebf t\u1ea1o t\u1eeb v\u1eadt li\u1ec7u crom [&hellip;]<\/p>","protected":false},"featured_media":16088,"comment_status":"open","ping_status":"closed","template":"","meta":{"_acf_changed":false,"site-sidebar-layout":"default","site-content-layout":"","ast-site-content-layout":"default","site-content-style":"default","site-sidebar-style":"default","ast-global-header-display":"","ast-banner-title-visibility":"","ast-main-header-display":"","ast-hfb-above-header-display":"","ast-hfb-below-header-display":"","ast-hfb-mobile-header-display":"","site-post-title":"","ast-breadcrumbs-content":"","ast-featured-img":"","footer-sml-layout":"","theme-transparent-header-meta":"default","adv-header-id-meta":"","stick-header-meta":"default","header-above-stick-meta":"","header-main-stick-meta":"","header-below-stick-meta":"","astra-migrate-meta-layouts":"set","ast-page-background-enabled":"default","ast-page-background-meta":{"desktop":{"background-color":"","background-image":"","background-repeat":"repeat","background-position":"center center","background-size":"auto","background-attachment":"scroll","background-type":"","background-media":"","overlay-type":"","overlay-color":"","overlay-opacity":"","overlay-gradient":""},"tablet":{"background-color":"","background-image":"","background-repeat":"repeat","background-position":"center center","background-size":"auto","background-attachment":"scroll","background-type":"","background-media":"","overlay-type":"","overlay-color":"","overlay-opacity":"","overlay-gradient":""},"mobile":{"background-color":"","background-image":"","background-repeat":"repeat","background-position":"center center","background-size":"auto","background-attachment":"scroll","background-type":"","background-media":"","overlay-type":"","overlay-color":"","overlay-opacity":"","overlay-gradient":""}},"ast-content-background-meta":{"desktop":{"background-color":"var(--ast-global-color-5)","background-image":"","background-repeat":"repeat","background-position":"center center","background-size":"auto","background-attachment":"scroll","background-type":"","background-media":"","overlay-type":"","overlay-color":"","overlay-opacity":"","overlay-gradient":""},"tablet":{"background-color":"var(--ast-global-color-5)","background-image":"","background-repeat":"repeat","background-position":"center center","background-size":"auto","background-attachment":"scroll","background-type":"","background-media":"","overlay-type":"","overlay-color":"","overlay-opacity":"","overlay-gradient":""},"mobile":{"background-color":"var(--ast-global-color-5)","background-image":"","background-repeat":"repeat","background-position":"center center","background-size":"auto","background-attachment":"scroll","background-type":"","background-media":"","overlay-type":"","overlay-color":"","overlay-opacity":"","overlay-gradient":""}}},"product_brand":[],"product_cat":[71,74],"product_tag":[],"class_list":{"0":"post-16068","1":"product","2":"type-product","3":"status-publish","4":"has-post-thumbnail","6":"product_cat-gay-gon","7":"product_cat-hybrid","8":"desktop-align-center","9":"tablet-align-center","10":"mobile-align-center","11":"ast-product-gallery-layout-first-image-large","12":"ast-product-single-variable","13":"ast-product-tabs-layout-distributed","15":"first","16":"instock","17":"shipping-taxable","18":"purchasable","19":"product-type-variable"},"acf":[],"_links":{"self":[{"href":"https:\/\/taylormade-golf.vn\/en\/wp-json\/wp\/v2\/product\/16068","targetHints":{"allow":["GET"]}}],"collection":[{"href":"https:\/\/taylormade-golf.vn\/en\/wp-json\/wp\/v2\/product"}],"about":[{"href":"https:\/\/taylormade-golf.vn\/en\/wp-json\/wp\/v2\/types\/product"}],"replies":[{"embeddable":true,"href":"https:\/\/taylormade-golf.vn\/en\/wp-json\/wp\/v2\/comments?post=16068"}],"wp:featuredmedia":[{"embeddable":true,"href":"https:\/\/taylormade-golf.vn\/en\/wp-json\/wp\/v2\/media\/16088"}],"wp:attachment":[{"href":"https:\/\/taylormade-golf.vn\/en\/wp-json\/wp\/v2\/media?parent=16068"}],"wp:term":[{"taxonomy":"product_brand","embeddable":true,"href":"https:\/\/taylormade-golf.vn\/en\/wp-json\/wp\/v2\/product_brand?post=16068"},{"taxonomy":"product_cat","embeddable":true,"href":"https:\/\/taylormade-golf.vn\/en\/wp-json\/wp\/v2\/product_cat?post=16068"},{"taxonomy":"product_tag","embeddable":true,"href":"https:\/\/taylormade-golf.vn\/en\/wp-json\/wp\/v2\/product_tag?post=16068"}],"curies":[{"name":"wp","href":"https:\/\/api.w.org\/{rel}","templated":true}]}}