{"id":16019,"date":"2025-03-03T13:33:51","date_gmt":"2025-03-03T06:33:51","guid":{"rendered":"https:\/\/taylormade-golf.vn\/?post_type=product&#038;p=16019"},"modified":"2025-03-17T10:41:17","modified_gmt":"2025-03-17T03:41:17","slug":"diver-qi35","status":"publish","type":"product","link":"https:\/\/taylormade-golf.vn\/en\/product\/diver-qi35\/","title":{"rendered":"Driver Qi35 Max"},"content":{"rendered":"<p>Cung c\u1ea5p 10K MOI, Qi35 Max Driver \u0111\u01b0\u1ee3c thi\u1ebft k\u1ebf \u0111\u1ec3 mang l\u1ea1i hi\u1ec7u su\u1ea5t c\u1ef1c k\u1ef3 nh\u1ea5t qu\u00e1n cho nh\u1eefng ng\u01b0\u1eddi ch\u01a1i golf \u0111ang t\u00ecm ki\u1ebfm s\u1ef1 tha th\u1ee9 t\u1ed1i \u01b0u \u0111\u1ed3ng th\u1eddi c\u0169ng mang l\u1ea1i kho\u1ea3ng c\u00e1ch v\u01b0\u1ee3t tr\u1ed9i. V\u1edbi \u0111\u1ed9 chi\u1ebfu CG th\u1ea5p, ng\u01b0\u1eddi ch\u01a1i golf s\u1ebd tr\u1ea3i nghi\u1ec7m kho\u1ea3ng c\u00e1ch xa h\u01a1n t\u1eeb nhi\u1ec1u ph\u1ea7n c\u1ee7a m\u1eb7t g\u1eady.<\/p>\n<h3 class=\"tw-mb-3 tw-leading-none tw-text-center\"><strong>M\u1ede KH\u00d3A M\u1ed8T C\u1ea4P \u0110\u1ed8 KH\u00c1C<\/strong><\/h3>\n<div class=\"tw-mb-6 tw-text-center\">\n<p>Cung c\u1ea5p 10K MOI, g\u1eady \u0111\u00e1nh b\u00f3ng Qi35 Max \u0111\u01b0\u1ee3c thi\u1ebft k\u1ebf \u0111\u1ec3 mang l\u1ea1i hi\u1ec7u su\u1ea5t c\u1ef1c k\u1ef3 nh\u1ea5t qu\u00e1n cho nh\u1eefng ng\u01b0\u1eddi ch\u01a1i golf \u0111ang t\u00ecm ki\u1ebfm s\u1ef1 tha th\u1ee9 t\u1ed1i \u01b0u \u0111\u1ed3ng th\u1eddi c\u0169ng mang l\u1ea1i kho\u1ea3ng c\u00e1ch v\u01b0\u1ee3t tr\u1ed9i. V\u1edbi \u0111\u1ed9 chi\u1ebfu CG th\u1ea5p, ng\u01b0\u1eddi ch\u01a1i golf s\u1ebd tr\u1ea3i nghi\u1ec7m kho\u1ea3ng c\u00e1ch xa h\u01a1n t\u1eeb nhi\u1ec1u ph\u1ea7n c\u1ee7a m\u1eb7t g\u1eady.<\/p>\n<p>*\u00a0<em>Y\u00eau c\u1ea7u d\u1ef1a tr\u00ean th\u1eed nghi\u1ec7m robot so v\u1edbi Qi10 MAX t\u1ea1i 13 \u0111\u1ecba \u0111i\u1ec3m va ch\u1ea1m<\/em><\/p>\n<h3 class=\"tw-mb-6 tw-block tw-leading-none tw-text-center tw-font-bold\"><strong>X\u00c2Y D\u1ef0NG \u0110A V\u1eacT LI\u1ec6U CAO C\u1ea4P<\/strong><\/h3>\n<div class=\"tw-mb-6 tw-text-center\">\n<p>Tr\u00ecnh \u0111i\u1ec1u khi\u1ec3n Qi35 Max c\u00f3 n\u0103m v\u1eadt li\u1ec7u chi\u1ebfn l\u01b0\u1ee3c trong c\u1ea5u tr\u00fac c\u1ee7a n\u00f3: crom carbon, th\u00e9p, nh\u00f4m, vonfram v\u00e0 titan. T\u1ea5t c\u1ea3 ch\u00fang ho\u1ea1t \u0111\u1ed9ng c\u00f9ng nhau \u0111\u1ec3 mang l\u1ea1i hi\u1ec7u su\u1ea5t v\u00f4 song.<\/p>\n<p>G\u1eady \u0111\u00e1nh b\u00f3ng Qi35 Max c\u00f3 b\u1ed9 t\u1ea1o qu\u00e1n t\u00ednh \u0111\u1ed1i x\u1ee9ng v\u1edbi tr\u1ecdng l\u01b0\u1ee3ng vonfram 34g \u0111\u1ec3 t\u1ea1o \u0111i\u1ec1u ki\u1ec7n ph\u00e1t b\u00f3ng t\u1ed1t nh\u1ea5t cho b\u1ea5t k\u1ef3 g\u1eady \u0111\u00e1nh b\u00f3ng TaylorMade 10K n\u00e0o, gi\u00fap t\u0103ng kho\u1ea3ng c\u00e1ch.<\/p>\n<p>*Kho\u1ea3ng c\u00e1ch x\u00e1c nh\u1eadn d\u1ef1a tr\u00ean th\u1eed nghi\u1ec7m c\u1ee7a ng\u01b0\u1eddi ch\u01a1i so v\u1edbi Qi10 MAX<\/p>\n<h3 class=\"tw-mb-6 tw-block tw-leading-none tw-text-center tw-font-bold\"><strong>H\u00ccNH D\u1ea0NG QU\u00c1N T\u00cdNH CAO<\/strong><\/h3>\n<div class=\"tw-mb-6 tw-text-center\">\n<p>\u0110\u1ea7u g\u1eady c\u00f3 qu\u00e1n t\u00ednh cao Qi35 Max k\u1ebft h\u1ee3p \u0111\u1ea7y \u0111\u1ee7 c\u00e1c c\u00f4ng ngh\u1ec7 \u0111\u00e3 \u0111\u01b0\u1ee3c ch\u1ee9ng minh c\u1ee7a TaylorMade bao g\u1ed3m Twist Face\u2122, Thru-Slot Speed \u200b\u200bPocket\u2122, \u1ed1ng l\u00f3t loft 4\u00b0 v\u00e0 Infinity Carbon Crown.<\/p>\n<p>M1654909<br \/>\nM1655009<br \/>\nM1654908<br \/>\nM1655008<br \/>\nM1654907<br \/>\nM1655007<br \/>\nM1655308<br \/>\nM1655307<\/p>\n<\/div>\n<\/div>\n<\/div>","protected":false},"excerpt":{"rendered":"<p>Cung c\u1ea5p 10K MOI, Qi35 Max Driver \u0111\u01b0\u1ee3c thi\u1ebft k\u1ebf \u0111\u1ec3 mang l\u1ea1i hi\u1ec7u su\u1ea5t c\u1ef1c k\u1ef3 nh\u1ea5t qu\u00e1n cho nh\u1eefng ng\u01b0\u1eddi ch\u01a1i golf \u0111ang t\u00ecm ki\u1ebfm s\u1ef1 tha th\u1ee9 t\u1ed1i \u01b0u \u0111\u1ed3ng th\u1eddi c\u0169ng mang l\u1ea1i kho\u1ea3ng c\u00e1ch v\u01b0\u1ee3t tr\u1ed9i. V\u1edbi \u0111\u1ed9 chi\u1ebfu CG th\u1ea5p, ng\u01b0\u1eddi ch\u01a1i golf s\u1ebd tr\u1ea3i nghi\u1ec7m kho\u1ea3ng c\u00e1ch xa [&hellip;]<\/p>","protected":false},"featured_media":16206,"comment_status":"open","ping_status":"closed","template":"","meta":{"_acf_changed":false,"site-sidebar-layout":"default","site-content-layout":"","ast-site-content-layout":"default","site-content-style":"default","site-sidebar-style":"default","ast-global-header-display":"","ast-banner-title-visibility":"","ast-main-header-display":"","ast-hfb-above-header-display":"","ast-hfb-below-header-display":"","ast-hfb-mobile-header-display":"","site-post-title":"","ast-breadcrumbs-content":"","ast-featured-img":"","footer-sml-layout":"","theme-transparent-header-meta":"default","adv-header-id-meta":"","stick-header-meta":"default","header-above-stick-meta":"","header-main-stick-meta":"","header-below-stick-meta":"","astra-migrate-meta-layouts":"set","ast-page-background-enabled":"default","ast-page-background-meta":{"desktop":{"background-color":"","background-image":"","background-repeat":"repeat","background-position":"center center","background-size":"auto","background-attachment":"scroll","background-type":"","background-media":"","overlay-type":"","overlay-color":"","overlay-opacity":"","overlay-gradient":""},"tablet":{"background-color":"","background-image":"","background-repeat":"repeat","background-position":"center center","background-size":"auto","background-attachment":"scroll","background-type":"","background-media":"","overlay-type":"","overlay-color":"","overlay-opacity":"","overlay-gradient":""},"mobile":{"background-color":"","background-image":"","background-repeat":"repeat","background-position":"center center","background-size":"auto","background-attachment":"scroll","background-type":"","background-media":"","overlay-type":"","overlay-color":"","overlay-opacity":"","overlay-gradient":""}},"ast-content-background-meta":{"desktop":{"background-color":"var(--ast-global-color-5)","background-image":"","background-repeat":"repeat","background-position":"center center","background-size":"auto","background-attachment":"scroll","background-type":"","background-media":"","overlay-type":"","overlay-color":"","overlay-opacity":"","overlay-gradient":""},"tablet":{"background-color":"var(--ast-global-color-5)","background-image":"","background-repeat":"repeat","background-position":"center center","background-size":"auto","background-attachment":"scroll","background-type":"","background-media":"","overlay-type":"","overlay-color":"","overlay-opacity":"","overlay-gradient":""},"mobile":{"background-color":"var(--ast-global-color-5)","background-image":"","background-repeat":"repeat","background-position":"center center","background-size":"auto","background-attachment":"scroll","background-type":"","background-media":"","overlay-type":"","overlay-color":"","overlay-opacity":"","overlay-gradient":""}}},"product_brand":[],"product_cat":[71,72],"product_tag":[],"class_list":{"0":"post-16019","1":"product","2":"type-product","3":"status-publish","4":"has-post-thumbnail","6":"product_cat-gay-gon","7":"product_cat-driver","8":"desktop-align-center","9":"tablet-align-center","10":"mobile-align-center","11":"ast-product-gallery-layout-first-image-large","12":"ast-product-single-variable","13":"ast-product-tabs-layout-distributed","15":"first","16":"instock","17":"shipping-taxable","18":"purchasable","19":"product-type-variable"},"acf":[],"_links":{"self":[{"href":"https:\/\/taylormade-golf.vn\/en\/wp-json\/wp\/v2\/product\/16019","targetHints":{"allow":["GET"]}}],"collection":[{"href":"https:\/\/taylormade-golf.vn\/en\/wp-json\/wp\/v2\/product"}],"about":[{"href":"https:\/\/taylormade-golf.vn\/en\/wp-json\/wp\/v2\/types\/product"}],"replies":[{"embeddable":true,"href":"https:\/\/taylormade-golf.vn\/en\/wp-json\/wp\/v2\/comments?post=16019"}],"wp:featuredmedia":[{"embeddable":true,"href":"https:\/\/taylormade-golf.vn\/en\/wp-json\/wp\/v2\/media\/16206"}],"wp:attachment":[{"href":"https:\/\/taylormade-golf.vn\/en\/wp-json\/wp\/v2\/media?parent=16019"}],"wp:term":[{"taxonomy":"product_brand","embeddable":true,"href":"https:\/\/taylormade-golf.vn\/en\/wp-json\/wp\/v2\/product_brand?post=16019"},{"taxonomy":"product_cat","embeddable":true,"href":"https:\/\/taylormade-golf.vn\/en\/wp-json\/wp\/v2\/product_cat?post=16019"},{"taxonomy":"product_tag","embeddable":true,"href":"https:\/\/taylormade-golf.vn\/en\/wp-json\/wp\/v2\/product_tag?post=16019"}],"curies":[{"name":"wp","href":"https:\/\/api.w.org\/{rel}","templated":true}]}}